{"id":6616,"date":"2023-12-12T23:12:07","date_gmt":"2023-12-12T23:12:07","guid":{"rendered":"https:\/\/food4animals.nl\/product\/eat-slow-live-longer-lick-mat-bones-red\/"},"modified":"2026-03-30T01:10:17","modified_gmt":"2026-03-30T00:10:17","slug":"eat-slow-live-longer-lick-mat-bones-red","status":"publish","type":"product","link":"https:\/\/www.food4animals.nl\/de\/produkt\/eat-slow-live-longer-lick-mat-bones-red\/","title":{"rendered":"Eat Slow Live Longer Lick Mat Bones Red"},"content":{"rendered":"<h2>Eat Slow Live Longer likmat botjes<\/h2>\n<p>Deze likmat met een botjespatroon maakt het oplikken van al het lekkers extra uitdagend! De hond of kat zal goed zijn best moeten doen om alles in de hoekjes op te likken. Dankzij de zuignapjes aan de onderzijde kun je de likmat goed bevestigen aan een gladde ondergrond, zodat deze niet verschuift terwijl de hond of kat ermee bezig is.<\/p>\n<p>Deze likmat is gemaakt van 100% siliconen en is vaatwasserbestendig.<\/p>\n<h3>Verwenden Sie<\/h3>\n<p>Leg de likmat op een gladde ondergrond en druk deze aan, zodat de zuignapjes zich aan de ondergrond vastmaken. Verdeel een smeersel (zoals pindakaas, pat\u00e9 of natvoer) over de likmat. Ook kun je brokjes of snoepjes over de likmat strooien.<\/p>\n<p>Gebruik deze likmat voor maaltijden, bij het belonen, om verveling tegen te gaan of als afleiding bij het borstelen of nagels knippen. Je kan de likmat ook met wat lekkers invriezen, als een verkoelende beloning tijdens de zomer.<\/p>\n<h3>Abmessungen<\/h3>\n<p>21 x 21 cm<\/p>\n<h3>Eat Slow Live Longer: die L\u00f6sung f\u00fcr schluckende Haustiere!<\/h3>\n<p>Bei allen Produkten von Eat Slow Live Longer steht die Gesundheit des Tieres an erster Stelle. Die Leckmatten, Spielzeuge und Anti-Schnapp-Futterautomaten sorgen daf\u00fcr, dass der Hund oder die Katze sich mehr anstrengen muss, um das Futter zu erreichen, und verhindern so, dass sie schlucken. Schlucken (schnelles Fressen und nicht oder kaum kauen) kann zu verschiedenen Problemen f\u00fchren, wie Gewichtszunahme, Bl\u00e4hungen, schlechteren Z\u00e4hnen und einem gestressten Verdauungssystem. Die Verwendung eines Anti-Sch\u00fcttel-Futternapfes oder einer Leckmatte verhindert das Kratzen und tr\u00e4gt dazu bei, Langeweile zu vermeiden. Bei Eat Slow Live Longer bieten wir Leckmatten und Anti-Kratz-Krippen in verschiedenen Formen und Gr\u00f6\u00dfen an, so dass es f\u00fcr jeden Hund und jede Katze eine passende Variante gibt!<\/p>","protected":false},"excerpt":{"rendered":"<p>Deze likmat met een botjespatroon zorgt voor extra uitdaging!<\/p>","protected":false},"featured_media":34535,"template":"","meta":{"_acf_changed":false},"product_brand":[],"product_cat":[821,905],"product_tag":[1898,926],"class_list":{"0":"post-6616","1":"product","2":"type-product","3":"status-publish","4":"has-post-thumbnail","6":"product_cat-hond","7":"product_cat-voerbakken-en-drinkbakken","8":"product_tag-eat-slow-live-longer","9":"product_tag-rood","10":"tax_brand-eat-slow-live-longer","12":"first","13":"outofstock","14":"taxable","15":"shipping-taxable","16":"purchasable","17":"product-type-simple"},"acf":[],"yoast_head":"<!-- This site is optimized with the Yoast SEO plugin v27.2 - https:\/\/yoast.com\/product\/yoast-seo-wordpress\/ -->\n<title>Eat Slow Live Longer Lick Mat Bones Red - Food4animals<\/title>\n<meta name=\"robots\" content=\"index, follow, max-snippet:-1, max-image-preview:large, max-video-preview:-1\" \/>\n<link rel=\"canonical\" href=\"https:\/\/www.food4animals.nl\/de\/produkt\/eat-slow-live-longer-lick-mat-bones-red\/\" \/>\n<meta property=\"og:locale\" content=\"de_DE\" \/>\n<meta property=\"og:type\" content=\"article\" \/>\n<meta property=\"og:title\" content=\"Eat Slow Live Longer Lick Mat Bones Red - Food4animals\" \/>\n<meta property=\"og:description\" content=\"Deze likmat met een botjespatroon zorgt voor extra uitdaging!\" \/>\n<meta property=\"og:url\" content=\"https:\/\/www.food4animals.nl\/de\/produkt\/eat-slow-live-longer-lick-mat-bones-red\/\" \/>\n<meta property=\"og:site_name\" content=\"Food4animals\" \/>\n<meta property=\"article:publisher\" content=\"https:\/\/www.facebook.com\/p\/Food4animals-100063861676074\/\" \/>\n<meta property=\"article:modified_time\" content=\"2026-03-30T00:10:17+00:00\" \/>\n<meta property=\"og:image\" content=\"https:\/\/www.food4animals.nl\/wp-content\/uploads\/2025\/11\/EATS064O.png\" \/>\n\t<meta property=\"og:image:width\" content=\"1024\" \/>\n\t<meta property=\"og:image:height\" content=\"1024\" \/>\n\t<meta property=\"og:image:type\" content=\"image\/png\" \/>\n<meta name=\"twitter:card\" content=\"summary_large_image\" \/>\n<meta name=\"twitter:site\" content=\"@food4animals\" \/>\n<meta name=\"twitter:label1\" content=\"Gesch\u00e4tzte Lesezeit\" \/>\n\t<meta name=\"twitter:data1\" content=\"1\u00a0Minute\" \/>\n<script type=\"application\/ld+json\" class=\"yoast-schema-graph\">{\"@context\":\"https:\/\/schema.org\",\"@graph\":[{\"@type\":\"WebPage\",\"@id\":\"https:\/\/www.food4animals.nl\/product\/eat-slow-live-longer-lick-mat-bones-red\/\",\"url\":\"https:\/\/www.food4animals.nl\/product\/eat-slow-live-longer-lick-mat-bones-red\/\",\"name\":\"Eat Slow Live Longer Lick Mat Bones Red - Food4animals\",\"isPartOf\":{\"@id\":\"https:\/\/www.food4animals.nl\/en\/#website\"},\"primaryImageOfPage\":{\"@id\":\"https:\/\/www.food4animals.nl\/product\/eat-slow-live-longer-lick-mat-bones-red\/#primaryimage\"},\"image\":{\"@id\":\"https:\/\/www.food4animals.nl\/product\/eat-slow-live-longer-lick-mat-bones-red\/#primaryimage\"},\"thumbnailUrl\":\"https:\/\/www.food4animals.nl\/wp-content\/uploads\/2025\/11\/EATS064O.png\",\"datePublished\":\"2023-12-12T23:12:07+00:00\",\"dateModified\":\"2026-03-30T00:10:17+00:00\",\"breadcrumb\":{\"@id\":\"https:\/\/www.food4animals.nl\/product\/eat-slow-live-longer-lick-mat-bones-red\/#breadcrumb\"},\"inLanguage\":\"de\",\"potentialAction\":[{\"@type\":\"ReadAction\",\"target\":[\"https:\/\/www.food4animals.nl\/product\/eat-slow-live-longer-lick-mat-bones-red\/\"]}]},{\"@type\":\"ImageObject\",\"inLanguage\":\"de\",\"@id\":\"https:\/\/www.food4animals.nl\/product\/eat-slow-live-longer-lick-mat-bones-red\/#primaryimage\",\"url\":\"https:\/\/www.food4animals.nl\/wp-content\/uploads\/2025\/11\/EATS064O.png\",\"contentUrl\":\"https:\/\/www.food4animals.nl\/wp-content\/uploads\/2025\/11\/EATS064O.png\",\"width\":1024,\"height\":1024},{\"@type\":\"BreadcrumbList\",\"@id\":\"https:\/\/www.food4animals.nl\/product\/eat-slow-live-longer-lick-mat-bones-red\/#breadcrumb\",\"itemListElement\":[{\"@type\":\"ListItem\",\"position\":1,\"name\":\"Home\",\"item\":\"https:\/\/www.food4animals.nl\/\"},{\"@type\":\"ListItem\",\"position\":2,\"name\":\"Winkel\",\"item\":\"https:\/\/www.food4animals.nl\/winkel\/\"},{\"@type\":\"ListItem\",\"position\":3,\"name\":\"Eat Slow Live Longer Lick Mat Bones Red\"}]},{\"@type\":\"WebSite\",\"@id\":\"https:\/\/www.food4animals.nl\/en\/#website\",\"url\":\"https:\/\/www.food4animals.nl\/en\/\",\"name\":\"Food4animals\",\"description\":\"Alles voor Ruiter en Dier\",\"publisher\":{\"@id\":\"https:\/\/www.food4animals.nl\/en\/#organization\"},\"potentialAction\":[{\"@type\":\"SearchAction\",\"target\":{\"@type\":\"EntryPoint\",\"urlTemplate\":\"https:\/\/www.food4animals.nl\/en\/?s={search_term_string}\"},\"query-input\":{\"@type\":\"PropertyValueSpecification\",\"valueRequired\":true,\"valueName\":\"search_term_string\"}}],\"inLanguage\":\"de\"},{\"@type\":\"Organization\",\"@id\":\"https:\/\/www.food4animals.nl\/en\/#organization\",\"name\":\"Food4animals\",\"url\":\"https:\/\/www.food4animals.nl\/en\/\",\"logo\":{\"@type\":\"ImageObject\",\"inLanguage\":\"de\",\"@id\":\"https:\/\/www.food4animals.nl\/en\/#\/schema\/logo\/image\/\",\"url\":\"https:\/\/www.food4animals.nl\/wp-content\/uploads\/2023\/10\/Logo.svg\",\"contentUrl\":\"https:\/\/www.food4animals.nl\/wp-content\/uploads\/2023\/10\/Logo.svg\",\"width\":1,\"height\":1,\"caption\":\"Food4animals\"},\"image\":{\"@id\":\"https:\/\/www.food4animals.nl\/en\/#\/schema\/logo\/image\/\"},\"sameAs\":[\"https:\/\/www.facebook.com\/p\/Food4animals-100063861676074\/\",\"https:\/\/x.com\/food4animals\"]}]}<\/script>\n<!-- \/ Yoast SEO plugin. -->","yoast_head_json":{"title":"Eat Slow Live Longer Lick Mat Bones Red - Food4animals","robots":{"index":"index","follow":"follow","max-snippet":"max-snippet:-1","max-image-preview":"max-image-preview:large","max-video-preview":"max-video-preview:-1"},"canonical":"https:\/\/www.food4animals.nl\/de\/produkt\/eat-slow-live-longer-lick-mat-bones-red\/","og_locale":"de_DE","og_type":"article","og_title":"Eat Slow Live Longer Lick Mat Bones Red - Food4animals","og_description":"Deze likmat met een botjespatroon zorgt voor extra uitdaging!","og_url":"https:\/\/www.food4animals.nl\/de\/produkt\/eat-slow-live-longer-lick-mat-bones-red\/","og_site_name":"Food4animals","article_publisher":"https:\/\/www.facebook.com\/p\/Food4animals-100063861676074\/","article_modified_time":"2026-03-30T00:10:17+00:00","og_image":[{"width":1024,"height":1024,"url":"https:\/\/www.food4animals.nl\/wp-content\/uploads\/2025\/11\/EATS064O.png","type":"image\/png"}],"twitter_card":"summary_large_image","twitter_site":"@food4animals","twitter_misc":{"Gesch\u00e4tzte Lesezeit":"1\u00a0Minute"},"schema":{"@context":"https:\/\/schema.org","@graph":[{"@type":"WebPage","@id":"https:\/\/www.food4animals.nl\/product\/eat-slow-live-longer-lick-mat-bones-red\/","url":"https:\/\/www.food4animals.nl\/product\/eat-slow-live-longer-lick-mat-bones-red\/","name":"Eat Slow Live Longer Lick Mat Bones Red - Food4animals","isPartOf":{"@id":"https:\/\/www.food4animals.nl\/en\/#website"},"primaryImageOfPage":{"@id":"https:\/\/www.food4animals.nl\/product\/eat-slow-live-longer-lick-mat-bones-red\/#primaryimage"},"image":{"@id":"https:\/\/www.food4animals.nl\/product\/eat-slow-live-longer-lick-mat-bones-red\/#primaryimage"},"thumbnailUrl":"https:\/\/www.food4animals.nl\/wp-content\/uploads\/2025\/11\/EATS064O.png","datePublished":"2023-12-12T23:12:07+00:00","dateModified":"2026-03-30T00:10:17+00:00","breadcrumb":{"@id":"https:\/\/www.food4animals.nl\/product\/eat-slow-live-longer-lick-mat-bones-red\/#breadcrumb"},"inLanguage":"de","potentialAction":[{"@type":"ReadAction","target":["https:\/\/www.food4animals.nl\/product\/eat-slow-live-longer-lick-mat-bones-red\/"]}]},{"@type":"ImageObject","inLanguage":"de","@id":"https:\/\/www.food4animals.nl\/product\/eat-slow-live-longer-lick-mat-bones-red\/#primaryimage","url":"https:\/\/www.food4animals.nl\/wp-content\/uploads\/2025\/11\/EATS064O.png","contentUrl":"https:\/\/www.food4animals.nl\/wp-content\/uploads\/2025\/11\/EATS064O.png","width":1024,"height":1024},{"@type":"BreadcrumbList","@id":"https:\/\/www.food4animals.nl\/product\/eat-slow-live-longer-lick-mat-bones-red\/#breadcrumb","itemListElement":[{"@type":"ListItem","position":1,"name":"Home","item":"https:\/\/www.food4animals.nl\/"},{"@type":"ListItem","position":2,"name":"Winkel","item":"https:\/\/www.food4animals.nl\/winkel\/"},{"@type":"ListItem","position":3,"name":"Eat Slow Live Longer Lick Mat Bones Red"}]},{"@type":"WebSite","@id":"https:\/\/www.food4animals.nl\/en\/#website","url":"https:\/\/www.food4animals.nl\/en\/","name":"Lebensmittel4Tiere","description":"Alles f\u00fcr Reiter und Tier","publisher":{"@id":"https:\/\/www.food4animals.nl\/en\/#organization"},"potentialAction":[{"@type":"SearchAction","target":{"@type":"EntryPoint","urlTemplate":"https:\/\/www.food4animals.nl\/en\/?s={search_term_string}"},"query-input":{"@type":"PropertyValueSpecification","valueRequired":true,"valueName":"search_term_string"}}],"inLanguage":"de"},{"@type":"Organization","@id":"https:\/\/www.food4animals.nl\/en\/#organization","name":"Lebensmittel4Tiere","url":"https:\/\/www.food4animals.nl\/en\/","logo":{"@type":"ImageObject","inLanguage":"de","@id":"https:\/\/www.food4animals.nl\/en\/#\/schema\/logo\/image\/","url":"https:\/\/www.food4animals.nl\/wp-content\/uploads\/2023\/10\/Logo.svg","contentUrl":"https:\/\/www.food4animals.nl\/wp-content\/uploads\/2023\/10\/Logo.svg","width":1,"height":1,"caption":"Food4animals"},"image":{"@id":"https:\/\/www.food4animals.nl\/en\/#\/schema\/logo\/image\/"},"sameAs":["https:\/\/www.facebook.com\/p\/Food4animals-100063861676074\/","https:\/\/x.com\/food4animals"]}]}},"_links":{"self":[{"href":"https:\/\/www.food4animals.nl\/de\/wp-json\/wp\/v2\/product\/6616","targetHints":{"allow":["GET"]}}],"collection":[{"href":"https:\/\/www.food4animals.nl\/de\/wp-json\/wp\/v2\/product"}],"about":[{"href":"https:\/\/www.food4animals.nl\/de\/wp-json\/wp\/v2\/types\/product"}],"wp:featuredmedia":[{"embeddable":true,"href":"https:\/\/www.food4animals.nl\/de\/wp-json\/wp\/v2\/media\/34535"}],"wp:attachment":[{"href":"https:\/\/www.food4animals.nl\/de\/wp-json\/wp\/v2\/media?parent=6616"}],"wp:term":[{"taxonomy":"product_brand","embeddable":true,"href":"https:\/\/www.food4animals.nl\/de\/wp-json\/wp\/v2\/product_brand?post=6616"},{"taxonomy":"product_cat","embeddable":true,"href":"https:\/\/www.food4animals.nl\/de\/wp-json\/wp\/v2\/product_cat?post=6616"},{"taxonomy":"product_tag","embeddable":true,"href":"https:\/\/www.food4animals.nl\/de\/wp-json\/wp\/v2\/product_tag?post=6616"}],"curies":[{"name":"wp","href":"https:\/\/api.w.org\/{rel}","templated":true}]}}