{"id":6758,"date":"2024-01-05T13:30:16","date_gmt":"2024-01-05T12:30:16","guid":{"rendered":"https:\/\/food4animals.nl\/product\/eat-slow-live-longer-lick-mat-gobble-stopper-grey\/"},"modified":"2026-04-05T01:12:25","modified_gmt":"2026-04-05T00:12:25","slug":"eat-slow-live-longer-lick-mat-gobble-stopper-grey","status":"publish","type":"product","link":"https:\/\/www.food4animals.nl\/de\/produkt\/eat-slow-live-longer-lick-mat-gobble-stopper-grey\/","title":{"rendered":"Eat Slow Live Longer Lick Mat Gobble Stopper Grey"},"content":{"rendered":"<h2>Eat Slow Live Longer (Langsam essen, l\u00e4nger leben) - Einlage gegen das Kauen<\/h2>\n<p>Dieser Gobble Stopper ist ideal, wenn der Hund oder die Katze zu schnell frisst. Dieser spiralf\u00f6rmige Einsatz macht es Hunden und Katzen schwerer, das Futter zu erreichen, sodass sie langsamer und weniger gierig fressen. Das Material f\u00fchlt sich fest und doch weich an, so dass es an der Nase nicht weh tut. Der Gobble Stopper hat an der Unterseite Saugn\u00e4pfe, mit denen er sicher am Boden des Futternapfes befestigt werden kann.<\/p>\n<p>Dieser Einsatz besteht aus 100% Silikon und ist sp\u00fclmaschinenfest.<\/p>\n<h3>Verwenden Sie<\/h3>\n<p>Legen Sie den Einsatz in den Futternapf und dr\u00fccken Sie ihn nach unten, damit die Saugn\u00e4pfe am Boden haften. Die Laschen k\u00f6nnen bei Bedarf zurechtgeschnitten werden. Geben Sie dann das Futter in den Napf und lassen Sie Ihren Hund oder Ihre Katze aus dem Napf fressen.<\/p>\n<h3>Abmessungen<\/h3>\n<p>Durchmesser des Bodens: 11 cm<br \/>Durchmesser inkl. Klappen: 17 cm<\/p>\n<h3>Eat Slow Live Longer: die L\u00f6sung f\u00fcr schluckende Haustiere!<\/h3>\n<p>Bei allen Produkten von Eat Slow Live Longer steht die Gesundheit des Tieres an erster Stelle. Die Leckmatten, Spielzeuge und Anti-Schnapp-Futterautomaten sorgen daf\u00fcr, dass der Hund oder die Katze sich mehr anstrengen muss, um das Futter zu erreichen, und verhindern so, dass sie schlucken. Schlucken (schnelles Fressen und nicht oder kaum kauen) kann zu verschiedenen Problemen f\u00fchren, wie Gewichtszunahme, Bl\u00e4hungen, schlechteren Z\u00e4hnen und einem gestressten Verdauungssystem. Die Verwendung eines Anti-Sch\u00fcttel-Futternapfes oder einer Leckmatte verhindert das Kratzen und tr\u00e4gt dazu bei, Langeweile zu vermeiden. Bei Eat Slow Live Longer bieten wir Leckmatten und Anti-Kratz-Krippen in verschiedenen Formen und Gr\u00f6\u00dfen an, so dass es f\u00fcr jeden Hund und jede Katze eine passende Variante gibt!<\/p>","protected":false},"excerpt":{"rendered":"<p>Praktischer Anti-Kau-Einsatz f\u00fcr fast alle Futtern\u00e4pfe!<\/p>","protected":false},"featured_media":34629,"template":"","meta":{"_acf_changed":false},"product_brand":[],"product_cat":[821,905],"product_tag":[917],"class_list":{"0":"post-6758","1":"product","2":"type-product","3":"status-publish","4":"has-post-thumbnail","6":"product_cat-hond","7":"product_cat-voerbakken-en-drinkbakken","8":"product_tag-grijs","10":"first","11":"instock","12":"taxable","13":"shipping-taxable","14":"purchasable","15":"product-type-simple"},"acf":[],"yoast_head":"<!-- This site is optimized with the Yoast SEO plugin v27.2 - https:\/\/yoast.com\/product\/yoast-seo-wordpress\/ -->\n<title>Eat Slow Live Longer Lick Mat Gobble Stopper Grey - Food4animals<\/title>\n<meta name=\"robots\" content=\"index, follow, max-snippet:-1, max-image-preview:large, max-video-preview:-1\" \/>\n<link rel=\"canonical\" href=\"https:\/\/www.food4animals.nl\/de\/produkt\/eat-slow-live-longer-lick-mat-gobble-stopper-grey\/\" \/>\n<meta property=\"og:locale\" content=\"de_DE\" \/>\n<meta property=\"og:type\" content=\"article\" \/>\n<meta property=\"og:title\" content=\"Eat Slow Live Longer Lick Mat Gobble Stopper Grey - Food4animals\" \/>\n<meta property=\"og:description\" content=\"Praktisch anti-schrok inzetstuk voor vrijwel alle voerbakken!\" \/>\n<meta property=\"og:url\" content=\"https:\/\/www.food4animals.nl\/de\/produkt\/eat-slow-live-longer-lick-mat-gobble-stopper-grey\/\" \/>\n<meta property=\"og:site_name\" content=\"Food4animals\" \/>\n<meta property=\"article:publisher\" content=\"https:\/\/www.facebook.com\/p\/Food4animals-100063861676074\/\" \/>\n<meta property=\"article:modified_time\" content=\"2026-04-05T00:12:25+00:00\" \/>\n<meta property=\"og:image\" content=\"https:\/\/www.food4animals.nl\/wp-content\/uploads\/2025\/11\/EATS065S.png\" \/>\n\t<meta property=\"og:image:width\" content=\"1024\" \/>\n\t<meta property=\"og:image:height\" content=\"1023\" \/>\n\t<meta property=\"og:image:type\" content=\"image\/png\" \/>\n<meta name=\"twitter:card\" content=\"summary_large_image\" \/>\n<meta name=\"twitter:site\" content=\"@food4animals\" \/>\n<meta name=\"twitter:label1\" content=\"Gesch\u00e4tzte Lesezeit\" \/>\n\t<meta name=\"twitter:data1\" content=\"1\u00a0Minute\" \/>\n<script type=\"application\/ld+json\" class=\"yoast-schema-graph\">{\"@context\":\"https:\/\/schema.org\",\"@graph\":[{\"@type\":\"WebPage\",\"@id\":\"https:\/\/www.food4animals.nl\/product\/eat-slow-live-longer-lick-mat-gobble-stopper-grey\/\",\"url\":\"https:\/\/www.food4animals.nl\/product\/eat-slow-live-longer-lick-mat-gobble-stopper-grey\/\",\"name\":\"Eat Slow Live Longer Lick Mat Gobble Stopper Grey - Food4animals\",\"isPartOf\":{\"@id\":\"https:\/\/www.food4animals.nl\/en\/#website\"},\"primaryImageOfPage\":{\"@id\":\"https:\/\/www.food4animals.nl\/product\/eat-slow-live-longer-lick-mat-gobble-stopper-grey\/#primaryimage\"},\"image\":{\"@id\":\"https:\/\/www.food4animals.nl\/product\/eat-slow-live-longer-lick-mat-gobble-stopper-grey\/#primaryimage\"},\"thumbnailUrl\":\"https:\/\/www.food4animals.nl\/wp-content\/uploads\/2025\/11\/EATS065S.png\",\"datePublished\":\"2024-01-05T12:30:16+00:00\",\"dateModified\":\"2026-04-05T00:12:25+00:00\",\"breadcrumb\":{\"@id\":\"https:\/\/www.food4animals.nl\/product\/eat-slow-live-longer-lick-mat-gobble-stopper-grey\/#breadcrumb\"},\"inLanguage\":\"de\",\"potentialAction\":[{\"@type\":\"ReadAction\",\"target\":[\"https:\/\/www.food4animals.nl\/product\/eat-slow-live-longer-lick-mat-gobble-stopper-grey\/\"]}]},{\"@type\":\"ImageObject\",\"inLanguage\":\"de\",\"@id\":\"https:\/\/www.food4animals.nl\/product\/eat-slow-live-longer-lick-mat-gobble-stopper-grey\/#primaryimage\",\"url\":\"https:\/\/www.food4animals.nl\/wp-content\/uploads\/2025\/11\/EATS065S.png\",\"contentUrl\":\"https:\/\/www.food4animals.nl\/wp-content\/uploads\/2025\/11\/EATS065S.png\",\"width\":1024,\"height\":1023},{\"@type\":\"BreadcrumbList\",\"@id\":\"https:\/\/www.food4animals.nl\/product\/eat-slow-live-longer-lick-mat-gobble-stopper-grey\/#breadcrumb\",\"itemListElement\":[{\"@type\":\"ListItem\",\"position\":1,\"name\":\"Home\",\"item\":\"https:\/\/www.food4animals.nl\/\"},{\"@type\":\"ListItem\",\"position\":2,\"name\":\"Winkel\",\"item\":\"https:\/\/www.food4animals.nl\/winkel\/\"},{\"@type\":\"ListItem\",\"position\":3,\"name\":\"Eat Slow Live Longer Lick Mat Gobble Stopper Grey\"}]},{\"@type\":\"WebSite\",\"@id\":\"https:\/\/www.food4animals.nl\/en\/#website\",\"url\":\"https:\/\/www.food4animals.nl\/en\/\",\"name\":\"Food4animals\",\"description\":\"Alles voor Ruiter en Dier\",\"publisher\":{\"@id\":\"https:\/\/www.food4animals.nl\/en\/#organization\"},\"potentialAction\":[{\"@type\":\"SearchAction\",\"target\":{\"@type\":\"EntryPoint\",\"urlTemplate\":\"https:\/\/www.food4animals.nl\/en\/?s={search_term_string}\"},\"query-input\":{\"@type\":\"PropertyValueSpecification\",\"valueRequired\":true,\"valueName\":\"search_term_string\"}}],\"inLanguage\":\"de\"},{\"@type\":\"Organization\",\"@id\":\"https:\/\/www.food4animals.nl\/en\/#organization\",\"name\":\"Food4animals\",\"url\":\"https:\/\/www.food4animals.nl\/en\/\",\"logo\":{\"@type\":\"ImageObject\",\"inLanguage\":\"de\",\"@id\":\"https:\/\/www.food4animals.nl\/en\/#\/schema\/logo\/image\/\",\"url\":\"https:\/\/www.food4animals.nl\/wp-content\/uploads\/2023\/10\/Logo.svg\",\"contentUrl\":\"https:\/\/www.food4animals.nl\/wp-content\/uploads\/2023\/10\/Logo.svg\",\"width\":1,\"height\":1,\"caption\":\"Food4animals\"},\"image\":{\"@id\":\"https:\/\/www.food4animals.nl\/en\/#\/schema\/logo\/image\/\"},\"sameAs\":[\"https:\/\/www.facebook.com\/p\/Food4animals-100063861676074\/\",\"https:\/\/x.com\/food4animals\"]}]}<\/script>\n<!-- \/ Yoast SEO plugin. -->","yoast_head_json":{"title":"Eat Slow Live Longer Lick Mat Gobble Stopper Grey - Food4animals","robots":{"index":"index","follow":"follow","max-snippet":"max-snippet:-1","max-image-preview":"max-image-preview:large","max-video-preview":"max-video-preview:-1"},"canonical":"https:\/\/www.food4animals.nl\/de\/produkt\/eat-slow-live-longer-lick-mat-gobble-stopper-grey\/","og_locale":"de_DE","og_type":"article","og_title":"Eat Slow Live Longer Lick Mat Gobble Stopper Grey - Food4animals","og_description":"Praktisch anti-schrok inzetstuk voor vrijwel alle voerbakken!","og_url":"https:\/\/www.food4animals.nl\/de\/produkt\/eat-slow-live-longer-lick-mat-gobble-stopper-grey\/","og_site_name":"Food4animals","article_publisher":"https:\/\/www.facebook.com\/p\/Food4animals-100063861676074\/","article_modified_time":"2026-04-05T00:12:25+00:00","og_image":[{"width":1024,"height":1023,"url":"https:\/\/www.food4animals.nl\/wp-content\/uploads\/2025\/11\/EATS065S.png","type":"image\/png"}],"twitter_card":"summary_large_image","twitter_site":"@food4animals","twitter_misc":{"Gesch\u00e4tzte Lesezeit":"1\u00a0Minute"},"schema":{"@context":"https:\/\/schema.org","@graph":[{"@type":"WebPage","@id":"https:\/\/www.food4animals.nl\/product\/eat-slow-live-longer-lick-mat-gobble-stopper-grey\/","url":"https:\/\/www.food4animals.nl\/product\/eat-slow-live-longer-lick-mat-gobble-stopper-grey\/","name":"Eat Slow Live Longer Lick Mat Gobble Stopper Grey - Food4animals","isPartOf":{"@id":"https:\/\/www.food4animals.nl\/en\/#website"},"primaryImageOfPage":{"@id":"https:\/\/www.food4animals.nl\/product\/eat-slow-live-longer-lick-mat-gobble-stopper-grey\/#primaryimage"},"image":{"@id":"https:\/\/www.food4animals.nl\/product\/eat-slow-live-longer-lick-mat-gobble-stopper-grey\/#primaryimage"},"thumbnailUrl":"https:\/\/www.food4animals.nl\/wp-content\/uploads\/2025\/11\/EATS065S.png","datePublished":"2024-01-05T12:30:16+00:00","dateModified":"2026-04-05T00:12:25+00:00","breadcrumb":{"@id":"https:\/\/www.food4animals.nl\/product\/eat-slow-live-longer-lick-mat-gobble-stopper-grey\/#breadcrumb"},"inLanguage":"de","potentialAction":[{"@type":"ReadAction","target":["https:\/\/www.food4animals.nl\/product\/eat-slow-live-longer-lick-mat-gobble-stopper-grey\/"]}]},{"@type":"ImageObject","inLanguage":"de","@id":"https:\/\/www.food4animals.nl\/product\/eat-slow-live-longer-lick-mat-gobble-stopper-grey\/#primaryimage","url":"https:\/\/www.food4animals.nl\/wp-content\/uploads\/2025\/11\/EATS065S.png","contentUrl":"https:\/\/www.food4animals.nl\/wp-content\/uploads\/2025\/11\/EATS065S.png","width":1024,"height":1023},{"@type":"BreadcrumbList","@id":"https:\/\/www.food4animals.nl\/product\/eat-slow-live-longer-lick-mat-gobble-stopper-grey\/#breadcrumb","itemListElement":[{"@type":"ListItem","position":1,"name":"Home","item":"https:\/\/www.food4animals.nl\/"},{"@type":"ListItem","position":2,"name":"Winkel","item":"https:\/\/www.food4animals.nl\/winkel\/"},{"@type":"ListItem","position":3,"name":"Eat Slow Live Longer Lick Mat Gobble Stopper Grey"}]},{"@type":"WebSite","@id":"https:\/\/www.food4animals.nl\/en\/#website","url":"https:\/\/www.food4animals.nl\/en\/","name":"Lebensmittel4Tiere","description":"Alles f\u00fcr Reiter und Tier","publisher":{"@id":"https:\/\/www.food4animals.nl\/en\/#organization"},"potentialAction":[{"@type":"SearchAction","target":{"@type":"EntryPoint","urlTemplate":"https:\/\/www.food4animals.nl\/en\/?s={search_term_string}"},"query-input":{"@type":"PropertyValueSpecification","valueRequired":true,"valueName":"search_term_string"}}],"inLanguage":"de"},{"@type":"Organization","@id":"https:\/\/www.food4animals.nl\/en\/#organization","name":"Lebensmittel4Tiere","url":"https:\/\/www.food4animals.nl\/en\/","logo":{"@type":"ImageObject","inLanguage":"de","@id":"https:\/\/www.food4animals.nl\/en\/#\/schema\/logo\/image\/","url":"https:\/\/www.food4animals.nl\/wp-content\/uploads\/2023\/10\/Logo.svg","contentUrl":"https:\/\/www.food4animals.nl\/wp-content\/uploads\/2023\/10\/Logo.svg","width":1,"height":1,"caption":"Food4animals"},"image":{"@id":"https:\/\/www.food4animals.nl\/en\/#\/schema\/logo\/image\/"},"sameAs":["https:\/\/www.facebook.com\/p\/Food4animals-100063861676074\/","https:\/\/x.com\/food4animals"]}]}},"_links":{"self":[{"href":"https:\/\/www.food4animals.nl\/de\/wp-json\/wp\/v2\/product\/6758","targetHints":{"allow":["GET"]}}],"collection":[{"href":"https:\/\/www.food4animals.nl\/de\/wp-json\/wp\/v2\/product"}],"about":[{"href":"https:\/\/www.food4animals.nl\/de\/wp-json\/wp\/v2\/types\/product"}],"wp:featuredmedia":[{"embeddable":true,"href":"https:\/\/www.food4animals.nl\/de\/wp-json\/wp\/v2\/media\/34629"}],"wp:attachment":[{"href":"https:\/\/www.food4animals.nl\/de\/wp-json\/wp\/v2\/media?parent=6758"}],"wp:term":[{"taxonomy":"product_brand","embeddable":true,"href":"https:\/\/www.food4animals.nl\/de\/wp-json\/wp\/v2\/product_brand?post=6758"},{"taxonomy":"product_cat","embeddable":true,"href":"https:\/\/www.food4animals.nl\/de\/wp-json\/wp\/v2\/product_cat?post=6758"},{"taxonomy":"product_tag","embeddable":true,"href":"https:\/\/www.food4animals.nl\/de\/wp-json\/wp\/v2\/product_tag?post=6758"}],"curies":[{"name":"wp","href":"https:\/\/api.w.org\/{rel}","templated":true}]}}