{"id":7069,"date":"2024-01-05T14:11:07","date_gmt":"2024-01-05T13:11:07","guid":{"rendered":"https:\/\/food4animals.nl\/product\/electrolyten-mix-2\/"},"modified":"2026-04-28T01:12:28","modified_gmt":"2026-04-28T00:12:28","slug":"electrolyten-mix-2","status":"publish","type":"product","link":"https:\/\/www.food4animals.nl\/de\/produkt\/electrolyten-mix-2\/","title":{"rendered":"Elektrolyt-Mix"},"content":{"rendered":"<p><span style=\"font-size: 10pt;\"><strong>Erg\u00e4nzungsfuttermittel (Di\u00e4tfuttermittel) f\u00fcr K\u00e4lber, Ferkel, L\u00e4mmer, Zicklein und Fohlen zur Stabilisierung des Wasser- und Elektrolythaushalts zur Unterst\u00fctzung der physiologischen Verdauung.<\/strong> Anwendbar bei K\u00e4lbern im Falle des Risikos von Verdauungsst\u00f6rungen (Durchfall). <\/span><\/p>\n<p><span style=\"font-size: 10pt;\">Electrolyts-Mix ist eine hochwertige Elektrolytmischung zum Auff\u00fcllen von Salzen bei Fl\u00fcssigkeitsverlusten. Electrolyts-Mix sorgt f\u00fcr eine gute Fl\u00fcssigkeitsaufnahme, um eine Dehydrierung zu verhindern. Ausreichend Fl\u00fcssigkeit ist f\u00fcr den Verdauungsprozess sehr wichtig. Electrolyts-Mix l\u00f6st sich gut in Wasser auf und bleibt in L\u00f6sung.<\/span><\/p>\n<p><span style=\"font-size: 10pt;\"><strong><strong>F\u00fctterungshinweise<br \/><\/strong><\/strong>25 g pro 1 l Wasser (39 \u00b0C) f\u00fcr 1 - 7 Tage (1 - 3 Tage bei alleiniger Ern\u00e4hrung).<\/span><\/p><\/p>","protected":false},"excerpt":{"rendered":"<p>Di\u00e4tfuttermittel zur Erg\u00e4nzung der Elektrolyte bei Gefahr von Durchfall.<\/p>","protected":false},"featured_media":34779,"template":"","meta":{"_acf_changed":false},"product_brand":[],"product_cat":[1379,834],"product_tag":[1283,883,843,814,839,844,1924],"class_list":{"0":"post-7069","1":"product","2":"type-product","3":"status-publish","4":"has-post-thumbnail","6":"product_cat-kalveropfok","7":"product_cat-rund","8":"product_tag-diarree","9":"product_tag-excellent","10":"product_tag-paard","11":"product_tag-rund","12":"product_tag-schaap-en-geit","13":"product_tag-varken","14":"product_tag-vetsupport_kalf","15":"tax_brand-holland-animal-care","17":"first","18":"instock","19":"taxable","20":"shipping-taxable","21":"purchasable","22":"product-type-simple"},"acf":[],"yoast_head":"<!-- This site is optimized with the Yoast SEO plugin v27.4 - https:\/\/yoast.com\/product\/yoast-seo-wordpress\/ -->\n<title>Electrolyten-Mix - Food4animals<\/title>\n<meta name=\"robots\" content=\"index, follow, max-snippet:-1, max-image-preview:large, max-video-preview:-1\" \/>\n<link rel=\"canonical\" href=\"https:\/\/www.food4animals.nl\/de\/produkt\/electrolyten-mix-2\/\" \/>\n<meta property=\"og:locale\" content=\"de_DE\" \/>\n<meta property=\"og:type\" content=\"article\" \/>\n<meta property=\"og:title\" content=\"Electrolyten-Mix - Food4animals\" \/>\n<meta property=\"og:description\" content=\"Dieetvoeder ter aanvulling van elektrolyten in geval van risico op diarree.\" \/>\n<meta property=\"og:url\" content=\"https:\/\/www.food4animals.nl\/de\/produkt\/electrolyten-mix-2\/\" \/>\n<meta property=\"og:site_name\" content=\"Food4animals\" \/>\n<meta property=\"article:publisher\" content=\"https:\/\/www.facebook.com\/p\/Food4animals-100063861676074\/\" \/>\n<meta property=\"article:modified_time\" content=\"2026-04-28T00:12:28+00:00\" \/>\n<meta property=\"og:image\" content=\"https:\/\/www.food4animals.nl\/wp-content\/uploads\/2025\/11\/ELEC05000.png\" \/>\n\t<meta property=\"og:image:width\" content=\"1024\" \/>\n\t<meta property=\"og:image:height\" content=\"1039\" \/>\n\t<meta property=\"og:image:type\" content=\"image\/png\" \/>\n<meta name=\"twitter:card\" content=\"summary_large_image\" \/>\n<meta name=\"twitter:site\" content=\"@food4animals\" \/>\n<script type=\"application\/ld+json\" class=\"yoast-schema-graph\">{\"@context\":\"https:\\\/\\\/schema.org\",\"@graph\":[{\"@type\":\"WebPage\",\"@id\":\"https:\\\/\\\/www.food4animals.nl\\\/product\\\/electrolyten-mix-2\\\/\",\"url\":\"https:\\\/\\\/www.food4animals.nl\\\/product\\\/electrolyten-mix-2\\\/\",\"name\":\"Electrolyten-Mix - Food4animals\",\"isPartOf\":{\"@id\":\"https:\\\/\\\/www.food4animals.nl\\\/en\\\/#website\"},\"primaryImageOfPage\":{\"@id\":\"https:\\\/\\\/www.food4animals.nl\\\/product\\\/electrolyten-mix-2\\\/#primaryimage\"},\"image\":{\"@id\":\"https:\\\/\\\/www.food4animals.nl\\\/product\\\/electrolyten-mix-2\\\/#primaryimage\"},\"thumbnailUrl\":\"https:\\\/\\\/www.food4animals.nl\\\/wp-content\\\/uploads\\\/2025\\\/11\\\/ELEC05000.png\",\"datePublished\":\"2024-01-05T13:11:07+00:00\",\"dateModified\":\"2026-04-28T00:12:28+00:00\",\"breadcrumb\":{\"@id\":\"https:\\\/\\\/www.food4animals.nl\\\/product\\\/electrolyten-mix-2\\\/#breadcrumb\"},\"inLanguage\":\"de\",\"potentialAction\":[{\"@type\":\"ReadAction\",\"target\":[\"https:\\\/\\\/www.food4animals.nl\\\/product\\\/electrolyten-mix-2\\\/\"]}]},{\"@type\":\"ImageObject\",\"inLanguage\":\"de\",\"@id\":\"https:\\\/\\\/www.food4animals.nl\\\/product\\\/electrolyten-mix-2\\\/#primaryimage\",\"url\":\"https:\\\/\\\/www.food4animals.nl\\\/wp-content\\\/uploads\\\/2025\\\/11\\\/ELEC05000.png\",\"contentUrl\":\"https:\\\/\\\/www.food4animals.nl\\\/wp-content\\\/uploads\\\/2025\\\/11\\\/ELEC05000.png\",\"width\":1024,\"height\":1039},{\"@type\":\"BreadcrumbList\",\"@id\":\"https:\\\/\\\/www.food4animals.nl\\\/product\\\/electrolyten-mix-2\\\/#breadcrumb\",\"itemListElement\":[{\"@type\":\"ListItem\",\"position\":1,\"name\":\"Home\",\"item\":\"https:\\\/\\\/www.food4animals.nl\\\/\"},{\"@type\":\"ListItem\",\"position\":2,\"name\":\"Winkel\",\"item\":\"https:\\\/\\\/www.food4animals.nl\\\/winkel\\\/\"},{\"@type\":\"ListItem\",\"position\":3,\"name\":\"Electrolyten-Mix\"}]},{\"@type\":\"WebSite\",\"@id\":\"https:\\\/\\\/www.food4animals.nl\\\/en\\\/#website\",\"url\":\"https:\\\/\\\/www.food4animals.nl\\\/en\\\/\",\"name\":\"Food4animals\",\"description\":\"Alles voor Ruiter en Dier\",\"publisher\":{\"@id\":\"https:\\\/\\\/www.food4animals.nl\\\/en\\\/#organization\"},\"potentialAction\":[{\"@type\":\"SearchAction\",\"target\":{\"@type\":\"EntryPoint\",\"urlTemplate\":\"https:\\\/\\\/www.food4animals.nl\\\/en\\\/?s={search_term_string}\"},\"query-input\":{\"@type\":\"PropertyValueSpecification\",\"valueRequired\":true,\"valueName\":\"search_term_string\"}}],\"inLanguage\":\"de\"},{\"@type\":\"Organization\",\"@id\":\"https:\\\/\\\/www.food4animals.nl\\\/en\\\/#organization\",\"name\":\"Food4animals\",\"url\":\"https:\\\/\\\/www.food4animals.nl\\\/en\\\/\",\"logo\":{\"@type\":\"ImageObject\",\"inLanguage\":\"de\",\"@id\":\"https:\\\/\\\/www.food4animals.nl\\\/en\\\/#\\\/schema\\\/logo\\\/image\\\/\",\"url\":\"https:\\\/\\\/www.food4animals.nl\\\/wp-content\\\/uploads\\\/2023\\\/10\\\/Logo.svg\",\"contentUrl\":\"https:\\\/\\\/www.food4animals.nl\\\/wp-content\\\/uploads\\\/2023\\\/10\\\/Logo.svg\",\"width\":1,\"height\":1,\"caption\":\"Food4animals\"},\"image\":{\"@id\":\"https:\\\/\\\/www.food4animals.nl\\\/en\\\/#\\\/schema\\\/logo\\\/image\\\/\"},\"sameAs\":[\"https:\\\/\\\/www.facebook.com\\\/p\\\/Food4animals-100063861676074\\\/\",\"https:\\\/\\\/x.com\\\/food4animals\"]}]}<\/script>\n<!-- \/ Yoast SEO plugin. -->","yoast_head_json":{"title":"Elektrolytmischung - Food4animals","robots":{"index":"index","follow":"follow","max-snippet":"max-snippet:-1","max-image-preview":"max-image-preview:large","max-video-preview":"max-video-preview:-1"},"canonical":"https:\/\/www.food4animals.nl\/de\/produkt\/electrolyten-mix-2\/","og_locale":"de_DE","og_type":"article","og_title":"Electrolyten-Mix - Food4animals","og_description":"Dieetvoeder ter aanvulling van elektrolyten in geval van risico op diarree.","og_url":"https:\/\/www.food4animals.nl\/de\/produkt\/electrolyten-mix-2\/","og_site_name":"Food4animals","article_publisher":"https:\/\/www.facebook.com\/p\/Food4animals-100063861676074\/","article_modified_time":"2026-04-28T00:12:28+00:00","og_image":[{"width":1024,"height":1039,"url":"https:\/\/www.food4animals.nl\/wp-content\/uploads\/2025\/11\/ELEC05000.png","type":"image\/png"}],"twitter_card":"summary_large_image","twitter_site":"@food4animals","schema":{"@context":"https:\/\/schema.org","@graph":[{"@type":"WebPage","@id":"https:\/\/www.food4animals.nl\/product\/electrolyten-mix-2\/","url":"https:\/\/www.food4animals.nl\/product\/electrolyten-mix-2\/","name":"Elektrolytmischung - Food4animals","isPartOf":{"@id":"https:\/\/www.food4animals.nl\/en\/#website"},"primaryImageOfPage":{"@id":"https:\/\/www.food4animals.nl\/product\/electrolyten-mix-2\/#primaryimage"},"image":{"@id":"https:\/\/www.food4animals.nl\/product\/electrolyten-mix-2\/#primaryimage"},"thumbnailUrl":"https:\/\/www.food4animals.nl\/wp-content\/uploads\/2025\/11\/ELEC05000.png","datePublished":"2024-01-05T13:11:07+00:00","dateModified":"2026-04-28T00:12:28+00:00","breadcrumb":{"@id":"https:\/\/www.food4animals.nl\/product\/electrolyten-mix-2\/#breadcrumb"},"inLanguage":"de","potentialAction":[{"@type":"ReadAction","target":["https:\/\/www.food4animals.nl\/product\/electrolyten-mix-2\/"]}]},{"@type":"ImageObject","inLanguage":"de","@id":"https:\/\/www.food4animals.nl\/product\/electrolyten-mix-2\/#primaryimage","url":"https:\/\/www.food4animals.nl\/wp-content\/uploads\/2025\/11\/ELEC05000.png","contentUrl":"https:\/\/www.food4animals.nl\/wp-content\/uploads\/2025\/11\/ELEC05000.png","width":1024,"height":1039},{"@type":"BreadcrumbList","@id":"https:\/\/www.food4animals.nl\/product\/electrolyten-mix-2\/#breadcrumb","itemListElement":[{"@type":"ListItem","position":1,"name":"Home","item":"https:\/\/www.food4animals.nl\/"},{"@type":"ListItem","position":2,"name":"Winkel","item":"https:\/\/www.food4animals.nl\/winkel\/"},{"@type":"ListItem","position":3,"name":"Electrolyten-Mix"}]},{"@type":"WebSite","@id":"https:\/\/www.food4animals.nl\/en\/#website","url":"https:\/\/www.food4animals.nl\/en\/","name":"Lebensmittel4Tiere","description":"Alles f\u00fcr Reiter und Tier","publisher":{"@id":"https:\/\/www.food4animals.nl\/en\/#organization"},"potentialAction":[{"@type":"SearchAction","target":{"@type":"EntryPoint","urlTemplate":"https:\/\/www.food4animals.nl\/en\/?s={search_term_string}"},"query-input":{"@type":"PropertyValueSpecification","valueRequired":true,"valueName":"search_term_string"}}],"inLanguage":"de"},{"@type":"Organization","@id":"https:\/\/www.food4animals.nl\/en\/#organization","name":"Lebensmittel4Tiere","url":"https:\/\/www.food4animals.nl\/en\/","logo":{"@type":"ImageObject","inLanguage":"de","@id":"https:\/\/www.food4animals.nl\/en\/#\/schema\/logo\/image\/","url":"https:\/\/www.food4animals.nl\/wp-content\/uploads\/2023\/10\/Logo.svg","contentUrl":"https:\/\/www.food4animals.nl\/wp-content\/uploads\/2023\/10\/Logo.svg","width":1,"height":1,"caption":"Food4animals"},"image":{"@id":"https:\/\/www.food4animals.nl\/en\/#\/schema\/logo\/image\/"},"sameAs":["https:\/\/www.facebook.com\/p\/Food4animals-100063861676074\/","https:\/\/x.com\/food4animals"]}]}},"_links":{"self":[{"href":"https:\/\/www.food4animals.nl\/de\/wp-json\/wp\/v2\/product\/7069","targetHints":{"allow":["GET"]}}],"collection":[{"href":"https:\/\/www.food4animals.nl\/de\/wp-json\/wp\/v2\/product"}],"about":[{"href":"https:\/\/www.food4animals.nl\/de\/wp-json\/wp\/v2\/types\/product"}],"wp:featuredmedia":[{"embeddable":true,"href":"https:\/\/www.food4animals.nl\/de\/wp-json\/wp\/v2\/media\/34779"}],"wp:attachment":[{"href":"https:\/\/www.food4animals.nl\/de\/wp-json\/wp\/v2\/media?parent=7069"}],"wp:term":[{"taxonomy":"product_brand","embeddable":true,"href":"https:\/\/www.food4animals.nl\/de\/wp-json\/wp\/v2\/product_brand?post=7069"},{"taxonomy":"product_cat","embeddable":true,"href":"https:\/\/www.food4animals.nl\/de\/wp-json\/wp\/v2\/product_cat?post=7069"},{"taxonomy":"product_tag","embeddable":true,"href":"https:\/\/www.food4animals.nl\/de\/wp-json\/wp\/v2\/product_tag?post=7069"}],"curies":[{"name":"wp","href":"https:\/\/api.w.org\/{rel}","templated":true}]}}