{"id":7250,"date":"2024-01-05T14:33:24","date_gmt":"2024-01-05T13:33:24","guid":{"rendered":"https:\/\/food4animals.nl\/product\/emoji-cat-angry-met-madnip\/"},"modified":"2026-04-12T01:14:05","modified_gmt":"2026-04-12T00:14:05","slug":"emoji-cat-angry-met-madnip","status":"publish","type":"product","link":"https:\/\/www.food4animals.nl\/de\/produkt\/emoji-cat-angry-met-madnip\/","title":{"rendered":"Emoji Katze w\u00fctend (mit MadNip)"},"content":{"rendered":"<p><strong>Catmoji Angry<\/strong><br \/>Emojis zijn de taal van deze generatie!\u00a0Elke snap of Instagram pic met uw kat\u00a0wordt hip en ultramodern\u00a0dankzij deze Catmoji!\u00a0<span style=\"font-size: 12px;\">De Catmoji is gemaakt van zacht fleece en voorzien van\u00a0veren om het natuurlijk jachtinstinct van uw kat naar boven te halen.\u00a0<\/span><span style=\"font-size: 12px;\">Daarbij is de Catmoji voorzien van MADNIP. MADNIP is uniek en nog krachtiger dan kattenkruid (Catnip).\u00a0<\/span><span style=\"font-size: 12px;\">Hierdoor zijn de Catmoji onweerstaanbaar voor praktisch iedere kat!<\/span><br \/>\u00a0<br \/><strong>Was ist MADNIP?<\/strong><br \/>MADNIP wird aus einer besonderen Pflanze hergestellt, die in den asiatischen Bergen in einer H\u00f6he von 1.500 Metern w\u00e4chst. MADNIP wird von Hand geerntet und auf eine besondere Weise getrocknet. Zuf\u00e4lligerweise hat sich herausgestellt, dass MADNIP eine enorme Anziehungskraft hat, insbesondere Katzen k\u00f6nnen MADNIP nicht widerstehen.<br \/>MADNIP ist v\u00f6llig sicher und sorgt daf\u00fcr, dass sich Katzen wohl und entspannt f\u00fchlen.<br \/>\u00a0<br \/><strong>Format<\/strong><br \/>\u00f8 6 cm<\/p>","protected":false},"excerpt":{"rendered":"<p>Emojis zijn de taal van deze generatie!\u00a0Elke snap of Instagram pic met uw kat\u00a0wordt hip en ultramodern\u00a0dankzij deze Catmoji!\u00a0De Catmoji is gemaakt van zacht fleece en voorzien van\u00a0veren om het natuurlijk jachtinstinct van uw kat naar boven te halen.\u00a0Daarbij is de Catmoji voorzien van MADNIP. MADNIP is uniek en nog krachtiger dan kattenkruid (Catnip).\u00a0Hierdoor zijn de Catmoji onweerstaanbaar voor praktisch iedere kat!\u00a0Formaat\u00f8 6 cm<\/p>","protected":false},"featured_media":34869,"template":"","meta":{"_acf_changed":false},"product_brand":[],"product_cat":[863,864],"product_tag":[1944,923,842,866,906,926,952],"class_list":{"0":"post-7250","1":"product","2":"type-product","3":"status-publish","4":"has-post-thumbnail","6":"product_cat-kat","7":"product_cat-speelgoed-kat","8":"product_tag-catmoji","9":"product_tag-catnip","10":"product_tag-kat","11":"product_tag-madnip","12":"product_tag-oranje","13":"product_tag-rood","14":"product_tag-veren","15":"tax_brand-catmoji","17":"first","18":"instock","19":"taxable","20":"shipping-taxable","21":"purchasable","22":"product-type-simple"},"acf":[],"yoast_head":"<!-- This site is optimized with the Yoast SEO plugin v27.2 - https:\/\/yoast.com\/product\/yoast-seo-wordpress\/ -->\n<title>Emoji Cat Angry (met MadNip) - Food4animals<\/title>\n<meta name=\"robots\" content=\"index, follow, max-snippet:-1, max-image-preview:large, max-video-preview:-1\" \/>\n<link rel=\"canonical\" href=\"https:\/\/www.food4animals.nl\/de\/produkt\/emoji-cat-angry-met-madnip\/\" \/>\n<meta property=\"og:locale\" content=\"de_DE\" \/>\n<meta property=\"og:type\" content=\"article\" \/>\n<meta property=\"og:title\" content=\"Emoji Cat Angry (met MadNip) - Food4animals\" \/>\n<meta property=\"og:description\" content=\"Emojis zijn de taal van deze generatie!\u00a0Elke snap of Instagram pic met uw kat\u00a0wordt hip en ultramodern\u00a0dankzij deze Catmoji!\u00a0De Catmoji is gemaakt van zacht fleece en voorzien van\u00a0veren om het natuurlijk jachtinstinct van uw kat naar boven te halen.\u00a0Daarbij is de Catmoji voorzien van MADNIP. MADNIP is uniek en nog krachtiger dan kattenkruid (Catnip).\u00a0Hierdoor zijn de Catmoji onweerstaanbaar voor praktisch iedere kat!\u00a0Formaat\u00f8 6 cm\" \/>\n<meta property=\"og:url\" content=\"https:\/\/www.food4animals.nl\/de\/produkt\/emoji-cat-angry-met-madnip\/\" \/>\n<meta property=\"og:site_name\" content=\"Food4animals\" \/>\n<meta property=\"article:publisher\" content=\"https:\/\/www.facebook.com\/p\/Food4animals-100063861676074\/\" \/>\n<meta property=\"article:modified_time\" content=\"2026-04-12T00:14:05+00:00\" \/>\n<meta property=\"og:image\" content=\"https:\/\/www.food4animals.nl\/wp-content\/uploads\/2025\/11\/EMOJ012-1.jpg\" \/>\n\t<meta property=\"og:image:width\" content=\"1317\" \/>\n\t<meta property=\"og:image:height\" content=\"2100\" \/>\n\t<meta property=\"og:image:type\" content=\"image\/jpeg\" \/>\n<meta name=\"twitter:card\" content=\"summary_large_image\" \/>\n<meta name=\"twitter:site\" content=\"@food4animals\" \/>\n<meta name=\"twitter:label1\" content=\"Gesch\u00e4tzte Lesezeit\" \/>\n\t<meta name=\"twitter:data1\" content=\"1\u00a0Minute\" \/>\n<script type=\"application\/ld+json\" class=\"yoast-schema-graph\">{\"@context\":\"https:\/\/schema.org\",\"@graph\":[{\"@type\":\"WebPage\",\"@id\":\"https:\/\/www.food4animals.nl\/product\/emoji-cat-angry-met-madnip\/\",\"url\":\"https:\/\/www.food4animals.nl\/product\/emoji-cat-angry-met-madnip\/\",\"name\":\"Emoji Cat Angry (met MadNip) - Food4animals\",\"isPartOf\":{\"@id\":\"https:\/\/www.food4animals.nl\/en\/#website\"},\"primaryImageOfPage\":{\"@id\":\"https:\/\/www.food4animals.nl\/product\/emoji-cat-angry-met-madnip\/#primaryimage\"},\"image\":{\"@id\":\"https:\/\/www.food4animals.nl\/product\/emoji-cat-angry-met-madnip\/#primaryimage\"},\"thumbnailUrl\":\"https:\/\/www.food4animals.nl\/wp-content\/uploads\/2025\/11\/EMOJ012-1.jpg\",\"datePublished\":\"2024-01-05T13:33:24+00:00\",\"dateModified\":\"2026-04-12T00:14:05+00:00\",\"breadcrumb\":{\"@id\":\"https:\/\/www.food4animals.nl\/product\/emoji-cat-angry-met-madnip\/#breadcrumb\"},\"inLanguage\":\"de\",\"potentialAction\":[{\"@type\":\"ReadAction\",\"target\":[\"https:\/\/www.food4animals.nl\/product\/emoji-cat-angry-met-madnip\/\"]}]},{\"@type\":\"ImageObject\",\"inLanguage\":\"de\",\"@id\":\"https:\/\/www.food4animals.nl\/product\/emoji-cat-angry-met-madnip\/#primaryimage\",\"url\":\"https:\/\/www.food4animals.nl\/wp-content\/uploads\/2025\/11\/EMOJ012-1.jpg\",\"contentUrl\":\"https:\/\/www.food4animals.nl\/wp-content\/uploads\/2025\/11\/EMOJ012-1.jpg\",\"width\":1317,\"height\":2100},{\"@type\":\"BreadcrumbList\",\"@id\":\"https:\/\/www.food4animals.nl\/product\/emoji-cat-angry-met-madnip\/#breadcrumb\",\"itemListElement\":[{\"@type\":\"ListItem\",\"position\":1,\"name\":\"Home\",\"item\":\"https:\/\/www.food4animals.nl\/\"},{\"@type\":\"ListItem\",\"position\":2,\"name\":\"Winkel\",\"item\":\"https:\/\/www.food4animals.nl\/winkel\/\"},{\"@type\":\"ListItem\",\"position\":3,\"name\":\"Emoji Cat Angry (met MadNip)\"}]},{\"@type\":\"WebSite\",\"@id\":\"https:\/\/www.food4animals.nl\/en\/#website\",\"url\":\"https:\/\/www.food4animals.nl\/en\/\",\"name\":\"Food4animals\",\"description\":\"Alles voor Ruiter en Dier\",\"publisher\":{\"@id\":\"https:\/\/www.food4animals.nl\/en\/#organization\"},\"potentialAction\":[{\"@type\":\"SearchAction\",\"target\":{\"@type\":\"EntryPoint\",\"urlTemplate\":\"https:\/\/www.food4animals.nl\/en\/?s={search_term_string}\"},\"query-input\":{\"@type\":\"PropertyValueSpecification\",\"valueRequired\":true,\"valueName\":\"search_term_string\"}}],\"inLanguage\":\"de\"},{\"@type\":\"Organization\",\"@id\":\"https:\/\/www.food4animals.nl\/en\/#organization\",\"name\":\"Food4animals\",\"url\":\"https:\/\/www.food4animals.nl\/en\/\",\"logo\":{\"@type\":\"ImageObject\",\"inLanguage\":\"de\",\"@id\":\"https:\/\/www.food4animals.nl\/en\/#\/schema\/logo\/image\/\",\"url\":\"https:\/\/www.food4animals.nl\/wp-content\/uploads\/2023\/10\/Logo.svg\",\"contentUrl\":\"https:\/\/www.food4animals.nl\/wp-content\/uploads\/2023\/10\/Logo.svg\",\"width\":1,\"height\":1,\"caption\":\"Food4animals\"},\"image\":{\"@id\":\"https:\/\/www.food4animals.nl\/en\/#\/schema\/logo\/image\/\"},\"sameAs\":[\"https:\/\/www.facebook.com\/p\/Food4animals-100063861676074\/\",\"https:\/\/x.com\/food4animals\"]}]}<\/script>\n<!-- \/ Yoast SEO plugin. -->","yoast_head_json":{"title":"Emoji Cat Angry (met MadNip) - Food4animals","robots":{"index":"index","follow":"follow","max-snippet":"max-snippet:-1","max-image-preview":"max-image-preview:large","max-video-preview":"max-video-preview:-1"},"canonical":"https:\/\/www.food4animals.nl\/de\/produkt\/emoji-cat-angry-met-madnip\/","og_locale":"de_DE","og_type":"article","og_title":"Emoji Cat Angry (met MadNip) - Food4animals","og_description":"Emojis zijn de taal van deze generatie!\u00a0Elke snap of Instagram pic met uw kat\u00a0wordt hip en ultramodern\u00a0dankzij deze Catmoji!\u00a0De Catmoji is gemaakt van zacht fleece en voorzien van\u00a0veren om het natuurlijk jachtinstinct van uw kat naar boven te halen.\u00a0Daarbij is de Catmoji voorzien van MADNIP. MADNIP is uniek en nog krachtiger dan kattenkruid (Catnip).\u00a0Hierdoor zijn de Catmoji onweerstaanbaar voor praktisch iedere kat!\u00a0Formaat\u00f8 6 cm","og_url":"https:\/\/www.food4animals.nl\/de\/produkt\/emoji-cat-angry-met-madnip\/","og_site_name":"Food4animals","article_publisher":"https:\/\/www.facebook.com\/p\/Food4animals-100063861676074\/","article_modified_time":"2026-04-12T00:14:05+00:00","og_image":[{"width":1317,"height":2100,"url":"https:\/\/www.food4animals.nl\/wp-content\/uploads\/2025\/11\/EMOJ012-1.jpg","type":"image\/jpeg"}],"twitter_card":"summary_large_image","twitter_site":"@food4animals","twitter_misc":{"Gesch\u00e4tzte Lesezeit":"1\u00a0Minute"},"schema":{"@context":"https:\/\/schema.org","@graph":[{"@type":"WebPage","@id":"https:\/\/www.food4animals.nl\/product\/emoji-cat-angry-met-madnip\/","url":"https:\/\/www.food4animals.nl\/product\/emoji-cat-angry-met-madnip\/","name":"Emoji Cat Angry (met MadNip) - Food4animals","isPartOf":{"@id":"https:\/\/www.food4animals.nl\/en\/#website"},"primaryImageOfPage":{"@id":"https:\/\/www.food4animals.nl\/product\/emoji-cat-angry-met-madnip\/#primaryimage"},"image":{"@id":"https:\/\/www.food4animals.nl\/product\/emoji-cat-angry-met-madnip\/#primaryimage"},"thumbnailUrl":"https:\/\/www.food4animals.nl\/wp-content\/uploads\/2025\/11\/EMOJ012-1.jpg","datePublished":"2024-01-05T13:33:24+00:00","dateModified":"2026-04-12T00:14:05+00:00","breadcrumb":{"@id":"https:\/\/www.food4animals.nl\/product\/emoji-cat-angry-met-madnip\/#breadcrumb"},"inLanguage":"de","potentialAction":[{"@type":"ReadAction","target":["https:\/\/www.food4animals.nl\/product\/emoji-cat-angry-met-madnip\/"]}]},{"@type":"ImageObject","inLanguage":"de","@id":"https:\/\/www.food4animals.nl\/product\/emoji-cat-angry-met-madnip\/#primaryimage","url":"https:\/\/www.food4animals.nl\/wp-content\/uploads\/2025\/11\/EMOJ012-1.jpg","contentUrl":"https:\/\/www.food4animals.nl\/wp-content\/uploads\/2025\/11\/EMOJ012-1.jpg","width":1317,"height":2100},{"@type":"BreadcrumbList","@id":"https:\/\/www.food4animals.nl\/product\/emoji-cat-angry-met-madnip\/#breadcrumb","itemListElement":[{"@type":"ListItem","position":1,"name":"Home","item":"https:\/\/www.food4animals.nl\/"},{"@type":"ListItem","position":2,"name":"Winkel","item":"https:\/\/www.food4animals.nl\/winkel\/"},{"@type":"ListItem","position":3,"name":"Emoji Cat Angry (met MadNip)"}]},{"@type":"WebSite","@id":"https:\/\/www.food4animals.nl\/en\/#website","url":"https:\/\/www.food4animals.nl\/en\/","name":"Lebensmittel4Tiere","description":"Alles f\u00fcr Reiter und Tier","publisher":{"@id":"https:\/\/www.food4animals.nl\/en\/#organization"},"potentialAction":[{"@type":"SearchAction","target":{"@type":"EntryPoint","urlTemplate":"https:\/\/www.food4animals.nl\/en\/?s={search_term_string}"},"query-input":{"@type":"PropertyValueSpecification","valueRequired":true,"valueName":"search_term_string"}}],"inLanguage":"de"},{"@type":"Organization","@id":"https:\/\/www.food4animals.nl\/en\/#organization","name":"Lebensmittel4Tiere","url":"https:\/\/www.food4animals.nl\/en\/","logo":{"@type":"ImageObject","inLanguage":"de","@id":"https:\/\/www.food4animals.nl\/en\/#\/schema\/logo\/image\/","url":"https:\/\/www.food4animals.nl\/wp-content\/uploads\/2023\/10\/Logo.svg","contentUrl":"https:\/\/www.food4animals.nl\/wp-content\/uploads\/2023\/10\/Logo.svg","width":1,"height":1,"caption":"Food4animals"},"image":{"@id":"https:\/\/www.food4animals.nl\/en\/#\/schema\/logo\/image\/"},"sameAs":["https:\/\/www.facebook.com\/p\/Food4animals-100063861676074\/","https:\/\/x.com\/food4animals"]}]}},"_links":{"self":[{"href":"https:\/\/www.food4animals.nl\/de\/wp-json\/wp\/v2\/product\/7250","targetHints":{"allow":["GET"]}}],"collection":[{"href":"https:\/\/www.food4animals.nl\/de\/wp-json\/wp\/v2\/product"}],"about":[{"href":"https:\/\/www.food4animals.nl\/de\/wp-json\/wp\/v2\/types\/product"}],"wp:featuredmedia":[{"embeddable":true,"href":"https:\/\/www.food4animals.nl\/de\/wp-json\/wp\/v2\/media\/34869"}],"wp:attachment":[{"href":"https:\/\/www.food4animals.nl\/de\/wp-json\/wp\/v2\/media?parent=7250"}],"wp:term":[{"taxonomy":"product_brand","embeddable":true,"href":"https:\/\/www.food4animals.nl\/de\/wp-json\/wp\/v2\/product_brand?post=7250"},{"taxonomy":"product_cat","embeddable":true,"href":"https:\/\/www.food4animals.nl\/de\/wp-json\/wp\/v2\/product_cat?post=7250"},{"taxonomy":"product_tag","embeddable":true,"href":"https:\/\/www.food4animals.nl\/de\/wp-json\/wp\/v2\/product_tag?post=7250"}],"curies":[{"name":"wp","href":"https:\/\/api.w.org\/{rel}","templated":true}]}}