{"id":7267,"date":"2024-01-05T14:35:22","date_gmt":"2024-01-05T13:35:22","guid":{"rendered":"https:\/\/food4animals.nl\/product\/emoji-cat-cube-monkey-met-madnip\/"},"modified":"2026-04-10T01:16:33","modified_gmt":"2026-04-10T00:16:33","slug":"emoji-cat-cube-monkey-met-madnip","status":"publish","type":"product","link":"https:\/\/www.food4animals.nl\/de\/produkt\/emoji-cat-cube-monkey-met-madnip\/","title":{"rendered":"Emoji Katze W\u00fcrfel Affe (mit MadNip)"},"content":{"rendered":"<p><strong>Katzenmoji-W\u00fcrfel gef\u00fcllt mit MADNIP!<\/strong><br \/>Emojis sind die Sprache dieser Generation! Jeder Schnappschuss oder jedes Instagram-Foto mit Ihrer Katze wird dank dieses Catmoji hip und ultramodern! Das Catmoji enth\u00e4lt MADNIP. MADNIP ist einzigartig und noch wirkungsvoller als Katzenminze (Catnip). Das macht den Catmoji f\u00fcr praktisch jede Katze unwiderstehlich!<br \/>\u00a0<br \/><strong>Was ist MADNIP?<\/strong><br \/>MADNIP wird aus einer besonderen Pflanze hergestellt, die in den asiatischen Bergen in einer H\u00f6he von 1.500 Metern w\u00e4chst. MADNIP wird von Hand geerntet und auf eine besondere Weise getrocknet. Zuf\u00e4lligerweise hat sich herausgestellt, dass MADNIP eine enorme Anziehungskraft hat, insbesondere Katzen k\u00f6nnen MADNIP nicht widerstehen.<br \/>MADNIP ist v\u00f6llig sicher und sorgt daf\u00fcr, dass sich Katzen wohl und entspannt f\u00fchlen.<br \/>\u00a0<br \/><strong>Format<\/strong><br \/>\u00f8 7 cm<\/p>","protected":false},"excerpt":{"rendered":"<p>Katzenmoji-W\u00fcrfel gef\u00fcllt mit MADNIP!<\/p>","protected":false},"featured_media":34880,"template":"","meta":{"_acf_changed":false},"product_brand":[],"product_cat":[863,864],"product_tag":[1944,923,842,866],"class_list":{"0":"post-7267","1":"product","2":"type-product","3":"status-publish","4":"has-post-thumbnail","6":"product_cat-kat","7":"product_cat-speelgoed-kat","8":"product_tag-catmoji","9":"product_tag-catnip","10":"product_tag-kat","11":"product_tag-madnip","12":"tax_brand-catmoji","14":"first","15":"instock","16":"taxable","17":"shipping-taxable","18":"purchasable","19":"product-type-simple"},"acf":[],"yoast_head":"<!-- This site is optimized with the Yoast SEO plugin v27.2 - https:\/\/yoast.com\/product\/yoast-seo-wordpress\/ -->\n<title>Emoji Cat Cube Monkey (met MadNip) - Food4animals<\/title>\n<meta name=\"robots\" content=\"index, follow, max-snippet:-1, max-image-preview:large, max-video-preview:-1\" \/>\n<link rel=\"canonical\" href=\"https:\/\/www.food4animals.nl\/de\/produkt\/emoji-cat-cube-monkey-met-madnip\/\" \/>\n<meta property=\"og:locale\" content=\"de_DE\" \/>\n<meta property=\"og:type\" content=\"article\" \/>\n<meta property=\"og:title\" content=\"Emoji Cat Cube Monkey (met MadNip) - Food4animals\" \/>\n<meta property=\"og:description\" content=\"Catmoji cube gevuld met MADNIP!\" \/>\n<meta property=\"og:url\" content=\"https:\/\/www.food4animals.nl\/de\/produkt\/emoji-cat-cube-monkey-met-madnip\/\" \/>\n<meta property=\"og:site_name\" content=\"Food4animals\" \/>\n<meta property=\"article:publisher\" content=\"https:\/\/www.facebook.com\/p\/Food4animals-100063861676074\/\" \/>\n<meta property=\"article:modified_time\" content=\"2026-04-10T00:16:33+00:00\" \/>\n<meta property=\"og:image\" content=\"https:\/\/www.food4animals.nl\/wp-content\/uploads\/2025\/11\/EMOJ036.png\" \/>\n\t<meta property=\"og:image:width\" content=\"530\" \/>\n\t<meta property=\"og:image:height\" content=\"980\" \/>\n\t<meta property=\"og:image:type\" content=\"image\/png\" \/>\n<meta name=\"twitter:card\" content=\"summary_large_image\" \/>\n<meta name=\"twitter:site\" content=\"@food4animals\" \/>\n<meta name=\"twitter:label1\" content=\"Gesch\u00e4tzte Lesezeit\" \/>\n\t<meta name=\"twitter:data1\" content=\"1\u00a0Minute\" \/>\n<script type=\"application\/ld+json\" class=\"yoast-schema-graph\">{\"@context\":\"https:\/\/schema.org\",\"@graph\":[{\"@type\":\"WebPage\",\"@id\":\"https:\/\/www.food4animals.nl\/product\/emoji-cat-cube-monkey-met-madnip\/\",\"url\":\"https:\/\/www.food4animals.nl\/product\/emoji-cat-cube-monkey-met-madnip\/\",\"name\":\"Emoji Cat Cube Monkey (met MadNip) - Food4animals\",\"isPartOf\":{\"@id\":\"https:\/\/www.food4animals.nl\/en\/#website\"},\"primaryImageOfPage\":{\"@id\":\"https:\/\/www.food4animals.nl\/product\/emoji-cat-cube-monkey-met-madnip\/#primaryimage\"},\"image\":{\"@id\":\"https:\/\/www.food4animals.nl\/product\/emoji-cat-cube-monkey-met-madnip\/#primaryimage\"},\"thumbnailUrl\":\"https:\/\/www.food4animals.nl\/wp-content\/uploads\/2025\/11\/EMOJ036.png\",\"datePublished\":\"2024-01-05T13:35:22+00:00\",\"dateModified\":\"2026-04-10T00:16:33+00:00\",\"breadcrumb\":{\"@id\":\"https:\/\/www.food4animals.nl\/product\/emoji-cat-cube-monkey-met-madnip\/#breadcrumb\"},\"inLanguage\":\"de\",\"potentialAction\":[{\"@type\":\"ReadAction\",\"target\":[\"https:\/\/www.food4animals.nl\/product\/emoji-cat-cube-monkey-met-madnip\/\"]}]},{\"@type\":\"ImageObject\",\"inLanguage\":\"de\",\"@id\":\"https:\/\/www.food4animals.nl\/product\/emoji-cat-cube-monkey-met-madnip\/#primaryimage\",\"url\":\"https:\/\/www.food4animals.nl\/wp-content\/uploads\/2025\/11\/EMOJ036.png\",\"contentUrl\":\"https:\/\/www.food4animals.nl\/wp-content\/uploads\/2025\/11\/EMOJ036.png\",\"width\":530,\"height\":980},{\"@type\":\"BreadcrumbList\",\"@id\":\"https:\/\/www.food4animals.nl\/product\/emoji-cat-cube-monkey-met-madnip\/#breadcrumb\",\"itemListElement\":[{\"@type\":\"ListItem\",\"position\":1,\"name\":\"Home\",\"item\":\"https:\/\/www.food4animals.nl\/\"},{\"@type\":\"ListItem\",\"position\":2,\"name\":\"Winkel\",\"item\":\"https:\/\/www.food4animals.nl\/winkel\/\"},{\"@type\":\"ListItem\",\"position\":3,\"name\":\"Emoji Cat Cube Monkey (met MadNip)\"}]},{\"@type\":\"WebSite\",\"@id\":\"https:\/\/www.food4animals.nl\/en\/#website\",\"url\":\"https:\/\/www.food4animals.nl\/en\/\",\"name\":\"Food4animals\",\"description\":\"Alles voor Ruiter en Dier\",\"publisher\":{\"@id\":\"https:\/\/www.food4animals.nl\/en\/#organization\"},\"potentialAction\":[{\"@type\":\"SearchAction\",\"target\":{\"@type\":\"EntryPoint\",\"urlTemplate\":\"https:\/\/www.food4animals.nl\/en\/?s={search_term_string}\"},\"query-input\":{\"@type\":\"PropertyValueSpecification\",\"valueRequired\":true,\"valueName\":\"search_term_string\"}}],\"inLanguage\":\"de\"},{\"@type\":\"Organization\",\"@id\":\"https:\/\/www.food4animals.nl\/en\/#organization\",\"name\":\"Food4animals\",\"url\":\"https:\/\/www.food4animals.nl\/en\/\",\"logo\":{\"@type\":\"ImageObject\",\"inLanguage\":\"de\",\"@id\":\"https:\/\/www.food4animals.nl\/en\/#\/schema\/logo\/image\/\",\"url\":\"https:\/\/www.food4animals.nl\/wp-content\/uploads\/2023\/10\/Logo.svg\",\"contentUrl\":\"https:\/\/www.food4animals.nl\/wp-content\/uploads\/2023\/10\/Logo.svg\",\"width\":1,\"height\":1,\"caption\":\"Food4animals\"},\"image\":{\"@id\":\"https:\/\/www.food4animals.nl\/en\/#\/schema\/logo\/image\/\"},\"sameAs\":[\"https:\/\/www.facebook.com\/p\/Food4animals-100063861676074\/\",\"https:\/\/x.com\/food4animals\"]}]}<\/script>\n<!-- \/ Yoast SEO plugin. -->","yoast_head_json":{"title":"Emoji Cat Cube Monkey (met MadNip) - Food4animals","robots":{"index":"index","follow":"follow","max-snippet":"max-snippet:-1","max-image-preview":"max-image-preview:large","max-video-preview":"max-video-preview:-1"},"canonical":"https:\/\/www.food4animals.nl\/de\/produkt\/emoji-cat-cube-monkey-met-madnip\/","og_locale":"de_DE","og_type":"article","og_title":"Emoji Cat Cube Monkey (met MadNip) - Food4animals","og_description":"Catmoji cube gevuld met MADNIP!","og_url":"https:\/\/www.food4animals.nl\/de\/produkt\/emoji-cat-cube-monkey-met-madnip\/","og_site_name":"Food4animals","article_publisher":"https:\/\/www.facebook.com\/p\/Food4animals-100063861676074\/","article_modified_time":"2026-04-10T00:16:33+00:00","og_image":[{"width":530,"height":980,"url":"https:\/\/www.food4animals.nl\/wp-content\/uploads\/2025\/11\/EMOJ036.png","type":"image\/png"}],"twitter_card":"summary_large_image","twitter_site":"@food4animals","twitter_misc":{"Gesch\u00e4tzte Lesezeit":"1\u00a0Minute"},"schema":{"@context":"https:\/\/schema.org","@graph":[{"@type":"WebPage","@id":"https:\/\/www.food4animals.nl\/product\/emoji-cat-cube-monkey-met-madnip\/","url":"https:\/\/www.food4animals.nl\/product\/emoji-cat-cube-monkey-met-madnip\/","name":"Emoji Cat Cube Monkey (met MadNip) - Food4animals","isPartOf":{"@id":"https:\/\/www.food4animals.nl\/en\/#website"},"primaryImageOfPage":{"@id":"https:\/\/www.food4animals.nl\/product\/emoji-cat-cube-monkey-met-madnip\/#primaryimage"},"image":{"@id":"https:\/\/www.food4animals.nl\/product\/emoji-cat-cube-monkey-met-madnip\/#primaryimage"},"thumbnailUrl":"https:\/\/www.food4animals.nl\/wp-content\/uploads\/2025\/11\/EMOJ036.png","datePublished":"2024-01-05T13:35:22+00:00","dateModified":"2026-04-10T00:16:33+00:00","breadcrumb":{"@id":"https:\/\/www.food4animals.nl\/product\/emoji-cat-cube-monkey-met-madnip\/#breadcrumb"},"inLanguage":"de","potentialAction":[{"@type":"ReadAction","target":["https:\/\/www.food4animals.nl\/product\/emoji-cat-cube-monkey-met-madnip\/"]}]},{"@type":"ImageObject","inLanguage":"de","@id":"https:\/\/www.food4animals.nl\/product\/emoji-cat-cube-monkey-met-madnip\/#primaryimage","url":"https:\/\/www.food4animals.nl\/wp-content\/uploads\/2025\/11\/EMOJ036.png","contentUrl":"https:\/\/www.food4animals.nl\/wp-content\/uploads\/2025\/11\/EMOJ036.png","width":530,"height":980},{"@type":"BreadcrumbList","@id":"https:\/\/www.food4animals.nl\/product\/emoji-cat-cube-monkey-met-madnip\/#breadcrumb","itemListElement":[{"@type":"ListItem","position":1,"name":"Home","item":"https:\/\/www.food4animals.nl\/"},{"@type":"ListItem","position":2,"name":"Winkel","item":"https:\/\/www.food4animals.nl\/winkel\/"},{"@type":"ListItem","position":3,"name":"Emoji Cat Cube Monkey (met MadNip)"}]},{"@type":"WebSite","@id":"https:\/\/www.food4animals.nl\/en\/#website","url":"https:\/\/www.food4animals.nl\/en\/","name":"Lebensmittel4Tiere","description":"Alles f\u00fcr Reiter und Tier","publisher":{"@id":"https:\/\/www.food4animals.nl\/en\/#organization"},"potentialAction":[{"@type":"SearchAction","target":{"@type":"EntryPoint","urlTemplate":"https:\/\/www.food4animals.nl\/en\/?s={search_term_string}"},"query-input":{"@type":"PropertyValueSpecification","valueRequired":true,"valueName":"search_term_string"}}],"inLanguage":"de"},{"@type":"Organization","@id":"https:\/\/www.food4animals.nl\/en\/#organization","name":"Lebensmittel4Tiere","url":"https:\/\/www.food4animals.nl\/en\/","logo":{"@type":"ImageObject","inLanguage":"de","@id":"https:\/\/www.food4animals.nl\/en\/#\/schema\/logo\/image\/","url":"https:\/\/www.food4animals.nl\/wp-content\/uploads\/2023\/10\/Logo.svg","contentUrl":"https:\/\/www.food4animals.nl\/wp-content\/uploads\/2023\/10\/Logo.svg","width":1,"height":1,"caption":"Food4animals"},"image":{"@id":"https:\/\/www.food4animals.nl\/en\/#\/schema\/logo\/image\/"},"sameAs":["https:\/\/www.facebook.com\/p\/Food4animals-100063861676074\/","https:\/\/x.com\/food4animals"]}]}},"_links":{"self":[{"href":"https:\/\/www.food4animals.nl\/de\/wp-json\/wp\/v2\/product\/7267","targetHints":{"allow":["GET"]}}],"collection":[{"href":"https:\/\/www.food4animals.nl\/de\/wp-json\/wp\/v2\/product"}],"about":[{"href":"https:\/\/www.food4animals.nl\/de\/wp-json\/wp\/v2\/types\/product"}],"wp:featuredmedia":[{"embeddable":true,"href":"https:\/\/www.food4animals.nl\/de\/wp-json\/wp\/v2\/media\/34880"}],"wp:attachment":[{"href":"https:\/\/www.food4animals.nl\/de\/wp-json\/wp\/v2\/media?parent=7267"}],"wp:term":[{"taxonomy":"product_brand","embeddable":true,"href":"https:\/\/www.food4animals.nl\/de\/wp-json\/wp\/v2\/product_brand?post=7267"},{"taxonomy":"product_cat","embeddable":true,"href":"https:\/\/www.food4animals.nl\/de\/wp-json\/wp\/v2\/product_cat?post=7267"},{"taxonomy":"product_tag","embeddable":true,"href":"https:\/\/www.food4animals.nl\/de\/wp-json\/wp\/v2\/product_tag?post=7267"}],"curies":[{"name":"wp","href":"https:\/\/api.w.org\/{rel}","templated":true}]}}