{"id":7292,"date":"2024-01-05T14:39:40","date_gmt":"2024-01-05T13:39:40","guid":{"rendered":"https:\/\/food4animals.nl\/product\/endex-875-reg-nl-ura\/"},"modified":"2026-04-07T01:12:33","modified_gmt":"2026-04-07T00:12:33","slug":"endex-875-reg-en-ura","status":"publish","type":"product","link":"https:\/\/www.food4animals.nl\/de\/produkt\/endex-875-reg-en-ura\/","title":{"rendered":"Endex 8.75% REG DE URA"},"content":{"rendered":"<p><span style=\"color: #ff0000; font-size: 10pt;\">Erh\u00e4ltlich nur bei einem Tierarzt oder auf tier\u00e4rztliche Verschreibung in einer zugelassenen Apotheke oder bei einem zugelassenen Lieferanten.<\/span><span style=\"font-size: 10pt;\"><em><strong><br \/>\n<\/strong><\/em><\/span><\/p>\n<p><span style=\"font-size: 10pt;\"><strong>Endex 8.75%<br \/>\n<\/strong><\/span><span style=\"font-size: 10pt;\">Suspension zum Einnehmen mit breitem Wirkungsspektrum zur Behandlung von Wurminfektionen.<\/span><\/p>\n<p><span style=\"font-size: 10pt;\"><strong>Zielarten<br \/>\n<\/strong><\/span><span style=\"font-size: 10pt;\">Schafe.<\/span><\/p>\n<p><span style=\"font-size: 10pt;\"><strong>Wirkstoff<br \/>\n<\/strong><\/span><span style=\"font-size: 10pt;\">Triclabendazol 50 mg\/ml<br \/>\n<\/span><span style=\"font-size: 10pt;\">Levamisolhydrochlorid 37,5 mg\/ml<\/span><\/p>\n<p><span style=\"font-size: 10pt;\"><strong>Anzeige<br \/>\n<\/strong><\/span><span style=\"font-size: 10pt;\">F\u00fcr die Behandlung von:<\/span><\/p>\n<ul>\n<li><span style=\"font-size: 10pt;\">W\u00fcrmer in der Lunge: <em>Dictyocaulus <\/em><\/span><\/li>\n<li><span style=\"font-size: 10pt;\">Gastrointestinale W\u00fcrmer: <em>Trichostrongylus <\/em>, <em>Cooperia<\/em> spp.., <em>Ostertagia <\/em>spp.., <em>Haemonchus <\/em>spp.., <em>Nematodirus <\/em>spp.., <em>Bunostomum <\/em>spp.., <em>Oesophagostomum <\/em>spp.., <em>Gaigeria<\/em> spp. und <em>Chabertia<\/em> spp.<\/span><\/li>\n<li><span style=\"font-size: 10pt;\">Leber bot: <em>Fasciola hepatica<\/em>.<\/span><\/li>\n<\/ul>\n<p><span style=\"font-size: 10pt;\"><strong>Kontraindikationen<br \/>\n<\/strong><\/span><span style=\"font-size: 10pt;\">Keine.<\/span><\/p>\n<p><span style=\"font-size: 10pt;\"><strong>Dosierung<br \/>\n<\/strong><\/span><span style=\"font-size: 10pt;\">Orale Verabreichung von 10 mg Triclabendazol und 7,5 mg Levamisolhydrochlorid pro kg K\u00f6rpergewicht, entsprechend 1 ml des Tierarzneimittels pro 5 kg K\u00f6rpergewicht.<\/span><\/p>\n<p><span style=\"font-size: 10pt;\"><strong>Besondere Warnhinweise<br \/>\n<\/strong><\/span><span style=\"font-size: 10pt;\">Die folgenden Situationen sollten vermieden werden, da sie die Entwicklung von Resistenzen f\u00f6rdern und letztlich zu einer unwirksamen Behandlung f\u00fchren k\u00f6nnen:<\/span><\/p>\n<ul>\n<li><span style=\"font-size: 10pt;\">zu h\u00e4ufige und wiederholte Anwendung von Anthelminthika der gleichen Gruppe \u00fcber einen l\u00e4ngeren Zeitraum.<\/span><\/li>\n<li><span style=\"font-size: 10pt;\">Unterdosierung aufgrund einer Untersch\u00e4tzung des K\u00f6rpergewichts, einer falschen Verabreichung des Tierarzneimittels oder eines nicht oder falsch kalibrierten Dosierger\u00e4ts (falls zutreffend).<\/span><\/li>\n<\/ul>\n<p><span style=\"font-size: 10pt;\"><strong>Wartezeit<br \/>\n<\/strong><\/span><span style=\"font-size: 10pt;\">Fleisch und Schlachtnebenerzeugnisse: 42 Tage.<\/span><\/p>\n<p><span style=\"font-size: 10pt;\">Nicht zugelassen zur Verwendung bei Mutterschafen, die Milch f\u00fcr den menschlichen Verzehr produzieren, auch nicht w\u00e4hrend der Trockenstehzeit. Nicht innerhalb eines Jahres vor dem ersten Ablammen bei Mutterschafen anwenden, die Milch f\u00fcr den menschlichen Verzehr erzeugen sollen.<\/span><\/p>\n<p><span style=\"font-size: 10pt;\"><strong>Inhalt<br \/>\n<\/strong><\/span><span style=\"font-size: 10pt;\">800 ml (ENDE1000)<br \/>\n<\/span><span style=\"font-size: 10pt;\">2,2 Liter (ENDE2200)<\/span><\/p>\n<p><span style=\"font-size: 10pt;\"><a href=\"https:\/\/www.diergeneesmiddeleninformatiebank.nl\/ords\/f?p=111:3::SEARCH:NO::P0_DOMAIN,P0_LANG,P3_RVG1:V,NL,7978\" target=\"_blank\" rel=\"noopener\"><strong>REG EN 7978<\/strong><\/a><\/span><\/p>\n<h1><\/h1>\n<a href=\"https:\/\/www.cbg-meb.nl\/onderwerpen\/bd-internethandel-diergeneesmiddelen\" target=\"_blank\" rel=\"noopener\"><img decoding=\"async\" class=\"preview\" style=\"max-width: 90px; float: right;\" src=\"\/imagestream\/stream\/279197\/2209-logo-internethandel.jpg\" alt=\"\" \/><\/a>","protected":false},"excerpt":{"rendered":"<p>Breitspektrum-Anthelminthikum f\u00fcr Schafe.<\/p>\n<h5><span style=\"color: #ff0000;\"><em>Verfahren Worm Abhilfema\u00dfnahmen \"URA Abhilfema\u00dfnahmen\"<\/em><\/span><\/h5>\n<p><em>\u00a0-nur auf Originalrezept mit \"feuchter\" Unterschrift erh\u00e4ltlich<\/em><\/p>\n<p><em>\u00a0-Gescannte Rezepte sind nicht erlaubt.<\/em><\/p>\n<p><em>\u00a0-Schicken Sie das Originalrezept per Post an: Food4animals, Zwanenveld 6, 6852LX, Huissen, die Niederlande<\/em><\/p>\n<p><em>\u00a0-Bestellen Sie per Mail (info@food4animals.nl), was Sie brauchen, wir sorgen daf\u00fcr, dass es auf Lager ist, wenn es abgeholt wird.<\/em><\/p>\n<p><em>\u00a0-Sie werden benachrichtigt, wenn Ihre Bestellung zur Abholung bereit ist.<\/em><\/p>\n<h5><span style=\"color: #ff0000;\"><em>\u00a0Also ohne Rezept keine Lieferung<\/em><\/span><\/h5>\n<h3><a href=\"http:\/\/food4animals.g51test.nl\/wp-content\/uploads\/2024\/01\/Recept-origineel-vee-2024.pdf\" target=\"_blank\" rel=\"noopener\">Download Musterrezept Rinder<\/a><\/h3>\n<p>&nbsp;<\/p>\n<p><a href=\"https:\/\/www.cbg-meb.nl\/onderwerpen\/bd-internethandel-diergeneesmiddelen\" target=\"_blank\" rel=\"noopener\"><img loading=\"lazy\" decoding=\"async\" class=\"alignnone wp-image-23456 size-full\" src=\"https:\/\/www.food4animals.nl\/wp-content\/uploads\/2024\/02\/NVWA-Logo.jpg\" alt=\"\" width=\"141\" height=\"117\" srcset=\"https:\/\/www.food4animals.nl\/wp-content\/uploads\/2024\/02\/NVWA-Logo.jpg 141w, https:\/\/www.food4animals.nl\/wp-content\/uploads\/2024\/02\/NVWA-Logo-14x12.jpg 14w, https:\/\/www.food4animals.nl\/wp-content\/uploads\/2024\/02\/NVWA-Logo-106x88.jpg 106w, https:\/\/www.food4animals.nl\/wp-content\/uploads\/2024\/02\/NVWA-Logo-80x66.jpg 80w\" sizes=\"auto, (max-width: 141px) 100vw, 141px\" \/><\/a><\/p>","protected":false},"featured_media":29906,"template":"","meta":{"_acf_changed":false},"product_brand":[],"product_cat":[993,996],"product_tag":[1948,1429,839],"class_list":{"0":"post-7292","1":"product","2":"type-product","3":"status-publish","4":"has-post-thumbnail","6":"product_cat-apotheek","7":"product_cat-medicatie-op-recept","8":"product_tag-endex","9":"product_tag-ontworming-en-leverbot","10":"product_tag-schaap-en-geit","11":"tax_brand-endex","13":"first","14":"instock","15":"taxable","16":"shipping-taxable","17":"product-type-simple"},"acf":[],"yoast_head":"<!-- This site is optimized with the Yoast SEO plugin v27.2 - https:\/\/yoast.com\/product\/yoast-seo-wordpress\/ -->\n<title>Endex 8,75% REG NL URA - Food4animals<\/title>\n<meta name=\"robots\" content=\"index, follow, max-snippet:-1, max-image-preview:large, max-video-preview:-1\" \/>\n<link rel=\"canonical\" href=\"https:\/\/www.food4animals.nl\/de\/produkt\/endex-875-reg-en-ura\/\" \/>\n<meta property=\"og:locale\" content=\"de_DE\" \/>\n<meta property=\"og:type\" content=\"article\" \/>\n<meta property=\"og:title\" content=\"Endex 8,75% REG NL URA - Food4animals\" \/>\n<meta property=\"og:description\" content=\"Breedspectrum ontwormingsmiddel voor schapen. Procedure Wormmiddelen \u201cURA middelen\u201d \u00a0-Alleen verkrijgbaar op origineel recept met \u201cnatte\u201d handtekening  \u00a0-Gescande recepten zijn niet toegestaan.  \u00a0-Stuur het Origineel recept per post naar: Food4animals, Zwanenveld 6, 6852LX, Huissen, Nederland  \u00a0-Bestel per mail (info@food4animals.nl) wat u nodig heeft, wij zorgen dat het op voorraad is als het opgehaald wordt.  \u00a0-U ontvangt bericht als uw bestelling klaar staat voor afhalen. \u00a0Dus zonder\u00a0recept\u00a0geen levering Download voorbeeld Recept Vee &nbsp;\" \/>\n<meta property=\"og:url\" content=\"https:\/\/www.food4animals.nl\/de\/produkt\/endex-875-reg-en-ura\/\" \/>\n<meta property=\"og:site_name\" content=\"Food4animals\" \/>\n<meta property=\"article:publisher\" content=\"https:\/\/www.facebook.com\/p\/Food4animals-100063861676074\/\" \/>\n<meta property=\"article:modified_time\" content=\"2026-04-07T00:12:33+00:00\" \/>\n<meta property=\"og:image\" content=\"https:\/\/www.food4animals.nl\/wp-content\/uploads\/2024\/01\/Endex-08-l.jpg\" \/>\n\t<meta property=\"og:image:width\" content=\"1024\" \/>\n\t<meta property=\"og:image:height\" content=\"1024\" \/>\n\t<meta property=\"og:image:type\" content=\"image\/jpeg\" \/>\n<meta name=\"twitter:card\" content=\"summary_large_image\" \/>\n<meta name=\"twitter:site\" content=\"@food4animals\" \/>\n<meta name=\"twitter:label1\" content=\"Gesch\u00e4tzte Lesezeit\" \/>\n\t<meta name=\"twitter:data1\" content=\"2\u00a0Minuten\" \/>\n<script type=\"application\/ld+json\" class=\"yoast-schema-graph\">{\"@context\":\"https:\/\/schema.org\",\"@graph\":[{\"@type\":\"WebPage\",\"@id\":\"https:\/\/www.food4animals.nl\/product\/endex-875-reg-nl-ura\/\",\"url\":\"https:\/\/www.food4animals.nl\/product\/endex-875-reg-nl-ura\/\",\"name\":\"Endex 8,75% REG NL URA - Food4animals\",\"isPartOf\":{\"@id\":\"https:\/\/www.food4animals.nl\/en\/#website\"},\"primaryImageOfPage\":{\"@id\":\"https:\/\/www.food4animals.nl\/product\/endex-875-reg-nl-ura\/#primaryimage\"},\"image\":{\"@id\":\"https:\/\/www.food4animals.nl\/product\/endex-875-reg-nl-ura\/#primaryimage\"},\"thumbnailUrl\":\"https:\/\/www.food4animals.nl\/wp-content\/uploads\/2024\/01\/Endex-08-l.jpg\",\"datePublished\":\"2024-01-05T13:39:40+00:00\",\"dateModified\":\"2026-04-07T00:12:33+00:00\",\"breadcrumb\":{\"@id\":\"https:\/\/www.food4animals.nl\/product\/endex-875-reg-nl-ura\/#breadcrumb\"},\"inLanguage\":\"de\",\"potentialAction\":[{\"@type\":\"ReadAction\",\"target\":[\"https:\/\/www.food4animals.nl\/product\/endex-875-reg-nl-ura\/\"]}]},{\"@type\":\"ImageObject\",\"inLanguage\":\"de\",\"@id\":\"https:\/\/www.food4animals.nl\/product\/endex-875-reg-nl-ura\/#primaryimage\",\"url\":\"https:\/\/www.food4animals.nl\/wp-content\/uploads\/2024\/01\/Endex-08-l.jpg\",\"contentUrl\":\"https:\/\/www.food4animals.nl\/wp-content\/uploads\/2024\/01\/Endex-08-l.jpg\",\"width\":1024,\"height\":1024,\"caption\":\"Endex 0,8 l Breedspectrum ontwormingsmiddel voor schapen.\"},{\"@type\":\"BreadcrumbList\",\"@id\":\"https:\/\/www.food4animals.nl\/product\/endex-875-reg-nl-ura\/#breadcrumb\",\"itemListElement\":[{\"@type\":\"ListItem\",\"position\":1,\"name\":\"Home\",\"item\":\"https:\/\/www.food4animals.nl\/\"},{\"@type\":\"ListItem\",\"position\":2,\"name\":\"Winkel\",\"item\":\"https:\/\/www.food4animals.nl\/winkel\/\"},{\"@type\":\"ListItem\",\"position\":3,\"name\":\"Endex 8,75% REG NL URA\"}]},{\"@type\":\"WebSite\",\"@id\":\"https:\/\/www.food4animals.nl\/en\/#website\",\"url\":\"https:\/\/www.food4animals.nl\/en\/\",\"name\":\"Food4animals\",\"description\":\"Alles voor Ruiter en Dier\",\"publisher\":{\"@id\":\"https:\/\/www.food4animals.nl\/en\/#organization\"},\"potentialAction\":[{\"@type\":\"SearchAction\",\"target\":{\"@type\":\"EntryPoint\",\"urlTemplate\":\"https:\/\/www.food4animals.nl\/en\/?s={search_term_string}\"},\"query-input\":{\"@type\":\"PropertyValueSpecification\",\"valueRequired\":true,\"valueName\":\"search_term_string\"}}],\"inLanguage\":\"de\"},{\"@type\":\"Organization\",\"@id\":\"https:\/\/www.food4animals.nl\/en\/#organization\",\"name\":\"Food4animals\",\"url\":\"https:\/\/www.food4animals.nl\/en\/\",\"logo\":{\"@type\":\"ImageObject\",\"inLanguage\":\"de\",\"@id\":\"https:\/\/www.food4animals.nl\/en\/#\/schema\/logo\/image\/\",\"url\":\"https:\/\/www.food4animals.nl\/wp-content\/uploads\/2023\/10\/Logo.svg\",\"contentUrl\":\"https:\/\/www.food4animals.nl\/wp-content\/uploads\/2023\/10\/Logo.svg\",\"width\":1,\"height\":1,\"caption\":\"Food4animals\"},\"image\":{\"@id\":\"https:\/\/www.food4animals.nl\/en\/#\/schema\/logo\/image\/\"},\"sameAs\":[\"https:\/\/www.facebook.com\/p\/Food4animals-100063861676074\/\",\"https:\/\/x.com\/food4animals\"]}]}<\/script>\n<!-- \/ Yoast SEO plugin. -->","yoast_head_json":{"title":"Endex 8.75% REG DE URA - Food4animals","robots":{"index":"index","follow":"follow","max-snippet":"max-snippet:-1","max-image-preview":"max-image-preview:large","max-video-preview":"max-video-preview:-1"},"canonical":"https:\/\/www.food4animals.nl\/de\/produkt\/endex-875-reg-en-ura\/","og_locale":"de_DE","og_type":"article","og_title":"Endex 8,75% REG NL URA - Food4animals","og_description":"Breedspectrum ontwormingsmiddel voor schapen. Procedure Wormmiddelen \u201cURA middelen\u201d \u00a0-Alleen verkrijgbaar op origineel recept met \u201cnatte\u201d handtekening  \u00a0-Gescande recepten zijn niet toegestaan.  \u00a0-Stuur het Origineel recept per post naar: Food4animals, Zwanenveld 6, 6852LX, Huissen, Nederland  \u00a0-Bestel per mail (info@food4animals.nl) wat u nodig heeft, wij zorgen dat het op voorraad is als het opgehaald wordt.  \u00a0-U ontvangt bericht als uw bestelling klaar staat voor afhalen. \u00a0Dus zonder\u00a0recept\u00a0geen levering Download voorbeeld Recept Vee &nbsp;","og_url":"https:\/\/www.food4animals.nl\/de\/produkt\/endex-875-reg-en-ura\/","og_site_name":"Food4animals","article_publisher":"https:\/\/www.facebook.com\/p\/Food4animals-100063861676074\/","article_modified_time":"2026-04-07T00:12:33+00:00","og_image":[{"width":1024,"height":1024,"url":"https:\/\/www.food4animals.nl\/wp-content\/uploads\/2024\/01\/Endex-08-l.jpg","type":"image\/jpeg"}],"twitter_card":"summary_large_image","twitter_site":"@food4animals","twitter_misc":{"Gesch\u00e4tzte Lesezeit":"2\u00a0Minuten"},"schema":{"@context":"https:\/\/schema.org","@graph":[{"@type":"WebPage","@id":"https:\/\/www.food4animals.nl\/product\/endex-875-reg-nl-ura\/","url":"https:\/\/www.food4animals.nl\/product\/endex-875-reg-nl-ura\/","name":"Endex 8.75% REG DE URA - Food4animals","isPartOf":{"@id":"https:\/\/www.food4animals.nl\/en\/#website"},"primaryImageOfPage":{"@id":"https:\/\/www.food4animals.nl\/product\/endex-875-reg-nl-ura\/#primaryimage"},"image":{"@id":"https:\/\/www.food4animals.nl\/product\/endex-875-reg-nl-ura\/#primaryimage"},"thumbnailUrl":"https:\/\/www.food4animals.nl\/wp-content\/uploads\/2024\/01\/Endex-08-l.jpg","datePublished":"2024-01-05T13:39:40+00:00","dateModified":"2026-04-07T00:12:33+00:00","breadcrumb":{"@id":"https:\/\/www.food4animals.nl\/product\/endex-875-reg-nl-ura\/#breadcrumb"},"inLanguage":"de","potentialAction":[{"@type":"ReadAction","target":["https:\/\/www.food4animals.nl\/product\/endex-875-reg-nl-ura\/"]}]},{"@type":"ImageObject","inLanguage":"de","@id":"https:\/\/www.food4animals.nl\/product\/endex-875-reg-nl-ura\/#primaryimage","url":"https:\/\/www.food4animals.nl\/wp-content\/uploads\/2024\/01\/Endex-08-l.jpg","contentUrl":"https:\/\/www.food4animals.nl\/wp-content\/uploads\/2024\/01\/Endex-08-l.jpg","width":1024,"height":1024,"caption":"Endex 0,8 l Breedspectrum ontwormingsmiddel voor schapen."},{"@type":"BreadcrumbList","@id":"https:\/\/www.food4animals.nl\/product\/endex-875-reg-nl-ura\/#breadcrumb","itemListElement":[{"@type":"ListItem","position":1,"name":"Home","item":"https:\/\/www.food4animals.nl\/"},{"@type":"ListItem","position":2,"name":"Winkel","item":"https:\/\/www.food4animals.nl\/winkel\/"},{"@type":"ListItem","position":3,"name":"Endex 8,75% REG NL URA"}]},{"@type":"WebSite","@id":"https:\/\/www.food4animals.nl\/en\/#website","url":"https:\/\/www.food4animals.nl\/en\/","name":"Lebensmittel4Tiere","description":"Alles f\u00fcr Reiter und Tier","publisher":{"@id":"https:\/\/www.food4animals.nl\/en\/#organization"},"potentialAction":[{"@type":"SearchAction","target":{"@type":"EntryPoint","urlTemplate":"https:\/\/www.food4animals.nl\/en\/?s={search_term_string}"},"query-input":{"@type":"PropertyValueSpecification","valueRequired":true,"valueName":"search_term_string"}}],"inLanguage":"de"},{"@type":"Organization","@id":"https:\/\/www.food4animals.nl\/en\/#organization","name":"Lebensmittel4Tiere","url":"https:\/\/www.food4animals.nl\/en\/","logo":{"@type":"ImageObject","inLanguage":"de","@id":"https:\/\/www.food4animals.nl\/en\/#\/schema\/logo\/image\/","url":"https:\/\/www.food4animals.nl\/wp-content\/uploads\/2023\/10\/Logo.svg","contentUrl":"https:\/\/www.food4animals.nl\/wp-content\/uploads\/2023\/10\/Logo.svg","width":1,"height":1,"caption":"Food4animals"},"image":{"@id":"https:\/\/www.food4animals.nl\/en\/#\/schema\/logo\/image\/"},"sameAs":["https:\/\/www.facebook.com\/p\/Food4animals-100063861676074\/","https:\/\/x.com\/food4animals"]}]}},"_links":{"self":[{"href":"https:\/\/www.food4animals.nl\/de\/wp-json\/wp\/v2\/product\/7292","targetHints":{"allow":["GET"]}}],"collection":[{"href":"https:\/\/www.food4animals.nl\/de\/wp-json\/wp\/v2\/product"}],"about":[{"href":"https:\/\/www.food4animals.nl\/de\/wp-json\/wp\/v2\/types\/product"}],"wp:featuredmedia":[{"embeddable":true,"href":"https:\/\/www.food4animals.nl\/de\/wp-json\/wp\/v2\/media\/29906"}],"wp:attachment":[{"href":"https:\/\/www.food4animals.nl\/de\/wp-json\/wp\/v2\/media?parent=7292"}],"wp:term":[{"taxonomy":"product_brand","embeddable":true,"href":"https:\/\/www.food4animals.nl\/de\/wp-json\/wp\/v2\/product_brand?post=7292"},{"taxonomy":"product_cat","embeddable":true,"href":"https:\/\/www.food4animals.nl\/de\/wp-json\/wp\/v2\/product_cat?post=7292"},{"taxonomy":"product_tag","embeddable":true,"href":"https:\/\/www.food4animals.nl\/de\/wp-json\/wp\/v2\/product_tag?post=7292"}],"curies":[{"name":"wp","href":"https:\/\/api.w.org\/{rel}","templated":true}]}}