{"id":7365,"date":"2024-01-05T14:52:49","date_gmt":"2024-01-05T13:52:49","guid":{"rendered":"https:\/\/food4animals.nl\/product\/equi-mobility-plus-80-sachets\/"},"modified":"2026-04-19T01:16:34","modified_gmt":"2026-04-19T00:16:34","slug":"equi-mobility-plus-80-beutel","status":"publish","type":"product","link":"https:\/\/www.food4animals.nl\/de\/produkt\/equi-mobility-plus-80-beutel\/","title":{"rendered":"Equi Mobility Plus 80 Portionsbeutel"},"content":{"rendered":"<p><span style=\"font-size: 10pt;\"><strong>Equi Mobility Plus ist die umfassendste Formel zur Schmierung und Unterst\u00fctzung von Sehnen, Knorpeln, B\u00e4ndern und Gelenken.\u00a0<\/strong><\/span><br \/><span style=\"font-size: 10pt;\">Wirksame Zusammensetzung und Wirkung, Erg\u00e4nzungsfuttermittel f\u00fcr Pferde.<br \/><\/span><br \/><span style=\"font-size: 10pt;\"><strong>Equi Mobilit\u00e4t Plus<\/strong> Enth\u00e4lt MSM, Glucosamin, Chondroitin, Gr\u00fcnlippmuschel (Perna canaliculus) und Hyalurons\u00e4ure zur Unterst\u00fctzung des Bewegungsapparates bei der Belastung und zum Schutz der Gelenke.<\/span><br \/><span style=\"font-size: 10pt;\"><strong>Equi Mobilit\u00e4t Plus<\/strong> unterst\u00fctzt die normale Schmierung der Gelenke und tr\u00e4gt zur Erhaltung des Knorpels bei.<\/span><br \/><span style=\"font-size: 10pt;\">Die Gr\u00fcnlippmuschel enth\u00e4lt einzigartige Fetts\u00e4uren und Bausteine f\u00fcr Gelenke, Knochen und Knorpel.<\/span><br \/><span style=\"font-size: 10pt;\"><strong>\u00a0<br \/><\/strong><img loading=\"lazy\" decoding=\"async\" style=\"float: right;\" src=\"\/imagestream\/stream\/29869\/130\/130\/Groenlipmossel_website.jpg\" width=\"130\" height=\"130\" \/><strong>Ausgezeichnet f\u00fcr<\/strong><\/span><br \/><span style=\"font-size: 10pt;\">- Alternde Pferde<\/span><br \/><span style=\"font-size: 10pt;\">- Tr\u00e4chtige Stuten<\/span><br \/><span style=\"font-size: 10pt;\">- \u00dcbergewichtige Pferde<\/span><br \/><span style=\"font-size: 10pt;\">- Wachsende Fohlen<\/span><br \/><span style=\"font-size: 10pt;\">- Hengste<\/span><br \/><span style=\"font-size: 10pt;\">- Leistungspferde (Sport- und Arbeitspferde)<\/span><br \/><span style=\"font-size: 10pt;\">\u00a0<\/span><br \/><span style=\"font-size: 10pt;\"><strong>F\u00fctterungshinweise<\/strong><\/span><br \/><span style=\"font-size: 10pt;\">Verpackt in gebrauchsfertigen Beuteln und sehr praktisch in der Anwendung!<\/span><br \/><span style=\"font-size: 10pt;\">\u00a0<\/span><br \/><span style=\"font-size: 10pt;\"><em>Die ersten 7 Tage:<\/em><\/span><br \/><span style=\"font-size: 10pt;\">Pferd: 2 x 25 g pro Tag.<\/span><br \/><span style=\"font-size: 10pt;\">Pony: 2 x 12,5 g pro Tag.<\/span><br \/><span style=\"font-size: 10pt;\">\u00a0<\/span><br \/><span style=\"font-size: 10pt;\"><em>Wartung:<\/em><\/span><br \/><span style=\"font-size: 10pt;\">Pferd: 1 x 25 g pro Tag.<\/span><br \/><span style=\"font-size: 10pt;\">Pony: 1 x 12,5 g pro Tag.<\/span><\/p>\n<p><strong><span style=\"font-size: 10pt;\">Inhalt<\/span><\/strong><br \/><span style=\"font-size: 10pt;\">EQUI000021E - 1 kg (40 Beutel)<br \/>EQUI000022E - 2 kg (80 Beutel)<\/span><br \/><span style=\"color: #ffffff; font-size: 10pt;\">Kraft<\/span><\/p>\n<p>\u00a0<\/p>","protected":false},"excerpt":{"rendered":"<p>Unterst\u00fctzt die normale Gelenkschmierung und tr\u00e4gt zur Erhaltung des Knorpels bei.\u00a0<\/p>","protected":false},"featured_media":34913,"template":"","meta":{"_acf_changed":false},"product_brand":[],"product_cat":[829,1316],"product_tag":[1965,883,1368,843,1319],"class_list":{"0":"post-7365","1":"product","2":"type-product","3":"status-publish","4":"has-post-thumbnail","6":"product_cat-paard","7":"product_cat-supplementen-paard","8":"product_tag-equi-mobility-plus","9":"product_tag-excellent","10":"product_tag-excellent-horse","11":"product_tag-paard","12":"product_tag-supplementen_emmer","13":"tax_brand-excellent","15":"first","16":"instock","17":"taxable","18":"shipping-taxable","19":"purchasable","20":"product-type-simple"},"acf":[],"yoast_head":"<!-- This site is optimized with the Yoast SEO plugin v27.4 - https:\/\/yoast.com\/product\/yoast-seo-wordpress\/ -->\n<title>Equi Mobility Plus 80 sachets - Food4animals<\/title>\n<meta name=\"robots\" content=\"index, follow, max-snippet:-1, max-image-preview:large, max-video-preview:-1\" \/>\n<link rel=\"canonical\" href=\"https:\/\/www.food4animals.nl\/de\/produkt\/equi-mobility-plus-80-beutel\/\" \/>\n<meta property=\"og:locale\" content=\"de_DE\" \/>\n<meta property=\"og:type\" content=\"article\" \/>\n<meta property=\"og:title\" content=\"Equi Mobility Plus 80 sachets - Food4animals\" \/>\n<meta property=\"og:description\" content=\"Ondersteunt de normale smering van de gewrichten en draagt bij aan het in stand houden van het kraakbeen.\u00a0\" \/>\n<meta property=\"og:url\" content=\"https:\/\/www.food4animals.nl\/de\/produkt\/equi-mobility-plus-80-beutel\/\" \/>\n<meta property=\"og:site_name\" content=\"Food4animals\" \/>\n<meta property=\"article:publisher\" content=\"https:\/\/www.facebook.com\/p\/Food4animals-100063861676074\/\" \/>\n<meta property=\"article:modified_time\" content=\"2026-04-19T00:16:34+00:00\" \/>\n<meta property=\"og:image\" content=\"https:\/\/www.food4animals.nl\/wp-content\/uploads\/2025\/11\/EQUI000022E.png\" \/>\n\t<meta property=\"og:image:width\" content=\"1024\" \/>\n\t<meta property=\"og:image:height\" content=\"1024\" \/>\n\t<meta property=\"og:image:type\" content=\"image\/png\" \/>\n<meta name=\"twitter:card\" content=\"summary_large_image\" \/>\n<meta name=\"twitter:site\" content=\"@food4animals\" \/>\n<meta name=\"twitter:label1\" content=\"Gesch\u00e4tzte Lesezeit\" \/>\n\t<meta name=\"twitter:data1\" content=\"1\u00a0Minute\" \/>\n<script type=\"application\/ld+json\" class=\"yoast-schema-graph\">{\"@context\":\"https:\\\/\\\/schema.org\",\"@graph\":[{\"@type\":\"WebPage\",\"@id\":\"https:\\\/\\\/www.food4animals.nl\\\/product\\\/equi-mobility-plus-80-sachets\\\/\",\"url\":\"https:\\\/\\\/www.food4animals.nl\\\/product\\\/equi-mobility-plus-80-sachets\\\/\",\"name\":\"Equi Mobility Plus 80 sachets - Food4animals\",\"isPartOf\":{\"@id\":\"https:\\\/\\\/www.food4animals.nl\\\/en\\\/#website\"},\"primaryImageOfPage\":{\"@id\":\"https:\\\/\\\/www.food4animals.nl\\\/product\\\/equi-mobility-plus-80-sachets\\\/#primaryimage\"},\"image\":{\"@id\":\"https:\\\/\\\/www.food4animals.nl\\\/product\\\/equi-mobility-plus-80-sachets\\\/#primaryimage\"},\"thumbnailUrl\":\"https:\\\/\\\/www.food4animals.nl\\\/wp-content\\\/uploads\\\/2025\\\/11\\\/EQUI000022E.png\",\"datePublished\":\"2024-01-05T13:52:49+00:00\",\"dateModified\":\"2026-04-19T00:16:34+00:00\",\"breadcrumb\":{\"@id\":\"https:\\\/\\\/www.food4animals.nl\\\/product\\\/equi-mobility-plus-80-sachets\\\/#breadcrumb\"},\"inLanguage\":\"de\",\"potentialAction\":[{\"@type\":\"ReadAction\",\"target\":[\"https:\\\/\\\/www.food4animals.nl\\\/product\\\/equi-mobility-plus-80-sachets\\\/\"]}]},{\"@type\":\"ImageObject\",\"inLanguage\":\"de\",\"@id\":\"https:\\\/\\\/www.food4animals.nl\\\/product\\\/equi-mobility-plus-80-sachets\\\/#primaryimage\",\"url\":\"https:\\\/\\\/www.food4animals.nl\\\/wp-content\\\/uploads\\\/2025\\\/11\\\/EQUI000022E.png\",\"contentUrl\":\"https:\\\/\\\/www.food4animals.nl\\\/wp-content\\\/uploads\\\/2025\\\/11\\\/EQUI000022E.png\",\"width\":1024,\"height\":1024},{\"@type\":\"BreadcrumbList\",\"@id\":\"https:\\\/\\\/www.food4animals.nl\\\/product\\\/equi-mobility-plus-80-sachets\\\/#breadcrumb\",\"itemListElement\":[{\"@type\":\"ListItem\",\"position\":1,\"name\":\"Home\",\"item\":\"https:\\\/\\\/www.food4animals.nl\\\/\"},{\"@type\":\"ListItem\",\"position\":2,\"name\":\"Winkel\",\"item\":\"https:\\\/\\\/www.food4animals.nl\\\/winkel\\\/\"},{\"@type\":\"ListItem\",\"position\":3,\"name\":\"Equi Mobility Plus 80 sachets\"}]},{\"@type\":\"WebSite\",\"@id\":\"https:\\\/\\\/www.food4animals.nl\\\/en\\\/#website\",\"url\":\"https:\\\/\\\/www.food4animals.nl\\\/en\\\/\",\"name\":\"Food4animals\",\"description\":\"Alles voor Ruiter en Dier\",\"publisher\":{\"@id\":\"https:\\\/\\\/www.food4animals.nl\\\/en\\\/#organization\"},\"potentialAction\":[{\"@type\":\"SearchAction\",\"target\":{\"@type\":\"EntryPoint\",\"urlTemplate\":\"https:\\\/\\\/www.food4animals.nl\\\/en\\\/?s={search_term_string}\"},\"query-input\":{\"@type\":\"PropertyValueSpecification\",\"valueRequired\":true,\"valueName\":\"search_term_string\"}}],\"inLanguage\":\"de\"},{\"@type\":\"Organization\",\"@id\":\"https:\\\/\\\/www.food4animals.nl\\\/en\\\/#organization\",\"name\":\"Food4animals\",\"url\":\"https:\\\/\\\/www.food4animals.nl\\\/en\\\/\",\"logo\":{\"@type\":\"ImageObject\",\"inLanguage\":\"de\",\"@id\":\"https:\\\/\\\/www.food4animals.nl\\\/en\\\/#\\\/schema\\\/logo\\\/image\\\/\",\"url\":\"https:\\\/\\\/www.food4animals.nl\\\/wp-content\\\/uploads\\\/2023\\\/10\\\/Logo.svg\",\"contentUrl\":\"https:\\\/\\\/www.food4animals.nl\\\/wp-content\\\/uploads\\\/2023\\\/10\\\/Logo.svg\",\"width\":1,\"height\":1,\"caption\":\"Food4animals\"},\"image\":{\"@id\":\"https:\\\/\\\/www.food4animals.nl\\\/en\\\/#\\\/schema\\\/logo\\\/image\\\/\"},\"sameAs\":[\"https:\\\/\\\/www.facebook.com\\\/p\\\/Food4animals-100063861676074\\\/\",\"https:\\\/\\\/x.com\\\/food4animals\"]}]}<\/script>\n<!-- \/ Yoast SEO plugin. -->","yoast_head_json":{"title":"Equi Mobility Plus 80 Portionsbeutel - Food4animals","robots":{"index":"index","follow":"follow","max-snippet":"max-snippet:-1","max-image-preview":"max-image-preview:large","max-video-preview":"max-video-preview:-1"},"canonical":"https:\/\/www.food4animals.nl\/de\/produkt\/equi-mobility-plus-80-beutel\/","og_locale":"de_DE","og_type":"article","og_title":"Equi Mobility Plus 80 sachets - Food4animals","og_description":"Ondersteunt de normale smering van de gewrichten en draagt bij aan het in stand houden van het kraakbeen.\u00a0","og_url":"https:\/\/www.food4animals.nl\/de\/produkt\/equi-mobility-plus-80-beutel\/","og_site_name":"Food4animals","article_publisher":"https:\/\/www.facebook.com\/p\/Food4animals-100063861676074\/","article_modified_time":"2026-04-19T00:16:34+00:00","og_image":[{"width":1024,"height":1024,"url":"https:\/\/www.food4animals.nl\/wp-content\/uploads\/2025\/11\/EQUI000022E.png","type":"image\/png"}],"twitter_card":"summary_large_image","twitter_site":"@food4animals","twitter_misc":{"Gesch\u00e4tzte Lesezeit":"1\u00a0Minute"},"schema":{"@context":"https:\/\/schema.org","@graph":[{"@type":"WebPage","@id":"https:\/\/www.food4animals.nl\/product\/equi-mobility-plus-80-sachets\/","url":"https:\/\/www.food4animals.nl\/product\/equi-mobility-plus-80-sachets\/","name":"Equi Mobility Plus 80 Portionsbeutel - Food4animals","isPartOf":{"@id":"https:\/\/www.food4animals.nl\/en\/#website"},"primaryImageOfPage":{"@id":"https:\/\/www.food4animals.nl\/product\/equi-mobility-plus-80-sachets\/#primaryimage"},"image":{"@id":"https:\/\/www.food4animals.nl\/product\/equi-mobility-plus-80-sachets\/#primaryimage"},"thumbnailUrl":"https:\/\/www.food4animals.nl\/wp-content\/uploads\/2025\/11\/EQUI000022E.png","datePublished":"2024-01-05T13:52:49+00:00","dateModified":"2026-04-19T00:16:34+00:00","breadcrumb":{"@id":"https:\/\/www.food4animals.nl\/product\/equi-mobility-plus-80-sachets\/#breadcrumb"},"inLanguage":"de","potentialAction":[{"@type":"ReadAction","target":["https:\/\/www.food4animals.nl\/product\/equi-mobility-plus-80-sachets\/"]}]},{"@type":"ImageObject","inLanguage":"de","@id":"https:\/\/www.food4animals.nl\/product\/equi-mobility-plus-80-sachets\/#primaryimage","url":"https:\/\/www.food4animals.nl\/wp-content\/uploads\/2025\/11\/EQUI000022E.png","contentUrl":"https:\/\/www.food4animals.nl\/wp-content\/uploads\/2025\/11\/EQUI000022E.png","width":1024,"height":1024},{"@type":"BreadcrumbList","@id":"https:\/\/www.food4animals.nl\/product\/equi-mobility-plus-80-sachets\/#breadcrumb","itemListElement":[{"@type":"ListItem","position":1,"name":"Home","item":"https:\/\/www.food4animals.nl\/"},{"@type":"ListItem","position":2,"name":"Winkel","item":"https:\/\/www.food4animals.nl\/winkel\/"},{"@type":"ListItem","position":3,"name":"Equi Mobility Plus 80 sachets"}]},{"@type":"WebSite","@id":"https:\/\/www.food4animals.nl\/en\/#website","url":"https:\/\/www.food4animals.nl\/en\/","name":"Lebensmittel4Tiere","description":"Alles f\u00fcr Reiter und Tier","publisher":{"@id":"https:\/\/www.food4animals.nl\/en\/#organization"},"potentialAction":[{"@type":"SearchAction","target":{"@type":"EntryPoint","urlTemplate":"https:\/\/www.food4animals.nl\/en\/?s={search_term_string}"},"query-input":{"@type":"PropertyValueSpecification","valueRequired":true,"valueName":"search_term_string"}}],"inLanguage":"de"},{"@type":"Organization","@id":"https:\/\/www.food4animals.nl\/en\/#organization","name":"Lebensmittel4Tiere","url":"https:\/\/www.food4animals.nl\/en\/","logo":{"@type":"ImageObject","inLanguage":"de","@id":"https:\/\/www.food4animals.nl\/en\/#\/schema\/logo\/image\/","url":"https:\/\/www.food4animals.nl\/wp-content\/uploads\/2023\/10\/Logo.svg","contentUrl":"https:\/\/www.food4animals.nl\/wp-content\/uploads\/2023\/10\/Logo.svg","width":1,"height":1,"caption":"Food4animals"},"image":{"@id":"https:\/\/www.food4animals.nl\/en\/#\/schema\/logo\/image\/"},"sameAs":["https:\/\/www.facebook.com\/p\/Food4animals-100063861676074\/","https:\/\/x.com\/food4animals"]}]}},"_links":{"self":[{"href":"https:\/\/www.food4animals.nl\/de\/wp-json\/wp\/v2\/product\/7365","targetHints":{"allow":["GET"]}}],"collection":[{"href":"https:\/\/www.food4animals.nl\/de\/wp-json\/wp\/v2\/product"}],"about":[{"href":"https:\/\/www.food4animals.nl\/de\/wp-json\/wp\/v2\/types\/product"}],"wp:featuredmedia":[{"embeddable":true,"href":"https:\/\/www.food4animals.nl\/de\/wp-json\/wp\/v2\/media\/34913"}],"wp:attachment":[{"href":"https:\/\/www.food4animals.nl\/de\/wp-json\/wp\/v2\/media?parent=7365"}],"wp:term":[{"taxonomy":"product_brand","embeddable":true,"href":"https:\/\/www.food4animals.nl\/de\/wp-json\/wp\/v2\/product_brand?post=7365"},{"taxonomy":"product_cat","embeddable":true,"href":"https:\/\/www.food4animals.nl\/de\/wp-json\/wp\/v2\/product_cat?post=7365"},{"taxonomy":"product_tag","embeddable":true,"href":"https:\/\/www.food4animals.nl\/de\/wp-json\/wp\/v2\/product_tag?post=7365"}],"curies":[{"name":"wp","href":"https:\/\/api.w.org\/{rel}","templated":true}]}}