{"id":7402,"date":"2024-01-05T15:00:32","date_gmt":"2024-01-05T14:00:32","guid":{"rendered":"https:\/\/food4animals.nl\/product\/equi-shield-spons-on-75-ml-nlfr\/"},"modified":"2026-04-19T01:16:36","modified_gmt":"2026-04-19T00:16:36","slug":"equi-schild-schwamm-auf-75-ml-nlfr","status":"publish","type":"product","link":"https:\/\/www.food4animals.nl\/de\/produkt\/equi-schild-schwamm-auf-75-ml-nlfr\/","title":{"rendered":"Equi Schutzschild Spons-On 75 ml NL+FR"},"content":{"rendered":"<p><span style=\"font-size: 10pt;\"><span style=\"color: #808080;\"><strong><span style=\"color: #008000;\">Achtung!<\/span> <span style=\"color: #000000;\">Bestellen Sie die richtige Version. Sie k\u00f6nnen zwischen 2 verschiedenen Sprachen auf dem Etikett w\u00e4hlen:\u00a0<\/span><\/strong><\/span><\/p>\n<p><strong><span style=\"color: #000000;\">Inhalt und Sprache<\/span><br \/><\/strong>EQUI0001BBG: 75 ml - auf Niederl\u00e4ndisch und Franz\u00f6sisch<br \/>EQUI0001BBGH: 75 ml - deutsche und englische Sprache<br \/><\/span><\/p>\n<h2><span style=\"font-size: 10pt;\">Equi-Schild Spons-On<br \/><\/span><\/h2>\n<p><span style=\"font-size: 10pt;\">Equi Shield Spons-On enth\u00e4lt eine fein abgestimmte Mischung von Duftstoffen, die den nat\u00fcrlichen (Schwei\u00df-)Geruch neutralisiert und das Fell Ihres Pferdes pflegt. Das Produkt ist mit einem Schwamm versehen und l\u00e4sst sich daher leicht auf empfindliche Stellen auftragen.<\/span><\/p>\n<p><span style=\"font-size: 10pt;\"><strong>Benutzerhandbuch<br \/><\/strong>Lassen Sie den Schwamm sich mit dem Produkt f\u00fcllen und tragen Sie es auf die empfindlichen Bereiche, wie z. B. um Nase und Augen, auf. Nur zur \u00e4u\u00dferlichen Anwendung. Vermeiden Sie den Kontakt mit den Augen.<\/span><\/p>\n<p><span style=\"font-size: 10pt;\"><strong>Bewahrung<br \/><\/strong><\/span><span style=\"font-size: 10pt;\">An einem k\u00fchlen und gut bel\u00fcfteten Ort aufbewahren. Vor Frost sch\u00fctzen.<\/span><\/p>\n<p><span style=\"font-size: 10pt;\"><strong>Inhalt<br \/><\/strong>75 ml<\/span><\/p>","protected":false},"excerpt":{"rendered":"<p>Neutralisiert den nat\u00fcrlichen Geruch und pflegt das Fell Ihres Pferdes.<\/p>","protected":false},"featured_media":34924,"template":"","meta":{"_acf_changed":false},"product_brand":[],"product_cat":[829,1216],"product_tag":[1979,883,1368,843,1968],"class_list":{"0":"post-7402","1":"product","2":"type-product","3":"status-publish","4":"has-post-thumbnail","6":"product_cat-paard","7":"product_cat-verzorging-paard","8":"product_tag-equi-shield","9":"product_tag-excellent","10":"product_tag-excellent-horse","11":"product_tag-paard","12":"product_tag-spons-on","13":"tax_brand-excellent","15":"first","16":"instock","17":"taxable","18":"shipping-taxable","19":"purchasable","20":"product-type-simple"},"acf":[],"yoast_head":"<!-- This site is optimized with the Yoast SEO plugin v27.4 - https:\/\/yoast.com\/product\/yoast-seo-wordpress\/ -->\n<title>Equi Shield Spons-On 75 ml NL+FR - Food4animals<\/title>\n<meta name=\"robots\" content=\"index, follow, max-snippet:-1, max-image-preview:large, max-video-preview:-1\" \/>\n<link rel=\"canonical\" href=\"https:\/\/www.food4animals.nl\/de\/produkt\/equi-schild-schwamm-auf-75-ml-nlfr\/\" \/>\n<meta property=\"og:locale\" content=\"de_DE\" \/>\n<meta property=\"og:type\" content=\"article\" \/>\n<meta property=\"og:title\" content=\"Equi Shield Spons-On 75 ml NL+FR - Food4animals\" \/>\n<meta property=\"og:description\" content=\"Neutraliseert de natuurlijke geur en verzorgt de vacht van uw paard.\" \/>\n<meta property=\"og:url\" content=\"https:\/\/www.food4animals.nl\/de\/produkt\/equi-schild-schwamm-auf-75-ml-nlfr\/\" \/>\n<meta property=\"og:site_name\" content=\"Food4animals\" \/>\n<meta property=\"article:publisher\" content=\"https:\/\/www.facebook.com\/p\/Food4animals-100063861676074\/\" \/>\n<meta property=\"article:modified_time\" content=\"2026-04-19T00:16:36+00:00\" \/>\n<meta property=\"og:image\" content=\"https:\/\/www.food4animals.nl\/wp-content\/uploads\/2025\/11\/EQUI0001BBG.png\" \/>\n\t<meta property=\"og:image:width\" content=\"980\" \/>\n\t<meta property=\"og:image:height\" content=\"980\" \/>\n\t<meta property=\"og:image:type\" content=\"image\/png\" \/>\n<meta name=\"twitter:card\" content=\"summary_large_image\" \/>\n<meta name=\"twitter:site\" content=\"@food4animals\" \/>\n<meta name=\"twitter:label1\" content=\"Gesch\u00e4tzte Lesezeit\" \/>\n\t<meta name=\"twitter:data1\" content=\"1\u00a0Minute\" \/>\n<script type=\"application\/ld+json\" class=\"yoast-schema-graph\">{\"@context\":\"https:\\\/\\\/schema.org\",\"@graph\":[{\"@type\":\"WebPage\",\"@id\":\"https:\\\/\\\/www.food4animals.nl\\\/product\\\/equi-shield-spons-on-75-ml-nlfr\\\/\",\"url\":\"https:\\\/\\\/www.food4animals.nl\\\/product\\\/equi-shield-spons-on-75-ml-nlfr\\\/\",\"name\":\"Equi Shield Spons-On 75 ml NL+FR - Food4animals\",\"isPartOf\":{\"@id\":\"https:\\\/\\\/www.food4animals.nl\\\/en\\\/#website\"},\"primaryImageOfPage\":{\"@id\":\"https:\\\/\\\/www.food4animals.nl\\\/product\\\/equi-shield-spons-on-75-ml-nlfr\\\/#primaryimage\"},\"image\":{\"@id\":\"https:\\\/\\\/www.food4animals.nl\\\/product\\\/equi-shield-spons-on-75-ml-nlfr\\\/#primaryimage\"},\"thumbnailUrl\":\"https:\\\/\\\/www.food4animals.nl\\\/wp-content\\\/uploads\\\/2025\\\/11\\\/EQUI0001BBG.png\",\"datePublished\":\"2024-01-05T14:00:32+00:00\",\"dateModified\":\"2026-04-19T00:16:36+00:00\",\"breadcrumb\":{\"@id\":\"https:\\\/\\\/www.food4animals.nl\\\/product\\\/equi-shield-spons-on-75-ml-nlfr\\\/#breadcrumb\"},\"inLanguage\":\"de\",\"potentialAction\":[{\"@type\":\"ReadAction\",\"target\":[\"https:\\\/\\\/www.food4animals.nl\\\/product\\\/equi-shield-spons-on-75-ml-nlfr\\\/\"]}]},{\"@type\":\"ImageObject\",\"inLanguage\":\"de\",\"@id\":\"https:\\\/\\\/www.food4animals.nl\\\/product\\\/equi-shield-spons-on-75-ml-nlfr\\\/#primaryimage\",\"url\":\"https:\\\/\\\/www.food4animals.nl\\\/wp-content\\\/uploads\\\/2025\\\/11\\\/EQUI0001BBG.png\",\"contentUrl\":\"https:\\\/\\\/www.food4animals.nl\\\/wp-content\\\/uploads\\\/2025\\\/11\\\/EQUI0001BBG.png\",\"width\":980,\"height\":980},{\"@type\":\"BreadcrumbList\",\"@id\":\"https:\\\/\\\/www.food4animals.nl\\\/product\\\/equi-shield-spons-on-75-ml-nlfr\\\/#breadcrumb\",\"itemListElement\":[{\"@type\":\"ListItem\",\"position\":1,\"name\":\"Home\",\"item\":\"https:\\\/\\\/www.food4animals.nl\\\/\"},{\"@type\":\"ListItem\",\"position\":2,\"name\":\"Winkel\",\"item\":\"https:\\\/\\\/www.food4animals.nl\\\/winkel\\\/\"},{\"@type\":\"ListItem\",\"position\":3,\"name\":\"Equi Shield Spons-On 75 ml NL+FR\"}]},{\"@type\":\"WebSite\",\"@id\":\"https:\\\/\\\/www.food4animals.nl\\\/en\\\/#website\",\"url\":\"https:\\\/\\\/www.food4animals.nl\\\/en\\\/\",\"name\":\"Food4animals\",\"description\":\"Alles voor Ruiter en Dier\",\"publisher\":{\"@id\":\"https:\\\/\\\/www.food4animals.nl\\\/en\\\/#organization\"},\"potentialAction\":[{\"@type\":\"SearchAction\",\"target\":{\"@type\":\"EntryPoint\",\"urlTemplate\":\"https:\\\/\\\/www.food4animals.nl\\\/en\\\/?s={search_term_string}\"},\"query-input\":{\"@type\":\"PropertyValueSpecification\",\"valueRequired\":true,\"valueName\":\"search_term_string\"}}],\"inLanguage\":\"de\"},{\"@type\":\"Organization\",\"@id\":\"https:\\\/\\\/www.food4animals.nl\\\/en\\\/#organization\",\"name\":\"Food4animals\",\"url\":\"https:\\\/\\\/www.food4animals.nl\\\/en\\\/\",\"logo\":{\"@type\":\"ImageObject\",\"inLanguage\":\"de\",\"@id\":\"https:\\\/\\\/www.food4animals.nl\\\/en\\\/#\\\/schema\\\/logo\\\/image\\\/\",\"url\":\"https:\\\/\\\/www.food4animals.nl\\\/wp-content\\\/uploads\\\/2023\\\/10\\\/Logo.svg\",\"contentUrl\":\"https:\\\/\\\/www.food4animals.nl\\\/wp-content\\\/uploads\\\/2023\\\/10\\\/Logo.svg\",\"width\":1,\"height\":1,\"caption\":\"Food4animals\"},\"image\":{\"@id\":\"https:\\\/\\\/www.food4animals.nl\\\/en\\\/#\\\/schema\\\/logo\\\/image\\\/\"},\"sameAs\":[\"https:\\\/\\\/www.facebook.com\\\/p\\\/Food4animals-100063861676074\\\/\",\"https:\\\/\\\/x.com\\\/food4animals\"]}]}<\/script>\n<!-- \/ Yoast SEO plugin. -->","yoast_head_json":{"title":"Equi Shield Spons-On 75 ml NL+FR - Food4animals","robots":{"index":"index","follow":"follow","max-snippet":"max-snippet:-1","max-image-preview":"max-image-preview:large","max-video-preview":"max-video-preview:-1"},"canonical":"https:\/\/www.food4animals.nl\/de\/produkt\/equi-schild-schwamm-auf-75-ml-nlfr\/","og_locale":"de_DE","og_type":"article","og_title":"Equi Shield Spons-On 75 ml NL+FR - Food4animals","og_description":"Neutraliseert de natuurlijke geur en verzorgt de vacht van uw paard.","og_url":"https:\/\/www.food4animals.nl\/de\/produkt\/equi-schild-schwamm-auf-75-ml-nlfr\/","og_site_name":"Food4animals","article_publisher":"https:\/\/www.facebook.com\/p\/Food4animals-100063861676074\/","article_modified_time":"2026-04-19T00:16:36+00:00","og_image":[{"width":980,"height":980,"url":"https:\/\/www.food4animals.nl\/wp-content\/uploads\/2025\/11\/EQUI0001BBG.png","type":"image\/png"}],"twitter_card":"summary_large_image","twitter_site":"@food4animals","twitter_misc":{"Gesch\u00e4tzte Lesezeit":"1\u00a0Minute"},"schema":{"@context":"https:\/\/schema.org","@graph":[{"@type":"WebPage","@id":"https:\/\/www.food4animals.nl\/product\/equi-shield-spons-on-75-ml-nlfr\/","url":"https:\/\/www.food4animals.nl\/product\/equi-shield-spons-on-75-ml-nlfr\/","name":"Equi Shield Spons-On 75 ml NL+FR - Food4animals","isPartOf":{"@id":"https:\/\/www.food4animals.nl\/en\/#website"},"primaryImageOfPage":{"@id":"https:\/\/www.food4animals.nl\/product\/equi-shield-spons-on-75-ml-nlfr\/#primaryimage"},"image":{"@id":"https:\/\/www.food4animals.nl\/product\/equi-shield-spons-on-75-ml-nlfr\/#primaryimage"},"thumbnailUrl":"https:\/\/www.food4animals.nl\/wp-content\/uploads\/2025\/11\/EQUI0001BBG.png","datePublished":"2024-01-05T14:00:32+00:00","dateModified":"2026-04-19T00:16:36+00:00","breadcrumb":{"@id":"https:\/\/www.food4animals.nl\/product\/equi-shield-spons-on-75-ml-nlfr\/#breadcrumb"},"inLanguage":"de","potentialAction":[{"@type":"ReadAction","target":["https:\/\/www.food4animals.nl\/product\/equi-shield-spons-on-75-ml-nlfr\/"]}]},{"@type":"ImageObject","inLanguage":"de","@id":"https:\/\/www.food4animals.nl\/product\/equi-shield-spons-on-75-ml-nlfr\/#primaryimage","url":"https:\/\/www.food4animals.nl\/wp-content\/uploads\/2025\/11\/EQUI0001BBG.png","contentUrl":"https:\/\/www.food4animals.nl\/wp-content\/uploads\/2025\/11\/EQUI0001BBG.png","width":980,"height":980},{"@type":"BreadcrumbList","@id":"https:\/\/www.food4animals.nl\/product\/equi-shield-spons-on-75-ml-nlfr\/#breadcrumb","itemListElement":[{"@type":"ListItem","position":1,"name":"Home","item":"https:\/\/www.food4animals.nl\/"},{"@type":"ListItem","position":2,"name":"Winkel","item":"https:\/\/www.food4animals.nl\/winkel\/"},{"@type":"ListItem","position":3,"name":"Equi Shield Spons-On 75 ml NL+FR"}]},{"@type":"WebSite","@id":"https:\/\/www.food4animals.nl\/en\/#website","url":"https:\/\/www.food4animals.nl\/en\/","name":"Lebensmittel4Tiere","description":"Alles f\u00fcr Reiter und Tier","publisher":{"@id":"https:\/\/www.food4animals.nl\/en\/#organization"},"potentialAction":[{"@type":"SearchAction","target":{"@type":"EntryPoint","urlTemplate":"https:\/\/www.food4animals.nl\/en\/?s={search_term_string}"},"query-input":{"@type":"PropertyValueSpecification","valueRequired":true,"valueName":"search_term_string"}}],"inLanguage":"de"},{"@type":"Organization","@id":"https:\/\/www.food4animals.nl\/en\/#organization","name":"Lebensmittel4Tiere","url":"https:\/\/www.food4animals.nl\/en\/","logo":{"@type":"ImageObject","inLanguage":"de","@id":"https:\/\/www.food4animals.nl\/en\/#\/schema\/logo\/image\/","url":"https:\/\/www.food4animals.nl\/wp-content\/uploads\/2023\/10\/Logo.svg","contentUrl":"https:\/\/www.food4animals.nl\/wp-content\/uploads\/2023\/10\/Logo.svg","width":1,"height":1,"caption":"Food4animals"},"image":{"@id":"https:\/\/www.food4animals.nl\/en\/#\/schema\/logo\/image\/"},"sameAs":["https:\/\/www.facebook.com\/p\/Food4animals-100063861676074\/","https:\/\/x.com\/food4animals"]}]}},"_links":{"self":[{"href":"https:\/\/www.food4animals.nl\/de\/wp-json\/wp\/v2\/product\/7402","targetHints":{"allow":["GET"]}}],"collection":[{"href":"https:\/\/www.food4animals.nl\/de\/wp-json\/wp\/v2\/product"}],"about":[{"href":"https:\/\/www.food4animals.nl\/de\/wp-json\/wp\/v2\/types\/product"}],"wp:featuredmedia":[{"embeddable":true,"href":"https:\/\/www.food4animals.nl\/de\/wp-json\/wp\/v2\/media\/34924"}],"wp:attachment":[{"href":"https:\/\/www.food4animals.nl\/de\/wp-json\/wp\/v2\/media?parent=7402"}],"wp:term":[{"taxonomy":"product_brand","embeddable":true,"href":"https:\/\/www.food4animals.nl\/de\/wp-json\/wp\/v2\/product_brand?post=7402"},{"taxonomy":"product_cat","embeddable":true,"href":"https:\/\/www.food4animals.nl\/de\/wp-json\/wp\/v2\/product_cat?post=7402"},{"taxonomy":"product_tag","embeddable":true,"href":"https:\/\/www.food4animals.nl\/de\/wp-json\/wp\/v2\/product_tag?post=7402"}],"curies":[{"name":"wp","href":"https:\/\/api.w.org\/{rel}","templated":true}]}}