{"id":7734,"date":"2023-12-13T00:00:33","date_gmt":"2023-12-13T00:00:33","guid":{"rendered":"https:\/\/food4animals.nl\/product\/excellent-horse-superior-halster-s-foal-roze\/"},"modified":"2026-04-10T01:21:00","modified_gmt":"2026-04-10T00:21:00","slug":"excellent-horse-superior-halster-s-foal-roze","status":"publish","type":"product","link":"https:\/\/www.food4animals.nl\/de\/produkt\/excellent-horse-superior-halster-s-foal-roze\/","title":{"rendered":"Excellent Horse Superior Halfter S Fohlen Rosa"},"content":{"rendered":"<h2><span style=\"font-size: 10pt;\">Superior Halfter Rosa<\/span><\/h2>\n<p><span style=\"font-size: 10pt;\">Das Superior Halfter von Excellent Horse ist der Inbegriff von Qualit\u00e4t, Komfort und Bequemlichkeit. Das Halfter aus extra dicht gewebtem Nylon ist besonders weich, flexibel und strapazierf\u00e4hig, und dank des zus\u00e4tzlichen Vlieses am Nasenriemen und an den Mundst\u00fccken wird ein Scheuern des Halfters verhindert. Au\u00dferdem wurde das Halfter mit reflektierenden Details versehen, die die Sichtbarkeit im Dunkeln erh\u00f6hen. Dank des Schnappverschlusses l\u00e4sst sich das Halfter leicht an- und ablegen, was es auch f\u00fcr junge oder kopfscheue Pferde sehr geeignet macht. Au\u00dferdem kann die Passform des Halfters mit dem einfach zu bedienenden Verstellsystem im Handumdrehen optimiert werden.<\/span><\/p>\n<ul>\n<li><span style=\"font-size: 10pt;\">Aus extradichtem, gewebtem Nylon und mit Vlies an Nasenriemen und Mundst\u00fccken<\/span><\/li>\n<li><span style=\"font-size: 10pt;\">Ausgestattet mit einem Schnellspannsystem bis zu einer Kraft von 200 kg!<\/span><\/li>\n<li><span style=\"font-size: 10pt;\">Reflektierende Details sorgen f\u00fcr Sicherheit im Dunkeln<\/span><\/li>\n<li><span style=\"font-size: 10pt;\">Die Passform kann mit dem einfach zu bedienenden Einstellsystem optimiert werden, so dass der 100% immer perfekt sitzt<\/span><\/li>\n<\/ul>\n<p><span style=\"font-size: 10pt;\"><img decoding=\"async\" class=\"preview\" style=\"max-width: 300px; float: left; margin-right: 50px;\" src=\"\/imagestream\/stream\/275974\/Excellent_Horse_Halsters_Lancering_19.png\" alt=\"\" \/><\/span><\/p>\n<h1 style=\"text-align: justify; font-size: 20px; line-height: 175%; padding-top: 30px;\"><span style=\"color: #d3a417;\">\u00dcberlegene Ausgabe<\/span><\/h1>\n<p style=\"text-align: justify; font-weight: bold;\"><span style=\"color: #ffffff; font-size: 10pt;\"><span style=\"color: #d3a417;\">\u2714\ufe0f<\/span> <span style=\"color: #000000;\">Perfekte Passform<\/span><\/span><\/p>\n<p style=\"text-align: justify; font-weight: bold;\"><span style=\"color: #ffffff; font-size: 10pt;\"><span style=\"color: #d3a417;\">\u2714\ufe0f<\/span> <span style=\"color: #000000;\">Einfaches Einstellsystem<\/span><\/span><\/p>\n<p style=\"text-align: justify; font-weight: bold;\"><span style=\"font-size: 10pt;\"><span style=\"color: #d3a417;\">\u2714\ufe0f<\/span> <span style=\"color: #000000;\">Hochdichtes Nylongewebe<\/span><\/span><\/p>\n<p style=\"text-align: justify; font-weight: bold;\"><span style=\"font-size: 10pt;\"><span style=\"color: #d3a417;\">\u2714\ufe0f <\/span><span style=\"color: #000000;\">In luxuri\u00f6ser Geschenkbox<\/span><\/span><\/p>\n<p style=\"text-align: justify; font-weight: bold;\"><span style=\"color: #ffffff; font-size: 10pt;\"><span style=\"color: #d3a417;\">\u2714\ufe0f<\/span> <span style=\"color: #000000;\">Reflektierende N\u00e4hte<\/span><\/span><\/p>\n<p style=\"text-align: justify; font-weight: bold;\"><span style=\"color: #ffffff; font-size: 10pt;\"><span style=\"color: #d3a417;\">\u2714\ufe0f<\/span><span style=\"color: #000000;\"> Luxuri\u00f6s weiches Fleece<\/span><\/span><\/p>\n<p style=\"text-align: justify; font-weight: bold;\"><span style=\"background-color: #ffffff; color: #000000;\">XS = Fohlen\/Mini-Sch\u00e4fchen<\/span><br \/><span style=\"background-color: #ffffff; color: #000000;\">S = Scht<\/span><br \/><span style=\"background-color: #ffffff; color: #000000;\">M = Pony<\/span><br \/><span style=\"background-color: #ffffff; color: #000000;\">L = Kob<\/span><br \/><span style=\"background-color: #ffffff; color: #000000;\">XL = Voll\u00a0<\/span><\/p>\n<p style=\"text-align: justify; font-weight: bold;\">\u00a0<\/p>\n<p style=\"text-align: justify; font-weight: bold;\">\u00a0<\/p>\n<p style=\"text-align: justify; font-weight: bold;\">\u00a0<\/p>","protected":false},"excerpt":{"rendered":"<p>F\u00fcr den Fahrer, der auf Bequemlichkeit, Sicherheit und optimalen Komfort setzt!<\/p>","protected":false},"featured_media":36115,"template":"","meta":{"_acf_changed":false},"product_brand":[],"product_cat":[1997,829],"product_tag":[883,2000,2003,1999,843,910,904,2016],"class_list":{"0":"post-7734","1":"product","2":"type-product","3":"status-publish","4":"has-post-thumbnail","6":"product_cat-halsters","7":"product_cat-paard","8":"product_tag-excellent","9":"product_tag-excellent-halsters","10":"product_tag-geschenken-paard","11":"product_tag-nylonhalster","12":"product_tag-paard","13":"product_tag-roze","14":"product_tag-s","15":"product_tag-superior-halsters","16":"tax_brand-excellent","18":"first","19":"instock","20":"taxable","21":"shipping-taxable","22":"purchasable","23":"product-type-simple"},"acf":[],"yoast_head":"<!-- This site is optimized with the Yoast SEO plugin v27.2 - https:\/\/yoast.com\/product\/yoast-seo-wordpress\/ -->\n<title>Excellent Horse Superior Halster S Foal Roze - Food4animals<\/title>\n<meta name=\"robots\" content=\"index, follow, max-snippet:-1, max-image-preview:large, max-video-preview:-1\" \/>\n<link rel=\"canonical\" href=\"https:\/\/www.food4animals.nl\/de\/produkt\/excellent-horse-superior-halster-s-foal-roze\/\" \/>\n<meta property=\"og:locale\" content=\"de_DE\" \/>\n<meta property=\"og:type\" content=\"article\" \/>\n<meta property=\"og:title\" content=\"Excellent Horse Superior Halster S Foal Roze - Food4animals\" \/>\n<meta property=\"og:description\" content=\"Voor de ruiter die voor gemak, veiligheid en optimaal comfort gaat!\" \/>\n<meta property=\"og:url\" content=\"https:\/\/www.food4animals.nl\/de\/produkt\/excellent-horse-superior-halster-s-foal-roze\/\" \/>\n<meta property=\"og:site_name\" content=\"Food4animals\" \/>\n<meta property=\"article:publisher\" content=\"https:\/\/www.facebook.com\/p\/Food4animals-100063861676074\/\" \/>\n<meta property=\"article:modified_time\" content=\"2026-04-10T00:21:00+00:00\" \/>\n<meta property=\"og:image\" content=\"https:\/\/www.food4animals.nl\/wp-content\/uploads\/2025\/11\/HALS1202E.png\" \/>\n\t<meta property=\"og:image:width\" content=\"980\" \/>\n\t<meta property=\"og:image:height\" content=\"980\" \/>\n\t<meta property=\"og:image:type\" content=\"image\/png\" \/>\n<meta name=\"twitter:card\" content=\"summary_large_image\" \/>\n<meta name=\"twitter:site\" content=\"@food4animals\" \/>\n<meta name=\"twitter:label1\" content=\"Gesch\u00e4tzte Lesezeit\" \/>\n\t<meta name=\"twitter:data1\" content=\"1\u00a0Minute\" \/>\n<script type=\"application\/ld+json\" class=\"yoast-schema-graph\">{\"@context\":\"https:\/\/schema.org\",\"@graph\":[{\"@type\":\"WebPage\",\"@id\":\"https:\/\/www.food4animals.nl\/product\/excellent-horse-superior-halster-s-foal-roze\/\",\"url\":\"https:\/\/www.food4animals.nl\/product\/excellent-horse-superior-halster-s-foal-roze\/\",\"name\":\"Excellent Horse Superior Halster S Foal Roze - Food4animals\",\"isPartOf\":{\"@id\":\"https:\/\/www.food4animals.nl\/en\/#website\"},\"primaryImageOfPage\":{\"@id\":\"https:\/\/www.food4animals.nl\/product\/excellent-horse-superior-halster-s-foal-roze\/#primaryimage\"},\"image\":{\"@id\":\"https:\/\/www.food4animals.nl\/product\/excellent-horse-superior-halster-s-foal-roze\/#primaryimage\"},\"thumbnailUrl\":\"https:\/\/www.food4animals.nl\/wp-content\/uploads\/2025\/11\/HALS1202E.png\",\"datePublished\":\"2023-12-13T00:00:33+00:00\",\"dateModified\":\"2026-04-10T00:21:00+00:00\",\"breadcrumb\":{\"@id\":\"https:\/\/www.food4animals.nl\/product\/excellent-horse-superior-halster-s-foal-roze\/#breadcrumb\"},\"inLanguage\":\"de\",\"potentialAction\":[{\"@type\":\"ReadAction\",\"target\":[\"https:\/\/www.food4animals.nl\/product\/excellent-horse-superior-halster-s-foal-roze\/\"]}]},{\"@type\":\"ImageObject\",\"inLanguage\":\"de\",\"@id\":\"https:\/\/www.food4animals.nl\/product\/excellent-horse-superior-halster-s-foal-roze\/#primaryimage\",\"url\":\"https:\/\/www.food4animals.nl\/wp-content\/uploads\/2025\/11\/HALS1202E.png\",\"contentUrl\":\"https:\/\/www.food4animals.nl\/wp-content\/uploads\/2025\/11\/HALS1202E.png\",\"width\":980,\"height\":980},{\"@type\":\"BreadcrumbList\",\"@id\":\"https:\/\/www.food4animals.nl\/product\/excellent-horse-superior-halster-s-foal-roze\/#breadcrumb\",\"itemListElement\":[{\"@type\":\"ListItem\",\"position\":1,\"name\":\"Home\",\"item\":\"https:\/\/www.food4animals.nl\/\"},{\"@type\":\"ListItem\",\"position\":2,\"name\":\"Winkel\",\"item\":\"https:\/\/www.food4animals.nl\/winkel\/\"},{\"@type\":\"ListItem\",\"position\":3,\"name\":\"Excellent Horse Superior Halster S Foal Roze\"}]},{\"@type\":\"WebSite\",\"@id\":\"https:\/\/www.food4animals.nl\/en\/#website\",\"url\":\"https:\/\/www.food4animals.nl\/en\/\",\"name\":\"Food4animals\",\"description\":\"Alles voor Ruiter en Dier\",\"publisher\":{\"@id\":\"https:\/\/www.food4animals.nl\/en\/#organization\"},\"potentialAction\":[{\"@type\":\"SearchAction\",\"target\":{\"@type\":\"EntryPoint\",\"urlTemplate\":\"https:\/\/www.food4animals.nl\/en\/?s={search_term_string}\"},\"query-input\":{\"@type\":\"PropertyValueSpecification\",\"valueRequired\":true,\"valueName\":\"search_term_string\"}}],\"inLanguage\":\"de\"},{\"@type\":\"Organization\",\"@id\":\"https:\/\/www.food4animals.nl\/en\/#organization\",\"name\":\"Food4animals\",\"url\":\"https:\/\/www.food4animals.nl\/en\/\",\"logo\":{\"@type\":\"ImageObject\",\"inLanguage\":\"de\",\"@id\":\"https:\/\/www.food4animals.nl\/en\/#\/schema\/logo\/image\/\",\"url\":\"https:\/\/www.food4animals.nl\/wp-content\/uploads\/2023\/10\/Logo.svg\",\"contentUrl\":\"https:\/\/www.food4animals.nl\/wp-content\/uploads\/2023\/10\/Logo.svg\",\"width\":1,\"height\":1,\"caption\":\"Food4animals\"},\"image\":{\"@id\":\"https:\/\/www.food4animals.nl\/en\/#\/schema\/logo\/image\/\"},\"sameAs\":[\"https:\/\/www.facebook.com\/p\/Food4animals-100063861676074\/\",\"https:\/\/x.com\/food4animals\"]}]}<\/script>\n<!-- \/ Yoast SEO plugin. -->","yoast_head_json":{"title":"Excellent Horse Superior Halster S Foal Roze - Food4animals","robots":{"index":"index","follow":"follow","max-snippet":"max-snippet:-1","max-image-preview":"max-image-preview:large","max-video-preview":"max-video-preview:-1"},"canonical":"https:\/\/www.food4animals.nl\/de\/produkt\/excellent-horse-superior-halster-s-foal-roze\/","og_locale":"de_DE","og_type":"article","og_title":"Excellent Horse Superior Halster S Foal Roze - Food4animals","og_description":"Voor de ruiter die voor gemak, veiligheid en optimaal comfort gaat!","og_url":"https:\/\/www.food4animals.nl\/de\/produkt\/excellent-horse-superior-halster-s-foal-roze\/","og_site_name":"Food4animals","article_publisher":"https:\/\/www.facebook.com\/p\/Food4animals-100063861676074\/","article_modified_time":"2026-04-10T00:21:00+00:00","og_image":[{"width":980,"height":980,"url":"https:\/\/www.food4animals.nl\/wp-content\/uploads\/2025\/11\/HALS1202E.png","type":"image\/png"}],"twitter_card":"summary_large_image","twitter_site":"@food4animals","twitter_misc":{"Gesch\u00e4tzte Lesezeit":"1\u00a0Minute"},"schema":{"@context":"https:\/\/schema.org","@graph":[{"@type":"WebPage","@id":"https:\/\/www.food4animals.nl\/product\/excellent-horse-superior-halster-s-foal-roze\/","url":"https:\/\/www.food4animals.nl\/product\/excellent-horse-superior-halster-s-foal-roze\/","name":"Excellent Horse Superior Halster S Foal Roze - Food4animals","isPartOf":{"@id":"https:\/\/www.food4animals.nl\/en\/#website"},"primaryImageOfPage":{"@id":"https:\/\/www.food4animals.nl\/product\/excellent-horse-superior-halster-s-foal-roze\/#primaryimage"},"image":{"@id":"https:\/\/www.food4animals.nl\/product\/excellent-horse-superior-halster-s-foal-roze\/#primaryimage"},"thumbnailUrl":"https:\/\/www.food4animals.nl\/wp-content\/uploads\/2025\/11\/HALS1202E.png","datePublished":"2023-12-13T00:00:33+00:00","dateModified":"2026-04-10T00:21:00+00:00","breadcrumb":{"@id":"https:\/\/www.food4animals.nl\/product\/excellent-horse-superior-halster-s-foal-roze\/#breadcrumb"},"inLanguage":"de","potentialAction":[{"@type":"ReadAction","target":["https:\/\/www.food4animals.nl\/product\/excellent-horse-superior-halster-s-foal-roze\/"]}]},{"@type":"ImageObject","inLanguage":"de","@id":"https:\/\/www.food4animals.nl\/product\/excellent-horse-superior-halster-s-foal-roze\/#primaryimage","url":"https:\/\/www.food4animals.nl\/wp-content\/uploads\/2025\/11\/HALS1202E.png","contentUrl":"https:\/\/www.food4animals.nl\/wp-content\/uploads\/2025\/11\/HALS1202E.png","width":980,"height":980},{"@type":"BreadcrumbList","@id":"https:\/\/www.food4animals.nl\/product\/excellent-horse-superior-halster-s-foal-roze\/#breadcrumb","itemListElement":[{"@type":"ListItem","position":1,"name":"Home","item":"https:\/\/www.food4animals.nl\/"},{"@type":"ListItem","position":2,"name":"Winkel","item":"https:\/\/www.food4animals.nl\/winkel\/"},{"@type":"ListItem","position":3,"name":"Excellent Horse Superior Halster S Foal Roze"}]},{"@type":"WebSite","@id":"https:\/\/www.food4animals.nl\/en\/#website","url":"https:\/\/www.food4animals.nl\/en\/","name":"Lebensmittel4Tiere","description":"Alles f\u00fcr Reiter und Tier","publisher":{"@id":"https:\/\/www.food4animals.nl\/en\/#organization"},"potentialAction":[{"@type":"SearchAction","target":{"@type":"EntryPoint","urlTemplate":"https:\/\/www.food4animals.nl\/en\/?s={search_term_string}"},"query-input":{"@type":"PropertyValueSpecification","valueRequired":true,"valueName":"search_term_string"}}],"inLanguage":"de"},{"@type":"Organization","@id":"https:\/\/www.food4animals.nl\/en\/#organization","name":"Lebensmittel4Tiere","url":"https:\/\/www.food4animals.nl\/en\/","logo":{"@type":"ImageObject","inLanguage":"de","@id":"https:\/\/www.food4animals.nl\/en\/#\/schema\/logo\/image\/","url":"https:\/\/www.food4animals.nl\/wp-content\/uploads\/2023\/10\/Logo.svg","contentUrl":"https:\/\/www.food4animals.nl\/wp-content\/uploads\/2023\/10\/Logo.svg","width":1,"height":1,"caption":"Food4animals"},"image":{"@id":"https:\/\/www.food4animals.nl\/en\/#\/schema\/logo\/image\/"},"sameAs":["https:\/\/www.facebook.com\/p\/Food4animals-100063861676074\/","https:\/\/x.com\/food4animals"]}]}},"_links":{"self":[{"href":"https:\/\/www.food4animals.nl\/de\/wp-json\/wp\/v2\/product\/7734","targetHints":{"allow":["GET"]}}],"collection":[{"href":"https:\/\/www.food4animals.nl\/de\/wp-json\/wp\/v2\/product"}],"about":[{"href":"https:\/\/www.food4animals.nl\/de\/wp-json\/wp\/v2\/types\/product"}],"wp:featuredmedia":[{"embeddable":true,"href":"https:\/\/www.food4animals.nl\/de\/wp-json\/wp\/v2\/media\/36115"}],"wp:attachment":[{"href":"https:\/\/www.food4animals.nl\/de\/wp-json\/wp\/v2\/media?parent=7734"}],"wp:term":[{"taxonomy":"product_brand","embeddable":true,"href":"https:\/\/www.food4animals.nl\/de\/wp-json\/wp\/v2\/product_brand?post=7734"},{"taxonomy":"product_cat","embeddable":true,"href":"https:\/\/www.food4animals.nl\/de\/wp-json\/wp\/v2\/product_cat?post=7734"},{"taxonomy":"product_tag","embeddable":true,"href":"https:\/\/www.food4animals.nl\/de\/wp-json\/wp\/v2\/product_tag?post=7734"}],"curies":[{"name":"wp","href":"https:\/\/api.w.org\/{rel}","templated":true}]}}