{"id":8115,"date":"2023-12-13T00:15:29","date_gmt":"2023-12-13T00:15:29","guid":{"rendered":"https:\/\/food4animals.nl\/product\/ferro-bolus\/"},"modified":"2026-05-10T01:19:00","modified_gmt":"2026-05-10T00:19:00","slug":"eisenbolus","status":"publish","type":"product","link":"https:\/\/www.food4animals.nl\/de\/produkt\/eisenbolus\/","title":{"rendered":"Ferro-Bolus"},"content":{"rendered":"<p><strong><span style=\"font-size: 10pt;\">Bolus f\u00fcr K\u00e4lber zum ordnungsgem\u00e4\u00dfen Aufbau von Eisenspeichern und zur Nahrungserg\u00e4nzung.<\/span><\/strong><br \/><span style=\"font-size: 10pt;\">Ferro Bolus wurde im Gegensatz zu anderen Boli erforscht und hat sich in der Praxis bew\u00e4hrt.<\/span><\/p>\n<p><span style=\"font-size: 10pt;\">90% der K\u00e4lber haben unmittelbar nach der Geburt einen Eisenbedarf.<\/span><br \/><span style=\"font-size: 10pt;\">32% der K\u00e4lber haben einen Eisenmangel!<\/span><br \/><span style=\"font-size: 10pt;\"><span style=\"color: #ff0000;\"><strong><br \/><\/strong><\/span><strong>Warum der Ferro Bolus?<br \/><\/strong><span style=\"color: #000000;\">Der Ferro Bolus enth\u00e4lt eine speziell ausgew\u00e4hlte, leicht absorbierbare Eisenform.\u00a0<\/span><\/span><\/p>\n<p><span style=\"color: #000000; font-size: 10pt;\"><strong>Vorteile Ferro Bolus<\/strong><\/span><br \/><span style=\"color: #000000; font-size: 10pt;\">- Nat\u00fcrlicher Weg der Eisenaufnahme.<\/span><br \/><span style=\"color: #000000; font-size: 10pt;\">- \u00dcberdosierung ist nicht m\u00f6glich, positiv auf das Immunsystem.<\/span><br \/><span style=\"color: #000000; font-size: 10pt;\">- Bietet eine einfache und schnelle M\u00f6glichkeit der Verwaltung.<\/span><br \/><span style=\"color: #000000; font-size: 10pt;\">- Keine unerw\u00fcnschten Muskelverf\u00e4rbungen, wie bei einer Injektion.<\/span><\/p>\n<p><span style=\"color: #000000; font-size: 10pt;\"><strong>F\u00fctterungshinweise<\/strong><\/span><br \/><span style=\"color: #000000; font-size: 10pt;\"><em>N\u00fcchterne K\u00e4lber:<\/em> Innerhalb von 24 Stunden nach der Geburt 1 Bolus oral verabreichen.<\/span><br \/><span style=\"color: #000000; font-size: 10pt;\"><em>Kalbfleischk\u00e4lber:<\/em> 1 Bolus oral zu Beginn und\/oder nach Blutuntersuchungen.<\/span><\/p>\n<p><span style=\"color: #000000; font-size: 10pt;\"><strong>DER FERRO BOLUS IST ERFORSCHT UND IN DER PRAXIS BEW\u00c4HRT!!!<br \/><\/strong><\/span><a href=\"\/de\/imagestream\/stream\/271434\/Ferro%20bolus uitleg A4_NL.pdf\/\"><img decoding=\"async\" class=\"preview\" style=\"max-width: 100%;\" src=\"\/imagestream\/stream\/270343\/Ferro Bolus Folder A5 tbv Drukker.pdf\" alt=\"\" \/>Klicken Sie hier zur Ansicht<\/a><br \/><img decoding=\"async\" class=\"preview\" style=\"max-width: 100%;\" src=\"\/imagestream\/stream\/270343\/Ferro Bolus Folder A5 tbv Drukker.pdf\" alt=\"\" \/><\/p>","protected":false},"excerpt":{"rendered":"<p>Bolus f\u00fcr K\u00e4lber zum Ausgleich von Eisenmangel nach der Geburt.<\/p>","protected":false},"featured_media":35261,"template":"","meta":{"_acf_changed":false},"product_brand":[],"product_cat":[1123,834],"product_tag":[1285,883,1117,1118,814,1924,1380],"class_list":{"0":"post-8115","1":"product","2":"type-product","3":"status-publish","4":"has-post-thumbnail","6":"product_cat-bolussen-en-mineralen","7":"product_cat-rund","8":"product_tag-direct","9":"product_tag-excellent","10":"product_tag-ijzer","11":"product_tag-ijzergebrek","12":"product_tag-rund","13":"product_tag-vetsupport_kalf","14":"product_tag-weerstand","15":"tax_brand-holland-animal-care","17":"first","18":"instock","19":"taxable","20":"shipping-taxable","21":"purchasable","22":"product-type-simple"},"acf":[],"yoast_head":"<!-- This site is optimized with the Yoast SEO plugin v27.4 - https:\/\/yoast.com\/product\/yoast-seo-wordpress\/ -->\n<title>Ferro Bolus - Food4animals<\/title>\n<meta name=\"robots\" content=\"index, follow, max-snippet:-1, max-image-preview:large, max-video-preview:-1\" \/>\n<link rel=\"canonical\" href=\"https:\/\/www.food4animals.nl\/de\/produkt\/eisenbolus\/\" \/>\n<meta property=\"og:locale\" content=\"de_DE\" \/>\n<meta property=\"og:type\" content=\"article\" \/>\n<meta property=\"og:title\" content=\"Ferro Bolus - Food4animals\" \/>\n<meta property=\"og:description\" content=\"Bolus voor kalveren ter compensatie van ijzertekort na de geboorte.\" \/>\n<meta property=\"og:url\" content=\"https:\/\/www.food4animals.nl\/de\/produkt\/eisenbolus\/\" \/>\n<meta property=\"og:site_name\" content=\"Food4animals\" \/>\n<meta property=\"article:publisher\" content=\"https:\/\/www.facebook.com\/p\/Food4animals-100063861676074\/\" \/>\n<meta property=\"article:modified_time\" content=\"2026-05-10T00:19:00+00:00\" \/>\n<meta property=\"og:image\" content=\"https:\/\/www.food4animals.nl\/wp-content\/uploads\/2025\/11\/FERR00003.png\" \/>\n\t<meta property=\"og:image:width\" content=\"1024\" \/>\n\t<meta property=\"og:image:height\" content=\"1024\" \/>\n\t<meta property=\"og:image:type\" content=\"image\/png\" \/>\n<meta name=\"twitter:card\" content=\"summary_large_image\" \/>\n<meta name=\"twitter:site\" content=\"@food4animals\" \/>\n<meta name=\"twitter:label1\" content=\"Gesch\u00e4tzte Lesezeit\" \/>\n\t<meta name=\"twitter:data1\" content=\"1\u00a0Minute\" \/>\n<script type=\"application\/ld+json\" class=\"yoast-schema-graph\">{\"@context\":\"https:\\\/\\\/schema.org\",\"@graph\":[{\"@type\":\"WebPage\",\"@id\":\"https:\\\/\\\/www.food4animals.nl\\\/product\\\/ferro-bolus\\\/\",\"url\":\"https:\\\/\\\/www.food4animals.nl\\\/product\\\/ferro-bolus\\\/\",\"name\":\"Ferro Bolus - Food4animals\",\"isPartOf\":{\"@id\":\"https:\\\/\\\/www.food4animals.nl\\\/en\\\/#website\"},\"primaryImageOfPage\":{\"@id\":\"https:\\\/\\\/www.food4animals.nl\\\/product\\\/ferro-bolus\\\/#primaryimage\"},\"image\":{\"@id\":\"https:\\\/\\\/www.food4animals.nl\\\/product\\\/ferro-bolus\\\/#primaryimage\"},\"thumbnailUrl\":\"https:\\\/\\\/www.food4animals.nl\\\/wp-content\\\/uploads\\\/2025\\\/11\\\/FERR00003.png\",\"datePublished\":\"2023-12-13T00:15:29+00:00\",\"dateModified\":\"2026-05-10T00:19:00+00:00\",\"breadcrumb\":{\"@id\":\"https:\\\/\\\/www.food4animals.nl\\\/product\\\/ferro-bolus\\\/#breadcrumb\"},\"inLanguage\":\"de\",\"potentialAction\":[{\"@type\":\"ReadAction\",\"target\":[\"https:\\\/\\\/www.food4animals.nl\\\/product\\\/ferro-bolus\\\/\"]}]},{\"@type\":\"ImageObject\",\"inLanguage\":\"de\",\"@id\":\"https:\\\/\\\/www.food4animals.nl\\\/product\\\/ferro-bolus\\\/#primaryimage\",\"url\":\"https:\\\/\\\/www.food4animals.nl\\\/wp-content\\\/uploads\\\/2025\\\/11\\\/FERR00003.png\",\"contentUrl\":\"https:\\\/\\\/www.food4animals.nl\\\/wp-content\\\/uploads\\\/2025\\\/11\\\/FERR00003.png\",\"width\":1024,\"height\":1024},{\"@type\":\"BreadcrumbList\",\"@id\":\"https:\\\/\\\/www.food4animals.nl\\\/product\\\/ferro-bolus\\\/#breadcrumb\",\"itemListElement\":[{\"@type\":\"ListItem\",\"position\":1,\"name\":\"Home\",\"item\":\"https:\\\/\\\/www.food4animals.nl\\\/\"},{\"@type\":\"ListItem\",\"position\":2,\"name\":\"Winkel\",\"item\":\"https:\\\/\\\/www.food4animals.nl\\\/winkel\\\/\"},{\"@type\":\"ListItem\",\"position\":3,\"name\":\"Ferro Bolus\"}]},{\"@type\":\"WebSite\",\"@id\":\"https:\\\/\\\/www.food4animals.nl\\\/en\\\/#website\",\"url\":\"https:\\\/\\\/www.food4animals.nl\\\/en\\\/\",\"name\":\"Food4animals\",\"description\":\"Alles voor Ruiter en Dier\",\"publisher\":{\"@id\":\"https:\\\/\\\/www.food4animals.nl\\\/en\\\/#organization\"},\"potentialAction\":[{\"@type\":\"SearchAction\",\"target\":{\"@type\":\"EntryPoint\",\"urlTemplate\":\"https:\\\/\\\/www.food4animals.nl\\\/en\\\/?s={search_term_string}\"},\"query-input\":{\"@type\":\"PropertyValueSpecification\",\"valueRequired\":true,\"valueName\":\"search_term_string\"}}],\"inLanguage\":\"de\"},{\"@type\":\"Organization\",\"@id\":\"https:\\\/\\\/www.food4animals.nl\\\/en\\\/#organization\",\"name\":\"Food4animals\",\"url\":\"https:\\\/\\\/www.food4animals.nl\\\/en\\\/\",\"logo\":{\"@type\":\"ImageObject\",\"inLanguage\":\"de\",\"@id\":\"https:\\\/\\\/www.food4animals.nl\\\/en\\\/#\\\/schema\\\/logo\\\/image\\\/\",\"url\":\"https:\\\/\\\/www.food4animals.nl\\\/wp-content\\\/uploads\\\/2023\\\/10\\\/Logo.svg\",\"contentUrl\":\"https:\\\/\\\/www.food4animals.nl\\\/wp-content\\\/uploads\\\/2023\\\/10\\\/Logo.svg\",\"width\":1,\"height\":1,\"caption\":\"Food4animals\"},\"image\":{\"@id\":\"https:\\\/\\\/www.food4animals.nl\\\/en\\\/#\\\/schema\\\/logo\\\/image\\\/\"},\"sameAs\":[\"https:\\\/\\\/www.facebook.com\\\/p\\\/Food4animals-100063861676074\\\/\",\"https:\\\/\\\/x.com\\\/food4animals\"]}]}<\/script>\n<!-- \/ Yoast SEO plugin. -->","yoast_head_json":{"title":"Ferro Bolus - Futter4Tiere","robots":{"index":"index","follow":"follow","max-snippet":"max-snippet:-1","max-image-preview":"max-image-preview:large","max-video-preview":"max-video-preview:-1"},"canonical":"https:\/\/www.food4animals.nl\/de\/produkt\/eisenbolus\/","og_locale":"de_DE","og_type":"article","og_title":"Ferro Bolus - Food4animals","og_description":"Bolus voor kalveren ter compensatie van ijzertekort na de geboorte.","og_url":"https:\/\/www.food4animals.nl\/de\/produkt\/eisenbolus\/","og_site_name":"Food4animals","article_publisher":"https:\/\/www.facebook.com\/p\/Food4animals-100063861676074\/","article_modified_time":"2026-05-10T00:19:00+00:00","og_image":[{"width":1024,"height":1024,"url":"https:\/\/www.food4animals.nl\/wp-content\/uploads\/2025\/11\/FERR00003.png","type":"image\/png"}],"twitter_card":"summary_large_image","twitter_site":"@food4animals","twitter_misc":{"Gesch\u00e4tzte Lesezeit":"1\u00a0Minute"},"schema":{"@context":"https:\/\/schema.org","@graph":[{"@type":"WebPage","@id":"https:\/\/www.food4animals.nl\/product\/ferro-bolus\/","url":"https:\/\/www.food4animals.nl\/product\/ferro-bolus\/","name":"Ferro Bolus - Futter4Tiere","isPartOf":{"@id":"https:\/\/www.food4animals.nl\/en\/#website"},"primaryImageOfPage":{"@id":"https:\/\/www.food4animals.nl\/product\/ferro-bolus\/#primaryimage"},"image":{"@id":"https:\/\/www.food4animals.nl\/product\/ferro-bolus\/#primaryimage"},"thumbnailUrl":"https:\/\/www.food4animals.nl\/wp-content\/uploads\/2025\/11\/FERR00003.png","datePublished":"2023-12-13T00:15:29+00:00","dateModified":"2026-05-10T00:19:00+00:00","breadcrumb":{"@id":"https:\/\/www.food4animals.nl\/product\/ferro-bolus\/#breadcrumb"},"inLanguage":"de","potentialAction":[{"@type":"ReadAction","target":["https:\/\/www.food4animals.nl\/product\/ferro-bolus\/"]}]},{"@type":"ImageObject","inLanguage":"de","@id":"https:\/\/www.food4animals.nl\/product\/ferro-bolus\/#primaryimage","url":"https:\/\/www.food4animals.nl\/wp-content\/uploads\/2025\/11\/FERR00003.png","contentUrl":"https:\/\/www.food4animals.nl\/wp-content\/uploads\/2025\/11\/FERR00003.png","width":1024,"height":1024},{"@type":"BreadcrumbList","@id":"https:\/\/www.food4animals.nl\/product\/ferro-bolus\/#breadcrumb","itemListElement":[{"@type":"ListItem","position":1,"name":"Home","item":"https:\/\/www.food4animals.nl\/"},{"@type":"ListItem","position":2,"name":"Winkel","item":"https:\/\/www.food4animals.nl\/winkel\/"},{"@type":"ListItem","position":3,"name":"Ferro Bolus"}]},{"@type":"WebSite","@id":"https:\/\/www.food4animals.nl\/en\/#website","url":"https:\/\/www.food4animals.nl\/en\/","name":"Lebensmittel4Tiere","description":"Alles f\u00fcr Reiter und Tier","publisher":{"@id":"https:\/\/www.food4animals.nl\/en\/#organization"},"potentialAction":[{"@type":"SearchAction","target":{"@type":"EntryPoint","urlTemplate":"https:\/\/www.food4animals.nl\/en\/?s={search_term_string}"},"query-input":{"@type":"PropertyValueSpecification","valueRequired":true,"valueName":"search_term_string"}}],"inLanguage":"de"},{"@type":"Organization","@id":"https:\/\/www.food4animals.nl\/en\/#organization","name":"Lebensmittel4Tiere","url":"https:\/\/www.food4animals.nl\/en\/","logo":{"@type":"ImageObject","inLanguage":"de","@id":"https:\/\/www.food4animals.nl\/en\/#\/schema\/logo\/image\/","url":"https:\/\/www.food4animals.nl\/wp-content\/uploads\/2023\/10\/Logo.svg","contentUrl":"https:\/\/www.food4animals.nl\/wp-content\/uploads\/2023\/10\/Logo.svg","width":1,"height":1,"caption":"Food4animals"},"image":{"@id":"https:\/\/www.food4animals.nl\/en\/#\/schema\/logo\/image\/"},"sameAs":["https:\/\/www.facebook.com\/p\/Food4animals-100063861676074\/","https:\/\/x.com\/food4animals"]}]}},"_links":{"self":[{"href":"https:\/\/www.food4animals.nl\/de\/wp-json\/wp\/v2\/product\/8115","targetHints":{"allow":["GET"]}}],"collection":[{"href":"https:\/\/www.food4animals.nl\/de\/wp-json\/wp\/v2\/product"}],"about":[{"href":"https:\/\/www.food4animals.nl\/de\/wp-json\/wp\/v2\/types\/product"}],"wp:featuredmedia":[{"embeddable":true,"href":"https:\/\/www.food4animals.nl\/de\/wp-json\/wp\/v2\/media\/35261"}],"wp:attachment":[{"href":"https:\/\/www.food4animals.nl\/de\/wp-json\/wp\/v2\/media?parent=8115"}],"wp:term":[{"taxonomy":"product_brand","embeddable":true,"href":"https:\/\/www.food4animals.nl\/de\/wp-json\/wp\/v2\/product_brand?post=8115"},{"taxonomy":"product_cat","embeddable":true,"href":"https:\/\/www.food4animals.nl\/de\/wp-json\/wp\/v2\/product_cat?post=8115"},{"taxonomy":"product_tag","embeddable":true,"href":"https:\/\/www.food4animals.nl\/de\/wp-json\/wp\/v2\/product_tag?post=8115"}],"curies":[{"name":"wp","href":"https:\/\/api.w.org\/{rel}","templated":true}]}}