{"id":8254,"date":"2023-12-13T00:29:24","date_gmt":"2023-12-13T00:29:24","guid":{"rendered":"https:\/\/food4animals.nl\/product\/flukiver-combi-50-mg-ml-75-mg-ml-reg-nl-ura-2\/"},"modified":"2026-04-16T01:18:32","modified_gmt":"2026-04-16T00:18:32","slug":"flukiver-combi-50-mg-ml-75-mg-ml-reg-nl-ura-2","status":"publish","type":"product","link":"https:\/\/www.food4animals.nl\/de\/produkt\/flukiver-combi-50-mg-ml-75-mg-ml-reg-nl-ura-2\/","title":{"rendered":"Flukiver Combi 50 mg\/ml + 75 mg\/ml REG DE URA"},"content":{"rendered":"<p>Erh\u00e4ltlich nur bei einem Tierarzt oder auf tier\u00e4rztliche Verschreibung in einer zugelassenen Apotheke oder bei einem zugelassenen Lieferanten.<\/p>\n<p><strong>Flukiver-Kombination<\/strong><\/p>\n<p>Suspension zum Einnehmen zur Bek\u00e4mpfung von Wurminfektionen, Leberegeln und Hornissen.<\/p>\n<p><strong>Zielarten<\/strong><\/p>\n<p>Schafe und L\u00e4mmer.<\/p>\n<p><strong>Wirkstoffe<\/strong><\/p>\n<p>Closantel 50 mg\/ml<\/p>\n<p>Mebendazol 75 mg\/ml<\/p>\n<p><strong>Anzeige<\/strong><\/p>\n<p>Zur Behandlung von kombinierten parisitischen Infektionen, die die Wirkung beider Wirkstoffe erfordern.<\/p>\n<ul>\n<li><span style=\"font-size: 10pt;\">Leber bot: <em>Fasciola hepatica<\/em> (erwachsene und unreife Stadien von 5-8 Wochen).<\/span><\/li>\n<li><span style=\"font-size: 10pt;\">Rundw\u00fcrmer: <em>Haemonchus contortus<\/em> (erwachsene, unreife und gehemmte Stadien sowie benzimidazolresistente St\u00e4mme), <em>Bunostomum<\/em> (Erwachsener), <em>Chabertia ovina<\/em> (erwachsen und unreif), <em>Oesophagostomum <\/em>spp (erwachsen), <em>Kapillarrohr <\/em>spp (erwachsen), <em>Cooperia<\/em> spp (erwachsen), <em>Nematodirus<\/em> spp (erwachsen und unreif), <em>Teladorsagia circumcincta<\/em> (erwachsen und unreif), <em>Trichostrongylus axei <\/em>(Erwachsener), <em>T. colubriformis<\/em> (erwachsen und unreif), <em>T. vitrinus<\/em> (Erwachsener).<\/span><\/li>\n<li><span style=\"font-size: 10pt;\">W\u00fcrmer in der Lunge: <em>Dictyocaulus filaria <\/em>(erwachsene und unreife Stadien).<\/span><\/li>\n<li><span style=\"font-size: 10pt;\">Bandw\u00fcrmer: <em>Avitellina <\/em> und <em>Moniezia<\/em> spp.<\/span><\/li>\n<li><span style=\"font-size: 10pt;\">Hornets: <em>\u00d6strus ovis<\/em> (1<sup>e<\/sup>, 2<sup>e<\/sup> und 3<sup>e<\/sup> Larvenstadien).<\/span><\/li>\n<\/ul>\n<p><strong>Kontraindikationen<\/strong><\/p>\n<p>Nicht an Tiere mit bekannter \u00dcberempfindlichkeit gegen die Wirkstoffe verabreichen.<\/p>\n<p><strong>Dosierung<\/strong><\/p>\n<p>Zur oralen Verabreichung. Vor Gebrauch gut sch\u00fctteln. Vor Gebrauch mindestens zehnmal umdrehen.<\/p>\n<p>Die empfohlene Dosis betr\u00e4gt 10 mg\/kg K\u00f6rpergewicht Closantel + 15 mg\/kg K\u00f6rpergewicht Mebendazol. Dies entspricht 1 ml pro 5 kg K\u00f6rpergewicht.<\/p>\n<p><strong>Besondere Warnhinweise<\/strong><\/p>\n<p>\u00dcberschreiten Sie nicht die angegebene Dosis dieses Tierarzneimittels, da nach einer \u00dcberdosierung Sehst\u00f6rungen oder Blindheit, Appetitlosigkeit, Koordinationsschw\u00e4che und allgemeine Schw\u00e4che auftreten k\u00f6nnen.<\/p>\n<p><strong>Wartezeit<\/strong><\/p>\n<p>(Organ-)Fleisch: 65 Tage.<\/p>\n<p>Milch: nicht zugelassen zur Anwendung bei Mutterschafen, die Milch f\u00fcr den menschlichen Verzehr produzieren, auch nicht w\u00e4hrend der Trockenperiode. Darf nicht innerhalb eines Jahres vor dem ersten Ablammen bei Mutterschafen verwendet werden, die Milch f\u00fcr den menschlichen Verzehr erzeugen sollen.<\/p>\n<p><strong>Inhalt<\/strong><\/p>\n<p>1 Liter (FLUK1000)<\/p>\n<p>2,5 Liter (FLUK2500)<\/p>\n<p><a href=\"https:\/\/www.diergeneesmiddeleninformatiebank.nl\/ords\/f?p=111:3::SEARCH:NO::P0_DOMAIN,P0_LANG,P3_RVG1:V,NL,102911\" target=\"_blank\" rel=\"noopener\"><strong>REG EN 102911<\/strong><\/a><\/p>\n<p>Nur f\u00fcr den tier\u00e4rztlichen Gebrauch - URA<\/p>\n<a href=\"https:\/\/www.cbg-meb.nl\/onderwerpen\/bd-internethandel-diergeneesmiddelen\" target=\"_blank\" rel=\"noopener\"><img decoding=\"async\" class=\"preview\" style=\"max-width: 90px; float: right;\" src=\"\/imagestream\/stream\/279197\/2209-logo-internethandel.jpg\" alt=\"\" \/><\/a>","protected":false},"excerpt":{"rendered":"<p>Zur Bek\u00e4mpfung von Wurminfektionen, Leberegeln und Hornissen.<\/p>\n<h5><span style=\"color: #ff0000;\"><em>Verfahren Worm Abhilfema\u00dfnahmen \"URA Abhilfema\u00dfnahmen\"<\/em><\/span><\/h5>\n<p><em>\u00a0-nur auf Originalrezept mit \"feuchter\" Unterschrift erh\u00e4ltlich<\/em><\/p>\n<p><em>\u00a0-Gescannte Rezepte sind nicht erlaubt.<\/em><\/p>\n<p><em>\u00a0-Schicken Sie das Originalrezept per Post an: Food4animals, Zwanenveld 6, 6852LX, Huissen, die Niederlande<\/em><\/p>\n<p><em>\u00a0-Bestellen Sie per Mail (info@food4animals.nl), was Sie brauchen, wir sorgen daf\u00fcr, dass es auf Lager ist, wenn es abgeholt wird.<\/em><\/p>\n<p><em>\u00a0-Sie werden benachrichtigt, wenn Ihre Bestellung zur Abholung bereit ist.<\/em><\/p>\n<h5><em>\u00a0<span style=\"color: #ff0000;\">Also ohne Rezept keine Lieferung<\/span><\/em><\/h5>\n<h3><a href=\"http:\/\/food4animals.g51test.nl\/wp-content\/uploads\/2024\/01\/Recept-origineel-vee-2024.pdf\" target=\"_blank\" rel=\"noopener\">Download Musterrezept Rinder<\/a><\/h3>\n<p>&nbsp;<\/p>\n<p><a href=\"https:\/\/www.cbg-meb.nl\/onderwerpen\/bd-internethandel-diergeneesmiddelen\" target=\"_blank\" rel=\"noopener\"><img loading=\"lazy\" decoding=\"async\" class=\"alignnone wp-image-23456 size-full\" src=\"https:\/\/www.food4animals.nl\/wp-content\/uploads\/2024\/02\/NVWA-Logo.jpg\" alt=\"\" width=\"141\" height=\"117\" srcset=\"https:\/\/www.food4animals.nl\/wp-content\/uploads\/2024\/02\/NVWA-Logo.jpg 141w, https:\/\/www.food4animals.nl\/wp-content\/uploads\/2024\/02\/NVWA-Logo-14x12.jpg 14w, https:\/\/www.food4animals.nl\/wp-content\/uploads\/2024\/02\/NVWA-Logo-106x88.jpg 106w, https:\/\/www.food4animals.nl\/wp-content\/uploads\/2024\/02\/NVWA-Logo-80x66.jpg 80w\" sizes=\"auto, (max-width: 141px) 100vw, 141px\" \/><\/a><\/p>","protected":false},"featured_media":29909,"template":"","meta":{"_acf_changed":false},"product_brand":[],"product_cat":[993,996],"product_tag":[2072,1429,814,839],"class_list":{"0":"post-8254","1":"product","2":"type-product","3":"status-publish","4":"has-post-thumbnail","6":"product_cat-apotheek","7":"product_cat-medicatie-op-recept","8":"product_tag-flukiver","9":"product_tag-ontworming-en-leverbot","10":"product_tag-rund","11":"product_tag-schaap-en-geit","12":"tax_brand-flukiver","14":"first","15":"instock","16":"taxable","17":"shipping-taxable","18":"product-type-simple"},"acf":[],"yoast_head":"<!-- This site is optimized with the Yoast SEO plugin v27.4 - https:\/\/yoast.com\/product\/yoast-seo-wordpress\/ -->\n<title>Flukiver Combi 50 mg\/ml + 75 mg\/ml REG NL URA - Food4animals<\/title>\n<meta name=\"robots\" content=\"index, follow, max-snippet:-1, max-image-preview:large, max-video-preview:-1\" \/>\n<link rel=\"canonical\" href=\"https:\/\/www.food4animals.nl\/de\/produkt\/flukiver-combi-50-mg-ml-75-mg-ml-reg-nl-ura-2\/\" \/>\n<meta property=\"og:locale\" content=\"de_DE\" \/>\n<meta property=\"og:type\" content=\"article\" \/>\n<meta property=\"og:title\" content=\"Flukiver Combi 50 mg\/ml + 75 mg\/ml REG NL URA - Food4animals\" \/>\n<meta property=\"og:description\" content=\"Ter bestrijding van worminfecties, leverbot en horzels. Procedure Wormmiddelen \u201cURA middelen\u201d \u00a0-Alleen verkrijgbaar op origineel recept met \u201cnatte\u201d handtekening  \u00a0-Gescande recepten zijn niet toegestaan.  \u00a0-Stuur het Origineel recept per post naar: Food4animals, Zwanenveld 6, 6852LX, Huissen, Nederland  \u00a0-Bestel per mail (info@food4animals.nl) wat u nodig heeft, wij zorgen dat het op voorraad is als het opgehaald wordt.  \u00a0-U ontvangt bericht als uw bestelling klaar staat voor afhalen. \u00a0Dus zonder\u00a0recept\u00a0geen levering Download voorbeeld Recept Vee &nbsp;\" \/>\n<meta property=\"og:url\" content=\"https:\/\/www.food4animals.nl\/de\/produkt\/flukiver-combi-50-mg-ml-75-mg-ml-reg-nl-ura-2\/\" \/>\n<meta property=\"og:site_name\" content=\"Food4animals\" \/>\n<meta property=\"article:publisher\" content=\"https:\/\/www.facebook.com\/p\/Food4animals-100063861676074\/\" \/>\n<meta property=\"article:modified_time\" content=\"2026-04-16T00:18:32+00:00\" \/>\n<meta property=\"og:image\" content=\"https:\/\/www.food4animals.nl\/wp-content\/uploads\/2023\/12\/Flukiver-Combi.jpg\" \/>\n\t<meta property=\"og:image:width\" content=\"1024\" \/>\n\t<meta property=\"og:image:height\" content=\"1098\" \/>\n\t<meta property=\"og:image:type\" content=\"image\/jpeg\" \/>\n<meta name=\"twitter:card\" content=\"summary_large_image\" \/>\n<meta name=\"twitter:site\" content=\"@food4animals\" \/>\n<meta name=\"twitter:label1\" content=\"Gesch\u00e4tzte Lesezeit\" \/>\n\t<meta name=\"twitter:data1\" content=\"2\u00a0Minuten\" \/>\n<script type=\"application\/ld+json\" class=\"yoast-schema-graph\">{\"@context\":\"https:\\\/\\\/schema.org\",\"@graph\":[{\"@type\":\"WebPage\",\"@id\":\"https:\\\/\\\/www.food4animals.nl\\\/product\\\/flukiver-combi-50-mg-ml-75-mg-ml-reg-nl-ura-2\\\/\",\"url\":\"https:\\\/\\\/www.food4animals.nl\\\/product\\\/flukiver-combi-50-mg-ml-75-mg-ml-reg-nl-ura-2\\\/\",\"name\":\"Flukiver Combi 50 mg\\\/ml + 75 mg\\\/ml REG NL URA - Food4animals\",\"isPartOf\":{\"@id\":\"https:\\\/\\\/www.food4animals.nl\\\/en\\\/#website\"},\"primaryImageOfPage\":{\"@id\":\"https:\\\/\\\/www.food4animals.nl\\\/product\\\/flukiver-combi-50-mg-ml-75-mg-ml-reg-nl-ura-2\\\/#primaryimage\"},\"image\":{\"@id\":\"https:\\\/\\\/www.food4animals.nl\\\/product\\\/flukiver-combi-50-mg-ml-75-mg-ml-reg-nl-ura-2\\\/#primaryimage\"},\"thumbnailUrl\":\"https:\\\/\\\/www.food4animals.nl\\\/wp-content\\\/uploads\\\/2023\\\/12\\\/Flukiver-Combi.jpg\",\"datePublished\":\"2023-12-13T00:29:24+00:00\",\"dateModified\":\"2026-04-16T00:18:32+00:00\",\"breadcrumb\":{\"@id\":\"https:\\\/\\\/www.food4animals.nl\\\/product\\\/flukiver-combi-50-mg-ml-75-mg-ml-reg-nl-ura-2\\\/#breadcrumb\"},\"inLanguage\":\"de\",\"potentialAction\":[{\"@type\":\"ReadAction\",\"target\":[\"https:\\\/\\\/www.food4animals.nl\\\/product\\\/flukiver-combi-50-mg-ml-75-mg-ml-reg-nl-ura-2\\\/\"]}]},{\"@type\":\"ImageObject\",\"inLanguage\":\"de\",\"@id\":\"https:\\\/\\\/www.food4animals.nl\\\/product\\\/flukiver-combi-50-mg-ml-75-mg-ml-reg-nl-ura-2\\\/#primaryimage\",\"url\":\"https:\\\/\\\/www.food4animals.nl\\\/wp-content\\\/uploads\\\/2023\\\/12\\\/Flukiver-Combi.jpg\",\"contentUrl\":\"https:\\\/\\\/www.food4animals.nl\\\/wp-content\\\/uploads\\\/2023\\\/12\\\/Flukiver-Combi.jpg\",\"width\":1024,\"height\":1098,\"caption\":\"Flukiver Combi Ter bestrijding van worminfecties, leverbot en horzels bij schapen en lammeren\"},{\"@type\":\"BreadcrumbList\",\"@id\":\"https:\\\/\\\/www.food4animals.nl\\\/product\\\/flukiver-combi-50-mg-ml-75-mg-ml-reg-nl-ura-2\\\/#breadcrumb\",\"itemListElement\":[{\"@type\":\"ListItem\",\"position\":1,\"name\":\"Home\",\"item\":\"https:\\\/\\\/www.food4animals.nl\\\/\"},{\"@type\":\"ListItem\",\"position\":2,\"name\":\"Winkel\",\"item\":\"https:\\\/\\\/www.food4animals.nl\\\/winkel\\\/\"},{\"@type\":\"ListItem\",\"position\":3,\"name\":\"Flukiver Combi 50 mg\\\/ml + 75 mg\\\/ml REG NL URA\"}]},{\"@type\":\"WebSite\",\"@id\":\"https:\\\/\\\/www.food4animals.nl\\\/en\\\/#website\",\"url\":\"https:\\\/\\\/www.food4animals.nl\\\/en\\\/\",\"name\":\"Food4animals\",\"description\":\"Alles voor Ruiter en Dier\",\"publisher\":{\"@id\":\"https:\\\/\\\/www.food4animals.nl\\\/en\\\/#organization\"},\"potentialAction\":[{\"@type\":\"SearchAction\",\"target\":{\"@type\":\"EntryPoint\",\"urlTemplate\":\"https:\\\/\\\/www.food4animals.nl\\\/en\\\/?s={search_term_string}\"},\"query-input\":{\"@type\":\"PropertyValueSpecification\",\"valueRequired\":true,\"valueName\":\"search_term_string\"}}],\"inLanguage\":\"de\"},{\"@type\":\"Organization\",\"@id\":\"https:\\\/\\\/www.food4animals.nl\\\/en\\\/#organization\",\"name\":\"Food4animals\",\"url\":\"https:\\\/\\\/www.food4animals.nl\\\/en\\\/\",\"logo\":{\"@type\":\"ImageObject\",\"inLanguage\":\"de\",\"@id\":\"https:\\\/\\\/www.food4animals.nl\\\/en\\\/#\\\/schema\\\/logo\\\/image\\\/\",\"url\":\"https:\\\/\\\/www.food4animals.nl\\\/wp-content\\\/uploads\\\/2023\\\/10\\\/Logo.svg\",\"contentUrl\":\"https:\\\/\\\/www.food4animals.nl\\\/wp-content\\\/uploads\\\/2023\\\/10\\\/Logo.svg\",\"width\":1,\"height\":1,\"caption\":\"Food4animals\"},\"image\":{\"@id\":\"https:\\\/\\\/www.food4animals.nl\\\/en\\\/#\\\/schema\\\/logo\\\/image\\\/\"},\"sameAs\":[\"https:\\\/\\\/www.facebook.com\\\/p\\\/Food4animals-100063861676074\\\/\",\"https:\\\/\\\/x.com\\\/food4animals\"]}]}<\/script>\n<!-- \/ Yoast SEO plugin. -->","yoast_head_json":{"title":"Flukiver Combi 50 mg\/ml + 75 mg\/ml REG EN URA - Food4animals","robots":{"index":"index","follow":"follow","max-snippet":"max-snippet:-1","max-image-preview":"max-image-preview:large","max-video-preview":"max-video-preview:-1"},"canonical":"https:\/\/www.food4animals.nl\/de\/produkt\/flukiver-combi-50-mg-ml-75-mg-ml-reg-nl-ura-2\/","og_locale":"de_DE","og_type":"article","og_title":"Flukiver Combi 50 mg\/ml + 75 mg\/ml REG NL URA - Food4animals","og_description":"Ter bestrijding van worminfecties, leverbot en horzels. Procedure Wormmiddelen \u201cURA middelen\u201d \u00a0-Alleen verkrijgbaar op origineel recept met \u201cnatte\u201d handtekening  \u00a0-Gescande recepten zijn niet toegestaan.  \u00a0-Stuur het Origineel recept per post naar: Food4animals, Zwanenveld 6, 6852LX, Huissen, Nederland  \u00a0-Bestel per mail (info@food4animals.nl) wat u nodig heeft, wij zorgen dat het op voorraad is als het opgehaald wordt.  \u00a0-U ontvangt bericht als uw bestelling klaar staat voor afhalen. \u00a0Dus zonder\u00a0recept\u00a0geen levering Download voorbeeld Recept Vee &nbsp;","og_url":"https:\/\/www.food4animals.nl\/de\/produkt\/flukiver-combi-50-mg-ml-75-mg-ml-reg-nl-ura-2\/","og_site_name":"Food4animals","article_publisher":"https:\/\/www.facebook.com\/p\/Food4animals-100063861676074\/","article_modified_time":"2026-04-16T00:18:32+00:00","og_image":[{"width":1024,"height":1098,"url":"https:\/\/www.food4animals.nl\/wp-content\/uploads\/2023\/12\/Flukiver-Combi.jpg","type":"image\/jpeg"}],"twitter_card":"summary_large_image","twitter_site":"@food4animals","twitter_misc":{"Gesch\u00e4tzte Lesezeit":"2\u00a0Minuten"},"schema":{"@context":"https:\/\/schema.org","@graph":[{"@type":"WebPage","@id":"https:\/\/www.food4animals.nl\/product\/flukiver-combi-50-mg-ml-75-mg-ml-reg-nl-ura-2\/","url":"https:\/\/www.food4animals.nl\/product\/flukiver-combi-50-mg-ml-75-mg-ml-reg-nl-ura-2\/","name":"Flukiver Combi 50 mg\/ml + 75 mg\/ml REG EN URA - Food4animals","isPartOf":{"@id":"https:\/\/www.food4animals.nl\/en\/#website"},"primaryImageOfPage":{"@id":"https:\/\/www.food4animals.nl\/product\/flukiver-combi-50-mg-ml-75-mg-ml-reg-nl-ura-2\/#primaryimage"},"image":{"@id":"https:\/\/www.food4animals.nl\/product\/flukiver-combi-50-mg-ml-75-mg-ml-reg-nl-ura-2\/#primaryimage"},"thumbnailUrl":"https:\/\/www.food4animals.nl\/wp-content\/uploads\/2023\/12\/Flukiver-Combi.jpg","datePublished":"2023-12-13T00:29:24+00:00","dateModified":"2026-04-16T00:18:32+00:00","breadcrumb":{"@id":"https:\/\/www.food4animals.nl\/product\/flukiver-combi-50-mg-ml-75-mg-ml-reg-nl-ura-2\/#breadcrumb"},"inLanguage":"de","potentialAction":[{"@type":"ReadAction","target":["https:\/\/www.food4animals.nl\/product\/flukiver-combi-50-mg-ml-75-mg-ml-reg-nl-ura-2\/"]}]},{"@type":"ImageObject","inLanguage":"de","@id":"https:\/\/www.food4animals.nl\/product\/flukiver-combi-50-mg-ml-75-mg-ml-reg-nl-ura-2\/#primaryimage","url":"https:\/\/www.food4animals.nl\/wp-content\/uploads\/2023\/12\/Flukiver-Combi.jpg","contentUrl":"https:\/\/www.food4animals.nl\/wp-content\/uploads\/2023\/12\/Flukiver-Combi.jpg","width":1024,"height":1098,"caption":"Flukiver Combi Ter bestrijding van worminfecties, leverbot en horzels bij schapen en lammeren"},{"@type":"BreadcrumbList","@id":"https:\/\/www.food4animals.nl\/product\/flukiver-combi-50-mg-ml-75-mg-ml-reg-nl-ura-2\/#breadcrumb","itemListElement":[{"@type":"ListItem","position":1,"name":"Home","item":"https:\/\/www.food4animals.nl\/"},{"@type":"ListItem","position":2,"name":"Winkel","item":"https:\/\/www.food4animals.nl\/winkel\/"},{"@type":"ListItem","position":3,"name":"Flukiver Combi 50 mg\/ml + 75 mg\/ml REG NL URA"}]},{"@type":"WebSite","@id":"https:\/\/www.food4animals.nl\/en\/#website","url":"https:\/\/www.food4animals.nl\/en\/","name":"Lebensmittel4Tiere","description":"Alles f\u00fcr Reiter und Tier","publisher":{"@id":"https:\/\/www.food4animals.nl\/en\/#organization"},"potentialAction":[{"@type":"SearchAction","target":{"@type":"EntryPoint","urlTemplate":"https:\/\/www.food4animals.nl\/en\/?s={search_term_string}"},"query-input":{"@type":"PropertyValueSpecification","valueRequired":true,"valueName":"search_term_string"}}],"inLanguage":"de"},{"@type":"Organization","@id":"https:\/\/www.food4animals.nl\/en\/#organization","name":"Lebensmittel4Tiere","url":"https:\/\/www.food4animals.nl\/en\/","logo":{"@type":"ImageObject","inLanguage":"de","@id":"https:\/\/www.food4animals.nl\/en\/#\/schema\/logo\/image\/","url":"https:\/\/www.food4animals.nl\/wp-content\/uploads\/2023\/10\/Logo.svg","contentUrl":"https:\/\/www.food4animals.nl\/wp-content\/uploads\/2023\/10\/Logo.svg","width":1,"height":1,"caption":"Food4animals"},"image":{"@id":"https:\/\/www.food4animals.nl\/en\/#\/schema\/logo\/image\/"},"sameAs":["https:\/\/www.facebook.com\/p\/Food4animals-100063861676074\/","https:\/\/x.com\/food4animals"]}]}},"_links":{"self":[{"href":"https:\/\/www.food4animals.nl\/de\/wp-json\/wp\/v2\/product\/8254","targetHints":{"allow":["GET"]}}],"collection":[{"href":"https:\/\/www.food4animals.nl\/de\/wp-json\/wp\/v2\/product"}],"about":[{"href":"https:\/\/www.food4animals.nl\/de\/wp-json\/wp\/v2\/types\/product"}],"wp:featuredmedia":[{"embeddable":true,"href":"https:\/\/www.food4animals.nl\/de\/wp-json\/wp\/v2\/media\/29909"}],"wp:attachment":[{"href":"https:\/\/www.food4animals.nl\/de\/wp-json\/wp\/v2\/media?parent=8254"}],"wp:term":[{"taxonomy":"product_brand","embeddable":true,"href":"https:\/\/www.food4animals.nl\/de\/wp-json\/wp\/v2\/product_brand?post=8254"},{"taxonomy":"product_cat","embeddable":true,"href":"https:\/\/www.food4animals.nl\/de\/wp-json\/wp\/v2\/product_cat?post=8254"},{"taxonomy":"product_tag","embeddable":true,"href":"https:\/\/www.food4animals.nl\/de\/wp-json\/wp\/v2\/product_tag?post=8254"}],"curies":[{"name":"wp","href":"https:\/\/api.w.org\/{rel}","templated":true}]}}