{"id":8263,"date":"2023-12-13T00:29:45","date_gmt":"2023-12-13T00:29:45","guid":{"rendered":"https:\/\/food4animals.nl\/product\/flybuster-garden-trap-incl-bait\/"},"modified":"2026-04-16T01:18:32","modified_gmt":"2026-04-16T00:18:32","slug":"fliegenbuster-gartenfalle-inkl-koder","status":"publish","type":"product","link":"https:\/\/www.food4animals.nl\/de\/produkt\/fliegenbuster-gartenfalle-inkl-koder\/","title":{"rendered":"Flybuster Gartenfalle inkl. K\u00f6der"},"content":{"rendered":"<p><span style=\"font-size: 10pt;\"><strong>FlyBuster Gartenfalle inkl. 40 Gramm K\u00f6der<\/strong><\/span><br \/><span style=\"font-size: 10pt;\">FlyBuster Garden ist ein innovatives Produkt gegen Fliegenplage und hat in Europa gro\u00dfen Erfolg. Der FlyBuster wurde ausgiebig getestet und die Ergebnisse sind erstaunlich. Diese Fliegenfalle wird mit 40 Gramm K\u00f6der in einem wasserl\u00f6slichen Beutel geliefert. F\u00e4ngt bis zu mehr als 40.000 Fliegen.\u00a0<\/span><br \/><span style=\"font-size: 10pt;\">\u00a0<\/span><br \/><span style=\"font-size: 10pt;\"><strong>Nat\u00fcrliche Barriere gegen Fliegen, die Fliegen um bis zu 90% reduziert!<\/strong><\/span><\/p>\n<p><iframe loading=\"lazy\" src=\"https:\/\/www.boerenwinkel.nl\/imagestream\/stream\/52081\/VID-20180720-WA0001.mp4\" width=\"320\" height=\"240\"><\/iframe><\/p>\n<p><span style=\"font-size: 10pt;\"><strong>Anmeldungen<\/strong><strong>ngen FlyBuster Garten<\/strong><\/span><\/p>\n<p><span style=\"font-size: 10pt;\">- In und um den Garten<\/span><br \/><span style=\"font-size: 10pt;\">- G\u00e4rten &amp; Parks<\/span><br \/><span style=\"font-size: 10pt;\">- Verpflegung (Terrasse)<\/span><br \/><span style=\"font-size: 10pt;\">- Camping &amp; Freizeitparks<\/span><br \/><span style=\"font-size: 10pt;\">- Schwimmb\u00e4der<\/span><br \/><span style=\"font-size: 10pt;\">- Sportparks<\/span><br \/><span style=\"font-size: 10pt;\">\u00a0<\/span><br \/><span style=\"font-size: 10pt;\"><strong>FlyBuster - Die L\u00f6sung zur Bek\u00e4mpfung von Haus-, Zimmer- und Fleischfliegen!<\/strong><\/span><\/p>\n<p><span style=\"font-size: 10pt;\">Die speziellen und patentierten \"Einweg\"-\u00d6ffnungen des FlyBuster sind so konzipiert, dass die Fliegen, wenn sie einmal hineingeflogen sind, nicht mehr entkommen k\u00f6nnen. Die Fliegenfalle enth\u00e4lt einen hochwirksamen K\u00f6der (100% biologisch), der Fliegen anlockt. Sehr einfach zu benutzen. \u00d6ffnen Sie den oberen Teil des Deckels und geben Sie 1 Liter Wasser in den K\u00f6der in der Falle. H\u00e4ngen\/stellen Sie die Falle in einer H\u00f6he von etwa 1,50 m auf. Es ist wichtig, die Falle in der Sonne und windgesch\u00fctzt aufzuh\u00e4ngen\/aufzustellen (z. B. nicht in der N\u00e4he von Ventilatoren). Der FlyBuster Garden ist jetzt einsatzbereit! Aufgrund der Freisetzung der charakteristischen Luft, die Fliegen anlockt, empfehlen wir, den FlyBuster nur im Freien zu verwenden. (Wenn der Wind nicht mitspielt, kann die Falle bei Bedarf geschlossen werden, z.B. beim Grillen).<\/span><\/p>\n<p><span style=\"font-size: 10pt;\">\u00a0<\/span><br \/><span style=\"font-size: 10pt;\"><strong>Wirkt bis zu 60 Tage lang!<\/strong><\/span><br \/><span style=\"font-size: 10pt;\">\u00a0<\/span><br \/><span style=\"font-size: 10pt;\"><strong>Die Praxis<\/strong><\/span><br \/><span style=\"font-size: 10pt;\">Der attraktive K\u00f6der, der auf fermentierter Hefe und Zutaten aus der Lebensmittelindustrie basiert, bietet eine sehr gute Fliegenattraktivit\u00e4t. Die gefangenen Fliegen werden in der Falle verdaut, was eine noch h\u00f6here Anziehungskraft auf neue Fliegen aus\u00fcbt.\u00a0<\/span><br \/><span style=\"font-size: 10pt;\">\u00a0<\/span><br \/><span style=\"font-size: 10pt;\"><strong>WIEDERVERWENDBAR\/NACHF\u00dcLLBAR:<\/strong><\/span><br \/><span style=\"font-size: 10pt;\">Wenn die Falle voll mit Fliegen ist und\/oder der K\u00f6der abgenutzt ist, leeren Sie den Flybuster und f\u00fcllen Sie ihn mit neuem K\u00f6der und Wasser auf. <a href=\"nl\/product\/1921\/15304\/paard\/vliegenbestrijding\/dazenvallen\/flybuster-bait-40-gram\">(Klicken Sie hier f\u00fcr neue K\u00f6der\/K\u00f6der)<\/a>. Der Inhalt kann einfach \u00fcber den Hausm\u00fcll entsorgt werden.<a href=\"nl\/product\/1921\/15304\/paard\/vliegenbestrijding\/dazenvallen\/flybuster-bait-40-gram\"><br \/><\/a>\u00a0<\/span><br \/><span style=\"font-size: 10pt;\"><strong>Erfolg auf nationaler und internationaler Ebene garantiert!<\/strong><\/span><br \/><span style=\"font-size: 10pt;\">\u00a0<\/span><br \/><span style=\"font-size: 10pt;\"><strong>Mischungsverh\u00e4ltnis K\u00f6der<\/strong><\/span><br \/><span style=\"font-size: 10pt;\">40 Gramm K\u00f6der pro Liter Wasser.<\/span><\/p>","protected":false},"excerpt":{"rendered":"<p>Die Fliegenfalle enth\u00e4lt einen hochwirksamen K\u00f6der (100% biologisch)!<\/p>","protected":false},"featured_media":35319,"template":"","meta":{"_acf_changed":false},"product_brand":[],"product_cat":[1196,1685],"product_tag":[2076,843,814,839,2074,844,1106],"class_list":{"0":"post-8263","1":"product","2":"type-product","3":"status-publish","4":"has-post-thumbnail","6":"product_cat-ongedierte","7":"product_cat-vlieg","8":"product_tag-flybuster","9":"product_tag-paard","10":"product_tag-rund","11":"product_tag-schaap-en-geit","12":"product_tag-vallen-en-zakken","13":"product_tag-varken","14":"product_tag-vlieg","15":"tax_brand-flybuster","17":"first","18":"instock","19":"taxable","20":"shipping-taxable","21":"purchasable","22":"product-type-simple"},"acf":[],"yoast_head":"<!-- This site is optimized with the Yoast SEO plugin v27.4 - https:\/\/yoast.com\/product\/yoast-seo-wordpress\/ -->\n<title>Flybuster Garden Trap incl. Bait - Food4animals<\/title>\n<meta name=\"robots\" content=\"index, follow, max-snippet:-1, max-image-preview:large, max-video-preview:-1\" \/>\n<link rel=\"canonical\" href=\"https:\/\/www.food4animals.nl\/de\/produkt\/fliegenbuster-gartenfalle-inkl-koder\/\" \/>\n<meta property=\"og:locale\" content=\"de_DE\" \/>\n<meta property=\"og:type\" content=\"article\" \/>\n<meta property=\"og:title\" content=\"Flybuster Garden Trap incl. Bait - Food4animals\" \/>\n<meta property=\"og:description\" content=\"De vliegenval bevat zeer effectieve lokstof (100% biologisch)!\" \/>\n<meta property=\"og:url\" content=\"https:\/\/www.food4animals.nl\/de\/produkt\/fliegenbuster-gartenfalle-inkl-koder\/\" \/>\n<meta property=\"og:site_name\" content=\"Food4animals\" \/>\n<meta property=\"article:publisher\" content=\"https:\/\/www.facebook.com\/p\/Food4animals-100063861676074\/\" \/>\n<meta property=\"article:modified_time\" content=\"2026-04-16T00:18:32+00:00\" \/>\n<meta property=\"og:image\" content=\"https:\/\/www.food4animals.nl\/wp-content\/uploads\/2025\/11\/FLYB2000.png\" \/>\n\t<meta property=\"og:image:width\" content=\"629\" \/>\n\t<meta property=\"og:image:height\" content=\"979\" \/>\n\t<meta property=\"og:image:type\" content=\"image\/png\" \/>\n<meta name=\"twitter:card\" content=\"summary_large_image\" \/>\n<meta name=\"twitter:site\" content=\"@food4animals\" \/>\n<meta name=\"twitter:label1\" content=\"Gesch\u00e4tzte Lesezeit\" \/>\n\t<meta name=\"twitter:data1\" content=\"2\u00a0Minuten\" \/>\n<script type=\"application\/ld+json\" class=\"yoast-schema-graph\">{\"@context\":\"https:\\\/\\\/schema.org\",\"@graph\":[{\"@type\":\"WebPage\",\"@id\":\"https:\\\/\\\/www.food4animals.nl\\\/product\\\/flybuster-garden-trap-incl-bait\\\/\",\"url\":\"https:\\\/\\\/www.food4animals.nl\\\/product\\\/flybuster-garden-trap-incl-bait\\\/\",\"name\":\"Flybuster Garden Trap incl. Bait - Food4animals\",\"isPartOf\":{\"@id\":\"https:\\\/\\\/www.food4animals.nl\\\/en\\\/#website\"},\"primaryImageOfPage\":{\"@id\":\"https:\\\/\\\/www.food4animals.nl\\\/product\\\/flybuster-garden-trap-incl-bait\\\/#primaryimage\"},\"image\":{\"@id\":\"https:\\\/\\\/www.food4animals.nl\\\/product\\\/flybuster-garden-trap-incl-bait\\\/#primaryimage\"},\"thumbnailUrl\":\"https:\\\/\\\/www.food4animals.nl\\\/wp-content\\\/uploads\\\/2025\\\/11\\\/FLYB2000.png\",\"datePublished\":\"2023-12-13T00:29:45+00:00\",\"dateModified\":\"2026-04-16T00:18:32+00:00\",\"breadcrumb\":{\"@id\":\"https:\\\/\\\/www.food4animals.nl\\\/product\\\/flybuster-garden-trap-incl-bait\\\/#breadcrumb\"},\"inLanguage\":\"de\",\"potentialAction\":[{\"@type\":\"ReadAction\",\"target\":[\"https:\\\/\\\/www.food4animals.nl\\\/product\\\/flybuster-garden-trap-incl-bait\\\/\"]}]},{\"@type\":\"ImageObject\",\"inLanguage\":\"de\",\"@id\":\"https:\\\/\\\/www.food4animals.nl\\\/product\\\/flybuster-garden-trap-incl-bait\\\/#primaryimage\",\"url\":\"https:\\\/\\\/www.food4animals.nl\\\/wp-content\\\/uploads\\\/2025\\\/11\\\/FLYB2000.png\",\"contentUrl\":\"https:\\\/\\\/www.food4animals.nl\\\/wp-content\\\/uploads\\\/2025\\\/11\\\/FLYB2000.png\",\"width\":629,\"height\":979},{\"@type\":\"BreadcrumbList\",\"@id\":\"https:\\\/\\\/www.food4animals.nl\\\/product\\\/flybuster-garden-trap-incl-bait\\\/#breadcrumb\",\"itemListElement\":[{\"@type\":\"ListItem\",\"position\":1,\"name\":\"Home\",\"item\":\"https:\\\/\\\/www.food4animals.nl\\\/\"},{\"@type\":\"ListItem\",\"position\":2,\"name\":\"Winkel\",\"item\":\"https:\\\/\\\/www.food4animals.nl\\\/winkel\\\/\"},{\"@type\":\"ListItem\",\"position\":3,\"name\":\"Flybuster Garden Trap incl. Bait\"}]},{\"@type\":\"WebSite\",\"@id\":\"https:\\\/\\\/www.food4animals.nl\\\/en\\\/#website\",\"url\":\"https:\\\/\\\/www.food4animals.nl\\\/en\\\/\",\"name\":\"Food4animals\",\"description\":\"Alles voor Ruiter en Dier\",\"publisher\":{\"@id\":\"https:\\\/\\\/www.food4animals.nl\\\/en\\\/#organization\"},\"potentialAction\":[{\"@type\":\"SearchAction\",\"target\":{\"@type\":\"EntryPoint\",\"urlTemplate\":\"https:\\\/\\\/www.food4animals.nl\\\/en\\\/?s={search_term_string}\"},\"query-input\":{\"@type\":\"PropertyValueSpecification\",\"valueRequired\":true,\"valueName\":\"search_term_string\"}}],\"inLanguage\":\"de\"},{\"@type\":\"Organization\",\"@id\":\"https:\\\/\\\/www.food4animals.nl\\\/en\\\/#organization\",\"name\":\"Food4animals\",\"url\":\"https:\\\/\\\/www.food4animals.nl\\\/en\\\/\",\"logo\":{\"@type\":\"ImageObject\",\"inLanguage\":\"de\",\"@id\":\"https:\\\/\\\/www.food4animals.nl\\\/en\\\/#\\\/schema\\\/logo\\\/image\\\/\",\"url\":\"https:\\\/\\\/www.food4animals.nl\\\/wp-content\\\/uploads\\\/2023\\\/10\\\/Logo.svg\",\"contentUrl\":\"https:\\\/\\\/www.food4animals.nl\\\/wp-content\\\/uploads\\\/2023\\\/10\\\/Logo.svg\",\"width\":1,\"height\":1,\"caption\":\"Food4animals\"},\"image\":{\"@id\":\"https:\\\/\\\/www.food4animals.nl\\\/en\\\/#\\\/schema\\\/logo\\\/image\\\/\"},\"sameAs\":[\"https:\\\/\\\/www.facebook.com\\\/p\\\/Food4animals-100063861676074\\\/\",\"https:\\\/\\\/x.com\\\/food4animals\"]}]}<\/script>\n<!-- \/ Yoast SEO plugin. -->","yoast_head_json":{"title":"Flybuster Gartenfalle inkl. K\u00f6der - Food4animals","robots":{"index":"index","follow":"follow","max-snippet":"max-snippet:-1","max-image-preview":"max-image-preview:large","max-video-preview":"max-video-preview:-1"},"canonical":"https:\/\/www.food4animals.nl\/de\/produkt\/fliegenbuster-gartenfalle-inkl-koder\/","og_locale":"de_DE","og_type":"article","og_title":"Flybuster Garden Trap incl. Bait - Food4animals","og_description":"De vliegenval bevat zeer effectieve lokstof (100% biologisch)!","og_url":"https:\/\/www.food4animals.nl\/de\/produkt\/fliegenbuster-gartenfalle-inkl-koder\/","og_site_name":"Food4animals","article_publisher":"https:\/\/www.facebook.com\/p\/Food4animals-100063861676074\/","article_modified_time":"2026-04-16T00:18:32+00:00","og_image":[{"width":629,"height":979,"url":"https:\/\/www.food4animals.nl\/wp-content\/uploads\/2025\/11\/FLYB2000.png","type":"image\/png"}],"twitter_card":"summary_large_image","twitter_site":"@food4animals","twitter_misc":{"Gesch\u00e4tzte Lesezeit":"2\u00a0Minuten"},"schema":{"@context":"https:\/\/schema.org","@graph":[{"@type":"WebPage","@id":"https:\/\/www.food4animals.nl\/product\/flybuster-garden-trap-incl-bait\/","url":"https:\/\/www.food4animals.nl\/product\/flybuster-garden-trap-incl-bait\/","name":"Flybuster Gartenfalle inkl. K\u00f6der - Food4animals","isPartOf":{"@id":"https:\/\/www.food4animals.nl\/en\/#website"},"primaryImageOfPage":{"@id":"https:\/\/www.food4animals.nl\/product\/flybuster-garden-trap-incl-bait\/#primaryimage"},"image":{"@id":"https:\/\/www.food4animals.nl\/product\/flybuster-garden-trap-incl-bait\/#primaryimage"},"thumbnailUrl":"https:\/\/www.food4animals.nl\/wp-content\/uploads\/2025\/11\/FLYB2000.png","datePublished":"2023-12-13T00:29:45+00:00","dateModified":"2026-04-16T00:18:32+00:00","breadcrumb":{"@id":"https:\/\/www.food4animals.nl\/product\/flybuster-garden-trap-incl-bait\/#breadcrumb"},"inLanguage":"de","potentialAction":[{"@type":"ReadAction","target":["https:\/\/www.food4animals.nl\/product\/flybuster-garden-trap-incl-bait\/"]}]},{"@type":"ImageObject","inLanguage":"de","@id":"https:\/\/www.food4animals.nl\/product\/flybuster-garden-trap-incl-bait\/#primaryimage","url":"https:\/\/www.food4animals.nl\/wp-content\/uploads\/2025\/11\/FLYB2000.png","contentUrl":"https:\/\/www.food4animals.nl\/wp-content\/uploads\/2025\/11\/FLYB2000.png","width":629,"height":979},{"@type":"BreadcrumbList","@id":"https:\/\/www.food4animals.nl\/product\/flybuster-garden-trap-incl-bait\/#breadcrumb","itemListElement":[{"@type":"ListItem","position":1,"name":"Home","item":"https:\/\/www.food4animals.nl\/"},{"@type":"ListItem","position":2,"name":"Winkel","item":"https:\/\/www.food4animals.nl\/winkel\/"},{"@type":"ListItem","position":3,"name":"Flybuster Garden Trap incl. Bait"}]},{"@type":"WebSite","@id":"https:\/\/www.food4animals.nl\/en\/#website","url":"https:\/\/www.food4animals.nl\/en\/","name":"Lebensmittel4Tiere","description":"Alles f\u00fcr Reiter und Tier","publisher":{"@id":"https:\/\/www.food4animals.nl\/en\/#organization"},"potentialAction":[{"@type":"SearchAction","target":{"@type":"EntryPoint","urlTemplate":"https:\/\/www.food4animals.nl\/en\/?s={search_term_string}"},"query-input":{"@type":"PropertyValueSpecification","valueRequired":true,"valueName":"search_term_string"}}],"inLanguage":"de"},{"@type":"Organization","@id":"https:\/\/www.food4animals.nl\/en\/#organization","name":"Lebensmittel4Tiere","url":"https:\/\/www.food4animals.nl\/en\/","logo":{"@type":"ImageObject","inLanguage":"de","@id":"https:\/\/www.food4animals.nl\/en\/#\/schema\/logo\/image\/","url":"https:\/\/www.food4animals.nl\/wp-content\/uploads\/2023\/10\/Logo.svg","contentUrl":"https:\/\/www.food4animals.nl\/wp-content\/uploads\/2023\/10\/Logo.svg","width":1,"height":1,"caption":"Food4animals"},"image":{"@id":"https:\/\/www.food4animals.nl\/en\/#\/schema\/logo\/image\/"},"sameAs":["https:\/\/www.facebook.com\/p\/Food4animals-100063861676074\/","https:\/\/x.com\/food4animals"]}]}},"_links":{"self":[{"href":"https:\/\/www.food4animals.nl\/de\/wp-json\/wp\/v2\/product\/8263","targetHints":{"allow":["GET"]}}],"collection":[{"href":"https:\/\/www.food4animals.nl\/de\/wp-json\/wp\/v2\/product"}],"about":[{"href":"https:\/\/www.food4animals.nl\/de\/wp-json\/wp\/v2\/types\/product"}],"wp:featuredmedia":[{"embeddable":true,"href":"https:\/\/www.food4animals.nl\/de\/wp-json\/wp\/v2\/media\/35319"}],"wp:attachment":[{"href":"https:\/\/www.food4animals.nl\/de\/wp-json\/wp\/v2\/media?parent=8263"}],"wp:term":[{"taxonomy":"product_brand","embeddable":true,"href":"https:\/\/www.food4animals.nl\/de\/wp-json\/wp\/v2\/product_brand?post=8263"},{"taxonomy":"product_cat","embeddable":true,"href":"https:\/\/www.food4animals.nl\/de\/wp-json\/wp\/v2\/product_cat?post=8263"},{"taxonomy":"product_tag","embeddable":true,"href":"https:\/\/www.food4animals.nl\/de\/wp-json\/wp\/v2\/product_tag?post=8263"}],"curies":[{"name":"wp","href":"https:\/\/api.w.org\/{rel}","templated":true}]}}