{"id":8463,"date":"2023-12-13T00:38:28","date_gmt":"2023-12-13T00:38:28","guid":{"rendered":"https:\/\/food4animals.nl\/product\/garlic-allicin-liquid\/"},"modified":"2026-05-01T01:22:12","modified_gmt":"2026-05-01T00:22:12","slug":"garlic-allicin-liquid","status":"publish","type":"product","link":"https:\/\/www.food4animals.nl\/de\/produkt\/garlic-allicin-liquid\/","title":{"rendered":"Knoblauch Allicin Fl\u00fcssig"},"content":{"rendered":"<p><span style=\"font-size: 10pt;\">De Garlic Allicin Liquid is een voedermiddel, dat natuurlijke 100% Europees geteelde knoflook bevat en speciaal voor kooivogels, duiven, watervogels en pluimvee bestemd is. Een unieke eigenschap van de Garlic Allicin Liquid is de duale werking; zowel inwendig als uitwendig!<\/span><\/p>\n<p><span style=\"font-size: 10pt;\"><strong><em>Voedermiddel voor kooivogels, duiven, watervogels en pluimvee<\/em><\/strong><\/span><\/p>\n<p><span style=\"font-size: 10pt;\">De werking van Garlic Allicin Liquid is bijzonder, dankzij de mix van Europees geteelde rode en witte knoflook. Waar de rode knoflook (Chinese oorsprong) effect heeft op de innerlijke werking (bloedsomloop, weerstand), draagt de witte knoflook (Amerikaanse oorsprong) bij aan de uiterlijke werking (geurmasker). Daarnaast ondersteunt knoflook de darmwerking en spijsvertering en heeft het een verzachtende invloed op de luchtwegen.<\/span><\/p>\n<p><em><span style=\"font-size: 10pt;\">Onze Garlic Allicin Liquid bevat het hoogste aandeel allicine in vloeibare vorm.<\/span><\/em><\/p>\n<p><span style=\"font-size: 10pt;\"><strong>Knoblauch Allicin Fl\u00fcssig<\/strong><\/span><\/p>\n<ul>\n<li><span style=\"font-size: 10pt;\">Erh\u00f6ht die Widerstandskraft und aktiviert das Immunsystem<\/span><\/li>\n<li><span style=\"font-size: 10pt;\">Hat positive Auswirkungen auf die allgemeine Gesundheit<\/span><\/li>\n<li><span style=\"font-size: 10pt;\">Reinigt, n\u00e4hrt und pflegt die Haut<\/span><\/li>\n<li><span style=\"font-size: 10pt;\">Unterst\u00fctzt die Verdauung und die Darmfunktion<\/span><\/li>\n<li><span style=\"font-size: 10pt;\">Beruhigend f\u00fcr die Atemwege<\/span><\/li>\n<li><span style=\"font-size: 10pt;\">Hat eine positive Wirkung auf den Blutkreislauf<\/span><\/li>\n<li><span style=\"font-size: 10pt;\">Geeft een geurmasker rondom de vogel<\/span><\/li>\n<li><span style=\"font-size: 10pt;\">Enth\u00e4lt nat\u00fcrlichen Knoblauch 100% aus europ\u00e4ischem Anbau und ist vielseitig einsetzbar<\/span><\/li>\n<\/ul>\n<p><span style=\"font-size: 10pt;\"><strong>De werking van Garlic Allicin Liquid EU is vele malen krachtiger dan normale knoflook. Multifunctioneel en prijsgunstig voor optimale ondersteuning van de gezondheid en vitaliteit.<\/strong><\/span><\/p>\n<p><span style=\"font-size: 10pt;\"><strong>F\u00fctterungshinweise<\/strong><\/span><br \/><span style=\"font-size: 10pt;\"><em>Die ersten 7 Tage:<\/em><\/span><br \/><span style=\"font-size: 10pt;\">Per dag: 5 ml op 1 liter water<\/span><br \/><span style=\"font-size: 10pt;\">\u00a0<\/span><br \/><span style=\"font-size: 10pt;\"><em>Wartung:<\/em><\/span><br \/><span style=\"font-size: 10pt;\">2 x per week: 5 ml op 1 liter water<\/span><\/p>\n<p><span style=\"font-size: 10pt;\"><strong>Inhalt<br \/><\/strong><\/span><span style=\"font-size: 10pt;\">250 ml<\/span><\/p>\n<p>\u00a0<\/p>\n<p>\u00a0<\/p>","protected":false},"excerpt":{"rendered":"<p>Europese knoflookmix in vloeibare vorm met dubbele werking.<\/p>","protected":false},"featured_media":37291,"template":"","meta":{"_acf_changed":false},"product_brand":[],"product_cat":[1342,1376],"product_tag":[883,2111,1148,1380],"class_list":{"0":"post-8463","1":"product","2":"type-product","3":"status-publish","4":"has-post-thumbnail","6":"product_cat-gevogelte","7":"product_cat-gezondheid-drogist","8":"product_tag-excellent","9":"product_tag-garlic-allicin","10":"product_tag-pluimvee-vogels","11":"product_tag-weerstand","12":"tax_brand-excellent-horse","14":"first","15":"instock","16":"taxable","17":"shipping-taxable","18":"purchasable","19":"product-type-simple"},"acf":[],"yoast_head":"<!-- This site is optimized with the Yoast SEO plugin v27.4 - https:\/\/yoast.com\/product\/yoast-seo-wordpress\/ -->\n<title>Garlic Allicin Liquid - Food4animals<\/title>\n<meta name=\"robots\" content=\"index, follow, max-snippet:-1, max-image-preview:large, max-video-preview:-1\" \/>\n<link rel=\"canonical\" href=\"https:\/\/www.food4animals.nl\/de\/produkt\/garlic-allicin-liquid\/\" \/>\n<meta property=\"og:locale\" content=\"de_DE\" \/>\n<meta property=\"og:type\" content=\"article\" \/>\n<meta property=\"og:title\" content=\"Garlic Allicin Liquid - Food4animals\" \/>\n<meta property=\"og:description\" content=\"Europese knoflookmix in vloeibare vorm met dubbele werking.\" \/>\n<meta property=\"og:url\" content=\"https:\/\/www.food4animals.nl\/de\/produkt\/garlic-allicin-liquid\/\" \/>\n<meta property=\"og:site_name\" content=\"Food4animals\" \/>\n<meta property=\"article:publisher\" content=\"https:\/\/www.facebook.com\/p\/Food4animals-100063861676074\/\" \/>\n<meta property=\"article:modified_time\" content=\"2026-05-01T00:22:12+00:00\" \/>\n<meta property=\"og:image\" content=\"https:\/\/www.food4animals.nl\/wp-content\/uploads\/2025\/11\/KNOF5013.png\" \/>\n\t<meta property=\"og:image:width\" content=\"1024\" \/>\n\t<meta property=\"og:image:height\" content=\"1024\" \/>\n\t<meta property=\"og:image:type\" content=\"image\/png\" \/>\n<meta name=\"twitter:card\" content=\"summary_large_image\" \/>\n<meta name=\"twitter:site\" content=\"@food4animals\" \/>\n<meta name=\"twitter:label1\" content=\"Gesch\u00e4tzte Lesezeit\" \/>\n\t<meta name=\"twitter:data1\" content=\"1\u00a0Minute\" \/>\n<script type=\"application\/ld+json\" class=\"yoast-schema-graph\">{\"@context\":\"https:\\\/\\\/schema.org\",\"@graph\":[{\"@type\":\"WebPage\",\"@id\":\"https:\\\/\\\/www.food4animals.nl\\\/product\\\/garlic-allicin-liquid\\\/\",\"url\":\"https:\\\/\\\/www.food4animals.nl\\\/product\\\/garlic-allicin-liquid\\\/\",\"name\":\"Garlic Allicin Liquid - Food4animals\",\"isPartOf\":{\"@id\":\"https:\\\/\\\/www.food4animals.nl\\\/en\\\/#website\"},\"primaryImageOfPage\":{\"@id\":\"https:\\\/\\\/www.food4animals.nl\\\/product\\\/garlic-allicin-liquid\\\/#primaryimage\"},\"image\":{\"@id\":\"https:\\\/\\\/www.food4animals.nl\\\/product\\\/garlic-allicin-liquid\\\/#primaryimage\"},\"thumbnailUrl\":\"https:\\\/\\\/www.food4animals.nl\\\/wp-content\\\/uploads\\\/2025\\\/11\\\/KNOF5013.png\",\"datePublished\":\"2023-12-13T00:38:28+00:00\",\"dateModified\":\"2026-05-01T00:22:12+00:00\",\"breadcrumb\":{\"@id\":\"https:\\\/\\\/www.food4animals.nl\\\/product\\\/garlic-allicin-liquid\\\/#breadcrumb\"},\"inLanguage\":\"de\",\"potentialAction\":[{\"@type\":\"ReadAction\",\"target\":[\"https:\\\/\\\/www.food4animals.nl\\\/product\\\/garlic-allicin-liquid\\\/\"]}]},{\"@type\":\"ImageObject\",\"inLanguage\":\"de\",\"@id\":\"https:\\\/\\\/www.food4animals.nl\\\/product\\\/garlic-allicin-liquid\\\/#primaryimage\",\"url\":\"https:\\\/\\\/www.food4animals.nl\\\/wp-content\\\/uploads\\\/2025\\\/11\\\/KNOF5013.png\",\"contentUrl\":\"https:\\\/\\\/www.food4animals.nl\\\/wp-content\\\/uploads\\\/2025\\\/11\\\/KNOF5013.png\",\"width\":1024,\"height\":1024},{\"@type\":\"BreadcrumbList\",\"@id\":\"https:\\\/\\\/www.food4animals.nl\\\/product\\\/garlic-allicin-liquid\\\/#breadcrumb\",\"itemListElement\":[{\"@type\":\"ListItem\",\"position\":1,\"name\":\"Home\",\"item\":\"https:\\\/\\\/www.food4animals.nl\\\/\"},{\"@type\":\"ListItem\",\"position\":2,\"name\":\"Winkel\",\"item\":\"https:\\\/\\\/www.food4animals.nl\\\/winkel\\\/\"},{\"@type\":\"ListItem\",\"position\":3,\"name\":\"Garlic Allicin Liquid\"}]},{\"@type\":\"WebSite\",\"@id\":\"https:\\\/\\\/www.food4animals.nl\\\/en\\\/#website\",\"url\":\"https:\\\/\\\/www.food4animals.nl\\\/en\\\/\",\"name\":\"Food4animals\",\"description\":\"Alles voor Ruiter en Dier\",\"publisher\":{\"@id\":\"https:\\\/\\\/www.food4animals.nl\\\/en\\\/#organization\"},\"potentialAction\":[{\"@type\":\"SearchAction\",\"target\":{\"@type\":\"EntryPoint\",\"urlTemplate\":\"https:\\\/\\\/www.food4animals.nl\\\/en\\\/?s={search_term_string}\"},\"query-input\":{\"@type\":\"PropertyValueSpecification\",\"valueRequired\":true,\"valueName\":\"search_term_string\"}}],\"inLanguage\":\"de\"},{\"@type\":\"Organization\",\"@id\":\"https:\\\/\\\/www.food4animals.nl\\\/en\\\/#organization\",\"name\":\"Food4animals\",\"url\":\"https:\\\/\\\/www.food4animals.nl\\\/en\\\/\",\"logo\":{\"@type\":\"ImageObject\",\"inLanguage\":\"de\",\"@id\":\"https:\\\/\\\/www.food4animals.nl\\\/en\\\/#\\\/schema\\\/logo\\\/image\\\/\",\"url\":\"https:\\\/\\\/www.food4animals.nl\\\/wp-content\\\/uploads\\\/2023\\\/10\\\/Logo.svg\",\"contentUrl\":\"https:\\\/\\\/www.food4animals.nl\\\/wp-content\\\/uploads\\\/2023\\\/10\\\/Logo.svg\",\"width\":1,\"height\":1,\"caption\":\"Food4animals\"},\"image\":{\"@id\":\"https:\\\/\\\/www.food4animals.nl\\\/en\\\/#\\\/schema\\\/logo\\\/image\\\/\"},\"sameAs\":[\"https:\\\/\\\/www.facebook.com\\\/p\\\/Food4animals-100063861676074\\\/\",\"https:\\\/\\\/x.com\\\/food4animals\"]}]}<\/script>\n<!-- \/ Yoast SEO plugin. -->","yoast_head_json":{"title":"Garlic Allicin Liquid - Food4animals","robots":{"index":"index","follow":"follow","max-snippet":"max-snippet:-1","max-image-preview":"max-image-preview:large","max-video-preview":"max-video-preview:-1"},"canonical":"https:\/\/www.food4animals.nl\/de\/produkt\/garlic-allicin-liquid\/","og_locale":"de_DE","og_type":"article","og_title":"Garlic Allicin Liquid - Food4animals","og_description":"Europese knoflookmix in vloeibare vorm met dubbele werking.","og_url":"https:\/\/www.food4animals.nl\/de\/produkt\/garlic-allicin-liquid\/","og_site_name":"Food4animals","article_publisher":"https:\/\/www.facebook.com\/p\/Food4animals-100063861676074\/","article_modified_time":"2026-05-01T00:22:12+00:00","og_image":[{"width":1024,"height":1024,"url":"https:\/\/www.food4animals.nl\/wp-content\/uploads\/2025\/11\/KNOF5013.png","type":"image\/png"}],"twitter_card":"summary_large_image","twitter_site":"@food4animals","twitter_misc":{"Gesch\u00e4tzte Lesezeit":"1\u00a0Minute"},"schema":{"@context":"https:\/\/schema.org","@graph":[{"@type":"WebPage","@id":"https:\/\/www.food4animals.nl\/product\/garlic-allicin-liquid\/","url":"https:\/\/www.food4animals.nl\/product\/garlic-allicin-liquid\/","name":"Garlic Allicin Liquid - Food4animals","isPartOf":{"@id":"https:\/\/www.food4animals.nl\/en\/#website"},"primaryImageOfPage":{"@id":"https:\/\/www.food4animals.nl\/product\/garlic-allicin-liquid\/#primaryimage"},"image":{"@id":"https:\/\/www.food4animals.nl\/product\/garlic-allicin-liquid\/#primaryimage"},"thumbnailUrl":"https:\/\/www.food4animals.nl\/wp-content\/uploads\/2025\/11\/KNOF5013.png","datePublished":"2023-12-13T00:38:28+00:00","dateModified":"2026-05-01T00:22:12+00:00","breadcrumb":{"@id":"https:\/\/www.food4animals.nl\/product\/garlic-allicin-liquid\/#breadcrumb"},"inLanguage":"de","potentialAction":[{"@type":"ReadAction","target":["https:\/\/www.food4animals.nl\/product\/garlic-allicin-liquid\/"]}]},{"@type":"ImageObject","inLanguage":"de","@id":"https:\/\/www.food4animals.nl\/product\/garlic-allicin-liquid\/#primaryimage","url":"https:\/\/www.food4animals.nl\/wp-content\/uploads\/2025\/11\/KNOF5013.png","contentUrl":"https:\/\/www.food4animals.nl\/wp-content\/uploads\/2025\/11\/KNOF5013.png","width":1024,"height":1024},{"@type":"BreadcrumbList","@id":"https:\/\/www.food4animals.nl\/product\/garlic-allicin-liquid\/#breadcrumb","itemListElement":[{"@type":"ListItem","position":1,"name":"Home","item":"https:\/\/www.food4animals.nl\/"},{"@type":"ListItem","position":2,"name":"Winkel","item":"https:\/\/www.food4animals.nl\/winkel\/"},{"@type":"ListItem","position":3,"name":"Garlic Allicin Liquid"}]},{"@type":"WebSite","@id":"https:\/\/www.food4animals.nl\/en\/#website","url":"https:\/\/www.food4animals.nl\/en\/","name":"Lebensmittel4Tiere","description":"Alles f\u00fcr Reiter und Tier","publisher":{"@id":"https:\/\/www.food4animals.nl\/en\/#organization"},"potentialAction":[{"@type":"SearchAction","target":{"@type":"EntryPoint","urlTemplate":"https:\/\/www.food4animals.nl\/en\/?s={search_term_string}"},"query-input":{"@type":"PropertyValueSpecification","valueRequired":true,"valueName":"search_term_string"}}],"inLanguage":"de"},{"@type":"Organization","@id":"https:\/\/www.food4animals.nl\/en\/#organization","name":"Lebensmittel4Tiere","url":"https:\/\/www.food4animals.nl\/en\/","logo":{"@type":"ImageObject","inLanguage":"de","@id":"https:\/\/www.food4animals.nl\/en\/#\/schema\/logo\/image\/","url":"https:\/\/www.food4animals.nl\/wp-content\/uploads\/2023\/10\/Logo.svg","contentUrl":"https:\/\/www.food4animals.nl\/wp-content\/uploads\/2023\/10\/Logo.svg","width":1,"height":1,"caption":"Food4animals"},"image":{"@id":"https:\/\/www.food4animals.nl\/en\/#\/schema\/logo\/image\/"},"sameAs":["https:\/\/www.facebook.com\/p\/Food4animals-100063861676074\/","https:\/\/x.com\/food4animals"]}]}},"_links":{"self":[{"href":"https:\/\/www.food4animals.nl\/de\/wp-json\/wp\/v2\/product\/8463","targetHints":{"allow":["GET"]}}],"collection":[{"href":"https:\/\/www.food4animals.nl\/de\/wp-json\/wp\/v2\/product"}],"about":[{"href":"https:\/\/www.food4animals.nl\/de\/wp-json\/wp\/v2\/types\/product"}],"wp:featuredmedia":[{"embeddable":true,"href":"https:\/\/www.food4animals.nl\/de\/wp-json\/wp\/v2\/media\/37291"}],"wp:attachment":[{"href":"https:\/\/www.food4animals.nl\/de\/wp-json\/wp\/v2\/media?parent=8463"}],"wp:term":[{"taxonomy":"product_brand","embeddable":true,"href":"https:\/\/www.food4animals.nl\/de\/wp-json\/wp\/v2\/product_brand?post=8463"},{"taxonomy":"product_cat","embeddable":true,"href":"https:\/\/www.food4animals.nl\/de\/wp-json\/wp\/v2\/product_cat?post=8463"},{"taxonomy":"product_tag","embeddable":true,"href":"https:\/\/www.food4animals.nl\/de\/wp-json\/wp\/v2\/product_tag?post=8463"}],"curies":[{"name":"wp","href":"https:\/\/api.w.org\/{rel}","templated":true}]}}