{"id":8551,"date":"2023-12-13T00:41:11","date_gmt":"2023-12-13T00:41:11","guid":{"rendered":"https:\/\/food4animals.nl\/product\/geo-mottenval-houder\/"},"modified":"2026-04-12T01:19:02","modified_gmt":"2026-04-12T00:19:02","slug":"geo-mottenfalle-halter","status":"publish","type":"product","link":"https:\/\/www.food4animals.nl\/de\/produkt\/geo-mottenfalle-halter\/","title":{"rendered":"Geo Mottenfalle Halterung"},"content":{"rendered":"<p><span style=\"font-size: 10pt;\"><strong>\u00dcberwachungsfalle Motten<br \/><\/strong>Diese professionelle Mottenfalle aus Kunststoff wird zur \u00dcberwachung und zum Fang verschiedener Mottenarten verwendet. Die ideale Falle f\u00fcr den Einsatz in der Lebensmittelindustrie, in Lagerr\u00e4umen und Gesch\u00e4ften. Zur \u00dcberwachung und zum Fang von Lebensmittel- oder Kleidermotten wird ein Klebepl\u00e4ttchen in die \u00dcberwachungsfalle eingesetzt. Die M\u00e4nnchen werden durch das spezifische Pheromon angelockt. Die gefangenen M\u00e4nnchen sind nicht mehr in der Lage, die weiblichen Exemplare zu befruchten, und der Lebenszyklus wird unterbrochen.<\/span><\/p>\n<p><span style=\"font-size: 10pt;\">Die Falle kann mit dem flexiblen Haken leicht aufgeh\u00e4ngt oder dauerhaft befestigt werden. Im Querformat ist sie perfekt f\u00fcr die Verwendung mit Tragemotten geeignet.<\/span><\/p>\n<p><span style=\"font-size: 10pt;\"><strong>Passende Leimtafeln<\/strong><\/span><br \/><span style=\"font-size: 10pt;\">- <a href=\"..\/..\/..\/nl\/product\/3216\/16855\/ongediertebestrijding\/voorraadinsecten\/lijmplaat-geo-levensmiddelmot-ephestia-plodia\">GEO Klebeplatte Lebensmittelmotten (INPEP-04077)<br \/><img loading=\"lazy\" decoding=\"async\" src=\"\/imagestream\/stream\/44533\/0\/0\/367\/464\/367\/464\/219\/277\/219\/277\/118\/149\/INPEP-04077_INPEP-04100Groep1.jpg\" width=\"118\" height=\"149\" \/><br \/><\/a><\/span><br \/><span style=\"font-size: 10pt;\">-\u00a0<a href=\"..\/..\/..\/nl\/product\/3216\/16844\/ongediertebestrijding\/voorraadinsecten\/lijmplaat-geo-kleermot-tineola-bisselliella\">GEO Klebepl\u00e4ttchen-T\u00fccher (INPEP-04091)<br \/><img loading=\"lazy\" decoding=\"async\" src=\"\/imagestream\/stream\/44534\/0\/0\/287\/363\/287\/363\/149\/188\/149\/188\/112\/141\/INPEP-04091_INPEP-04100Groep1.jpg\" width=\"112\" height=\"141\" \/><\/a><\/span><\/p>\n<p><span style=\"font-size: 10pt;\"><strong>Anmeldung<br \/><\/strong><\/span><span style=\"font-size: 10pt;\">1 Falle pro 10 m2<\/span><\/p>\n<p><span style=\"font-size: 10pt;\"><strong>Format<\/strong><\/span><br \/><span style=\"font-size: 10pt;\">18,5 x 6,7 x 1,6 cm<\/span><\/p>\n<p><span style=\"font-size: 10pt;\"><strong>Inhalt<\/strong><\/span><br \/><span style=\"font-size: 10pt;\">Satz von 10<\/span><\/p><\/p>","protected":false},"excerpt":{"rendered":"<p>Wird zur \u00dcberwachung und zum Fangen verschiedener Mottenarten verwendet.<\/p>","protected":false},"featured_media":36554,"template":"","meta":{"_acf_changed":false},"product_brand":[],"product_cat":[1310,1196],"product_tag":[1297,1265,1262,1312],"class_list":{"0":"post-8551","1":"product","2":"type-product","3":"status-publish","4":"has-post-thumbnail","6":"product_cat-mot","7":"product_cat-ongedierte","8":"product_tag-horzel","9":"product_tag-hpc","10":"product_tag-lijmvallen","11":"product_tag-mot","12":"tax_brand-hpc","14":"first","15":"instock","16":"taxable","17":"shipping-taxable","18":"purchasable","19":"product-type-simple"},"acf":[],"yoast_head":"<!-- This site is optimized with the Yoast SEO plugin v27.2 - https:\/\/yoast.com\/product\/yoast-seo-wordpress\/ -->\n<title>Geo Mottenval Houder - Food4animals<\/title>\n<meta name=\"robots\" content=\"index, follow, max-snippet:-1, max-image-preview:large, max-video-preview:-1\" \/>\n<link rel=\"canonical\" href=\"https:\/\/www.food4animals.nl\/de\/produkt\/geo-mottenfalle-halter\/\" \/>\n<meta property=\"og:locale\" content=\"de_DE\" \/>\n<meta property=\"og:type\" content=\"article\" \/>\n<meta property=\"og:title\" content=\"Geo Mottenval Houder - Food4animals\" \/>\n<meta property=\"og:description\" content=\"Wordt ingezet voor het monitoren en vangen van diverse soorten motten.\" \/>\n<meta property=\"og:url\" content=\"https:\/\/www.food4animals.nl\/de\/produkt\/geo-mottenfalle-halter\/\" \/>\n<meta property=\"og:site_name\" content=\"Food4animals\" \/>\n<meta property=\"article:publisher\" content=\"https:\/\/www.facebook.com\/p\/Food4animals-100063861676074\/\" \/>\n<meta property=\"article:modified_time\" content=\"2026-04-12T00:19:02+00:00\" \/>\n<meta property=\"og:image\" content=\"https:\/\/www.food4animals.nl\/wp-content\/uploads\/2025\/11\/INPEP-04100.png\" \/>\n\t<meta property=\"og:image:width\" content=\"396\" \/>\n\t<meta property=\"og:image:height\" content=\"979\" \/>\n\t<meta property=\"og:image:type\" content=\"image\/png\" \/>\n<meta name=\"twitter:card\" content=\"summary_large_image\" \/>\n<meta name=\"twitter:site\" content=\"@food4animals\" \/>\n<meta name=\"twitter:label1\" content=\"Gesch\u00e4tzte Lesezeit\" \/>\n\t<meta name=\"twitter:data1\" content=\"1\u00a0Minute\" \/>\n<script type=\"application\/ld+json\" class=\"yoast-schema-graph\">{\"@context\":\"https:\/\/schema.org\",\"@graph\":[{\"@type\":\"WebPage\",\"@id\":\"https:\/\/www.food4animals.nl\/product\/geo-mottenval-houder\/\",\"url\":\"https:\/\/www.food4animals.nl\/product\/geo-mottenval-houder\/\",\"name\":\"Geo Mottenval Houder - Food4animals\",\"isPartOf\":{\"@id\":\"https:\/\/www.food4animals.nl\/en\/#website\"},\"primaryImageOfPage\":{\"@id\":\"https:\/\/www.food4animals.nl\/product\/geo-mottenval-houder\/#primaryimage\"},\"image\":{\"@id\":\"https:\/\/www.food4animals.nl\/product\/geo-mottenval-houder\/#primaryimage\"},\"thumbnailUrl\":\"https:\/\/www.food4animals.nl\/wp-content\/uploads\/2025\/11\/INPEP-04100.png\",\"datePublished\":\"2023-12-13T00:41:11+00:00\",\"dateModified\":\"2026-04-12T00:19:02+00:00\",\"breadcrumb\":{\"@id\":\"https:\/\/www.food4animals.nl\/product\/geo-mottenval-houder\/#breadcrumb\"},\"inLanguage\":\"de\",\"potentialAction\":[{\"@type\":\"ReadAction\",\"target\":[\"https:\/\/www.food4animals.nl\/product\/geo-mottenval-houder\/\"]}]},{\"@type\":\"ImageObject\",\"inLanguage\":\"de\",\"@id\":\"https:\/\/www.food4animals.nl\/product\/geo-mottenval-houder\/#primaryimage\",\"url\":\"https:\/\/www.food4animals.nl\/wp-content\/uploads\/2025\/11\/INPEP-04100.png\",\"contentUrl\":\"https:\/\/www.food4animals.nl\/wp-content\/uploads\/2025\/11\/INPEP-04100.png\",\"width\":396,\"height\":979},{\"@type\":\"BreadcrumbList\",\"@id\":\"https:\/\/www.food4animals.nl\/product\/geo-mottenval-houder\/#breadcrumb\",\"itemListElement\":[{\"@type\":\"ListItem\",\"position\":1,\"name\":\"Home\",\"item\":\"https:\/\/www.food4animals.nl\/\"},{\"@type\":\"ListItem\",\"position\":2,\"name\":\"Winkel\",\"item\":\"https:\/\/www.food4animals.nl\/winkel\/\"},{\"@type\":\"ListItem\",\"position\":3,\"name\":\"Geo Mottenval Houder\"}]},{\"@type\":\"WebSite\",\"@id\":\"https:\/\/www.food4animals.nl\/en\/#website\",\"url\":\"https:\/\/www.food4animals.nl\/en\/\",\"name\":\"Food4animals\",\"description\":\"Alles voor Ruiter en Dier\",\"publisher\":{\"@id\":\"https:\/\/www.food4animals.nl\/en\/#organization\"},\"potentialAction\":[{\"@type\":\"SearchAction\",\"target\":{\"@type\":\"EntryPoint\",\"urlTemplate\":\"https:\/\/www.food4animals.nl\/en\/?s={search_term_string}\"},\"query-input\":{\"@type\":\"PropertyValueSpecification\",\"valueRequired\":true,\"valueName\":\"search_term_string\"}}],\"inLanguage\":\"de\"},{\"@type\":\"Organization\",\"@id\":\"https:\/\/www.food4animals.nl\/en\/#organization\",\"name\":\"Food4animals\",\"url\":\"https:\/\/www.food4animals.nl\/en\/\",\"logo\":{\"@type\":\"ImageObject\",\"inLanguage\":\"de\",\"@id\":\"https:\/\/www.food4animals.nl\/en\/#\/schema\/logo\/image\/\",\"url\":\"https:\/\/www.food4animals.nl\/wp-content\/uploads\/2023\/10\/Logo.svg\",\"contentUrl\":\"https:\/\/www.food4animals.nl\/wp-content\/uploads\/2023\/10\/Logo.svg\",\"width\":1,\"height\":1,\"caption\":\"Food4animals\"},\"image\":{\"@id\":\"https:\/\/www.food4animals.nl\/en\/#\/schema\/logo\/image\/\"},\"sameAs\":[\"https:\/\/www.facebook.com\/p\/Food4animals-100063861676074\/\",\"https:\/\/x.com\/food4animals\"]}]}<\/script>\n<!-- \/ Yoast SEO plugin. -->","yoast_head_json":{"title":"Geo Mottenfalle Halter - Food4animals","robots":{"index":"index","follow":"follow","max-snippet":"max-snippet:-1","max-image-preview":"max-image-preview:large","max-video-preview":"max-video-preview:-1"},"canonical":"https:\/\/www.food4animals.nl\/de\/produkt\/geo-mottenfalle-halter\/","og_locale":"de_DE","og_type":"article","og_title":"Geo Mottenval Houder - Food4animals","og_description":"Wordt ingezet voor het monitoren en vangen van diverse soorten motten.","og_url":"https:\/\/www.food4animals.nl\/de\/produkt\/geo-mottenfalle-halter\/","og_site_name":"Food4animals","article_publisher":"https:\/\/www.facebook.com\/p\/Food4animals-100063861676074\/","article_modified_time":"2026-04-12T00:19:02+00:00","og_image":[{"width":396,"height":979,"url":"https:\/\/www.food4animals.nl\/wp-content\/uploads\/2025\/11\/INPEP-04100.png","type":"image\/png"}],"twitter_card":"summary_large_image","twitter_site":"@food4animals","twitter_misc":{"Gesch\u00e4tzte Lesezeit":"1\u00a0Minute"},"schema":{"@context":"https:\/\/schema.org","@graph":[{"@type":"WebPage","@id":"https:\/\/www.food4animals.nl\/product\/geo-mottenval-houder\/","url":"https:\/\/www.food4animals.nl\/product\/geo-mottenval-houder\/","name":"Geo Mottenfalle Halter - Food4animals","isPartOf":{"@id":"https:\/\/www.food4animals.nl\/en\/#website"},"primaryImageOfPage":{"@id":"https:\/\/www.food4animals.nl\/product\/geo-mottenval-houder\/#primaryimage"},"image":{"@id":"https:\/\/www.food4animals.nl\/product\/geo-mottenval-houder\/#primaryimage"},"thumbnailUrl":"https:\/\/www.food4animals.nl\/wp-content\/uploads\/2025\/11\/INPEP-04100.png","datePublished":"2023-12-13T00:41:11+00:00","dateModified":"2026-04-12T00:19:02+00:00","breadcrumb":{"@id":"https:\/\/www.food4animals.nl\/product\/geo-mottenval-houder\/#breadcrumb"},"inLanguage":"de","potentialAction":[{"@type":"ReadAction","target":["https:\/\/www.food4animals.nl\/product\/geo-mottenval-houder\/"]}]},{"@type":"ImageObject","inLanguage":"de","@id":"https:\/\/www.food4animals.nl\/product\/geo-mottenval-houder\/#primaryimage","url":"https:\/\/www.food4animals.nl\/wp-content\/uploads\/2025\/11\/INPEP-04100.png","contentUrl":"https:\/\/www.food4animals.nl\/wp-content\/uploads\/2025\/11\/INPEP-04100.png","width":396,"height":979},{"@type":"BreadcrumbList","@id":"https:\/\/www.food4animals.nl\/product\/geo-mottenval-houder\/#breadcrumb","itemListElement":[{"@type":"ListItem","position":1,"name":"Home","item":"https:\/\/www.food4animals.nl\/"},{"@type":"ListItem","position":2,"name":"Winkel","item":"https:\/\/www.food4animals.nl\/winkel\/"},{"@type":"ListItem","position":3,"name":"Geo Mottenval Houder"}]},{"@type":"WebSite","@id":"https:\/\/www.food4animals.nl\/en\/#website","url":"https:\/\/www.food4animals.nl\/en\/","name":"Lebensmittel4Tiere","description":"Alles f\u00fcr Reiter und Tier","publisher":{"@id":"https:\/\/www.food4animals.nl\/en\/#organization"},"potentialAction":[{"@type":"SearchAction","target":{"@type":"EntryPoint","urlTemplate":"https:\/\/www.food4animals.nl\/en\/?s={search_term_string}"},"query-input":{"@type":"PropertyValueSpecification","valueRequired":true,"valueName":"search_term_string"}}],"inLanguage":"de"},{"@type":"Organization","@id":"https:\/\/www.food4animals.nl\/en\/#organization","name":"Lebensmittel4Tiere","url":"https:\/\/www.food4animals.nl\/en\/","logo":{"@type":"ImageObject","inLanguage":"de","@id":"https:\/\/www.food4animals.nl\/en\/#\/schema\/logo\/image\/","url":"https:\/\/www.food4animals.nl\/wp-content\/uploads\/2023\/10\/Logo.svg","contentUrl":"https:\/\/www.food4animals.nl\/wp-content\/uploads\/2023\/10\/Logo.svg","width":1,"height":1,"caption":"Food4animals"},"image":{"@id":"https:\/\/www.food4animals.nl\/en\/#\/schema\/logo\/image\/"},"sameAs":["https:\/\/www.facebook.com\/p\/Food4animals-100063861676074\/","https:\/\/x.com\/food4animals"]}]}},"_links":{"self":[{"href":"https:\/\/www.food4animals.nl\/de\/wp-json\/wp\/v2\/product\/8551","targetHints":{"allow":["GET"]}}],"collection":[{"href":"https:\/\/www.food4animals.nl\/de\/wp-json\/wp\/v2\/product"}],"about":[{"href":"https:\/\/www.food4animals.nl\/de\/wp-json\/wp\/v2\/types\/product"}],"wp:featuredmedia":[{"embeddable":true,"href":"https:\/\/www.food4animals.nl\/de\/wp-json\/wp\/v2\/media\/36554"}],"wp:attachment":[{"href":"https:\/\/www.food4animals.nl\/de\/wp-json\/wp\/v2\/media?parent=8551"}],"wp:term":[{"taxonomy":"product_brand","embeddable":true,"href":"https:\/\/www.food4animals.nl\/de\/wp-json\/wp\/v2\/product_brand?post=8551"},{"taxonomy":"product_cat","embeddable":true,"href":"https:\/\/www.food4animals.nl\/de\/wp-json\/wp\/v2\/product_cat?post=8551"},{"taxonomy":"product_tag","embeddable":true,"href":"https:\/\/www.food4animals.nl\/de\/wp-json\/wp\/v2\/product_tag?post=8551"}],"curies":[{"name":"wp","href":"https:\/\/api.w.org\/{rel}","templated":true}]}}