{"id":8593,"date":"2023-12-13T00:42:54","date_gmt":"2023-12-13T00:42:54","guid":{"rendered":"https:\/\/food4animals.nl\/product\/glandex-wipes-75\/"},"modified":"2026-04-30T01:14:31","modified_gmt":"2026-04-30T00:14:31","slug":"glandex-tucher-75","status":"publish","type":"product","link":"https:\/\/www.food4animals.nl\/de\/produkt\/glandex-tucher-75\/","title":{"rendered":"Glandex T\u00fccher 75"},"content":{"rendered":"<p>Glandex Pet Wipes wurden speziell entwickelt, um die Hinterhand von Hunden und Katzen zu reinigen und sauber zu halten. Die T\u00fccher sind ideal f\u00fcr Tier\u00e4rzte, Hundefriseure und Tierhalter. Im Gegensatz zu anderen T\u00fcchern sind die Glandex Pet Wipes sanft genug f\u00fcr den t\u00e4glichen Gebrauch, aber wirksam gegen Schmutz und unerw\u00fcnschte Ger\u00fcche.<\/p>\n<h3>Warum Glandex?<\/h3>\n<p>Glandex-Produkte sind f\u00fcr Haustiere gedacht, die unter Problemen mit den Analdr\u00fcsen leiden. Sie k\u00f6nnen zum Beispiel an Infektionen und\/oder Abszessen leiden und m\u00fcssen deshalb regelm\u00e4\u00dfig zum Tierarzt gehen. Glandex hilft, die Analdr\u00fcsen gesund zu halten.<\/p>\n<h3>Formel<\/h3>\n<p>Die T\u00fccher enthalten Deoplex, ein nat\u00fcrliches, enzymatisches Deodorant, das unerw\u00fcnschte Ger\u00fcche beseitigt und einen frischen Duft hinterl\u00e4sst. Dar\u00fcber hinaus enthalten die T\u00fccher Vitamin E, Aloe Vera, Feuchtigkeitsspender und Hautpflegemittel, die die Haut beruhigen und reparieren. Dadurch eignen sich die T\u00fccher hervorragend zur F\u00f6rderung der t\u00e4glichen Hygiene.<\/p>\n<h3>\u00a0<\/h3>\n<h3>Vorteile<\/h3>\n<ul>\n<li>Einfach zu bedienen<\/li>\n<li>Weich genug f\u00fcr den t\u00e4glichen Gebrauch<\/li>\n<li>Eliminiert unerw\u00fcnschte Ger\u00fcche<\/li>\n<li>Sanft zur Haut<\/li>\n<li>Mit einem nat\u00fcrlichen, enzymatischen Deodorant<\/li>\n<li>Mit Aloe vera, Vitamin E und feuchtigkeitsspendenden und pflegenden Inhaltsstoffen<\/li>\n<li>Hilft bei der Gesunderhaltung der Analdr\u00fcsen<\/li>\n<li>Vom Tierarzt empfohlen und formuliert<\/li>\n<li>Hergestellt aus dickem und weichem Material<\/li>\n<\/ul>\n<p>\u00a0<\/p>\n<h3>Inhalt\u00a0<\/h3>\n<p>75 Einheiten<\/p>","protected":false},"excerpt":{"rendered":"<p>Speziell entwickelt f\u00fcr die Reinigung der Hinterhand von Hunden und Katzen.<\/p>","protected":false},"featured_media":35583,"template":"","meta":{"_acf_changed":false},"product_brand":[],"product_cat":[821,859],"product_tag":[2149,2146,823,2028,1220],"class_list":{"0":"post-8593","1":"product","2":"type-product","3":"status-publish","4":"has-post-thumbnail","6":"product_cat-hond","7":"product_cat-verzorging","8":"product_tag-anaalklier","9":"product_tag-glandex","10":"product_tag-hond","11":"product_tag-hygiene","12":"product_tag-oren","13":"tax_brand-glandex","15":"first","16":"instock","17":"taxable","18":"shipping-taxable","19":"purchasable","20":"product-type-simple"},"acf":[],"yoast_head":"<!-- This site is optimized with the Yoast SEO plugin v27.4 - https:\/\/yoast.com\/product\/yoast-seo-wordpress\/ -->\n<title>Glandex Wipes 75 - Food4animals<\/title>\n<meta name=\"robots\" content=\"index, follow, max-snippet:-1, max-image-preview:large, max-video-preview:-1\" \/>\n<link rel=\"canonical\" href=\"https:\/\/www.food4animals.nl\/de\/produkt\/glandex-tucher-75\/\" \/>\n<meta property=\"og:locale\" content=\"de_DE\" \/>\n<meta property=\"og:type\" content=\"article\" \/>\n<meta property=\"og:title\" content=\"Glandex Wipes 75 - Food4animals\" \/>\n<meta property=\"og:description\" content=\"Speciaal ontwikkeld voor het reinigen van het achterwerk van honden en katten.\" \/>\n<meta property=\"og:url\" content=\"https:\/\/www.food4animals.nl\/de\/produkt\/glandex-tucher-75\/\" \/>\n<meta property=\"og:site_name\" content=\"Food4animals\" \/>\n<meta property=\"article:publisher\" content=\"https:\/\/www.facebook.com\/p\/Food4animals-100063861676074\/\" \/>\n<meta property=\"article:modified_time\" content=\"2026-04-30T00:14:31+00:00\" \/>\n<meta property=\"og:image\" content=\"https:\/\/www.food4animals.nl\/wp-content\/uploads\/2025\/11\/GLAN44986.png\" \/>\n\t<meta property=\"og:image:width\" content=\"476\" \/>\n\t<meta property=\"og:image:height\" content=\"980\" \/>\n\t<meta property=\"og:image:type\" content=\"image\/png\" \/>\n<meta name=\"twitter:card\" content=\"summary_large_image\" \/>\n<meta name=\"twitter:site\" content=\"@food4animals\" \/>\n<meta name=\"twitter:label1\" content=\"Gesch\u00e4tzte Lesezeit\" \/>\n\t<meta name=\"twitter:data1\" content=\"1\u00a0Minute\" \/>\n<script type=\"application\/ld+json\" class=\"yoast-schema-graph\">{\"@context\":\"https:\\\/\\\/schema.org\",\"@graph\":[{\"@type\":\"WebPage\",\"@id\":\"https:\\\/\\\/www.food4animals.nl\\\/product\\\/glandex-wipes-75\\\/\",\"url\":\"https:\\\/\\\/www.food4animals.nl\\\/product\\\/glandex-wipes-75\\\/\",\"name\":\"Glandex Wipes 75 - Food4animals\",\"isPartOf\":{\"@id\":\"https:\\\/\\\/www.food4animals.nl\\\/en\\\/#website\"},\"primaryImageOfPage\":{\"@id\":\"https:\\\/\\\/www.food4animals.nl\\\/product\\\/glandex-wipes-75\\\/#primaryimage\"},\"image\":{\"@id\":\"https:\\\/\\\/www.food4animals.nl\\\/product\\\/glandex-wipes-75\\\/#primaryimage\"},\"thumbnailUrl\":\"https:\\\/\\\/www.food4animals.nl\\\/wp-content\\\/uploads\\\/2025\\\/11\\\/GLAN44986.png\",\"datePublished\":\"2023-12-13T00:42:54+00:00\",\"dateModified\":\"2026-04-30T00:14:31+00:00\",\"breadcrumb\":{\"@id\":\"https:\\\/\\\/www.food4animals.nl\\\/product\\\/glandex-wipes-75\\\/#breadcrumb\"},\"inLanguage\":\"de\",\"potentialAction\":[{\"@type\":\"ReadAction\",\"target\":[\"https:\\\/\\\/www.food4animals.nl\\\/product\\\/glandex-wipes-75\\\/\"]}]},{\"@type\":\"ImageObject\",\"inLanguage\":\"de\",\"@id\":\"https:\\\/\\\/www.food4animals.nl\\\/product\\\/glandex-wipes-75\\\/#primaryimage\",\"url\":\"https:\\\/\\\/www.food4animals.nl\\\/wp-content\\\/uploads\\\/2025\\\/11\\\/GLAN44986.png\",\"contentUrl\":\"https:\\\/\\\/www.food4animals.nl\\\/wp-content\\\/uploads\\\/2025\\\/11\\\/GLAN44986.png\",\"width\":476,\"height\":980},{\"@type\":\"BreadcrumbList\",\"@id\":\"https:\\\/\\\/www.food4animals.nl\\\/product\\\/glandex-wipes-75\\\/#breadcrumb\",\"itemListElement\":[{\"@type\":\"ListItem\",\"position\":1,\"name\":\"Home\",\"item\":\"https:\\\/\\\/www.food4animals.nl\\\/\"},{\"@type\":\"ListItem\",\"position\":2,\"name\":\"Winkel\",\"item\":\"https:\\\/\\\/www.food4animals.nl\\\/winkel\\\/\"},{\"@type\":\"ListItem\",\"position\":3,\"name\":\"Glandex Wipes 75\"}]},{\"@type\":\"WebSite\",\"@id\":\"https:\\\/\\\/www.food4animals.nl\\\/en\\\/#website\",\"url\":\"https:\\\/\\\/www.food4animals.nl\\\/en\\\/\",\"name\":\"Food4animals\",\"description\":\"Alles voor Ruiter en Dier\",\"publisher\":{\"@id\":\"https:\\\/\\\/www.food4animals.nl\\\/en\\\/#organization\"},\"potentialAction\":[{\"@type\":\"SearchAction\",\"target\":{\"@type\":\"EntryPoint\",\"urlTemplate\":\"https:\\\/\\\/www.food4animals.nl\\\/en\\\/?s={search_term_string}\"},\"query-input\":{\"@type\":\"PropertyValueSpecification\",\"valueRequired\":true,\"valueName\":\"search_term_string\"}}],\"inLanguage\":\"de\"},{\"@type\":\"Organization\",\"@id\":\"https:\\\/\\\/www.food4animals.nl\\\/en\\\/#organization\",\"name\":\"Food4animals\",\"url\":\"https:\\\/\\\/www.food4animals.nl\\\/en\\\/\",\"logo\":{\"@type\":\"ImageObject\",\"inLanguage\":\"de\",\"@id\":\"https:\\\/\\\/www.food4animals.nl\\\/en\\\/#\\\/schema\\\/logo\\\/image\\\/\",\"url\":\"https:\\\/\\\/www.food4animals.nl\\\/wp-content\\\/uploads\\\/2023\\\/10\\\/Logo.svg\",\"contentUrl\":\"https:\\\/\\\/www.food4animals.nl\\\/wp-content\\\/uploads\\\/2023\\\/10\\\/Logo.svg\",\"width\":1,\"height\":1,\"caption\":\"Food4animals\"},\"image\":{\"@id\":\"https:\\\/\\\/www.food4animals.nl\\\/en\\\/#\\\/schema\\\/logo\\\/image\\\/\"},\"sameAs\":[\"https:\\\/\\\/www.facebook.com\\\/p\\\/Food4animals-100063861676074\\\/\",\"https:\\\/\\\/x.com\\\/food4animals\"]}]}<\/script>\n<!-- \/ Yoast SEO plugin. -->","yoast_head_json":{"title":"Glandex Wischt\u00fccher 75 - Food4animals","robots":{"index":"index","follow":"follow","max-snippet":"max-snippet:-1","max-image-preview":"max-image-preview:large","max-video-preview":"max-video-preview:-1"},"canonical":"https:\/\/www.food4animals.nl\/de\/produkt\/glandex-tucher-75\/","og_locale":"de_DE","og_type":"article","og_title":"Glandex Wipes 75 - Food4animals","og_description":"Speciaal ontwikkeld voor het reinigen van het achterwerk van honden en katten.","og_url":"https:\/\/www.food4animals.nl\/de\/produkt\/glandex-tucher-75\/","og_site_name":"Food4animals","article_publisher":"https:\/\/www.facebook.com\/p\/Food4animals-100063861676074\/","article_modified_time":"2026-04-30T00:14:31+00:00","og_image":[{"width":476,"height":980,"url":"https:\/\/www.food4animals.nl\/wp-content\/uploads\/2025\/11\/GLAN44986.png","type":"image\/png"}],"twitter_card":"summary_large_image","twitter_site":"@food4animals","twitter_misc":{"Gesch\u00e4tzte Lesezeit":"1\u00a0Minute"},"schema":{"@context":"https:\/\/schema.org","@graph":[{"@type":"WebPage","@id":"https:\/\/www.food4animals.nl\/product\/glandex-wipes-75\/","url":"https:\/\/www.food4animals.nl\/product\/glandex-wipes-75\/","name":"Glandex Wischt\u00fccher 75 - Food4animals","isPartOf":{"@id":"https:\/\/www.food4animals.nl\/en\/#website"},"primaryImageOfPage":{"@id":"https:\/\/www.food4animals.nl\/product\/glandex-wipes-75\/#primaryimage"},"image":{"@id":"https:\/\/www.food4animals.nl\/product\/glandex-wipes-75\/#primaryimage"},"thumbnailUrl":"https:\/\/www.food4animals.nl\/wp-content\/uploads\/2025\/11\/GLAN44986.png","datePublished":"2023-12-13T00:42:54+00:00","dateModified":"2026-04-30T00:14:31+00:00","breadcrumb":{"@id":"https:\/\/www.food4animals.nl\/product\/glandex-wipes-75\/#breadcrumb"},"inLanguage":"de","potentialAction":[{"@type":"ReadAction","target":["https:\/\/www.food4animals.nl\/product\/glandex-wipes-75\/"]}]},{"@type":"ImageObject","inLanguage":"de","@id":"https:\/\/www.food4animals.nl\/product\/glandex-wipes-75\/#primaryimage","url":"https:\/\/www.food4animals.nl\/wp-content\/uploads\/2025\/11\/GLAN44986.png","contentUrl":"https:\/\/www.food4animals.nl\/wp-content\/uploads\/2025\/11\/GLAN44986.png","width":476,"height":980},{"@type":"BreadcrumbList","@id":"https:\/\/www.food4animals.nl\/product\/glandex-wipes-75\/#breadcrumb","itemListElement":[{"@type":"ListItem","position":1,"name":"Home","item":"https:\/\/www.food4animals.nl\/"},{"@type":"ListItem","position":2,"name":"Winkel","item":"https:\/\/www.food4animals.nl\/winkel\/"},{"@type":"ListItem","position":3,"name":"Glandex Wipes 75"}]},{"@type":"WebSite","@id":"https:\/\/www.food4animals.nl\/en\/#website","url":"https:\/\/www.food4animals.nl\/en\/","name":"Lebensmittel4Tiere","description":"Alles f\u00fcr Reiter und Tier","publisher":{"@id":"https:\/\/www.food4animals.nl\/en\/#organization"},"potentialAction":[{"@type":"SearchAction","target":{"@type":"EntryPoint","urlTemplate":"https:\/\/www.food4animals.nl\/en\/?s={search_term_string}"},"query-input":{"@type":"PropertyValueSpecification","valueRequired":true,"valueName":"search_term_string"}}],"inLanguage":"de"},{"@type":"Organization","@id":"https:\/\/www.food4animals.nl\/en\/#organization","name":"Lebensmittel4Tiere","url":"https:\/\/www.food4animals.nl\/en\/","logo":{"@type":"ImageObject","inLanguage":"de","@id":"https:\/\/www.food4animals.nl\/en\/#\/schema\/logo\/image\/","url":"https:\/\/www.food4animals.nl\/wp-content\/uploads\/2023\/10\/Logo.svg","contentUrl":"https:\/\/www.food4animals.nl\/wp-content\/uploads\/2023\/10\/Logo.svg","width":1,"height":1,"caption":"Food4animals"},"image":{"@id":"https:\/\/www.food4animals.nl\/en\/#\/schema\/logo\/image\/"},"sameAs":["https:\/\/www.facebook.com\/p\/Food4animals-100063861676074\/","https:\/\/x.com\/food4animals"]}]}},"_links":{"self":[{"href":"https:\/\/www.food4animals.nl\/de\/wp-json\/wp\/v2\/product\/8593","targetHints":{"allow":["GET"]}}],"collection":[{"href":"https:\/\/www.food4animals.nl\/de\/wp-json\/wp\/v2\/product"}],"about":[{"href":"https:\/\/www.food4animals.nl\/de\/wp-json\/wp\/v2\/types\/product"}],"wp:featuredmedia":[{"embeddable":true,"href":"https:\/\/www.food4animals.nl\/de\/wp-json\/wp\/v2\/media\/35583"}],"wp:attachment":[{"href":"https:\/\/www.food4animals.nl\/de\/wp-json\/wp\/v2\/media?parent=8593"}],"wp:term":[{"taxonomy":"product_brand","embeddable":true,"href":"https:\/\/www.food4animals.nl\/de\/wp-json\/wp\/v2\/product_brand?post=8593"},{"taxonomy":"product_cat","embeddable":true,"href":"https:\/\/www.food4animals.nl\/de\/wp-json\/wp\/v2\/product_cat?post=8593"},{"taxonomy":"product_tag","embeddable":true,"href":"https:\/\/www.food4animals.nl\/de\/wp-json\/wp\/v2\/product_tag?post=8593"}],"curies":[{"name":"wp","href":"https:\/\/api.w.org\/{rel}","templated":true}]}}