{"id":8790,"date":"2023-12-13T00:50:21","date_gmt":"2023-12-13T00:50:21","guid":{"rendered":"https:\/\/food4animals.nl\/product\/halamid-d-4\/"},"modified":"2026-04-11T01:18:56","modified_gmt":"2026-04-11T00:18:56","slug":"halamid-d-4","status":"publish","type":"product","link":"https:\/\/www.food4animals.nl\/de\/produkt\/halamid-d-4\/","title":{"rendered":"Halamid-D"},"content":{"rendered":"<p><span style=\"font-size: 10pt;\"><strong>Halamid-D bek\u00e4mpft Bakterien und Viren in\/auf<\/strong><\/span><br \/>\n<span style=\"font-size: 10pt;\">- Tierhaltung und zugeh\u00f6rige R\u00e4ume.<\/span><br \/>\n<span style=\"font-size: 10pt;\">- Ausr\u00fcstung f\u00fcr den Tiertransport.<\/span><br \/>\n<span style=\"font-size: 10pt;\">- Oberfl\u00e4chen von Schuhen und Werkzeugen, die in Tiergehegen und zugeh\u00f6rigen R\u00e4umen verwendet werden.<\/span><br \/>\n<span style=\"font-size: 10pt;\">- Ger\u00e4te f\u00fcr den Anbau, die Verarbeitung und die Lagerung von Kartoffeln oder Obst und Kartoffelkisten.<\/span><\/p>\n<p><span style=\"font-size: 10pt;\"><strong>Was ist Halamid-D?<br \/>\n<\/strong>Halamid-d ist ein Desinfektionsmittel, das seine Wirksamkeit aus gebundenem Chlor und Sauerstoff bezieht. Es ist das bekannteste Desinfektionsmittel im Tierbereich, etwa in der Intensivtierhaltung, aber auch bei Hobbyz\u00fcchtern. Es ist sehr wirksam bei der Desinfektion von Oberfl\u00e4chen von Transportmitteln und Tierst\u00e4llen. Halamid-d wird in der Landwirtschaft und im Veterin\u00e4rbereich zur Desinfektion von Stiefeln, W\u00e4nden, B\u00f6den, K\u00e4figen usw. verwendet. Das Produkt hat einen hohen Gehalt an stabilem Wirkstoff.<\/span><\/p>\n<div id=\"gusto-985\" class=\"gusto_regular_row\">\n<div class=\"wpb_row vc_row-fluid\">\n<div class=\"small-12 columns\">\n<div class=\"prk_inner_block columns small-centered clearfix\">\n<div class=\"vc_col-sm-12 wpb_column vc_column_container\">\n<div class=\"wpb_wrapper\">\n<div class=\"wpb_text_column wpb_content_element\">\n<div class=\"wpb_wrapper\">\n<p><span style=\"font-size: 10pt;\">Halamid ist wirksam gegen Bakterien, Viren, Pilze, Algen und Hefen.<\/span><br \/>\n<span style=\"font-size: 10pt;\"><a href=\"http:\/\/www.halamid.com\/wp-content\/uploads\/2016\/12\/TB-activity-spectrum-2015.pdf\" target=\"_blank\" rel=\"noopener\">Klicken Sie hier<\/a> f\u00fcr die Liste der \u00fcber 233 verschiedenen Arten, gegen die Halamid wirksam ist. <\/span><\/p>\n<p><span style=\"font-size: 10pt;\">Halamid-D geht mit Mikroorganismen eine chemische Reaktion (eigentlich eine Verbrennungsreaktion) ein. Eine Resistenzbildung ist daher nicht m\u00f6glich. Es bek\u00e4mpft Bakterien, Hefen und Viren. Die St\u00e4rke von Halamid-D ist sein breites Wirkungsspektrum und seine Milde gegen\u00fcber dem Anwender, den Materialien, den Tieren und der Umwelt. Halamid-D wird pro Eimer in Pulverform und mit einem Messl\u00f6ffel geliefert, was eine einfache und genaue Dosierung erm\u00f6glicht. Das Desinfektionsmittel l\u00f6st sich leicht in Wasser auf (maximale Konzentration 10% bei 15\u00b0C). Aufgrund seiner milden Eigenschaften ist Halamid-D nicht korrosiv gegen\u00fcber Metallen und anderen Materialien. Biozide sicher verwenden. Vor Gebrauch stets Kennzeichnung und Produktinformation lesen.<\/span><\/p>\n<p><span style=\"font-size: 10pt;\">F\u00fcr weitere Informationen siehe auch <a href=\"https:\/\/www.halamid.nl\/\" target=\"_blank\" rel=\"noopener\">www.halamid.nl<\/a>.<\/span><\/p>\n<\/div>\n<\/div>\n<\/div>\n<\/div>\n<\/div>\n<\/div>\n<\/div>\n<\/div>\n<p><span style=\"font-size: 10pt;\"><strong>Inhalt<\/strong><\/span><br \/>\n<span style=\"font-size: 10pt;\">HALA0000D: 200 G<\/span><br \/>\n<span style=\"font-size: 10pt;\">HALA0001: 1 KG<\/span><br \/>\n<span style=\"font-size: 10pt;\">HALA0005: 2 KG<\/span><br \/>\n<span style=\"font-size: 10pt;\">HALA0010: 10 KG<\/span><\/p>\n<p><span style=\"font-size: 10pt;\"><strong>Zulassung<br \/>\n<\/strong>Zulassungsnummer: <a href=\"https:\/\/toelatingen.ctgb.nl\/toelating\/?id=618&amp;category=Biocide%20\" target=\"_blank\" rel=\"noopener\">8241 N<\/a><\/span><br \/>\n<span style=\"font-size: 10pt;\">Halamid-D sicher verwenden. Vor Gebrauch stets Kennzeichnung und Produktinformation lesen! F\u00fcr die Anwendung, siehe die <a href=\"https:\/\/ctgb-prd.s3.eu-central-1.amazonaws.com\/c2dea862b92d2316a00e309cfbe007f1_20161183_08241.pdf\" target=\"_blank\" rel=\"noopener\">Rechtliche Hinweise zur Nutzung \/ Gebrauchsanweisung.<\/a><\/span><\/p>\n<p><span style=\"color: #ffffff; font-size: 10pt;\">veipmailing<\/span><\/p>","protected":false},"excerpt":{"rendered":"<p>Halamid-d bestrijdt bacteri\u00ebn en virussen. Ontsmetting en reiniging van dierverblijven en transportmiddelen<\/p>","protected":false},"featured_media":29863,"template":"","meta":{"_acf_changed":false},"product_brand":[],"product_cat":[829,847],"product_tag":[849,1413,2179,1576,851,2180,848,814,855,2182,1710,971],"class_list":{"0":"post-8790","1":"product","2":"type-product","3":"status-publish","4":"has-post-thumbnail","6":"product_cat-paard","7":"product_cat-stal-en-weide","8":"product_tag-behandelkamer","9":"product_tag-dierverblijven","10":"product_tag-halamid","11":"product_tag-ontsmettingsbak-en-mat","12":"product_tag-operatie","13":"product_tag-reinigen-en-ontsmetten-verblijf","14":"product_tag-reiniging-en-ontsmetting","15":"product_tag-rund","16":"product_tag-sanitair","17":"product_tag-trihydraat","18":"product_tag-wachtkamers","19":"product_tag-wit","20":"tax_brand-halamid-d","22":"first","23":"instock","24":"taxable","25":"shipping-taxable","26":"purchasable","27":"product-type-simple"},"acf":[],"yoast_head":"<!-- This site is optimized with the Yoast SEO plugin v27.2 - https:\/\/yoast.com\/product\/yoast-seo-wordpress\/ -->\n<title>Halamid-D - Food4animals<\/title>\n<meta name=\"description\" content=\"Ontsmetting van ruimtes en diertransportmiddelen tijdens ziekte uitbraak. Zeer effectief tegen bacteri\u00ebn en virussen. Niet corrosief op metalen.\" \/>\n<meta name=\"robots\" content=\"index, follow, max-snippet:-1, max-image-preview:large, max-video-preview:-1\" \/>\n<link rel=\"canonical\" href=\"https:\/\/www.food4animals.nl\/de\/produkt\/halamid-d-4\/\" \/>\n<meta property=\"og:locale\" content=\"de_DE\" \/>\n<meta property=\"og:type\" content=\"article\" \/>\n<meta property=\"og:title\" content=\"Halamid-D - Food4animals\" \/>\n<meta property=\"og:description\" content=\"Ontsmetting van ruimtes en diertransportmiddelen tijdens ziekte uitbraak. Zeer effectief tegen bacteri\u00ebn en virussen. Niet corrosief op metalen.\" \/>\n<meta property=\"og:url\" content=\"https:\/\/www.food4animals.nl\/de\/produkt\/halamid-d-4\/\" \/>\n<meta property=\"og:site_name\" content=\"Food4animals\" \/>\n<meta property=\"article:publisher\" content=\"https:\/\/www.facebook.com\/p\/Food4animals-100063861676074\/\" \/>\n<meta property=\"article:modified_time\" content=\"2026-04-11T00:18:56+00:00\" \/>\n<meta property=\"og:image\" content=\"https:\/\/www.food4animals.nl\/wp-content\/uploads\/2023\/12\/Halamid-D-1.jpg\" \/>\n\t<meta property=\"og:image:width\" content=\"1024\" \/>\n\t<meta property=\"og:image:height\" content=\"855\" \/>\n\t<meta property=\"og:image:type\" content=\"image\/jpeg\" \/>\n<meta name=\"twitter:card\" content=\"summary_large_image\" \/>\n<meta name=\"twitter:site\" content=\"@food4animals\" \/>\n<meta name=\"twitter:label1\" content=\"Gesch\u00e4tzte Lesezeit\" \/>\n\t<meta name=\"twitter:data1\" content=\"2\u00a0Minuten\" \/>\n<script type=\"application\/ld+json\" class=\"yoast-schema-graph\">{\"@context\":\"https:\/\/schema.org\",\"@graph\":[{\"@type\":\"WebPage\",\"@id\":\"https:\/\/www.food4animals.nl\/product\/halamid-d-4\/\",\"url\":\"https:\/\/www.food4animals.nl\/product\/halamid-d-4\/\",\"name\":\"Halamid-D - Food4animals\",\"isPartOf\":{\"@id\":\"https:\/\/www.food4animals.nl\/en\/#website\"},\"primaryImageOfPage\":{\"@id\":\"https:\/\/www.food4animals.nl\/product\/halamid-d-4\/#primaryimage\"},\"image\":{\"@id\":\"https:\/\/www.food4animals.nl\/product\/halamid-d-4\/#primaryimage\"},\"thumbnailUrl\":\"https:\/\/www.food4animals.nl\/wp-content\/uploads\/2023\/12\/Halamid-D-1.jpg\",\"datePublished\":\"2023-12-13T00:50:21+00:00\",\"dateModified\":\"2026-04-11T00:18:56+00:00\",\"description\":\"Ontsmetting van ruimtes en diertransportmiddelen tijdens ziekte uitbraak. Zeer effectief tegen bacteri\u00ebn en virussen. Niet corrosief op metalen.\",\"breadcrumb\":{\"@id\":\"https:\/\/www.food4animals.nl\/product\/halamid-d-4\/#breadcrumb\"},\"inLanguage\":\"de\",\"potentialAction\":[{\"@type\":\"ReadAction\",\"target\":[\"https:\/\/www.food4animals.nl\/product\/halamid-d-4\/\"]}]},{\"@type\":\"ImageObject\",\"inLanguage\":\"de\",\"@id\":\"https:\/\/www.food4animals.nl\/product\/halamid-d-4\/#primaryimage\",\"url\":\"https:\/\/www.food4animals.nl\/wp-content\/uploads\/2023\/12\/Halamid-D-1.jpg\",\"contentUrl\":\"https:\/\/www.food4animals.nl\/wp-content\/uploads\/2023\/12\/Halamid-D-1.jpg\",\"width\":1024,\"height\":855,\"caption\":\"Halamid-D, ontsmetting ruimte\"},{\"@type\":\"BreadcrumbList\",\"@id\":\"https:\/\/www.food4animals.nl\/product\/halamid-d-4\/#breadcrumb\",\"itemListElement\":[{\"@type\":\"ListItem\",\"position\":1,\"name\":\"Home\",\"item\":\"https:\/\/www.food4animals.nl\/\"},{\"@type\":\"ListItem\",\"position\":2,\"name\":\"Winkel\",\"item\":\"https:\/\/www.food4animals.nl\/winkel\/\"},{\"@type\":\"ListItem\",\"position\":3,\"name\":\"Halamid-D\"}]},{\"@type\":\"WebSite\",\"@id\":\"https:\/\/www.food4animals.nl\/en\/#website\",\"url\":\"https:\/\/www.food4animals.nl\/en\/\",\"name\":\"Food4animals\",\"description\":\"Alles voor Ruiter en Dier\",\"publisher\":{\"@id\":\"https:\/\/www.food4animals.nl\/en\/#organization\"},\"potentialAction\":[{\"@type\":\"SearchAction\",\"target\":{\"@type\":\"EntryPoint\",\"urlTemplate\":\"https:\/\/www.food4animals.nl\/en\/?s={search_term_string}\"},\"query-input\":{\"@type\":\"PropertyValueSpecification\",\"valueRequired\":true,\"valueName\":\"search_term_string\"}}],\"inLanguage\":\"de\"},{\"@type\":\"Organization\",\"@id\":\"https:\/\/www.food4animals.nl\/en\/#organization\",\"name\":\"Food4animals\",\"url\":\"https:\/\/www.food4animals.nl\/en\/\",\"logo\":{\"@type\":\"ImageObject\",\"inLanguage\":\"de\",\"@id\":\"https:\/\/www.food4animals.nl\/en\/#\/schema\/logo\/image\/\",\"url\":\"https:\/\/www.food4animals.nl\/wp-content\/uploads\/2023\/10\/Logo.svg\",\"contentUrl\":\"https:\/\/www.food4animals.nl\/wp-content\/uploads\/2023\/10\/Logo.svg\",\"width\":1,\"height\":1,\"caption\":\"Food4animals\"},\"image\":{\"@id\":\"https:\/\/www.food4animals.nl\/en\/#\/schema\/logo\/image\/\"},\"sameAs\":[\"https:\/\/www.facebook.com\/p\/Food4animals-100063861676074\/\",\"https:\/\/x.com\/food4animals\"]}]}<\/script>\n<!-- \/ Yoast SEO plugin. -->","yoast_head_json":{"title":"Halamid-D - Lebensmittel4Tiere","description":"Ontsmetting van ruimtes en diertransportmiddelen tijdens ziekte uitbraak. Zeer effectief tegen bacteri\u00ebn en virussen. Niet corrosief op metalen.","robots":{"index":"index","follow":"follow","max-snippet":"max-snippet:-1","max-image-preview":"max-image-preview:large","max-video-preview":"max-video-preview:-1"},"canonical":"https:\/\/www.food4animals.nl\/de\/produkt\/halamid-d-4\/","og_locale":"de_DE","og_type":"article","og_title":"Halamid-D - Food4animals","og_description":"Ontsmetting van ruimtes en diertransportmiddelen tijdens ziekte uitbraak. Zeer effectief tegen bacteri\u00ebn en virussen. Niet corrosief op metalen.","og_url":"https:\/\/www.food4animals.nl\/de\/produkt\/halamid-d-4\/","og_site_name":"Food4animals","article_publisher":"https:\/\/www.facebook.com\/p\/Food4animals-100063861676074\/","article_modified_time":"2026-04-11T00:18:56+00:00","og_image":[{"width":1024,"height":855,"url":"https:\/\/www.food4animals.nl\/wp-content\/uploads\/2023\/12\/Halamid-D-1.jpg","type":"image\/jpeg"}],"twitter_card":"summary_large_image","twitter_site":"@food4animals","twitter_misc":{"Gesch\u00e4tzte Lesezeit":"2\u00a0Minuten"},"schema":{"@context":"https:\/\/schema.org","@graph":[{"@type":"WebPage","@id":"https:\/\/www.food4animals.nl\/product\/halamid-d-4\/","url":"https:\/\/www.food4animals.nl\/product\/halamid-d-4\/","name":"Halamid-D - Lebensmittel4Tiere","isPartOf":{"@id":"https:\/\/www.food4animals.nl\/en\/#website"},"primaryImageOfPage":{"@id":"https:\/\/www.food4animals.nl\/product\/halamid-d-4\/#primaryimage"},"image":{"@id":"https:\/\/www.food4animals.nl\/product\/halamid-d-4\/#primaryimage"},"thumbnailUrl":"https:\/\/www.food4animals.nl\/wp-content\/uploads\/2023\/12\/Halamid-D-1.jpg","datePublished":"2023-12-13T00:50:21+00:00","dateModified":"2026-04-11T00:18:56+00:00","description":"Ontsmetting van ruimtes en diertransportmiddelen tijdens ziekte uitbraak. Zeer effectief tegen bacteri\u00ebn en virussen. Niet corrosief op metalen.","breadcrumb":{"@id":"https:\/\/www.food4animals.nl\/product\/halamid-d-4\/#breadcrumb"},"inLanguage":"de","potentialAction":[{"@type":"ReadAction","target":["https:\/\/www.food4animals.nl\/product\/halamid-d-4\/"]}]},{"@type":"ImageObject","inLanguage":"de","@id":"https:\/\/www.food4animals.nl\/product\/halamid-d-4\/#primaryimage","url":"https:\/\/www.food4animals.nl\/wp-content\/uploads\/2023\/12\/Halamid-D-1.jpg","contentUrl":"https:\/\/www.food4animals.nl\/wp-content\/uploads\/2023\/12\/Halamid-D-1.jpg","width":1024,"height":855,"caption":"Halamid-D, ontsmetting ruimte"},{"@type":"BreadcrumbList","@id":"https:\/\/www.food4animals.nl\/product\/halamid-d-4\/#breadcrumb","itemListElement":[{"@type":"ListItem","position":1,"name":"Home","item":"https:\/\/www.food4animals.nl\/"},{"@type":"ListItem","position":2,"name":"Winkel","item":"https:\/\/www.food4animals.nl\/winkel\/"},{"@type":"ListItem","position":3,"name":"Halamid-D"}]},{"@type":"WebSite","@id":"https:\/\/www.food4animals.nl\/en\/#website","url":"https:\/\/www.food4animals.nl\/en\/","name":"Lebensmittel4Tiere","description":"Alles f\u00fcr Reiter und Tier","publisher":{"@id":"https:\/\/www.food4animals.nl\/en\/#organization"},"potentialAction":[{"@type":"SearchAction","target":{"@type":"EntryPoint","urlTemplate":"https:\/\/www.food4animals.nl\/en\/?s={search_term_string}"},"query-input":{"@type":"PropertyValueSpecification","valueRequired":true,"valueName":"search_term_string"}}],"inLanguage":"de"},{"@type":"Organization","@id":"https:\/\/www.food4animals.nl\/en\/#organization","name":"Lebensmittel4Tiere","url":"https:\/\/www.food4animals.nl\/en\/","logo":{"@type":"ImageObject","inLanguage":"de","@id":"https:\/\/www.food4animals.nl\/en\/#\/schema\/logo\/image\/","url":"https:\/\/www.food4animals.nl\/wp-content\/uploads\/2023\/10\/Logo.svg","contentUrl":"https:\/\/www.food4animals.nl\/wp-content\/uploads\/2023\/10\/Logo.svg","width":1,"height":1,"caption":"Food4animals"},"image":{"@id":"https:\/\/www.food4animals.nl\/en\/#\/schema\/logo\/image\/"},"sameAs":["https:\/\/www.facebook.com\/p\/Food4animals-100063861676074\/","https:\/\/x.com\/food4animals"]}]}},"_links":{"self":[{"href":"https:\/\/www.food4animals.nl\/de\/wp-json\/wp\/v2\/product\/8790","targetHints":{"allow":["GET"]}}],"collection":[{"href":"https:\/\/www.food4animals.nl\/de\/wp-json\/wp\/v2\/product"}],"about":[{"href":"https:\/\/www.food4animals.nl\/de\/wp-json\/wp\/v2\/types\/product"}],"wp:featuredmedia":[{"embeddable":true,"href":"https:\/\/www.food4animals.nl\/de\/wp-json\/wp\/v2\/media\/29863"}],"wp:attachment":[{"href":"https:\/\/www.food4animals.nl\/de\/wp-json\/wp\/v2\/media?parent=8790"}],"wp:term":[{"taxonomy":"product_brand","embeddable":true,"href":"https:\/\/www.food4animals.nl\/de\/wp-json\/wp\/v2\/product_brand?post=8790"},{"taxonomy":"product_cat","embeddable":true,"href":"https:\/\/www.food4animals.nl\/de\/wp-json\/wp\/v2\/product_cat?post=8790"},{"taxonomy":"product_tag","embeddable":true,"href":"https:\/\/www.food4animals.nl\/de\/wp-json\/wp\/v2\/product_tag?post=8790"}],"curies":[{"name":"wp","href":"https:\/\/api.w.org\/{rel}","templated":true}]}}