{"id":9023,"date":"2023-12-13T01:00:54","date_gmt":"2023-12-13T01:00:54","guid":{"rendered":"https:\/\/food4animals.nl\/product\/hd-dog-bed-xl\/"},"modified":"2026-04-07T01:24:41","modified_gmt":"2026-04-07T00:24:41","slug":"hd-dog-bed-xl","status":"publish","type":"product","link":"https:\/\/www.food4animals.nl\/de\/produkt\/hd-dog-bed-xl\/","title":{"rendered":"HD Dog Bed XL"},"content":{"rendered":"<p><strong>HD Orthopedisch hondenbed. (HD=Heupdysplasie)<\/strong><\/p>\n<p>\u00a0Last van gewrichten of spieren? Of wilt u deze problemen juist voorkomen?<\/p>\n<p><strong>Dan is dit het juiste bed voor de hond.<\/p>\n<p>Gewrichtsproblemen<\/strong><\/p>\n<p>Dit orthopedische hondenbed is bijzonder geschikt voor honden met gewrichtsproblemen, artrose of ouderdomsverschijnselen. Bovendien heeft het bed een preventieve werking om deze problemen te voorkomen.<br \/>HD en ED zijn aandoeningen, die veel voorkomen.<\/p>\n<p><strong>Memory foam<\/strong><\/p>\n<p>Bovenop de normale schuimrubberen vulling zijn deze orthopedische hondenbedden voorzien van een 3 cm dikke laag memory foam. Dit zorgt ervoor dat het lichaamsgewicht van uw hond vele malen beter wordt verdeeld over het hele hondenbed. Kenmerkend voor deze bedden is het feit dat de memory foam zich naadloos aanpast aan de lichaamsvormen van uw hond. Hierdoor worden de gewrichten van uw hond volledig ontlast wat de gesteldheid van uw hond aanzienlijk zal verbeteren. Wanneer uw hond het hondenbed verlaat krijgt het bed zijn eigenlijke vormen weer terug.<\/p>\n<p><strong>Pu-leder<\/strong><\/p>\n<p>Het HD Dogbed is omkleed met de beste kwaliteit pu-leder, een hoogwaardig kunstleer. Dit houdt de lichaamswarmte van uw hond veel beter vast. Het schoonmaken van dit hondenbed is een fluitje van een cent. Neem het soepele pu-leder is simpel en snel af met een vochtige doek en uw hondenbed is weer schoon. Vieze luchtjes behoren tot de verleden tijd! Deze cover van het bed is volledig waterafstotend.\u00a0 Deze hondenbedden bieden ook een oplossing voor oudere incontinente honden of pups en jonge honden die nog niet (volledig) volledig zindelijk zijn. Ook maken vlooien en teken geen kans omdat ze zich niet kunnen nestelen in het bed. Dit kan wel voorkomen bij normale hondenkussens.<\/p>\n<p><strong>Allergie\u00ebn (stof\/huisstofmijt)<\/strong><\/p>\n<p>Doordat de hoes van de HD-Dogbed gemaakt is van duurzaam PU leder is dit het aangewezen kussen voor mensen of dieren die problemen hebben met allergie\u00ebn. Simpelweg omdat stof, huisstofmijt, vlooien, etc. zich niet in dit kussen kunnen nestelen. De cover is voorzien van een rits en is met de hand uitwasbaar.<\/p>\n<p><strong>Format<br \/><\/strong><strong>KUSS040:\u00a0<\/strong>55 x 80 cm (KUSS040)<br \/>Geeignet f\u00fcr kleine Hunde mit einem Gewicht von 0-10 kg: Chihuahua, Zwergdackel, Dackel, Malteser, Cavalier king charles spaniel.<br \/><strong>KUSS041:\u00a0<\/strong>75 x 100 cm (KUSS041)<br \/>Geeignet f\u00fcr mittelgro\u00dfe Hunde mit einem Gewicht von 10-20 kg: Franz\u00f6sische Bulldogge, Border Collie, Friesischer Sch\u00e4ferhund.<br \/><strong>KUSS042:<\/strong>\u00a090 x 125 cm (KUSS042)<br \/>Geeignet f\u00fcr gro\u00dfe Hunde 20-40 kg: Golden Retriever, Labrador, Deutscher Sch\u00e4ferhund, Dalmatiner.<br \/><strong>KUSS043:<\/strong>\u00a0100 x 150 cm (KUSS043)<br \/>Geeignet f\u00fcr extragro\u00dfe Hunde mit einem Gewicht von 40 bis 80 kg: Rottweiler, Berner Sennenhund, Bernhardiner, Boerboel, Deutsche Dogge.<\/p>\n<p>\u00a0<\/p>\n<p><span style=\"color: #000000; font-size: 12px;\"><strong>HD Dogbed is d\u00e9 oplossing om spier- en gewrichtspijn bij uw hond tegen te gaan!<\/p>\n<p><a href=\"nl\/product\/2228\/12349\/hond\/manden-kussens-matten\/hd-cover-for-hd-dogbed-55x80cm\" target=\"_blank\" rel=\"noopener\">Bekijk ook HD Dogbed Covers.<\/a><\/strong><\/span><\/p>","protected":false},"excerpt":{"rendered":"<p>HD Orthopedisch hondenbed. (HD=Heupdysplasie) Ontlast gewrichten en spieren.<\/p>","protected":false},"featured_media":38674,"template":"","meta":{"_acf_changed":false},"product_brand":[],"product_cat":[821,929],"product_tag":[1779,2221,917,2220,823,1054],"class_list":{"0":"post-9023","1":"product","2":"type-product","3":"status-publish","4":"has-post-thumbnail","6":"product_cat-hond","7":"product_cat-kussens-en-transport","8":"product_tag-foam","9":"product_tag-gewrichten-hd","10":"product_tag-grijs","11":"product_tag-hd-dog-bed","12":"product_tag-hond","13":"product_tag-xl","14":"tax_brand-holland-animal-care","16":"first","17":"instock","18":"taxable","19":"shipping-taxable","20":"purchasable","21":"product-type-simple"},"acf":[],"yoast_head":"<!-- This site is optimized with the Yoast SEO plugin v27.2 - https:\/\/yoast.com\/product\/yoast-seo-wordpress\/ -->\n<title>HD Dog Bed XL - Food4animals<\/title>\n<meta name=\"robots\" content=\"index, follow, max-snippet:-1, max-image-preview:large, max-video-preview:-1\" \/>\n<link rel=\"canonical\" href=\"https:\/\/www.food4animals.nl\/de\/produkt\/hd-dog-bed-xl\/\" \/>\n<meta property=\"og:locale\" content=\"de_DE\" \/>\n<meta property=\"og:type\" content=\"article\" \/>\n<meta property=\"og:title\" content=\"HD Dog Bed XL - Food4animals\" \/>\n<meta property=\"og:description\" content=\"HD Orthopedisch hondenbed. (HD=Heupdysplasie) Ontlast gewrichten en spieren.\" \/>\n<meta property=\"og:url\" content=\"https:\/\/www.food4animals.nl\/de\/produkt\/hd-dog-bed-xl\/\" \/>\n<meta property=\"og:site_name\" content=\"Food4animals\" \/>\n<meta property=\"article:publisher\" content=\"https:\/\/www.facebook.com\/p\/Food4animals-100063861676074\/\" \/>\n<meta property=\"article:modified_time\" content=\"2026-04-07T00:24:41+00:00\" \/>\n<meta property=\"og:image\" content=\"https:\/\/www.food4animals.nl\/wp-content\/uploads\/2025\/11\/KUSS043-scaled.png\" \/>\n\t<meta property=\"og:image:width\" content=\"2560\" \/>\n\t<meta property=\"og:image:height\" content=\"888\" \/>\n\t<meta property=\"og:image:type\" content=\"image\/png\" \/>\n<meta name=\"twitter:card\" content=\"summary_large_image\" \/>\n<meta name=\"twitter:site\" content=\"@food4animals\" \/>\n<meta name=\"twitter:label1\" content=\"Gesch\u00e4tzte Lesezeit\" \/>\n\t<meta name=\"twitter:data1\" content=\"2\u00a0Minuten\" \/>\n<script type=\"application\/ld+json\" class=\"yoast-schema-graph\">{\"@context\":\"https:\/\/schema.org\",\"@graph\":[{\"@type\":\"WebPage\",\"@id\":\"https:\/\/www.food4animals.nl\/product\/hd-dog-bed-xl\/\",\"url\":\"https:\/\/www.food4animals.nl\/product\/hd-dog-bed-xl\/\",\"name\":\"HD Dog Bed XL - Food4animals\",\"isPartOf\":{\"@id\":\"https:\/\/www.food4animals.nl\/en\/#website\"},\"primaryImageOfPage\":{\"@id\":\"https:\/\/www.food4animals.nl\/product\/hd-dog-bed-xl\/#primaryimage\"},\"image\":{\"@id\":\"https:\/\/www.food4animals.nl\/product\/hd-dog-bed-xl\/#primaryimage\"},\"thumbnailUrl\":\"https:\/\/www.food4animals.nl\/wp-content\/uploads\/2025\/11\/KUSS043-scaled.png\",\"datePublished\":\"2023-12-13T01:00:54+00:00\",\"dateModified\":\"2026-04-07T00:24:41+00:00\",\"breadcrumb\":{\"@id\":\"https:\/\/www.food4animals.nl\/product\/hd-dog-bed-xl\/#breadcrumb\"},\"inLanguage\":\"de\",\"potentialAction\":[{\"@type\":\"ReadAction\",\"target\":[\"https:\/\/www.food4animals.nl\/product\/hd-dog-bed-xl\/\"]}]},{\"@type\":\"ImageObject\",\"inLanguage\":\"de\",\"@id\":\"https:\/\/www.food4animals.nl\/product\/hd-dog-bed-xl\/#primaryimage\",\"url\":\"https:\/\/www.food4animals.nl\/wp-content\/uploads\/2025\/11\/KUSS043-scaled.png\",\"contentUrl\":\"https:\/\/www.food4animals.nl\/wp-content\/uploads\/2025\/11\/KUSS043-scaled.png\",\"width\":2560,\"height\":888},{\"@type\":\"BreadcrumbList\",\"@id\":\"https:\/\/www.food4animals.nl\/product\/hd-dog-bed-xl\/#breadcrumb\",\"itemListElement\":[{\"@type\":\"ListItem\",\"position\":1,\"name\":\"Home\",\"item\":\"https:\/\/www.food4animals.nl\/\"},{\"@type\":\"ListItem\",\"position\":2,\"name\":\"Winkel\",\"item\":\"https:\/\/www.food4animals.nl\/winkel\/\"},{\"@type\":\"ListItem\",\"position\":3,\"name\":\"HD Dog Bed XL\"}]},{\"@type\":\"WebSite\",\"@id\":\"https:\/\/www.food4animals.nl\/en\/#website\",\"url\":\"https:\/\/www.food4animals.nl\/en\/\",\"name\":\"Food4animals\",\"description\":\"Alles voor Ruiter en Dier\",\"publisher\":{\"@id\":\"https:\/\/www.food4animals.nl\/en\/#organization\"},\"potentialAction\":[{\"@type\":\"SearchAction\",\"target\":{\"@type\":\"EntryPoint\",\"urlTemplate\":\"https:\/\/www.food4animals.nl\/en\/?s={search_term_string}\"},\"query-input\":{\"@type\":\"PropertyValueSpecification\",\"valueRequired\":true,\"valueName\":\"search_term_string\"}}],\"inLanguage\":\"de\"},{\"@type\":\"Organization\",\"@id\":\"https:\/\/www.food4animals.nl\/en\/#organization\",\"name\":\"Food4animals\",\"url\":\"https:\/\/www.food4animals.nl\/en\/\",\"logo\":{\"@type\":\"ImageObject\",\"inLanguage\":\"de\",\"@id\":\"https:\/\/www.food4animals.nl\/en\/#\/schema\/logo\/image\/\",\"url\":\"https:\/\/www.food4animals.nl\/wp-content\/uploads\/2023\/10\/Logo.svg\",\"contentUrl\":\"https:\/\/www.food4animals.nl\/wp-content\/uploads\/2023\/10\/Logo.svg\",\"width\":1,\"height\":1,\"caption\":\"Food4animals\"},\"image\":{\"@id\":\"https:\/\/www.food4animals.nl\/en\/#\/schema\/logo\/image\/\"},\"sameAs\":[\"https:\/\/www.facebook.com\/p\/Food4animals-100063861676074\/\",\"https:\/\/x.com\/food4animals\"]}]}<\/script>\n<!-- \/ Yoast SEO plugin. -->","yoast_head_json":{"title":"HD Dog Bed XL - Food4animals","robots":{"index":"index","follow":"follow","max-snippet":"max-snippet:-1","max-image-preview":"max-image-preview:large","max-video-preview":"max-video-preview:-1"},"canonical":"https:\/\/www.food4animals.nl\/de\/produkt\/hd-dog-bed-xl\/","og_locale":"de_DE","og_type":"article","og_title":"HD Dog Bed XL - Food4animals","og_description":"HD Orthopedisch hondenbed. (HD=Heupdysplasie) Ontlast gewrichten en spieren.","og_url":"https:\/\/www.food4animals.nl\/de\/produkt\/hd-dog-bed-xl\/","og_site_name":"Food4animals","article_publisher":"https:\/\/www.facebook.com\/p\/Food4animals-100063861676074\/","article_modified_time":"2026-04-07T00:24:41+00:00","og_image":[{"width":2560,"height":888,"url":"https:\/\/www.food4animals.nl\/wp-content\/uploads\/2025\/11\/KUSS043-scaled.png","type":"image\/png"}],"twitter_card":"summary_large_image","twitter_site":"@food4animals","twitter_misc":{"Gesch\u00e4tzte Lesezeit":"2\u00a0Minuten"},"schema":{"@context":"https:\/\/schema.org","@graph":[{"@type":"WebPage","@id":"https:\/\/www.food4animals.nl\/product\/hd-dog-bed-xl\/","url":"https:\/\/www.food4animals.nl\/product\/hd-dog-bed-xl\/","name":"HD Dog Bed XL - Food4animals","isPartOf":{"@id":"https:\/\/www.food4animals.nl\/en\/#website"},"primaryImageOfPage":{"@id":"https:\/\/www.food4animals.nl\/product\/hd-dog-bed-xl\/#primaryimage"},"image":{"@id":"https:\/\/www.food4animals.nl\/product\/hd-dog-bed-xl\/#primaryimage"},"thumbnailUrl":"https:\/\/www.food4animals.nl\/wp-content\/uploads\/2025\/11\/KUSS043-scaled.png","datePublished":"2023-12-13T01:00:54+00:00","dateModified":"2026-04-07T00:24:41+00:00","breadcrumb":{"@id":"https:\/\/www.food4animals.nl\/product\/hd-dog-bed-xl\/#breadcrumb"},"inLanguage":"de","potentialAction":[{"@type":"ReadAction","target":["https:\/\/www.food4animals.nl\/product\/hd-dog-bed-xl\/"]}]},{"@type":"ImageObject","inLanguage":"de","@id":"https:\/\/www.food4animals.nl\/product\/hd-dog-bed-xl\/#primaryimage","url":"https:\/\/www.food4animals.nl\/wp-content\/uploads\/2025\/11\/KUSS043-scaled.png","contentUrl":"https:\/\/www.food4animals.nl\/wp-content\/uploads\/2025\/11\/KUSS043-scaled.png","width":2560,"height":888},{"@type":"BreadcrumbList","@id":"https:\/\/www.food4animals.nl\/product\/hd-dog-bed-xl\/#breadcrumb","itemListElement":[{"@type":"ListItem","position":1,"name":"Home","item":"https:\/\/www.food4animals.nl\/"},{"@type":"ListItem","position":2,"name":"Winkel","item":"https:\/\/www.food4animals.nl\/winkel\/"},{"@type":"ListItem","position":3,"name":"HD Dog Bed XL"}]},{"@type":"WebSite","@id":"https:\/\/www.food4animals.nl\/en\/#website","url":"https:\/\/www.food4animals.nl\/en\/","name":"Lebensmittel4Tiere","description":"Alles f\u00fcr Reiter und Tier","publisher":{"@id":"https:\/\/www.food4animals.nl\/en\/#organization"},"potentialAction":[{"@type":"SearchAction","target":{"@type":"EntryPoint","urlTemplate":"https:\/\/www.food4animals.nl\/en\/?s={search_term_string}"},"query-input":{"@type":"PropertyValueSpecification","valueRequired":true,"valueName":"search_term_string"}}],"inLanguage":"de"},{"@type":"Organization","@id":"https:\/\/www.food4animals.nl\/en\/#organization","name":"Lebensmittel4Tiere","url":"https:\/\/www.food4animals.nl\/en\/","logo":{"@type":"ImageObject","inLanguage":"de","@id":"https:\/\/www.food4animals.nl\/en\/#\/schema\/logo\/image\/","url":"https:\/\/www.food4animals.nl\/wp-content\/uploads\/2023\/10\/Logo.svg","contentUrl":"https:\/\/www.food4animals.nl\/wp-content\/uploads\/2023\/10\/Logo.svg","width":1,"height":1,"caption":"Food4animals"},"image":{"@id":"https:\/\/www.food4animals.nl\/en\/#\/schema\/logo\/image\/"},"sameAs":["https:\/\/www.facebook.com\/p\/Food4animals-100063861676074\/","https:\/\/x.com\/food4animals"]}]}},"_links":{"self":[{"href":"https:\/\/www.food4animals.nl\/de\/wp-json\/wp\/v2\/product\/9023","targetHints":{"allow":["GET"]}}],"collection":[{"href":"https:\/\/www.food4animals.nl\/de\/wp-json\/wp\/v2\/product"}],"about":[{"href":"https:\/\/www.food4animals.nl\/de\/wp-json\/wp\/v2\/types\/product"}],"wp:featuredmedia":[{"embeddable":true,"href":"https:\/\/www.food4animals.nl\/de\/wp-json\/wp\/v2\/media\/38674"}],"wp:attachment":[{"href":"https:\/\/www.food4animals.nl\/de\/wp-json\/wp\/v2\/media?parent=9023"}],"wp:term":[{"taxonomy":"product_brand","embeddable":true,"href":"https:\/\/www.food4animals.nl\/de\/wp-json\/wp\/v2\/product_brand?post=9023"},{"taxonomy":"product_cat","embeddable":true,"href":"https:\/\/www.food4animals.nl\/de\/wp-json\/wp\/v2\/product_cat?post=9023"},{"taxonomy":"product_tag","embeddable":true,"href":"https:\/\/www.food4animals.nl\/de\/wp-json\/wp\/v2\/product_tag?post=9023"}],"curies":[{"name":"wp","href":"https:\/\/api.w.org\/{rel}","templated":true}]}}