{"id":9103,"date":"2023-12-13T01:03:53","date_gmt":"2023-12-13T01:03:53","guid":{"rendered":"https:\/\/food4animals.nl\/product\/hi-gloss-shampoo-apple\/"},"modified":"2026-05-02T01:18:14","modified_gmt":"2026-05-02T00:18:14","slug":"hi-gloss-shampoo-apple","status":"publish","type":"product","link":"https:\/\/www.food4animals.nl\/de\/produkt\/hi-gloss-shampoo-apple\/","title":{"rendered":"Hi Gloss Shampoo Apfel"},"content":{"rendered":"<h2><span style=\"font-size: 10pt;\"><strong>Sterk reinigende en verzorgende shampoo met heerlijke appelgeur voor paarden.<\/strong> <\/span><\/h2>\n<p><span style=\"font-size: 10pt;\">Deze shampoo bevat conditioner voor optimale verzorging van vacht, staart en manen.<\/span><\/p>\n<p><span style=\"font-size: 10pt;\"><strong>Tensiden zijn een van de redenen waarom steeds meer mensen kiezen voor Hi Gloss Shampoo:<br \/><\/strong><\/span><span style=\"font-size: 10pt;\">Unser Shampoo enth\u00e4lt einzigartige Tenside, die die Reparaturf\u00e4higkeit der Haut unterst\u00fctzen. Tenside sind wachsartige Substanzen, die die Hornschicht der Haut aufrechterhalten k\u00f6nnen, wodurch die Oberfl\u00e4chenspannung des Wassers aufgehoben wird und sich Fett und Schmutz besser von der Haut und dem Fell l\u00f6sen k\u00f6nnen. <br \/>Das Ergebnis ist eine gr\u00fcndliche Reinigung und ein einmalig gl\u00e4nzendes Fell!<\/span><\/p>\n<p><span style=\"font-size: 10pt;\"><strong>Inhalt<br \/><\/strong>500 ml<\/span><\/p>","protected":false},"excerpt":{"rendered":"<p>Sterk reinigende en verzorgende shampoo voor paarden, met heerlijke appelgeur.<\/p>","protected":false},"featured_media":36261,"template":"","meta":{"_acf_changed":false},"product_brand":[],"product_cat":[4317,829,1216],"product_tag":[883,1368,2227,2232,843,860],"class_list":{"0":"post-9103","1":"product","2":"type-product","3":"status-publish","4":"has-post-thumbnail","6":"product_cat-huid-haar-en-manen","7":"product_cat-paard","8":"product_cat-verzorging-paard","9":"product_tag-excellent","10":"product_tag-excellent-horse","11":"product_tag-hi-gloss","12":"product_tag-hi-gloss-shampoo-geur","13":"product_tag-paard","14":"product_tag-shampoo","15":"tax_brand-excellent","17":"first","18":"instock","19":"taxable","20":"shipping-taxable","21":"purchasable","22":"product-type-simple"},"acf":[],"yoast_head":"<!-- This site is optimized with the Yoast SEO plugin v27.4 - https:\/\/yoast.com\/product\/yoast-seo-wordpress\/ -->\n<title>Hi Gloss Shampoo Apple - Food4animals<\/title>\n<meta name=\"robots\" content=\"index, follow, max-snippet:-1, max-image-preview:large, max-video-preview:-1\" \/>\n<link rel=\"canonical\" href=\"https:\/\/www.food4animals.nl\/de\/produkt\/hi-gloss-shampoo-apple\/\" \/>\n<meta property=\"og:locale\" content=\"de_DE\" \/>\n<meta property=\"og:type\" content=\"article\" \/>\n<meta property=\"og:title\" content=\"Hi Gloss Shampoo Apple - Food4animals\" \/>\n<meta property=\"og:description\" content=\"Sterk reinigende en verzorgende shampoo voor paarden, met heerlijke appelgeur.\" \/>\n<meta property=\"og:url\" content=\"https:\/\/www.food4animals.nl\/de\/produkt\/hi-gloss-shampoo-apple\/\" \/>\n<meta property=\"og:site_name\" content=\"Food4animals\" \/>\n<meta property=\"article:publisher\" content=\"https:\/\/www.facebook.com\/p\/Food4animals-100063861676074\/\" \/>\n<meta property=\"article:modified_time\" content=\"2026-05-02T00:18:14+00:00\" \/>\n<meta property=\"og:image\" content=\"https:\/\/www.food4animals.nl\/wp-content\/uploads\/2025\/11\/HIGL5090.png\" \/>\n\t<meta property=\"og:image:width\" content=\"980\" \/>\n\t<meta property=\"og:image:height\" content=\"980\" \/>\n\t<meta property=\"og:image:type\" content=\"image\/png\" \/>\n<meta name=\"twitter:card\" content=\"summary_large_image\" \/>\n<meta name=\"twitter:site\" content=\"@food4animals\" \/>\n<meta name=\"twitter:label1\" content=\"Gesch\u00e4tzte Lesezeit\" \/>\n\t<meta name=\"twitter:data1\" content=\"1\u00a0Minute\" \/>\n<script type=\"application\/ld+json\" class=\"yoast-schema-graph\">{\"@context\":\"https:\\\/\\\/schema.org\",\"@graph\":[{\"@type\":\"WebPage\",\"@id\":\"https:\\\/\\\/www.food4animals.nl\\\/product\\\/hi-gloss-shampoo-apple\\\/\",\"url\":\"https:\\\/\\\/www.food4animals.nl\\\/product\\\/hi-gloss-shampoo-apple\\\/\",\"name\":\"Hi Gloss Shampoo Apple - Food4animals\",\"isPartOf\":{\"@id\":\"https:\\\/\\\/www.food4animals.nl\\\/en\\\/#website\"},\"primaryImageOfPage\":{\"@id\":\"https:\\\/\\\/www.food4animals.nl\\\/product\\\/hi-gloss-shampoo-apple\\\/#primaryimage\"},\"image\":{\"@id\":\"https:\\\/\\\/www.food4animals.nl\\\/product\\\/hi-gloss-shampoo-apple\\\/#primaryimage\"},\"thumbnailUrl\":\"https:\\\/\\\/www.food4animals.nl\\\/wp-content\\\/uploads\\\/2025\\\/11\\\/HIGL5090.png\",\"datePublished\":\"2023-12-13T01:03:53+00:00\",\"dateModified\":\"2026-05-02T00:18:14+00:00\",\"breadcrumb\":{\"@id\":\"https:\\\/\\\/www.food4animals.nl\\\/product\\\/hi-gloss-shampoo-apple\\\/#breadcrumb\"},\"inLanguage\":\"de\",\"potentialAction\":[{\"@type\":\"ReadAction\",\"target\":[\"https:\\\/\\\/www.food4animals.nl\\\/product\\\/hi-gloss-shampoo-apple\\\/\"]}]},{\"@type\":\"ImageObject\",\"inLanguage\":\"de\",\"@id\":\"https:\\\/\\\/www.food4animals.nl\\\/product\\\/hi-gloss-shampoo-apple\\\/#primaryimage\",\"url\":\"https:\\\/\\\/www.food4animals.nl\\\/wp-content\\\/uploads\\\/2025\\\/11\\\/HIGL5090.png\",\"contentUrl\":\"https:\\\/\\\/www.food4animals.nl\\\/wp-content\\\/uploads\\\/2025\\\/11\\\/HIGL5090.png\",\"width\":980,\"height\":980},{\"@type\":\"BreadcrumbList\",\"@id\":\"https:\\\/\\\/www.food4animals.nl\\\/product\\\/hi-gloss-shampoo-apple\\\/#breadcrumb\",\"itemListElement\":[{\"@type\":\"ListItem\",\"position\":1,\"name\":\"Home\",\"item\":\"https:\\\/\\\/www.food4animals.nl\\\/\"},{\"@type\":\"ListItem\",\"position\":2,\"name\":\"Winkel\",\"item\":\"https:\\\/\\\/www.food4animals.nl\\\/winkel\\\/\"},{\"@type\":\"ListItem\",\"position\":3,\"name\":\"Hi Gloss Shampoo Apple\"}]},{\"@type\":\"WebSite\",\"@id\":\"https:\\\/\\\/www.food4animals.nl\\\/en\\\/#website\",\"url\":\"https:\\\/\\\/www.food4animals.nl\\\/en\\\/\",\"name\":\"Food4animals\",\"description\":\"Alles voor Ruiter en Dier\",\"publisher\":{\"@id\":\"https:\\\/\\\/www.food4animals.nl\\\/en\\\/#organization\"},\"potentialAction\":[{\"@type\":\"SearchAction\",\"target\":{\"@type\":\"EntryPoint\",\"urlTemplate\":\"https:\\\/\\\/www.food4animals.nl\\\/en\\\/?s={search_term_string}\"},\"query-input\":{\"@type\":\"PropertyValueSpecification\",\"valueRequired\":true,\"valueName\":\"search_term_string\"}}],\"inLanguage\":\"de\"},{\"@type\":\"Organization\",\"@id\":\"https:\\\/\\\/www.food4animals.nl\\\/en\\\/#organization\",\"name\":\"Food4animals\",\"url\":\"https:\\\/\\\/www.food4animals.nl\\\/en\\\/\",\"logo\":{\"@type\":\"ImageObject\",\"inLanguage\":\"de\",\"@id\":\"https:\\\/\\\/www.food4animals.nl\\\/en\\\/#\\\/schema\\\/logo\\\/image\\\/\",\"url\":\"https:\\\/\\\/www.food4animals.nl\\\/wp-content\\\/uploads\\\/2023\\\/10\\\/Logo.svg\",\"contentUrl\":\"https:\\\/\\\/www.food4animals.nl\\\/wp-content\\\/uploads\\\/2023\\\/10\\\/Logo.svg\",\"width\":1,\"height\":1,\"caption\":\"Food4animals\"},\"image\":{\"@id\":\"https:\\\/\\\/www.food4animals.nl\\\/en\\\/#\\\/schema\\\/logo\\\/image\\\/\"},\"sameAs\":[\"https:\\\/\\\/www.facebook.com\\\/p\\\/Food4animals-100063861676074\\\/\",\"https:\\\/\\\/x.com\\\/food4animals\"]}]}<\/script>\n<!-- \/ Yoast SEO plugin. -->","yoast_head_json":{"title":"Hi Gloss Shampoo Apple - Food4animals","robots":{"index":"index","follow":"follow","max-snippet":"max-snippet:-1","max-image-preview":"max-image-preview:large","max-video-preview":"max-video-preview:-1"},"canonical":"https:\/\/www.food4animals.nl\/de\/produkt\/hi-gloss-shampoo-apple\/","og_locale":"de_DE","og_type":"article","og_title":"Hi Gloss Shampoo Apple - Food4animals","og_description":"Sterk reinigende en verzorgende shampoo voor paarden, met heerlijke appelgeur.","og_url":"https:\/\/www.food4animals.nl\/de\/produkt\/hi-gloss-shampoo-apple\/","og_site_name":"Food4animals","article_publisher":"https:\/\/www.facebook.com\/p\/Food4animals-100063861676074\/","article_modified_time":"2026-05-02T00:18:14+00:00","og_image":[{"width":980,"height":980,"url":"https:\/\/www.food4animals.nl\/wp-content\/uploads\/2025\/11\/HIGL5090.png","type":"image\/png"}],"twitter_card":"summary_large_image","twitter_site":"@food4animals","twitter_misc":{"Gesch\u00e4tzte Lesezeit":"1\u00a0Minute"},"schema":{"@context":"https:\/\/schema.org","@graph":[{"@type":"WebPage","@id":"https:\/\/www.food4animals.nl\/product\/hi-gloss-shampoo-apple\/","url":"https:\/\/www.food4animals.nl\/product\/hi-gloss-shampoo-apple\/","name":"Hi Gloss Shampoo Apple - Food4animals","isPartOf":{"@id":"https:\/\/www.food4animals.nl\/en\/#website"},"primaryImageOfPage":{"@id":"https:\/\/www.food4animals.nl\/product\/hi-gloss-shampoo-apple\/#primaryimage"},"image":{"@id":"https:\/\/www.food4animals.nl\/product\/hi-gloss-shampoo-apple\/#primaryimage"},"thumbnailUrl":"https:\/\/www.food4animals.nl\/wp-content\/uploads\/2025\/11\/HIGL5090.png","datePublished":"2023-12-13T01:03:53+00:00","dateModified":"2026-05-02T00:18:14+00:00","breadcrumb":{"@id":"https:\/\/www.food4animals.nl\/product\/hi-gloss-shampoo-apple\/#breadcrumb"},"inLanguage":"de","potentialAction":[{"@type":"ReadAction","target":["https:\/\/www.food4animals.nl\/product\/hi-gloss-shampoo-apple\/"]}]},{"@type":"ImageObject","inLanguage":"de","@id":"https:\/\/www.food4animals.nl\/product\/hi-gloss-shampoo-apple\/#primaryimage","url":"https:\/\/www.food4animals.nl\/wp-content\/uploads\/2025\/11\/HIGL5090.png","contentUrl":"https:\/\/www.food4animals.nl\/wp-content\/uploads\/2025\/11\/HIGL5090.png","width":980,"height":980},{"@type":"BreadcrumbList","@id":"https:\/\/www.food4animals.nl\/product\/hi-gloss-shampoo-apple\/#breadcrumb","itemListElement":[{"@type":"ListItem","position":1,"name":"Home","item":"https:\/\/www.food4animals.nl\/"},{"@type":"ListItem","position":2,"name":"Winkel","item":"https:\/\/www.food4animals.nl\/winkel\/"},{"@type":"ListItem","position":3,"name":"Hi Gloss Shampoo Apple"}]},{"@type":"WebSite","@id":"https:\/\/www.food4animals.nl\/en\/#website","url":"https:\/\/www.food4animals.nl\/en\/","name":"Lebensmittel4Tiere","description":"Alles f\u00fcr Reiter und Tier","publisher":{"@id":"https:\/\/www.food4animals.nl\/en\/#organization"},"potentialAction":[{"@type":"SearchAction","target":{"@type":"EntryPoint","urlTemplate":"https:\/\/www.food4animals.nl\/en\/?s={search_term_string}"},"query-input":{"@type":"PropertyValueSpecification","valueRequired":true,"valueName":"search_term_string"}}],"inLanguage":"de"},{"@type":"Organization","@id":"https:\/\/www.food4animals.nl\/en\/#organization","name":"Lebensmittel4Tiere","url":"https:\/\/www.food4animals.nl\/en\/","logo":{"@type":"ImageObject","inLanguage":"de","@id":"https:\/\/www.food4animals.nl\/en\/#\/schema\/logo\/image\/","url":"https:\/\/www.food4animals.nl\/wp-content\/uploads\/2023\/10\/Logo.svg","contentUrl":"https:\/\/www.food4animals.nl\/wp-content\/uploads\/2023\/10\/Logo.svg","width":1,"height":1,"caption":"Food4animals"},"image":{"@id":"https:\/\/www.food4animals.nl\/en\/#\/schema\/logo\/image\/"},"sameAs":["https:\/\/www.facebook.com\/p\/Food4animals-100063861676074\/","https:\/\/x.com\/food4animals"]}]}},"_links":{"self":[{"href":"https:\/\/www.food4animals.nl\/de\/wp-json\/wp\/v2\/product\/9103","targetHints":{"allow":["GET"]}}],"collection":[{"href":"https:\/\/www.food4animals.nl\/de\/wp-json\/wp\/v2\/product"}],"about":[{"href":"https:\/\/www.food4animals.nl\/de\/wp-json\/wp\/v2\/types\/product"}],"wp:featuredmedia":[{"embeddable":true,"href":"https:\/\/www.food4animals.nl\/de\/wp-json\/wp\/v2\/media\/36261"}],"wp:attachment":[{"href":"https:\/\/www.food4animals.nl\/de\/wp-json\/wp\/v2\/media?parent=9103"}],"wp:term":[{"taxonomy":"product_brand","embeddable":true,"href":"https:\/\/www.food4animals.nl\/de\/wp-json\/wp\/v2\/product_brand?post=9103"},{"taxonomy":"product_cat","embeddable":true,"href":"https:\/\/www.food4animals.nl\/de\/wp-json\/wp\/v2\/product_cat?post=9103"},{"taxonomy":"product_tag","embeddable":true,"href":"https:\/\/www.food4animals.nl\/de\/wp-json\/wp\/v2\/product_tag?post=9103"}],"curies":[{"name":"wp","href":"https:\/\/api.w.org\/{rel}","templated":true}]}}