{"id":9179,"date":"2023-12-13T01:06:47","date_gmt":"2023-12-13T01:06:47","guid":{"rendered":"https:\/\/food4animals.nl\/product\/hi-gloss-spray-500-ml\/"},"modified":"2026-04-13T01:24:51","modified_gmt":"2026-04-13T00:24:51","slug":"hochglanzspray-500-ml","status":"publish","type":"product","link":"https:\/\/www.food4animals.nl\/de\/produkt\/hochglanzspray-500-ml\/","title":{"rendered":"Hochglanz-Spray 500 ml"},"content":{"rendered":"<p><span style=\"font-size: 10pt;\"><strong><span style=\"line-height: 18px;\">Shine Spray f\u00fcr Schweif und M\u00e4hne.<br \/><\/span><\/strong>Mit <strong>Hochglanz-Spray<\/strong> ist Ihnen die beste Qualit\u00e4t garantiert.<\/span><br \/><span style=\"font-size: 10pt;\">Kaum ein anderes Produkt schafft es, die wichtigsten Merkmale f\u00fcr eine perfekte Pr\u00e4sentation bei einer Jurierung, einem Wettbewerb oder einer anderen Veranstaltung auf so sch\u00f6ne Weise zu gestalten.<\/span><br \/><span style=\"font-size: 10pt;\">Ideal f\u00fcr den t\u00e4glichen Gebrauch!<\/span><br \/><span style=\"color: #ffffff; font-size: 10pt;\">spoga2017<\/span><br \/><span style=\"font-size: 10pt;\"><strong>Hochglanz-Spray<\/strong> Trocknet schnell, entwirrt super, ist perfekt k\u00e4mmbar, gibt sch\u00f6nes Volumen, verleiht einen strahlenden Glanz, bleibt schmutzabweisend, fettet nicht und ist dank der Mikro-W\/O-Emulsion (Wasser-\u00d6l-Emulsion) sehr sparsam im Verbrauch.<\/span><\/p>\n<p><span style=\"font-size: 10pt;\"><strong>Dieses Produkt wird Ihre Erwartungen voll erf\u00fcllen!<br \/><\/strong><strong><span style=\"color: #ff0000;\"><br \/><span style=\"color: #000000;\">Ein gro\u00dfer Erfolg auf nationaler und internationaler Ebene!<\/span><\/p>\n<p><span style=\"color: #000000;\">Alle Vorteile von Hi Gloss<\/span><\/span><\/strong><\/span><\/p>\n<p><span style=\"font-size: 10pt;\"><strong style=\"line-height: 18px;\"><span style=\"line-height: 18px; font-weight: normal;\">* Super-Entwirrer<br \/><\/span><\/strong><strong style=\"line-height: 18px;\"><span style=\"line-height: 18px; font-weight: normal;\">* Klebt \/ haftet nicht<br \/><\/span><\/strong><strong style=\"line-height: 18px;\"><span style=\"line-height: 18px; font-weight: normal;\">* Kann sowohl auf nassem als auch auf trockenem Haar verwendet werden<br \/><\/span><\/strong><strong style=\"line-height: 18px;\"><span style=\"line-height: 18px; font-weight: normal;\">* Flechten bleibt m\u00f6glich<br \/><\/span><\/strong><strong style=\"line-height: 18px;\"><span style=\"line-height: 18px; font-weight: normal;\">* Unsichtbare Schicht mit lang anhaltender Wirkung<br \/><\/span><\/strong><strong style=\"line-height: 18px;\"><span style=\"line-height: 18px; font-weight: normal;\">* Frische<br \/><\/span><\/strong><strong style=\"line-height: 18px;\"><span style=\"line-height: 18px; font-weight: normal;\">* Hautfreundlich<br \/><\/span><\/strong><strong style=\"line-height: 18px;\"><span style=\"line-height: 18px; font-weight: normal;\">* Schmutz- und urinabweisend<br \/><\/span><\/strong><strong style=\"line-height: 18px;\"><span style=\"line-height: 18px; font-weight: normal;\">* Hochglanz \"Show-Effekt\"<br \/><\/span><\/strong><strong style=\"line-height: 18px;\"><span style=\"line-height: 18px; font-weight: normal;\">* Super k\u00e4mmbar<br \/><\/span><\/strong><strong style=\"line-height: 18px;\"><span style=\"line-height: 18px; font-weight: normal;\">* Verleiht zus\u00e4tzliches Volumen<br \/><\/span><\/strong><strong style=\"line-height: 18px;\"><span style=\"line-height: 18px; font-weight: normal;\">* Seidig weiches Gef\u00fchl<br \/><\/span><\/strong><strong style=\"line-height: 18px;\"><span style=\"line-height: 18px; font-weight: normal;\">* Magische Wirkung<\/span><\/strong><\/span><\/p>\n<p><span style=\"font-size: 10pt;\"><strong style=\"color: #ff0000;\"><br \/><span style=\"color: #000000;\">Hi Gloss Spray l\u00e4sst sich perfekt mit Hi Gloss Gel kombinieren.<\/span><br \/><\/strong><a title=\"Hochglanz-Gel\" href=\"https:\/\/www.boerenwinkel.nl\/nl\/product\/70\/8522\/ziektewijzer\/glanzende-vacht\/hi-gloss-gel\"><strong style=\"font-family: Verdana;\">Klicken Sie hier, um unser Hi Gloss Gel zu testen!<br \/><\/strong><\/a><\/span><\/p>\n<p><span style=\"color: #ffffff; font-size: 10pt;\">Beta-Aktion<\/span><\/p>","protected":false},"excerpt":{"rendered":"<p>F\u00fcr eine perfekte Pr\u00e4sentation bei einer Bewertung, einem Wettbewerb oder einer anderen Veranstaltung.<\/p>","protected":false},"featured_media":36227,"template":"","meta":{"_acf_changed":false},"product_brand":[],"product_cat":[4317,829,1216],"product_tag":[883,1368,2227,1218,1370,843,2009],"class_list":{"0":"post-9179","1":"product","2":"type-product","3":"status-publish","4":"has-post-thumbnail","6":"product_cat-huid-haar-en-manen","7":"product_cat-paard","8":"product_cat-verzorging-paard","9":"product_tag-excellent","10":"product_tag-excellent-horse","11":"product_tag-hi-gloss","12":"product_tag-huid-en-vacht","13":"product_tag-kleurloos","14":"product_tag-paard","15":"product_tag-staart-en-manen","16":"tax_brand-excellent-horse","18":"first","19":"instock","20":"taxable","21":"shipping-taxable","22":"purchasable","23":"product-type-simple"},"acf":[],"yoast_head":"<!-- This site is optimized with the Yoast SEO plugin v27.2 - https:\/\/yoast.com\/product\/yoast-seo-wordpress\/ -->\n<title>Hi Gloss Spray 500 ml - Food4animals<\/title>\n<meta name=\"robots\" content=\"index, follow, max-snippet:-1, max-image-preview:large, max-video-preview:-1\" \/>\n<link rel=\"canonical\" href=\"https:\/\/www.food4animals.nl\/de\/produkt\/hochglanzspray-500-ml\/\" \/>\n<meta property=\"og:locale\" content=\"de_DE\" \/>\n<meta property=\"og:type\" content=\"article\" \/>\n<meta property=\"og:title\" content=\"Hi Gloss Spray 500 ml - Food4animals\" \/>\n<meta property=\"og:description\" content=\"Voor het cre\u00ebren van een perfecte presentatie voor een keuring, wedstrijd of ander evenement.\" \/>\n<meta property=\"og:url\" content=\"https:\/\/www.food4animals.nl\/de\/produkt\/hochglanzspray-500-ml\/\" \/>\n<meta property=\"og:site_name\" content=\"Food4animals\" \/>\n<meta property=\"article:publisher\" content=\"https:\/\/www.facebook.com\/p\/Food4animals-100063861676074\/\" \/>\n<meta property=\"article:modified_time\" content=\"2026-04-13T00:24:51+00:00\" \/>\n<meta property=\"og:image\" content=\"https:\/\/www.food4animals.nl\/wp-content\/uploads\/2025\/11\/HIGL00500.png\" \/>\n\t<meta property=\"og:image:width\" content=\"1024\" \/>\n\t<meta property=\"og:image:height\" content=\"1024\" \/>\n\t<meta property=\"og:image:type\" content=\"image\/png\" \/>\n<meta name=\"twitter:card\" content=\"summary_large_image\" \/>\n<meta name=\"twitter:site\" content=\"@food4animals\" \/>\n<meta name=\"twitter:label1\" content=\"Gesch\u00e4tzte Lesezeit\" \/>\n\t<meta name=\"twitter:data1\" content=\"1\u00a0Minute\" \/>\n<script type=\"application\/ld+json\" class=\"yoast-schema-graph\">{\"@context\":\"https:\/\/schema.org\",\"@graph\":[{\"@type\":\"WebPage\",\"@id\":\"https:\/\/www.food4animals.nl\/product\/hi-gloss-spray-500-ml\/\",\"url\":\"https:\/\/www.food4animals.nl\/product\/hi-gloss-spray-500-ml\/\",\"name\":\"Hi Gloss Spray 500 ml - Food4animals\",\"isPartOf\":{\"@id\":\"https:\/\/www.food4animals.nl\/en\/#website\"},\"primaryImageOfPage\":{\"@id\":\"https:\/\/www.food4animals.nl\/product\/hi-gloss-spray-500-ml\/#primaryimage\"},\"image\":{\"@id\":\"https:\/\/www.food4animals.nl\/product\/hi-gloss-spray-500-ml\/#primaryimage\"},\"thumbnailUrl\":\"https:\/\/www.food4animals.nl\/wp-content\/uploads\/2025\/11\/HIGL00500.png\",\"datePublished\":\"2023-12-13T01:06:47+00:00\",\"dateModified\":\"2026-04-13T00:24:51+00:00\",\"breadcrumb\":{\"@id\":\"https:\/\/www.food4animals.nl\/product\/hi-gloss-spray-500-ml\/#breadcrumb\"},\"inLanguage\":\"de\",\"potentialAction\":[{\"@type\":\"ReadAction\",\"target\":[\"https:\/\/www.food4animals.nl\/product\/hi-gloss-spray-500-ml\/\"]}]},{\"@type\":\"ImageObject\",\"inLanguage\":\"de\",\"@id\":\"https:\/\/www.food4animals.nl\/product\/hi-gloss-spray-500-ml\/#primaryimage\",\"url\":\"https:\/\/www.food4animals.nl\/wp-content\/uploads\/2025\/11\/HIGL00500.png\",\"contentUrl\":\"https:\/\/www.food4animals.nl\/wp-content\/uploads\/2025\/11\/HIGL00500.png\",\"width\":1024,\"height\":1024},{\"@type\":\"BreadcrumbList\",\"@id\":\"https:\/\/www.food4animals.nl\/product\/hi-gloss-spray-500-ml\/#breadcrumb\",\"itemListElement\":[{\"@type\":\"ListItem\",\"position\":1,\"name\":\"Home\",\"item\":\"https:\/\/www.food4animals.nl\/\"},{\"@type\":\"ListItem\",\"position\":2,\"name\":\"Winkel\",\"item\":\"https:\/\/www.food4animals.nl\/winkel\/\"},{\"@type\":\"ListItem\",\"position\":3,\"name\":\"Hi Gloss Spray 500 ml\"}]},{\"@type\":\"WebSite\",\"@id\":\"https:\/\/www.food4animals.nl\/en\/#website\",\"url\":\"https:\/\/www.food4animals.nl\/en\/\",\"name\":\"Food4animals\",\"description\":\"Alles voor Ruiter en Dier\",\"publisher\":{\"@id\":\"https:\/\/www.food4animals.nl\/en\/#organization\"},\"potentialAction\":[{\"@type\":\"SearchAction\",\"target\":{\"@type\":\"EntryPoint\",\"urlTemplate\":\"https:\/\/www.food4animals.nl\/en\/?s={search_term_string}\"},\"query-input\":{\"@type\":\"PropertyValueSpecification\",\"valueRequired\":true,\"valueName\":\"search_term_string\"}}],\"inLanguage\":\"de\"},{\"@type\":\"Organization\",\"@id\":\"https:\/\/www.food4animals.nl\/en\/#organization\",\"name\":\"Food4animals\",\"url\":\"https:\/\/www.food4animals.nl\/en\/\",\"logo\":{\"@type\":\"ImageObject\",\"inLanguage\":\"de\",\"@id\":\"https:\/\/www.food4animals.nl\/en\/#\/schema\/logo\/image\/\",\"url\":\"https:\/\/www.food4animals.nl\/wp-content\/uploads\/2023\/10\/Logo.svg\",\"contentUrl\":\"https:\/\/www.food4animals.nl\/wp-content\/uploads\/2023\/10\/Logo.svg\",\"width\":1,\"height\":1,\"caption\":\"Food4animals\"},\"image\":{\"@id\":\"https:\/\/www.food4animals.nl\/en\/#\/schema\/logo\/image\/\"},\"sameAs\":[\"https:\/\/www.facebook.com\/p\/Food4animals-100063861676074\/\",\"https:\/\/x.com\/food4animals\"]}]}<\/script>\n<!-- \/ Yoast SEO plugin. -->","yoast_head_json":{"title":"Hochglanz-Spray 500 ml - Food4animals","robots":{"index":"index","follow":"follow","max-snippet":"max-snippet:-1","max-image-preview":"max-image-preview:large","max-video-preview":"max-video-preview:-1"},"canonical":"https:\/\/www.food4animals.nl\/de\/produkt\/hochglanzspray-500-ml\/","og_locale":"de_DE","og_type":"article","og_title":"Hi Gloss Spray 500 ml - Food4animals","og_description":"Voor het cre\u00ebren van een perfecte presentatie voor een keuring, wedstrijd of ander evenement.","og_url":"https:\/\/www.food4animals.nl\/de\/produkt\/hochglanzspray-500-ml\/","og_site_name":"Food4animals","article_publisher":"https:\/\/www.facebook.com\/p\/Food4animals-100063861676074\/","article_modified_time":"2026-04-13T00:24:51+00:00","og_image":[{"width":1024,"height":1024,"url":"https:\/\/www.food4animals.nl\/wp-content\/uploads\/2025\/11\/HIGL00500.png","type":"image\/png"}],"twitter_card":"summary_large_image","twitter_site":"@food4animals","twitter_misc":{"Gesch\u00e4tzte Lesezeit":"1\u00a0Minute"},"schema":{"@context":"https:\/\/schema.org","@graph":[{"@type":"WebPage","@id":"https:\/\/www.food4animals.nl\/product\/hi-gloss-spray-500-ml\/","url":"https:\/\/www.food4animals.nl\/product\/hi-gloss-spray-500-ml\/","name":"Hochglanz-Spray 500 ml - Food4animals","isPartOf":{"@id":"https:\/\/www.food4animals.nl\/en\/#website"},"primaryImageOfPage":{"@id":"https:\/\/www.food4animals.nl\/product\/hi-gloss-spray-500-ml\/#primaryimage"},"image":{"@id":"https:\/\/www.food4animals.nl\/product\/hi-gloss-spray-500-ml\/#primaryimage"},"thumbnailUrl":"https:\/\/www.food4animals.nl\/wp-content\/uploads\/2025\/11\/HIGL00500.png","datePublished":"2023-12-13T01:06:47+00:00","dateModified":"2026-04-13T00:24:51+00:00","breadcrumb":{"@id":"https:\/\/www.food4animals.nl\/product\/hi-gloss-spray-500-ml\/#breadcrumb"},"inLanguage":"de","potentialAction":[{"@type":"ReadAction","target":["https:\/\/www.food4animals.nl\/product\/hi-gloss-spray-500-ml\/"]}]},{"@type":"ImageObject","inLanguage":"de","@id":"https:\/\/www.food4animals.nl\/product\/hi-gloss-spray-500-ml\/#primaryimage","url":"https:\/\/www.food4animals.nl\/wp-content\/uploads\/2025\/11\/HIGL00500.png","contentUrl":"https:\/\/www.food4animals.nl\/wp-content\/uploads\/2025\/11\/HIGL00500.png","width":1024,"height":1024},{"@type":"BreadcrumbList","@id":"https:\/\/www.food4animals.nl\/product\/hi-gloss-spray-500-ml\/#breadcrumb","itemListElement":[{"@type":"ListItem","position":1,"name":"Home","item":"https:\/\/www.food4animals.nl\/"},{"@type":"ListItem","position":2,"name":"Winkel","item":"https:\/\/www.food4animals.nl\/winkel\/"},{"@type":"ListItem","position":3,"name":"Hi Gloss Spray 500 ml"}]},{"@type":"WebSite","@id":"https:\/\/www.food4animals.nl\/en\/#website","url":"https:\/\/www.food4animals.nl\/en\/","name":"Lebensmittel4Tiere","description":"Alles f\u00fcr Reiter und Tier","publisher":{"@id":"https:\/\/www.food4animals.nl\/en\/#organization"},"potentialAction":[{"@type":"SearchAction","target":{"@type":"EntryPoint","urlTemplate":"https:\/\/www.food4animals.nl\/en\/?s={search_term_string}"},"query-input":{"@type":"PropertyValueSpecification","valueRequired":true,"valueName":"search_term_string"}}],"inLanguage":"de"},{"@type":"Organization","@id":"https:\/\/www.food4animals.nl\/en\/#organization","name":"Lebensmittel4Tiere","url":"https:\/\/www.food4animals.nl\/en\/","logo":{"@type":"ImageObject","inLanguage":"de","@id":"https:\/\/www.food4animals.nl\/en\/#\/schema\/logo\/image\/","url":"https:\/\/www.food4animals.nl\/wp-content\/uploads\/2023\/10\/Logo.svg","contentUrl":"https:\/\/www.food4animals.nl\/wp-content\/uploads\/2023\/10\/Logo.svg","width":1,"height":1,"caption":"Food4animals"},"image":{"@id":"https:\/\/www.food4animals.nl\/en\/#\/schema\/logo\/image\/"},"sameAs":["https:\/\/www.facebook.com\/p\/Food4animals-100063861676074\/","https:\/\/x.com\/food4animals"]}]}},"_links":{"self":[{"href":"https:\/\/www.food4animals.nl\/de\/wp-json\/wp\/v2\/product\/9179","targetHints":{"allow":["GET"]}}],"collection":[{"href":"https:\/\/www.food4animals.nl\/de\/wp-json\/wp\/v2\/product"}],"about":[{"href":"https:\/\/www.food4animals.nl\/de\/wp-json\/wp\/v2\/types\/product"}],"wp:featuredmedia":[{"embeddable":true,"href":"https:\/\/www.food4animals.nl\/de\/wp-json\/wp\/v2\/media\/36227"}],"wp:attachment":[{"href":"https:\/\/www.food4animals.nl\/de\/wp-json\/wp\/v2\/media?parent=9179"}],"wp:term":[{"taxonomy":"product_brand","embeddable":true,"href":"https:\/\/www.food4animals.nl\/de\/wp-json\/wp\/v2\/product_brand?post=9179"},{"taxonomy":"product_cat","embeddable":true,"href":"https:\/\/www.food4animals.nl\/de\/wp-json\/wp\/v2\/product_cat?post=9179"},{"taxonomy":"product_tag","embeddable":true,"href":"https:\/\/www.food4animals.nl\/de\/wp-json\/wp\/v2\/product_tag?post=9179"}],"curies":[{"name":"wp","href":"https:\/\/api.w.org\/{rel}","templated":true}]}}