{"id":9286,"date":"2023-12-13T01:10:23","date_gmt":"2023-12-13T01:10:23","guid":{"rendered":"https:\/\/food4animals.nl\/product\/hoefschoen-tubbease-155-mm-blauw\/"},"modified":"2026-04-19T01:24:45","modified_gmt":"2026-04-19T00:24:45","slug":"hoefschoen-tubbease-155-mm-blauw","status":"publish","type":"product","link":"https:\/\/www.food4animals.nl\/de\/produkt\/hoefschoen-tubbease-155-mm-blauw\/","title":{"rendered":"Hufschuh Tubbease 155 mm blau"},"content":{"rendered":"<p><span style=\"font-size: 10pt;\"><strong>Ideale L\u00f6sung f\u00fcr Hufprobleme bei Pferden.<br \/><\/strong><\/span><span style=\"font-size: 10pt;\">Geeignet f\u00fcr verschiedene Behandlungen, Umschl\u00e4ge oder Verb\u00e4nde. Auch eine Behandlung in fl\u00fcssiger Form kann leicht in oder \u00fcber die gesamte Socke gegossen werden, sobald sie am Huf angebracht ist.<\/p>\n<p><\/span><span style=\"font-size: 10pt;\">Das atmungsaktive Material l\u00e4sst die Fl\u00fcssigkeit in den Huf eindringen, sich vollsaugen, aber auch wieder austreten und trocknen. Ein hervorragendes Mittel zur Behandlung von Verletzungen und Krankheiten wie Abszesse, Strahlf\u00e4ule, d\u00fcnne Sohlen, Risse und Spalten und allgemeine Verschlechterung des Hufes.<\/span><\/p>\n<p><span style=\"font-size: 10pt;\">Dieses Produkt sollte immer mit dem mitgelieferten Klettband befestigt werden.<\/span><\/p>\n<p><span style=\"font-size: 10pt;\"><strong>Farbe und Gr\u00f6\u00dfe<br \/><\/strong>Rosa - 110 mm<br \/>Rot - 145 mm<\/span><br \/><span style=\"font-size: 10pt;\">Blau - 155 mm<\/span><br \/><span style=\"font-size: 10pt;\">Orange - 165 mm<br \/>Gelb - 175 mm<\/span><\/p>\n<div>\n<p><span style=\"font-size: 10pt;\"><a href=\"nl\/product\/2846\/17509\/nieuwe-producten\/paard\/hoefschoen-zool-los-140mm-m-rood\">Klicken Sie hier<\/a> F\u00fcr Hufschuhe mit loser Sohle.\u00a0<\/span><\/p>\n<\/div>","protected":false},"excerpt":{"rendered":"<p>Ein hervorragendes Instrument zur Behandlung von Verletzungen und Krankheiten.<\/p>","protected":false},"featured_media":36357,"template":"","meta":{"_acf_changed":false},"product_brand":[],"product_cat":[829,1216],"product_tag":[1317,843,2247],"class_list":{"0":"post-9286","1":"product","2":"type-product","3":"status-publish","4":"has-post-thumbnail","6":"product_cat-paard","7":"product_cat-verzorging-paard","8":"product_tag-hoeven","9":"product_tag-paard","10":"product_tag-tubbease","11":"tax_brand-tubbease","13":"first","14":"instock","15":"taxable","16":"shipping-taxable","17":"purchasable","18":"product-type-simple"},"acf":[],"yoast_head":"<!-- This site is optimized with the Yoast SEO plugin v27.4 - https:\/\/yoast.com\/product\/yoast-seo-wordpress\/ -->\n<title>Hoefschoen Tubbease 155 mm blauw - Food4animals<\/title>\n<meta name=\"robots\" content=\"index, follow, max-snippet:-1, max-image-preview:large, max-video-preview:-1\" \/>\n<link rel=\"canonical\" href=\"https:\/\/www.food4animals.nl\/de\/produkt\/hoefschoen-tubbease-155-mm-blauw\/\" \/>\n<meta property=\"og:locale\" content=\"de_DE\" \/>\n<meta property=\"og:type\" content=\"article\" \/>\n<meta property=\"og:title\" content=\"Hoefschoen Tubbease 155 mm blauw - Food4animals\" \/>\n<meta property=\"og:description\" content=\"Een uitstekend hulpmiddel voor de behandeling van verwondingen en ziektes.\" \/>\n<meta property=\"og:url\" content=\"https:\/\/www.food4animals.nl\/de\/produkt\/hoefschoen-tubbease-155-mm-blauw\/\" \/>\n<meta property=\"og:site_name\" content=\"Food4animals\" \/>\n<meta property=\"article:publisher\" content=\"https:\/\/www.facebook.com\/p\/Food4animals-100063861676074\/\" \/>\n<meta property=\"article:modified_time\" content=\"2026-04-19T00:24:45+00:00\" \/>\n<meta property=\"og:image\" content=\"https:\/\/www.food4animals.nl\/wp-content\/uploads\/2025\/11\/HOEF109.png\" \/>\n\t<meta property=\"og:image:width\" content=\"708\" \/>\n\t<meta property=\"og:image:height\" content=\"979\" \/>\n\t<meta property=\"og:image:type\" content=\"image\/png\" \/>\n<meta name=\"twitter:card\" content=\"summary_large_image\" \/>\n<meta name=\"twitter:site\" content=\"@food4animals\" \/>\n<meta name=\"twitter:label1\" content=\"Gesch\u00e4tzte Lesezeit\" \/>\n\t<meta name=\"twitter:data1\" content=\"1\u00a0Minute\" \/>\n<script type=\"application\/ld+json\" class=\"yoast-schema-graph\">{\"@context\":\"https:\\\/\\\/schema.org\",\"@graph\":[{\"@type\":\"WebPage\",\"@id\":\"https:\\\/\\\/www.food4animals.nl\\\/product\\\/hoefschoen-tubbease-155-mm-blauw\\\/\",\"url\":\"https:\\\/\\\/www.food4animals.nl\\\/product\\\/hoefschoen-tubbease-155-mm-blauw\\\/\",\"name\":\"Hoefschoen Tubbease 155 mm blauw - Food4animals\",\"isPartOf\":{\"@id\":\"https:\\\/\\\/www.food4animals.nl\\\/en\\\/#website\"},\"primaryImageOfPage\":{\"@id\":\"https:\\\/\\\/www.food4animals.nl\\\/product\\\/hoefschoen-tubbease-155-mm-blauw\\\/#primaryimage\"},\"image\":{\"@id\":\"https:\\\/\\\/www.food4animals.nl\\\/product\\\/hoefschoen-tubbease-155-mm-blauw\\\/#primaryimage\"},\"thumbnailUrl\":\"https:\\\/\\\/www.food4animals.nl\\\/wp-content\\\/uploads\\\/2025\\\/11\\\/HOEF109.png\",\"datePublished\":\"2023-12-13T01:10:23+00:00\",\"dateModified\":\"2026-04-19T00:24:45+00:00\",\"breadcrumb\":{\"@id\":\"https:\\\/\\\/www.food4animals.nl\\\/product\\\/hoefschoen-tubbease-155-mm-blauw\\\/#breadcrumb\"},\"inLanguage\":\"de\",\"potentialAction\":[{\"@type\":\"ReadAction\",\"target\":[\"https:\\\/\\\/www.food4animals.nl\\\/product\\\/hoefschoen-tubbease-155-mm-blauw\\\/\"]}]},{\"@type\":\"ImageObject\",\"inLanguage\":\"de\",\"@id\":\"https:\\\/\\\/www.food4animals.nl\\\/product\\\/hoefschoen-tubbease-155-mm-blauw\\\/#primaryimage\",\"url\":\"https:\\\/\\\/www.food4animals.nl\\\/wp-content\\\/uploads\\\/2025\\\/11\\\/HOEF109.png\",\"contentUrl\":\"https:\\\/\\\/www.food4animals.nl\\\/wp-content\\\/uploads\\\/2025\\\/11\\\/HOEF109.png\",\"width\":708,\"height\":979},{\"@type\":\"BreadcrumbList\",\"@id\":\"https:\\\/\\\/www.food4animals.nl\\\/product\\\/hoefschoen-tubbease-155-mm-blauw\\\/#breadcrumb\",\"itemListElement\":[{\"@type\":\"ListItem\",\"position\":1,\"name\":\"Home\",\"item\":\"https:\\\/\\\/www.food4animals.nl\\\/\"},{\"@type\":\"ListItem\",\"position\":2,\"name\":\"Winkel\",\"item\":\"https:\\\/\\\/www.food4animals.nl\\\/winkel\\\/\"},{\"@type\":\"ListItem\",\"position\":3,\"name\":\"Hoefschoen Tubbease 155 mm blauw\"}]},{\"@type\":\"WebSite\",\"@id\":\"https:\\\/\\\/www.food4animals.nl\\\/en\\\/#website\",\"url\":\"https:\\\/\\\/www.food4animals.nl\\\/en\\\/\",\"name\":\"Food4animals\",\"description\":\"Alles voor Ruiter en Dier\",\"publisher\":{\"@id\":\"https:\\\/\\\/www.food4animals.nl\\\/en\\\/#organization\"},\"potentialAction\":[{\"@type\":\"SearchAction\",\"target\":{\"@type\":\"EntryPoint\",\"urlTemplate\":\"https:\\\/\\\/www.food4animals.nl\\\/en\\\/?s={search_term_string}\"},\"query-input\":{\"@type\":\"PropertyValueSpecification\",\"valueRequired\":true,\"valueName\":\"search_term_string\"}}],\"inLanguage\":\"de\"},{\"@type\":\"Organization\",\"@id\":\"https:\\\/\\\/www.food4animals.nl\\\/en\\\/#organization\",\"name\":\"Food4animals\",\"url\":\"https:\\\/\\\/www.food4animals.nl\\\/en\\\/\",\"logo\":{\"@type\":\"ImageObject\",\"inLanguage\":\"de\",\"@id\":\"https:\\\/\\\/www.food4animals.nl\\\/en\\\/#\\\/schema\\\/logo\\\/image\\\/\",\"url\":\"https:\\\/\\\/www.food4animals.nl\\\/wp-content\\\/uploads\\\/2023\\\/10\\\/Logo.svg\",\"contentUrl\":\"https:\\\/\\\/www.food4animals.nl\\\/wp-content\\\/uploads\\\/2023\\\/10\\\/Logo.svg\",\"width\":1,\"height\":1,\"caption\":\"Food4animals\"},\"image\":{\"@id\":\"https:\\\/\\\/www.food4animals.nl\\\/en\\\/#\\\/schema\\\/logo\\\/image\\\/\"},\"sameAs\":[\"https:\\\/\\\/www.facebook.com\\\/p\\\/Food4animals-100063861676074\\\/\",\"https:\\\/\\\/x.com\\\/food4animals\"]}]}<\/script>\n<!-- \/ Yoast SEO plugin. -->","yoast_head_json":{"title":"Hoefschoen Tubbease 155 mm blauw - Food4animals","robots":{"index":"index","follow":"follow","max-snippet":"max-snippet:-1","max-image-preview":"max-image-preview:large","max-video-preview":"max-video-preview:-1"},"canonical":"https:\/\/www.food4animals.nl\/de\/produkt\/hoefschoen-tubbease-155-mm-blauw\/","og_locale":"de_DE","og_type":"article","og_title":"Hoefschoen Tubbease 155 mm blauw - Food4animals","og_description":"Een uitstekend hulpmiddel voor de behandeling van verwondingen en ziektes.","og_url":"https:\/\/www.food4animals.nl\/de\/produkt\/hoefschoen-tubbease-155-mm-blauw\/","og_site_name":"Food4animals","article_publisher":"https:\/\/www.facebook.com\/p\/Food4animals-100063861676074\/","article_modified_time":"2026-04-19T00:24:45+00:00","og_image":[{"width":708,"height":979,"url":"https:\/\/www.food4animals.nl\/wp-content\/uploads\/2025\/11\/HOEF109.png","type":"image\/png"}],"twitter_card":"summary_large_image","twitter_site":"@food4animals","twitter_misc":{"Gesch\u00e4tzte Lesezeit":"1\u00a0Minute"},"schema":{"@context":"https:\/\/schema.org","@graph":[{"@type":"WebPage","@id":"https:\/\/www.food4animals.nl\/product\/hoefschoen-tubbease-155-mm-blauw\/","url":"https:\/\/www.food4animals.nl\/product\/hoefschoen-tubbease-155-mm-blauw\/","name":"Hoefschoen Tubbease 155 mm blauw - Food4animals","isPartOf":{"@id":"https:\/\/www.food4animals.nl\/en\/#website"},"primaryImageOfPage":{"@id":"https:\/\/www.food4animals.nl\/product\/hoefschoen-tubbease-155-mm-blauw\/#primaryimage"},"image":{"@id":"https:\/\/www.food4animals.nl\/product\/hoefschoen-tubbease-155-mm-blauw\/#primaryimage"},"thumbnailUrl":"https:\/\/www.food4animals.nl\/wp-content\/uploads\/2025\/11\/HOEF109.png","datePublished":"2023-12-13T01:10:23+00:00","dateModified":"2026-04-19T00:24:45+00:00","breadcrumb":{"@id":"https:\/\/www.food4animals.nl\/product\/hoefschoen-tubbease-155-mm-blauw\/#breadcrumb"},"inLanguage":"de","potentialAction":[{"@type":"ReadAction","target":["https:\/\/www.food4animals.nl\/product\/hoefschoen-tubbease-155-mm-blauw\/"]}]},{"@type":"ImageObject","inLanguage":"de","@id":"https:\/\/www.food4animals.nl\/product\/hoefschoen-tubbease-155-mm-blauw\/#primaryimage","url":"https:\/\/www.food4animals.nl\/wp-content\/uploads\/2025\/11\/HOEF109.png","contentUrl":"https:\/\/www.food4animals.nl\/wp-content\/uploads\/2025\/11\/HOEF109.png","width":708,"height":979},{"@type":"BreadcrumbList","@id":"https:\/\/www.food4animals.nl\/product\/hoefschoen-tubbease-155-mm-blauw\/#breadcrumb","itemListElement":[{"@type":"ListItem","position":1,"name":"Home","item":"https:\/\/www.food4animals.nl\/"},{"@type":"ListItem","position":2,"name":"Winkel","item":"https:\/\/www.food4animals.nl\/winkel\/"},{"@type":"ListItem","position":3,"name":"Hoefschoen Tubbease 155 mm blauw"}]},{"@type":"WebSite","@id":"https:\/\/www.food4animals.nl\/en\/#website","url":"https:\/\/www.food4animals.nl\/en\/","name":"Lebensmittel4Tiere","description":"Alles f\u00fcr Reiter und Tier","publisher":{"@id":"https:\/\/www.food4animals.nl\/en\/#organization"},"potentialAction":[{"@type":"SearchAction","target":{"@type":"EntryPoint","urlTemplate":"https:\/\/www.food4animals.nl\/en\/?s={search_term_string}"},"query-input":{"@type":"PropertyValueSpecification","valueRequired":true,"valueName":"search_term_string"}}],"inLanguage":"de"},{"@type":"Organization","@id":"https:\/\/www.food4animals.nl\/en\/#organization","name":"Lebensmittel4Tiere","url":"https:\/\/www.food4animals.nl\/en\/","logo":{"@type":"ImageObject","inLanguage":"de","@id":"https:\/\/www.food4animals.nl\/en\/#\/schema\/logo\/image\/","url":"https:\/\/www.food4animals.nl\/wp-content\/uploads\/2023\/10\/Logo.svg","contentUrl":"https:\/\/www.food4animals.nl\/wp-content\/uploads\/2023\/10\/Logo.svg","width":1,"height":1,"caption":"Food4animals"},"image":{"@id":"https:\/\/www.food4animals.nl\/en\/#\/schema\/logo\/image\/"},"sameAs":["https:\/\/www.facebook.com\/p\/Food4animals-100063861676074\/","https:\/\/x.com\/food4animals"]}]}},"_links":{"self":[{"href":"https:\/\/www.food4animals.nl\/de\/wp-json\/wp\/v2\/product\/9286","targetHints":{"allow":["GET"]}}],"collection":[{"href":"https:\/\/www.food4animals.nl\/de\/wp-json\/wp\/v2\/product"}],"about":[{"href":"https:\/\/www.food4animals.nl\/de\/wp-json\/wp\/v2\/types\/product"}],"wp:featuredmedia":[{"embeddable":true,"href":"https:\/\/www.food4animals.nl\/de\/wp-json\/wp\/v2\/media\/36357"}],"wp:attachment":[{"href":"https:\/\/www.food4animals.nl\/de\/wp-json\/wp\/v2\/media?parent=9286"}],"wp:term":[{"taxonomy":"product_brand","embeddable":true,"href":"https:\/\/www.food4animals.nl\/de\/wp-json\/wp\/v2\/product_brand?post=9286"},{"taxonomy":"product_cat","embeddable":true,"href":"https:\/\/www.food4animals.nl\/de\/wp-json\/wp\/v2\/product_cat?post=9286"},{"taxonomy":"product_tag","embeddable":true,"href":"https:\/\/www.food4animals.nl\/de\/wp-json\/wp\/v2\/product_tag?post=9286"}],"curies":[{"name":"wp","href":"https:\/\/api.w.org\/{rel}","templated":true}]}}