{"id":9369,"date":"2023-12-13T01:13:55","date_gmt":"2023-12-13T01:13:55","guid":{"rendered":"https:\/\/food4animals.nl\/product\/hooi-slow-feeder-140-ltr-ks\/"},"modified":"2026-04-11T01:20:54","modified_gmt":"2026-04-11T00:20:54","slug":"heu-langsamfutterer-140-ltr-ks","status":"publish","type":"product","link":"https:\/\/www.food4animals.nl\/de\/produkt\/heu-langsamfutterer-140-ltr-ks\/","title":{"rendered":"Heu Langsamf\u00fctterer 140 ltr KS"},"content":{"rendered":"<p><span style=\"font-size: 10pt;\"><strong>Langsamf\u00fctterer, geeignet f\u00fcr Heu und Stroh.<br \/><\/strong><\/span><span style=\"font-size: 10pt;\">Dieser Langsamfresser hat ein Fassungsverm\u00f6gen von 130-140 Litern, das entspricht etwa 8 Kilo Heu, je nachdem, wie er gepresst wird. Das Stahlgitter ist leicht zu \u00f6ffnen und zu schlie\u00dfen.<\/span><\/p>\n<p><span style=\"font-size: 10pt;\">Sobald der Futterautomat mit Heu gef\u00fcllt ist, kann sich das Pferd stundenlang damit besch\u00e4ftigen und so die Langeweile im Stall bek\u00e4mpfen. Au\u00dferdem wird kein Heu verschwendet, was eine Verschwendung verhindert.<\/span><\/p>\n<p><span style=\"font-size: 10pt;\">Die Form und Platzierung dieser Tr\u00e4nke ber\u00fccksichtigt die nat\u00fcrliche Fresshaltung des Pferdes. Staub usw. verschwindet durch die gro\u00dfen L\u00f6cher am Boden, was die Atemprobleme des Pferdes reduziert.<\/span><\/p>\n<ul>\n<li><span style=\"font-size: 10pt;\">Mit UV-Schutz f\u00fcr l\u00e4ngere Lebensdauer und zus\u00e4tzliche Haltbarkeit<\/span><\/li>\n<li><span style=\"font-size: 10pt;\">Hergestellt aus f\u00fcr Lebensmittel zugelassenen Materialien<\/span><\/li>\n<li><span style=\"font-size: 10pt;\">Bek\u00e4mpft stabile Langeweile<\/span><\/li>\n<li><span style=\"font-size: 10pt;\">Leicht zu bef\u00fcllen\u00a0<\/span><\/li>\n<li><span style=\"font-size: 10pt;\">Stimuliert eine bessere Verdauung<\/span><\/li>\n<\/ul>\n<p><span style=\"font-size: 10pt;\">Wird ohne Schrauben geliefert.\u00a0<\/span><\/p>\n<p><span style=\"font-size: 10pt;\"><strong>Gewicht<br \/><\/strong><\/span><span style=\"font-size: 10pt;\">11,7 kg<\/span><\/p>\n<p><span style=\"font-size: 10pt;\"><strong>Format<br \/><\/strong><\/span><span style=\"font-size: 10pt;\">89 x 47 x 60 cm<\/span><\/p>\n<p><span style=\"font-size: 10pt;\"><strong>Anweisungen<br \/><\/strong><\/span><span style=\"font-size: 10pt;\"><a href=\"\/de\/imagestream\/stream\/271321\/599%20hole distance.pdf\/\" target=\"_blank\" rel=\"noopener\">Herunterladen 1<\/a><\/span><br \/><span style=\"font-size: 10pt;\"><a href=\"\/de\/imagestream\/stream\/271322\/599.pdf\/\" target=\"_blank\" rel=\"noopener\">Herunterladen 2<\/a><\/span><\/p>","protected":false},"excerpt":{"rendered":"<p>Ist die Tr\u00e4nke mit Heu gef\u00fcllt, kann sich das Pferd stundenlang besch\u00e4ftigen und so die Langeweile im Stall bek\u00e4mpfen.<\/p>","protected":false},"featured_media":36393,"template":"","meta":{"_acf_changed":false},"product_brand":[],"product_cat":[829,847],"product_tag":[883,2207,843],"class_list":{"0":"post-9369","1":"product","2":"type-product","3":"status-publish","4":"has-post-thumbnail","6":"product_cat-paard","7":"product_cat-stal-en-weide","8":"product_tag-excellent","9":"product_tag-hooi-voeren","10":"product_tag-paard","11":"tax_brand-excellent","13":"first","14":"outofstock","15":"taxable","16":"shipping-taxable","17":"purchasable","18":"product-type-simple"},"acf":[],"yoast_head":"<!-- This site is optimized with the Yoast SEO plugin v27.2 - https:\/\/yoast.com\/product\/yoast-seo-wordpress\/ -->\n<title>Hooi Slow Feeder 140 ltr KS - Food4animals<\/title>\n<meta name=\"robots\" content=\"index, follow, max-snippet:-1, max-image-preview:large, max-video-preview:-1\" \/>\n<link rel=\"canonical\" href=\"https:\/\/www.food4animals.nl\/de\/produkt\/heu-langsamfutterer-140-ltr-ks\/\" \/>\n<meta property=\"og:locale\" content=\"de_DE\" \/>\n<meta property=\"og:type\" content=\"article\" \/>\n<meta property=\"og:title\" content=\"Hooi Slow Feeder 140 ltr KS - Food4animals\" \/>\n<meta property=\"og:description\" content=\"Zodra de feeder gevuld is met hooi, zal het paard zich uren kunnen vermaken en gaat daardoor verveling in de stal tegen.\" \/>\n<meta property=\"og:url\" content=\"https:\/\/www.food4animals.nl\/de\/produkt\/heu-langsamfutterer-140-ltr-ks\/\" \/>\n<meta property=\"og:site_name\" content=\"Food4animals\" \/>\n<meta property=\"article:publisher\" content=\"https:\/\/www.facebook.com\/p\/Food4animals-100063861676074\/\" \/>\n<meta property=\"article:modified_time\" content=\"2026-04-11T00:20:54+00:00\" \/>\n<meta property=\"og:image\" content=\"https:\/\/www.food4animals.nl\/wp-content\/uploads\/2025\/11\/HOOI0003M.png\" \/>\n\t<meta property=\"og:image:width\" content=\"389\" \/>\n\t<meta property=\"og:image:height\" content=\"305\" \/>\n\t<meta property=\"og:image:type\" content=\"image\/png\" \/>\n<meta name=\"twitter:card\" content=\"summary_large_image\" \/>\n<meta name=\"twitter:site\" content=\"@food4animals\" \/>\n<meta name=\"twitter:label1\" content=\"Gesch\u00e4tzte Lesezeit\" \/>\n\t<meta name=\"twitter:data1\" content=\"1\u00a0Minute\" \/>\n<script type=\"application\/ld+json\" class=\"yoast-schema-graph\">{\"@context\":\"https:\/\/schema.org\",\"@graph\":[{\"@type\":\"WebPage\",\"@id\":\"https:\/\/www.food4animals.nl\/product\/hooi-slow-feeder-140-ltr-ks\/\",\"url\":\"https:\/\/www.food4animals.nl\/product\/hooi-slow-feeder-140-ltr-ks\/\",\"name\":\"Hooi Slow Feeder 140 ltr KS - Food4animals\",\"isPartOf\":{\"@id\":\"https:\/\/www.food4animals.nl\/en\/#website\"},\"primaryImageOfPage\":{\"@id\":\"https:\/\/www.food4animals.nl\/product\/hooi-slow-feeder-140-ltr-ks\/#primaryimage\"},\"image\":{\"@id\":\"https:\/\/www.food4animals.nl\/product\/hooi-slow-feeder-140-ltr-ks\/#primaryimage\"},\"thumbnailUrl\":\"https:\/\/www.food4animals.nl\/wp-content\/uploads\/2025\/11\/HOOI0003M.png\",\"datePublished\":\"2023-12-13T01:13:55+00:00\",\"dateModified\":\"2026-04-11T00:20:54+00:00\",\"breadcrumb\":{\"@id\":\"https:\/\/www.food4animals.nl\/product\/hooi-slow-feeder-140-ltr-ks\/#breadcrumb\"},\"inLanguage\":\"de\",\"potentialAction\":[{\"@type\":\"ReadAction\",\"target\":[\"https:\/\/www.food4animals.nl\/product\/hooi-slow-feeder-140-ltr-ks\/\"]}]},{\"@type\":\"ImageObject\",\"inLanguage\":\"de\",\"@id\":\"https:\/\/www.food4animals.nl\/product\/hooi-slow-feeder-140-ltr-ks\/#primaryimage\",\"url\":\"https:\/\/www.food4animals.nl\/wp-content\/uploads\/2025\/11\/HOOI0003M.png\",\"contentUrl\":\"https:\/\/www.food4animals.nl\/wp-content\/uploads\/2025\/11\/HOOI0003M.png\",\"width\":389,\"height\":305},{\"@type\":\"BreadcrumbList\",\"@id\":\"https:\/\/www.food4animals.nl\/product\/hooi-slow-feeder-140-ltr-ks\/#breadcrumb\",\"itemListElement\":[{\"@type\":\"ListItem\",\"position\":1,\"name\":\"Home\",\"item\":\"https:\/\/www.food4animals.nl\/\"},{\"@type\":\"ListItem\",\"position\":2,\"name\":\"Winkel\",\"item\":\"https:\/\/www.food4animals.nl\/winkel\/\"},{\"@type\":\"ListItem\",\"position\":3,\"name\":\"Hooi Slow Feeder 140 ltr KS\"}]},{\"@type\":\"WebSite\",\"@id\":\"https:\/\/www.food4animals.nl\/en\/#website\",\"url\":\"https:\/\/www.food4animals.nl\/en\/\",\"name\":\"Food4animals\",\"description\":\"Alles voor Ruiter en Dier\",\"publisher\":{\"@id\":\"https:\/\/www.food4animals.nl\/en\/#organization\"},\"potentialAction\":[{\"@type\":\"SearchAction\",\"target\":{\"@type\":\"EntryPoint\",\"urlTemplate\":\"https:\/\/www.food4animals.nl\/en\/?s={search_term_string}\"},\"query-input\":{\"@type\":\"PropertyValueSpecification\",\"valueRequired\":true,\"valueName\":\"search_term_string\"}}],\"inLanguage\":\"de\"},{\"@type\":\"Organization\",\"@id\":\"https:\/\/www.food4animals.nl\/en\/#organization\",\"name\":\"Food4animals\",\"url\":\"https:\/\/www.food4animals.nl\/en\/\",\"logo\":{\"@type\":\"ImageObject\",\"inLanguage\":\"de\",\"@id\":\"https:\/\/www.food4animals.nl\/en\/#\/schema\/logo\/image\/\",\"url\":\"https:\/\/www.food4animals.nl\/wp-content\/uploads\/2023\/10\/Logo.svg\",\"contentUrl\":\"https:\/\/www.food4animals.nl\/wp-content\/uploads\/2023\/10\/Logo.svg\",\"width\":1,\"height\":1,\"caption\":\"Food4animals\"},\"image\":{\"@id\":\"https:\/\/www.food4animals.nl\/en\/#\/schema\/logo\/image\/\"},\"sameAs\":[\"https:\/\/www.facebook.com\/p\/Food4animals-100063861676074\/\",\"https:\/\/x.com\/food4animals\"]}]}<\/script>\n<!-- \/ Yoast SEO plugin. -->","yoast_head_json":{"title":"Heu Langsamf\u00fctterer 140 l KS - Food4animals","robots":{"index":"index","follow":"follow","max-snippet":"max-snippet:-1","max-image-preview":"max-image-preview:large","max-video-preview":"max-video-preview:-1"},"canonical":"https:\/\/www.food4animals.nl\/de\/produkt\/heu-langsamfutterer-140-ltr-ks\/","og_locale":"de_DE","og_type":"article","og_title":"Hooi Slow Feeder 140 ltr KS - Food4animals","og_description":"Zodra de feeder gevuld is met hooi, zal het paard zich uren kunnen vermaken en gaat daardoor verveling in de stal tegen.","og_url":"https:\/\/www.food4animals.nl\/de\/produkt\/heu-langsamfutterer-140-ltr-ks\/","og_site_name":"Food4animals","article_publisher":"https:\/\/www.facebook.com\/p\/Food4animals-100063861676074\/","article_modified_time":"2026-04-11T00:20:54+00:00","og_image":[{"width":389,"height":305,"url":"https:\/\/www.food4animals.nl\/wp-content\/uploads\/2025\/11\/HOOI0003M.png","type":"image\/png"}],"twitter_card":"summary_large_image","twitter_site":"@food4animals","twitter_misc":{"Gesch\u00e4tzte Lesezeit":"1\u00a0Minute"},"schema":{"@context":"https:\/\/schema.org","@graph":[{"@type":"WebPage","@id":"https:\/\/www.food4animals.nl\/product\/hooi-slow-feeder-140-ltr-ks\/","url":"https:\/\/www.food4animals.nl\/product\/hooi-slow-feeder-140-ltr-ks\/","name":"Heu Langsamf\u00fctterer 140 l KS - Food4animals","isPartOf":{"@id":"https:\/\/www.food4animals.nl\/en\/#website"},"primaryImageOfPage":{"@id":"https:\/\/www.food4animals.nl\/product\/hooi-slow-feeder-140-ltr-ks\/#primaryimage"},"image":{"@id":"https:\/\/www.food4animals.nl\/product\/hooi-slow-feeder-140-ltr-ks\/#primaryimage"},"thumbnailUrl":"https:\/\/www.food4animals.nl\/wp-content\/uploads\/2025\/11\/HOOI0003M.png","datePublished":"2023-12-13T01:13:55+00:00","dateModified":"2026-04-11T00:20:54+00:00","breadcrumb":{"@id":"https:\/\/www.food4animals.nl\/product\/hooi-slow-feeder-140-ltr-ks\/#breadcrumb"},"inLanguage":"de","potentialAction":[{"@type":"ReadAction","target":["https:\/\/www.food4animals.nl\/product\/hooi-slow-feeder-140-ltr-ks\/"]}]},{"@type":"ImageObject","inLanguage":"de","@id":"https:\/\/www.food4animals.nl\/product\/hooi-slow-feeder-140-ltr-ks\/#primaryimage","url":"https:\/\/www.food4animals.nl\/wp-content\/uploads\/2025\/11\/HOOI0003M.png","contentUrl":"https:\/\/www.food4animals.nl\/wp-content\/uploads\/2025\/11\/HOOI0003M.png","width":389,"height":305},{"@type":"BreadcrumbList","@id":"https:\/\/www.food4animals.nl\/product\/hooi-slow-feeder-140-ltr-ks\/#breadcrumb","itemListElement":[{"@type":"ListItem","position":1,"name":"Home","item":"https:\/\/www.food4animals.nl\/"},{"@type":"ListItem","position":2,"name":"Winkel","item":"https:\/\/www.food4animals.nl\/winkel\/"},{"@type":"ListItem","position":3,"name":"Hooi Slow Feeder 140 ltr KS"}]},{"@type":"WebSite","@id":"https:\/\/www.food4animals.nl\/en\/#website","url":"https:\/\/www.food4animals.nl\/en\/","name":"Lebensmittel4Tiere","description":"Alles f\u00fcr Reiter und Tier","publisher":{"@id":"https:\/\/www.food4animals.nl\/en\/#organization"},"potentialAction":[{"@type":"SearchAction","target":{"@type":"EntryPoint","urlTemplate":"https:\/\/www.food4animals.nl\/en\/?s={search_term_string}"},"query-input":{"@type":"PropertyValueSpecification","valueRequired":true,"valueName":"search_term_string"}}],"inLanguage":"de"},{"@type":"Organization","@id":"https:\/\/www.food4animals.nl\/en\/#organization","name":"Lebensmittel4Tiere","url":"https:\/\/www.food4animals.nl\/en\/","logo":{"@type":"ImageObject","inLanguage":"de","@id":"https:\/\/www.food4animals.nl\/en\/#\/schema\/logo\/image\/","url":"https:\/\/www.food4animals.nl\/wp-content\/uploads\/2023\/10\/Logo.svg","contentUrl":"https:\/\/www.food4animals.nl\/wp-content\/uploads\/2023\/10\/Logo.svg","width":1,"height":1,"caption":"Food4animals"},"image":{"@id":"https:\/\/www.food4animals.nl\/en\/#\/schema\/logo\/image\/"},"sameAs":["https:\/\/www.facebook.com\/p\/Food4animals-100063861676074\/","https:\/\/x.com\/food4animals"]}]}},"_links":{"self":[{"href":"https:\/\/www.food4animals.nl\/de\/wp-json\/wp\/v2\/product\/9369","targetHints":{"allow":["GET"]}}],"collection":[{"href":"https:\/\/www.food4animals.nl\/de\/wp-json\/wp\/v2\/product"}],"about":[{"href":"https:\/\/www.food4animals.nl\/de\/wp-json\/wp\/v2\/types\/product"}],"wp:featuredmedia":[{"embeddable":true,"href":"https:\/\/www.food4animals.nl\/de\/wp-json\/wp\/v2\/media\/36393"}],"wp:attachment":[{"href":"https:\/\/www.food4animals.nl\/de\/wp-json\/wp\/v2\/media?parent=9369"}],"wp:term":[{"taxonomy":"product_brand","embeddable":true,"href":"https:\/\/www.food4animals.nl\/de\/wp-json\/wp\/v2\/product_brand?post=9369"},{"taxonomy":"product_cat","embeddable":true,"href":"https:\/\/www.food4animals.nl\/de\/wp-json\/wp\/v2\/product_cat?post=9369"},{"taxonomy":"product_tag","embeddable":true,"href":"https:\/\/www.food4animals.nl\/de\/wp-json\/wp\/v2\/product_tag?post=9369"}],"curies":[{"name":"wp","href":"https:\/\/api.w.org\/{rel}","templated":true}]}}