{"id":9402,"date":"2023-12-13T01:15:04","date_gmt":"2023-12-13T01:15:04","guid":{"rendered":"https:\/\/food4animals.nl\/product\/horse-armor-knockdown-deken-ml-183-cm-insect-shield\/"},"modified":"2026-04-10T01:26:35","modified_gmt":"2026-04-10T00:26:35","slug":"horse-armor-knockdown-deken-ml-183-cm-insect-shield","status":"publish","type":"product","link":"https:\/\/www.food4animals.nl\/de\/produkt\/horse-armor-knockdown-deken-ml-183-cm-insect-shield\/","title":{"rendered":"Horse Armor Knockdown-Decke ML 183 cm (Insektenschutz)"},"content":{"rendered":"<p><span style=\"font-size: 10pt;\"><strong>Der ultimative Fliegenteppich mit <span style=\"color: #000000;\">Insect Shield\u00ae!<br \/><\/span><\/strong><\/span><span style=\"font-size: 10pt; color: #000000;\">Das \"Laken\" besteht aus einer Decke mit Nackenteil.<\/span><\/p>\n<p><span style=\"font-size: 10pt; color: #000000;\">Hergestellt aus strapazierf\u00e4higem Polyester mit einem lang wirkenden Insektizid im Inneren. Au\u00dferdem hat die Forschung gezeigt, dass die Farbe von Horse Armor Fliegen besser abh\u00e4lt.<\/span><\/p>\n<p><span style=\"font-size: 10pt; color: #000000;\"><img loading=\"lazy\" decoding=\"async\" style=\"float: right;\" src=\"\/imagestream\/stream\/22438\/0\/0\/613\/855\/613\/855\/554\/773\/554\/773\/409\/571\/409\/571\/238\/332\/238\/332\/104\/145\/0\/0\/151\/211\/151\/211\/164\/229\/Insect_Shield.jpg\" width=\"164\" height=\"229\" \/><\/span><\/p>\n<p><span style=\"font-size: 10pt; color: #000000;\">Indem Sie Horse Armor Knockdown auf Ihr Pferd auftragen, schaffen Sie ein Insektenschutzschild\u00ae, das es den <\/span><span style=\"color: #000000; font-size: 10pt;\">Pferd kein Problem\u00a0<\/span><span style=\"font-family: Verdana, Arial, Helvetica, sans-serif;\">mehr vor Insekten wie: M\u00fccken, Moskitos, Fliegen, Zecken. Hergestellt aus strapazierf\u00e4higem Polyester-Material\u00a0<\/span><span style=\"font-family: Verdana, Arial, Helvetica, sans-serif;\">in dem <\/span><span style=\"color: #000000; font-size: 10pt;\">Insektenschutzschild\u00ae<\/span><span style=\"font-family: Verdana, Arial, Helvetica, sans-serif;\"> verarbeitet wurde. Ideal im Sommer gegen Stechm\u00fccken und zur Abwehr von stechenden M\u00fccken, die Schweif- und M\u00e4hnenekzeme an M\u00e4hne und Schweif ausl\u00f6sen. Das in Horse Armor Knockdown verarbeitete Insect Shield\u00ae ist langwirkend und sicher f\u00fcr Pferd und Reiter.<\/span><\/p>\n<div>\n<p><span style=\"font-size: 10pt; color: #000000;\">Durch die Einf\u00e4rbung von Horse Armor Knockdown und die Einarbeitung von Insect Shield\u00ae in Decke, Maske und Wickel, wei\u00df Horse Armor<\/span><\/p>\n<p><span style=\"font-size: 10pt; color: #000000;\">Pferd R\u00fcstung Knockdown eine doppelte Funktion: es <em>abwehren<\/em> und <em>tot<\/em> aller Insekten. <\/span><\/p>\n<p><span style=\"font-size: 10pt; color: #000000;\">Ihr Pferd hat endlich Ruhe und Frieden auf der Weide.<\/span><\/p>\n<p><span style=\"font-size: 10pt;\"><strong><span style=\"color: #000000;\">Der beste Schutz aller Zeiten!<\/span><br \/><\/strong><\/span><\/p>\n<p><span style=\"font-size: 10pt;\"><strong>Zeitraum der T\u00e4tigkeit:<\/strong> Das Insect Shield\u00ae h\u00e4lt bis zu 70 Waschg\u00e4nge lang.<\/span><\/p>\n<p><span style=\"font-size: 10pt;\"><a title=\"Horse Armor Knockdown Brosch\u00fcre 2015\" href=\"..\/imagestream\/stream\/22437\/Horse_Armor_Knockdowngear_brochure_2015.pdf\" target=\"_blank\" rel=\"noopener\">F\u00fcr weitere Informationen klicken Sie bitte hier!<br \/><\/a><\/span><\/p>\n<p><span style=\"font-size: 10pt;\"><strong>Welche Gr\u00f6\u00dfe ist f\u00fcr mein Pferd geeignet?<br \/><\/strong><\/span><\/p>\n<table style=\"width: 423px; height: 50px;\" border=\"1\" cellspacing=\"0\" cellpadding=\"0\">\n<tbody>\n<tr>\n<td style=\"width: 176px;\">\n<p><span style=\"font-size: 10pt;\"><strong>Fly Sheet Artikelcode:<\/strong><\/span><\/p>\n<\/td>\n<td style=\"width: 79px;\">\n<p><span style=\"font-size: 10pt;\"><strong>KNOC00175<\/strong><\/span><\/p>\n<\/td>\n<td style=\"width: 79px;\">\n<p><span style=\"font-size: 10pt;\"><strong>KNOC00183<\/strong><\/span><\/p>\n<\/td>\n<td style=\"width: 79px;\">\n<p><span style=\"font-size: 10pt;\"><strong>KNOC00191<\/strong><\/span><\/p>\n<\/td>\n<\/tr>\n<tr>\n<td style=\"width: 176px;\">\n<p><span style=\"font-size: 10pt;\"><strong>Fly SHeet Dimension: (Untere Feder)<\/strong><\/span><\/p>\n<\/td>\n<td style=\"text-align: center; width: 79px;\">\n<p><span style=\"font-size: 10pt;\">175 cm<\/span><\/p>\n<\/td>\n<td style=\"text-align: center; width: 79px;\">\n<p><span style=\"font-size: 10pt;\">183 cm<\/span><\/p>\n<\/td>\n<td style=\"text-align: center; width: 79px;\">\n<p><span style=\"font-size: 10pt;\">191 cm<\/span><\/p>\n<\/td>\n<\/tr>\n<tr>\n<td style=\"width: 176px;\">\n<p><span style=\"font-size: 10pt;\"><strong>Schulterh\u00f6he Pony\/Pferd:<\/strong><\/span><\/p>\n<\/td>\n<td style=\"text-align: center; width: 79px;\">\n<p><span style=\"font-size: 10pt;\">141-150 cm<\/span><\/p>\n<\/td>\n<td style=\"text-align: center; width: 79px;\">\n<p><span style=\"font-size: 10pt;\">151-160 cm<\/span><\/p>\n<\/td>\n<td style=\"text-align: center; width: 79px;\">\n<p><span style=\"font-size: 10pt;\">161-170cm<\/span><\/p>\n<\/td>\n<\/tr>\n<\/tbody>\n<\/table>\n<p><span style=\"font-size: 10pt;\"><strong><br \/><\/strong><strong>Vervollst\u00e4ndige dein Knockdown-R\u00fcstungsset mit der Knockdown MASK <br \/>&amp; Knockdown Beinwickel! Klicken Sie auf das entsprechende Produkt, das Sie sehen m\u00f6chten.<\/strong><br \/><\/span><\/p>\n<table style=\"width: 388px; height: 157px;\" border=\"0\">\n<tbody>\n<tr>\n<td>\n<p>\u00a0<\/p>\n<\/td>\n<td>\n<p><span style=\"font-size: 10pt;\"><a href=\"..\/nl\/product\/481\/12538\/insectenbestrijding\/op-het-dier\/paarden\/horse-armor-knockdown-leg-wraps-one-size-insect-shield\"><img loading=\"lazy\" decoding=\"async\" src=\"\/imagestream\/stream\/20441\/0\/0\/230\/172\/230\/172\/182\/136\/0\/0\/195\/146\/knoc00242.jpg\" width=\"195\" height=\"146\" \/><\/a><\/span><\/p>\n<\/td>\n<\/tr>\n<tr>\n<td style=\"text-align: center;\">\n<p><span style=\"font-size: 10pt;\"><strong>\u00a0<\/strong><\/span><\/p>\n<\/td>\n<td style=\"text-align: center;\">\n<p><span style=\"font-size: 10pt;\"><strong>Pferder\u00fcstung<br \/>Knockdown Beinwickel<\/strong><\/span><\/p>\n<\/td>\n<\/tr>\n<\/tbody>\n<\/table>\n<\/div>","protected":false},"excerpt":{"rendered":"<p>Kein \u00c4rger mehr mit Insekten.<\/p>","protected":false},"featured_media":37261,"template":"","meta":{"_acf_changed":false},"product_brand":[],"product_cat":[1104,829,1103],"product_tag":[2266,1390,843,1106,2268,2267],"class_list":{"0":"post-9402","1":"product","2":"type-product","3":"status-publish","4":"has-post-thumbnail","6":"product_cat-dazen-en-teken","7":"product_cat-paard","8":"product_cat-vliegen","9":"product_tag-horse-armor","10":"product_tag-mug","11":"product_tag-paard","12":"product_tag-vlieg","13":"product_tag-vliegendeken","14":"product_tag-vliegendekens","15":"tax_brand-horse-armor","17":"first","18":"instock","19":"taxable","20":"shipping-taxable","21":"purchasable","22":"product-type-simple"},"acf":[],"yoast_head":"<!-- This site is optimized with the Yoast SEO plugin v27.2 - https:\/\/yoast.com\/product\/yoast-seo-wordpress\/ -->\n<title>Horse Armor knockdown deken ML 183 cm (Insect shield) - Food4animals<\/title>\n<meta name=\"robots\" content=\"index, follow, max-snippet:-1, max-image-preview:large, max-video-preview:-1\" \/>\n<link rel=\"canonical\" href=\"https:\/\/www.food4animals.nl\/de\/produkt\/horse-armor-knockdown-deken-ml-183-cm-insect-shield\/\" \/>\n<meta property=\"og:locale\" content=\"de_DE\" \/>\n<meta property=\"og:type\" content=\"article\" \/>\n<meta property=\"og:title\" content=\"Horse Armor knockdown deken ML 183 cm (Insect shield) - Food4animals\" \/>\n<meta property=\"og:description\" content=\"Geen last meer van insecten.\" \/>\n<meta property=\"og:url\" content=\"https:\/\/www.food4animals.nl\/de\/produkt\/horse-armor-knockdown-deken-ml-183-cm-insect-shield\/\" \/>\n<meta property=\"og:site_name\" content=\"Food4animals\" \/>\n<meta property=\"article:publisher\" content=\"https:\/\/www.facebook.com\/p\/Food4animals-100063861676074\/\" \/>\n<meta property=\"article:modified_time\" content=\"2026-04-10T00:26:35+00:00\" \/>\n<meta property=\"og:image\" content=\"https:\/\/www.food4animals.nl\/wp-content\/uploads\/2025\/11\/KNOC00145_KNOC00152_KNOC00160_KNOC00168_KNOC00175_KNOC00183_KNOC00191_KNOC00198_KNOC00206_KNOC00213-GROEP.png\" \/>\n\t<meta property=\"og:image:width\" content=\"1171\" \/>\n\t<meta property=\"og:image:height\" content=\"980\" \/>\n\t<meta property=\"og:image:type\" content=\"image\/png\" \/>\n<meta name=\"twitter:card\" content=\"summary_large_image\" \/>\n<meta name=\"twitter:site\" content=\"@food4animals\" \/>\n<meta name=\"twitter:label1\" content=\"Gesch\u00e4tzte Lesezeit\" \/>\n\t<meta name=\"twitter:data1\" content=\"1\u00a0Minute\" \/>\n<script type=\"application\/ld+json\" class=\"yoast-schema-graph\">{\"@context\":\"https:\/\/schema.org\",\"@graph\":[{\"@type\":\"WebPage\",\"@id\":\"https:\/\/www.food4animals.nl\/product\/horse-armor-knockdown-deken-ml-183-cm-insect-shield\/\",\"url\":\"https:\/\/www.food4animals.nl\/product\/horse-armor-knockdown-deken-ml-183-cm-insect-shield\/\",\"name\":\"Horse Armor knockdown deken ML 183 cm (Insect shield) - Food4animals\",\"isPartOf\":{\"@id\":\"https:\/\/www.food4animals.nl\/en\/#website\"},\"primaryImageOfPage\":{\"@id\":\"https:\/\/www.food4animals.nl\/product\/horse-armor-knockdown-deken-ml-183-cm-insect-shield\/#primaryimage\"},\"image\":{\"@id\":\"https:\/\/www.food4animals.nl\/product\/horse-armor-knockdown-deken-ml-183-cm-insect-shield\/#primaryimage\"},\"thumbnailUrl\":\"https:\/\/www.food4animals.nl\/wp-content\/uploads\/2025\/11\/KNOC00145_KNOC00152_KNOC00160_KNOC00168_KNOC00175_KNOC00183_KNOC00191_KNOC00198_KNOC00206_KNOC00213-GROEP.png\",\"datePublished\":\"2023-12-13T01:15:04+00:00\",\"dateModified\":\"2026-04-10T00:26:35+00:00\",\"breadcrumb\":{\"@id\":\"https:\/\/www.food4animals.nl\/product\/horse-armor-knockdown-deken-ml-183-cm-insect-shield\/#breadcrumb\"},\"inLanguage\":\"de\",\"potentialAction\":[{\"@type\":\"ReadAction\",\"target\":[\"https:\/\/www.food4animals.nl\/product\/horse-armor-knockdown-deken-ml-183-cm-insect-shield\/\"]}]},{\"@type\":\"ImageObject\",\"inLanguage\":\"de\",\"@id\":\"https:\/\/www.food4animals.nl\/product\/horse-armor-knockdown-deken-ml-183-cm-insect-shield\/#primaryimage\",\"url\":\"https:\/\/www.food4animals.nl\/wp-content\/uploads\/2025\/11\/KNOC00145_KNOC00152_KNOC00160_KNOC00168_KNOC00175_KNOC00183_KNOC00191_KNOC00198_KNOC00206_KNOC00213-GROEP.png\",\"contentUrl\":\"https:\/\/www.food4animals.nl\/wp-content\/uploads\/2025\/11\/KNOC00145_KNOC00152_KNOC00160_KNOC00168_KNOC00175_KNOC00183_KNOC00191_KNOC00198_KNOC00206_KNOC00213-GROEP.png\",\"width\":1171,\"height\":980},{\"@type\":\"BreadcrumbList\",\"@id\":\"https:\/\/www.food4animals.nl\/product\/horse-armor-knockdown-deken-ml-183-cm-insect-shield\/#breadcrumb\",\"itemListElement\":[{\"@type\":\"ListItem\",\"position\":1,\"name\":\"Home\",\"item\":\"https:\/\/www.food4animals.nl\/\"},{\"@type\":\"ListItem\",\"position\":2,\"name\":\"Winkel\",\"item\":\"https:\/\/www.food4animals.nl\/winkel\/\"},{\"@type\":\"ListItem\",\"position\":3,\"name\":\"Horse Armor knockdown deken ML 183 cm (Insect shield)\"}]},{\"@type\":\"WebSite\",\"@id\":\"https:\/\/www.food4animals.nl\/en\/#website\",\"url\":\"https:\/\/www.food4animals.nl\/en\/\",\"name\":\"Food4animals\",\"description\":\"Alles voor Ruiter en Dier\",\"publisher\":{\"@id\":\"https:\/\/www.food4animals.nl\/en\/#organization\"},\"potentialAction\":[{\"@type\":\"SearchAction\",\"target\":{\"@type\":\"EntryPoint\",\"urlTemplate\":\"https:\/\/www.food4animals.nl\/en\/?s={search_term_string}\"},\"query-input\":{\"@type\":\"PropertyValueSpecification\",\"valueRequired\":true,\"valueName\":\"search_term_string\"}}],\"inLanguage\":\"de\"},{\"@type\":\"Organization\",\"@id\":\"https:\/\/www.food4animals.nl\/en\/#organization\",\"name\":\"Food4animals\",\"url\":\"https:\/\/www.food4animals.nl\/en\/\",\"logo\":{\"@type\":\"ImageObject\",\"inLanguage\":\"de\",\"@id\":\"https:\/\/www.food4animals.nl\/en\/#\/schema\/logo\/image\/\",\"url\":\"https:\/\/www.food4animals.nl\/wp-content\/uploads\/2023\/10\/Logo.svg\",\"contentUrl\":\"https:\/\/www.food4animals.nl\/wp-content\/uploads\/2023\/10\/Logo.svg\",\"width\":1,\"height\":1,\"caption\":\"Food4animals\"},\"image\":{\"@id\":\"https:\/\/www.food4animals.nl\/en\/#\/schema\/logo\/image\/\"},\"sameAs\":[\"https:\/\/www.facebook.com\/p\/Food4animals-100063861676074\/\",\"https:\/\/x.com\/food4animals\"]}]}<\/script>\n<!-- \/ Yoast SEO plugin. -->","yoast_head_json":{"title":"Horse Armor knockdown deken ML 183 cm (Insect shield) - Food4animals","robots":{"index":"index","follow":"follow","max-snippet":"max-snippet:-1","max-image-preview":"max-image-preview:large","max-video-preview":"max-video-preview:-1"},"canonical":"https:\/\/www.food4animals.nl\/de\/produkt\/horse-armor-knockdown-deken-ml-183-cm-insect-shield\/","og_locale":"de_DE","og_type":"article","og_title":"Horse Armor knockdown deken ML 183 cm (Insect shield) - Food4animals","og_description":"Geen last meer van insecten.","og_url":"https:\/\/www.food4animals.nl\/de\/produkt\/horse-armor-knockdown-deken-ml-183-cm-insect-shield\/","og_site_name":"Food4animals","article_publisher":"https:\/\/www.facebook.com\/p\/Food4animals-100063861676074\/","article_modified_time":"2026-04-10T00:26:35+00:00","og_image":[{"width":1171,"height":980,"url":"https:\/\/www.food4animals.nl\/wp-content\/uploads\/2025\/11\/KNOC00145_KNOC00152_KNOC00160_KNOC00168_KNOC00175_KNOC00183_KNOC00191_KNOC00198_KNOC00206_KNOC00213-GROEP.png","type":"image\/png"}],"twitter_card":"summary_large_image","twitter_site":"@food4animals","twitter_misc":{"Gesch\u00e4tzte Lesezeit":"1\u00a0Minute"},"schema":{"@context":"https:\/\/schema.org","@graph":[{"@type":"WebPage","@id":"https:\/\/www.food4animals.nl\/product\/horse-armor-knockdown-deken-ml-183-cm-insect-shield\/","url":"https:\/\/www.food4animals.nl\/product\/horse-armor-knockdown-deken-ml-183-cm-insect-shield\/","name":"Horse Armor knockdown deken ML 183 cm (Insect shield) - Food4animals","isPartOf":{"@id":"https:\/\/www.food4animals.nl\/en\/#website"},"primaryImageOfPage":{"@id":"https:\/\/www.food4animals.nl\/product\/horse-armor-knockdown-deken-ml-183-cm-insect-shield\/#primaryimage"},"image":{"@id":"https:\/\/www.food4animals.nl\/product\/horse-armor-knockdown-deken-ml-183-cm-insect-shield\/#primaryimage"},"thumbnailUrl":"https:\/\/www.food4animals.nl\/wp-content\/uploads\/2025\/11\/KNOC00145_KNOC00152_KNOC00160_KNOC00168_KNOC00175_KNOC00183_KNOC00191_KNOC00198_KNOC00206_KNOC00213-GROEP.png","datePublished":"2023-12-13T01:15:04+00:00","dateModified":"2026-04-10T00:26:35+00:00","breadcrumb":{"@id":"https:\/\/www.food4animals.nl\/product\/horse-armor-knockdown-deken-ml-183-cm-insect-shield\/#breadcrumb"},"inLanguage":"de","potentialAction":[{"@type":"ReadAction","target":["https:\/\/www.food4animals.nl\/product\/horse-armor-knockdown-deken-ml-183-cm-insect-shield\/"]}]},{"@type":"ImageObject","inLanguage":"de","@id":"https:\/\/www.food4animals.nl\/product\/horse-armor-knockdown-deken-ml-183-cm-insect-shield\/#primaryimage","url":"https:\/\/www.food4animals.nl\/wp-content\/uploads\/2025\/11\/KNOC00145_KNOC00152_KNOC00160_KNOC00168_KNOC00175_KNOC00183_KNOC00191_KNOC00198_KNOC00206_KNOC00213-GROEP.png","contentUrl":"https:\/\/www.food4animals.nl\/wp-content\/uploads\/2025\/11\/KNOC00145_KNOC00152_KNOC00160_KNOC00168_KNOC00175_KNOC00183_KNOC00191_KNOC00198_KNOC00206_KNOC00213-GROEP.png","width":1171,"height":980},{"@type":"BreadcrumbList","@id":"https:\/\/www.food4animals.nl\/product\/horse-armor-knockdown-deken-ml-183-cm-insect-shield\/#breadcrumb","itemListElement":[{"@type":"ListItem","position":1,"name":"Home","item":"https:\/\/www.food4animals.nl\/"},{"@type":"ListItem","position":2,"name":"Winkel","item":"https:\/\/www.food4animals.nl\/winkel\/"},{"@type":"ListItem","position":3,"name":"Horse Armor knockdown deken ML 183 cm (Insect shield)"}]},{"@type":"WebSite","@id":"https:\/\/www.food4animals.nl\/en\/#website","url":"https:\/\/www.food4animals.nl\/en\/","name":"Lebensmittel4Tiere","description":"Alles f\u00fcr Reiter und Tier","publisher":{"@id":"https:\/\/www.food4animals.nl\/en\/#organization"},"potentialAction":[{"@type":"SearchAction","target":{"@type":"EntryPoint","urlTemplate":"https:\/\/www.food4animals.nl\/en\/?s={search_term_string}"},"query-input":{"@type":"PropertyValueSpecification","valueRequired":true,"valueName":"search_term_string"}}],"inLanguage":"de"},{"@type":"Organization","@id":"https:\/\/www.food4animals.nl\/en\/#organization","name":"Lebensmittel4Tiere","url":"https:\/\/www.food4animals.nl\/en\/","logo":{"@type":"ImageObject","inLanguage":"de","@id":"https:\/\/www.food4animals.nl\/en\/#\/schema\/logo\/image\/","url":"https:\/\/www.food4animals.nl\/wp-content\/uploads\/2023\/10\/Logo.svg","contentUrl":"https:\/\/www.food4animals.nl\/wp-content\/uploads\/2023\/10\/Logo.svg","width":1,"height":1,"caption":"Food4animals"},"image":{"@id":"https:\/\/www.food4animals.nl\/en\/#\/schema\/logo\/image\/"},"sameAs":["https:\/\/www.facebook.com\/p\/Food4animals-100063861676074\/","https:\/\/x.com\/food4animals"]}]}},"_links":{"self":[{"href":"https:\/\/www.food4animals.nl\/de\/wp-json\/wp\/v2\/product\/9402","targetHints":{"allow":["GET"]}}],"collection":[{"href":"https:\/\/www.food4animals.nl\/de\/wp-json\/wp\/v2\/product"}],"about":[{"href":"https:\/\/www.food4animals.nl\/de\/wp-json\/wp\/v2\/types\/product"}],"wp:featuredmedia":[{"embeddable":true,"href":"https:\/\/www.food4animals.nl\/de\/wp-json\/wp\/v2\/media\/37261"}],"wp:attachment":[{"href":"https:\/\/www.food4animals.nl\/de\/wp-json\/wp\/v2\/media?parent=9402"}],"wp:term":[{"taxonomy":"product_brand","embeddable":true,"href":"https:\/\/www.food4animals.nl\/de\/wp-json\/wp\/v2\/product_brand?post=9402"},{"taxonomy":"product_cat","embeddable":true,"href":"https:\/\/www.food4animals.nl\/de\/wp-json\/wp\/v2\/product_cat?post=9402"},{"taxonomy":"product_tag","embeddable":true,"href":"https:\/\/www.food4animals.nl\/de\/wp-json\/wp\/v2\/product_tag?post=9402"}],"curies":[{"name":"wp","href":"https:\/\/api.w.org\/{rel}","templated":true}]}}