{"id":9427,"date":"2023-12-13T01:15:58","date_gmt":"2023-12-13T01:15:58","guid":{"rendered":"https:\/\/food4animals.nl\/product\/horslyx-mini-garlic\/"},"modified":"2026-05-12T01:20:49","modified_gmt":"2026-05-12T00:20:49","slug":"horslyx-mini-garlic","status":"publish","type":"product","link":"https:\/\/www.food4animals.nl\/de\/produkt\/horslyx-mini-garlic\/","title":{"rendered":"Horslyx Mini-Knoblauch"},"content":{"rendered":"<h2><span style=\"font-size: 10pt;\">Sorgt f\u00fcr Ablenkung und hilft, Langeweile zu verringern<\/span><\/h2>\n<p><span style=\"font-size: 10pt;\">Vormt een geurmasker rondom het paard.\u00a0<\/p>\n<p>Leckerer Leckerbissen f\u00fcr Pferde. <br \/>De liksteen is speciaal ontworpen om uit de hand te worden gevoerd en ideaal als afleiding of beloning.<\/span><\/p>\n<ul>\n<li><span style=\"font-size: 10pt;\">Enth\u00e4lt wichtige Vitamine, Mineralien und Spurenelemente<\/span><\/li>\n<li><span style=\"font-size: 10pt;\">Met zuivere knoflookolie<\/span><\/li>\n<li><span style=\"font-size: 10pt;\">Enth\u00e4lt Biotin, Zink und Methionin<\/span><\/li>\n<li><span style=\"font-size: 10pt;\">Sorgt f\u00fcr Ablenkung und verringert Langeweile<\/span><\/li>\n<li><span style=\"font-size: 10pt;\">Witterungsbest\u00e4ndig; sowohl f\u00fcr St\u00e4lle als auch f\u00fcr Weiden geeignet<\/span><span style=\"font-size: 10pt;\"><br \/><\/span><\/li>\n<\/ul>\n<p><strong><span style=\"font-size: 10pt;\">Wann ist sie zu verwenden?<br \/><\/span><\/strong><span style=\"font-size: 10pt;\">Bei Besuchen z. B. beim Hufschmied oder Tierarzt<br \/><\/span><span style=\"font-size: 10pt;\">Transport mit Anh\u00e4nger<br \/>Als Belohnung oder Belohnung<\/span><\/p>\n<p><strong><span style=\"font-size: 10pt;\">Inhalt<\/span><\/strong><br \/><span style=\"font-size: 10pt;\">650 g<\/span><\/p>\n<p><strong><span style=\"font-size: 10pt;\">Varianten<br \/><\/span><\/strong><span style=\"font-size: 10pt;\">HORSL010 - Original<\/span><br \/><span style=\"font-size: 10pt;\">HORSL011 - Minze<\/span><br \/><span style=\"font-size: 10pt;\">HORSL012 - Knoblauch<\/span><br \/><span style=\"font-size: 10pt;\">HORSL013 - Mobilit\u00e4t<\/span><br \/><span style=\"font-size: 10pt;\">HORSL014 - Atmungsorgane<\/span><br \/><span style=\"font-size: 10pt;\">HORSL015 - Verdauung<\/span><\/p>\n<h3>Zuckermenge in Horslyx<\/h3>\n<p>Horslyx enth\u00e4lt im Verh\u00e4ltnis zur t\u00e4glichen Futtermenge f\u00fcr Pferde wenig Zucker. Ein 500 kg schweres Pferd frisst zum Beispiel t\u00e4glich 50 kg Gras, das bis zu 2000 g Zucker enth\u00e4lt. Nimmt das gleiche Pferd t\u00e4glich 0,25 kg Horslyx zu sich, so nimmt es 82,5 g Zucker auf. Da Pferde t\u00e4glich nur so wenig Horslyx zu sich nehmen, erhalten sie nur wenig zus\u00e4tzlichen Zucker. Au\u00dferdem k\u00f6nnen Pferde Zucker gut vertragen, insbesondere wenn sie \u00fcber den Tag verteilt kleine Mengen aufnehmen (z. B. beim Grasen oder Lecken).<\/p>","protected":false},"excerpt":{"rendered":"<p>Deze liksteen vormt een geurmasker rondom het paard!<\/p>","protected":false},"featured_media":36480,"template":"","meta":{"_acf_changed":false},"product_brand":[],"product_cat":[829,1316],"product_tag":[2277,2278,2276,843],"class_list":{"0":"post-9427","1":"product","2":"type-product","3":"status-publish","4":"has-post-thumbnail","6":"product_cat-paard","7":"product_cat-supplementen-paard","8":"product_tag-horslyx","9":"product_tag-knoflook","10":"product_tag-liksteen","11":"product_tag-paard","12":"tax_brand-horslyx","14":"first","15":"instock","16":"taxable","17":"shipping-taxable","18":"purchasable","19":"product-type-simple"},"acf":[],"yoast_head":"<!-- This site is optimized with the Yoast SEO plugin v27.4 - https:\/\/yoast.com\/product\/yoast-seo-wordpress\/ -->\n<title>Horslyx Mini Garlic - Food4animals<\/title>\n<meta name=\"robots\" content=\"index, follow, max-snippet:-1, max-image-preview:large, max-video-preview:-1\" \/>\n<link rel=\"canonical\" href=\"https:\/\/www.food4animals.nl\/de\/produkt\/horslyx-mini-garlic\/\" \/>\n<meta property=\"og:locale\" content=\"de_DE\" \/>\n<meta property=\"og:type\" content=\"article\" \/>\n<meta property=\"og:title\" content=\"Horslyx Mini Garlic - Food4animals\" \/>\n<meta property=\"og:description\" content=\"Deze liksteen vormt een geurmasker rondom het paard!\" \/>\n<meta property=\"og:url\" content=\"https:\/\/www.food4animals.nl\/de\/produkt\/horslyx-mini-garlic\/\" \/>\n<meta property=\"og:site_name\" content=\"Food4animals\" \/>\n<meta property=\"article:publisher\" content=\"https:\/\/www.facebook.com\/p\/Food4animals-100063861676074\/\" \/>\n<meta property=\"article:modified_time\" content=\"2026-05-12T00:20:49+00:00\" \/>\n<meta property=\"og:image\" content=\"https:\/\/www.food4animals.nl\/wp-content\/uploads\/2025\/11\/HORSL012.png\" \/>\n\t<meta property=\"og:image:width\" content=\"980\" \/>\n\t<meta property=\"og:image:height\" content=\"980\" \/>\n\t<meta property=\"og:image:type\" content=\"image\/png\" \/>\n<meta name=\"twitter:card\" content=\"summary_large_image\" \/>\n<meta name=\"twitter:site\" content=\"@food4animals\" \/>\n<meta name=\"twitter:label1\" content=\"Gesch\u00e4tzte Lesezeit\" \/>\n\t<meta name=\"twitter:data1\" content=\"1\u00a0Minute\" \/>\n<script type=\"application\/ld+json\" class=\"yoast-schema-graph\">{\"@context\":\"https:\\\/\\\/schema.org\",\"@graph\":[{\"@type\":\"WebPage\",\"@id\":\"https:\\\/\\\/www.food4animals.nl\\\/product\\\/horslyx-mini-garlic\\\/\",\"url\":\"https:\\\/\\\/www.food4animals.nl\\\/product\\\/horslyx-mini-garlic\\\/\",\"name\":\"Horslyx Mini Garlic - Food4animals\",\"isPartOf\":{\"@id\":\"https:\\\/\\\/www.food4animals.nl\\\/en\\\/#website\"},\"primaryImageOfPage\":{\"@id\":\"https:\\\/\\\/www.food4animals.nl\\\/product\\\/horslyx-mini-garlic\\\/#primaryimage\"},\"image\":{\"@id\":\"https:\\\/\\\/www.food4animals.nl\\\/product\\\/horslyx-mini-garlic\\\/#primaryimage\"},\"thumbnailUrl\":\"https:\\\/\\\/www.food4animals.nl\\\/wp-content\\\/uploads\\\/2025\\\/11\\\/HORSL012.png\",\"datePublished\":\"2023-12-13T01:15:58+00:00\",\"dateModified\":\"2026-05-12T00:20:49+00:00\",\"breadcrumb\":{\"@id\":\"https:\\\/\\\/www.food4animals.nl\\\/product\\\/horslyx-mini-garlic\\\/#breadcrumb\"},\"inLanguage\":\"de\",\"potentialAction\":[{\"@type\":\"ReadAction\",\"target\":[\"https:\\\/\\\/www.food4animals.nl\\\/product\\\/horslyx-mini-garlic\\\/\"]}]},{\"@type\":\"ImageObject\",\"inLanguage\":\"de\",\"@id\":\"https:\\\/\\\/www.food4animals.nl\\\/product\\\/horslyx-mini-garlic\\\/#primaryimage\",\"url\":\"https:\\\/\\\/www.food4animals.nl\\\/wp-content\\\/uploads\\\/2025\\\/11\\\/HORSL012.png\",\"contentUrl\":\"https:\\\/\\\/www.food4animals.nl\\\/wp-content\\\/uploads\\\/2025\\\/11\\\/HORSL012.png\",\"width\":980,\"height\":980},{\"@type\":\"BreadcrumbList\",\"@id\":\"https:\\\/\\\/www.food4animals.nl\\\/product\\\/horslyx-mini-garlic\\\/#breadcrumb\",\"itemListElement\":[{\"@type\":\"ListItem\",\"position\":1,\"name\":\"Home\",\"item\":\"https:\\\/\\\/www.food4animals.nl\\\/\"},{\"@type\":\"ListItem\",\"position\":2,\"name\":\"Winkel\",\"item\":\"https:\\\/\\\/www.food4animals.nl\\\/winkel\\\/\"},{\"@type\":\"ListItem\",\"position\":3,\"name\":\"Horslyx Mini Garlic\"}]},{\"@type\":\"WebSite\",\"@id\":\"https:\\\/\\\/www.food4animals.nl\\\/en\\\/#website\",\"url\":\"https:\\\/\\\/www.food4animals.nl\\\/en\\\/\",\"name\":\"Food4animals\",\"description\":\"Alles voor Ruiter en Dier\",\"publisher\":{\"@id\":\"https:\\\/\\\/www.food4animals.nl\\\/en\\\/#organization\"},\"potentialAction\":[{\"@type\":\"SearchAction\",\"target\":{\"@type\":\"EntryPoint\",\"urlTemplate\":\"https:\\\/\\\/www.food4animals.nl\\\/en\\\/?s={search_term_string}\"},\"query-input\":{\"@type\":\"PropertyValueSpecification\",\"valueRequired\":true,\"valueName\":\"search_term_string\"}}],\"inLanguage\":\"de\"},{\"@type\":\"Organization\",\"@id\":\"https:\\\/\\\/www.food4animals.nl\\\/en\\\/#organization\",\"name\":\"Food4animals\",\"url\":\"https:\\\/\\\/www.food4animals.nl\\\/en\\\/\",\"logo\":{\"@type\":\"ImageObject\",\"inLanguage\":\"de\",\"@id\":\"https:\\\/\\\/www.food4animals.nl\\\/en\\\/#\\\/schema\\\/logo\\\/image\\\/\",\"url\":\"https:\\\/\\\/www.food4animals.nl\\\/wp-content\\\/uploads\\\/2023\\\/10\\\/Logo.svg\",\"contentUrl\":\"https:\\\/\\\/www.food4animals.nl\\\/wp-content\\\/uploads\\\/2023\\\/10\\\/Logo.svg\",\"width\":1,\"height\":1,\"caption\":\"Food4animals\"},\"image\":{\"@id\":\"https:\\\/\\\/www.food4animals.nl\\\/en\\\/#\\\/schema\\\/logo\\\/image\\\/\"},\"sameAs\":[\"https:\\\/\\\/www.facebook.com\\\/p\\\/Food4animals-100063861676074\\\/\",\"https:\\\/\\\/x.com\\\/food4animals\"]}]}<\/script>\n<!-- \/ Yoast SEO plugin. -->","yoast_head_json":{"title":"Horslyx Mini Garlic - Food4animals","robots":{"index":"index","follow":"follow","max-snippet":"max-snippet:-1","max-image-preview":"max-image-preview:large","max-video-preview":"max-video-preview:-1"},"canonical":"https:\/\/www.food4animals.nl\/de\/produkt\/horslyx-mini-garlic\/","og_locale":"de_DE","og_type":"article","og_title":"Horslyx Mini Garlic - Food4animals","og_description":"Deze liksteen vormt een geurmasker rondom het paard!","og_url":"https:\/\/www.food4animals.nl\/de\/produkt\/horslyx-mini-garlic\/","og_site_name":"Food4animals","article_publisher":"https:\/\/www.facebook.com\/p\/Food4animals-100063861676074\/","article_modified_time":"2026-05-12T00:20:49+00:00","og_image":[{"width":980,"height":980,"url":"https:\/\/www.food4animals.nl\/wp-content\/uploads\/2025\/11\/HORSL012.png","type":"image\/png"}],"twitter_card":"summary_large_image","twitter_site":"@food4animals","twitter_misc":{"Gesch\u00e4tzte Lesezeit":"1\u00a0Minute"},"schema":{"@context":"https:\/\/schema.org","@graph":[{"@type":"WebPage","@id":"https:\/\/www.food4animals.nl\/product\/horslyx-mini-garlic\/","url":"https:\/\/www.food4animals.nl\/product\/horslyx-mini-garlic\/","name":"Horslyx Mini Garlic - Food4animals","isPartOf":{"@id":"https:\/\/www.food4animals.nl\/en\/#website"},"primaryImageOfPage":{"@id":"https:\/\/www.food4animals.nl\/product\/horslyx-mini-garlic\/#primaryimage"},"image":{"@id":"https:\/\/www.food4animals.nl\/product\/horslyx-mini-garlic\/#primaryimage"},"thumbnailUrl":"https:\/\/www.food4animals.nl\/wp-content\/uploads\/2025\/11\/HORSL012.png","datePublished":"2023-12-13T01:15:58+00:00","dateModified":"2026-05-12T00:20:49+00:00","breadcrumb":{"@id":"https:\/\/www.food4animals.nl\/product\/horslyx-mini-garlic\/#breadcrumb"},"inLanguage":"de","potentialAction":[{"@type":"ReadAction","target":["https:\/\/www.food4animals.nl\/product\/horslyx-mini-garlic\/"]}]},{"@type":"ImageObject","inLanguage":"de","@id":"https:\/\/www.food4animals.nl\/product\/horslyx-mini-garlic\/#primaryimage","url":"https:\/\/www.food4animals.nl\/wp-content\/uploads\/2025\/11\/HORSL012.png","contentUrl":"https:\/\/www.food4animals.nl\/wp-content\/uploads\/2025\/11\/HORSL012.png","width":980,"height":980},{"@type":"BreadcrumbList","@id":"https:\/\/www.food4animals.nl\/product\/horslyx-mini-garlic\/#breadcrumb","itemListElement":[{"@type":"ListItem","position":1,"name":"Home","item":"https:\/\/www.food4animals.nl\/"},{"@type":"ListItem","position":2,"name":"Winkel","item":"https:\/\/www.food4animals.nl\/winkel\/"},{"@type":"ListItem","position":3,"name":"Horslyx Mini Garlic"}]},{"@type":"WebSite","@id":"https:\/\/www.food4animals.nl\/en\/#website","url":"https:\/\/www.food4animals.nl\/en\/","name":"Lebensmittel4Tiere","description":"Alles f\u00fcr Reiter und Tier","publisher":{"@id":"https:\/\/www.food4animals.nl\/en\/#organization"},"potentialAction":[{"@type":"SearchAction","target":{"@type":"EntryPoint","urlTemplate":"https:\/\/www.food4animals.nl\/en\/?s={search_term_string}"},"query-input":{"@type":"PropertyValueSpecification","valueRequired":true,"valueName":"search_term_string"}}],"inLanguage":"de"},{"@type":"Organization","@id":"https:\/\/www.food4animals.nl\/en\/#organization","name":"Lebensmittel4Tiere","url":"https:\/\/www.food4animals.nl\/en\/","logo":{"@type":"ImageObject","inLanguage":"de","@id":"https:\/\/www.food4animals.nl\/en\/#\/schema\/logo\/image\/","url":"https:\/\/www.food4animals.nl\/wp-content\/uploads\/2023\/10\/Logo.svg","contentUrl":"https:\/\/www.food4animals.nl\/wp-content\/uploads\/2023\/10\/Logo.svg","width":1,"height":1,"caption":"Food4animals"},"image":{"@id":"https:\/\/www.food4animals.nl\/en\/#\/schema\/logo\/image\/"},"sameAs":["https:\/\/www.facebook.com\/p\/Food4animals-100063861676074\/","https:\/\/x.com\/food4animals"]}]}},"_links":{"self":[{"href":"https:\/\/www.food4animals.nl\/de\/wp-json\/wp\/v2\/product\/9427","targetHints":{"allow":["GET"]}}],"collection":[{"href":"https:\/\/www.food4animals.nl\/de\/wp-json\/wp\/v2\/product"}],"about":[{"href":"https:\/\/www.food4animals.nl\/de\/wp-json\/wp\/v2\/types\/product"}],"wp:featuredmedia":[{"embeddable":true,"href":"https:\/\/www.food4animals.nl\/de\/wp-json\/wp\/v2\/media\/36480"}],"wp:attachment":[{"href":"https:\/\/www.food4animals.nl\/de\/wp-json\/wp\/v2\/media?parent=9427"}],"wp:term":[{"taxonomy":"product_brand","embeddable":true,"href":"https:\/\/www.food4animals.nl\/de\/wp-json\/wp\/v2\/product_brand?post=9427"},{"taxonomy":"product_cat","embeddable":true,"href":"https:\/\/www.food4animals.nl\/de\/wp-json\/wp\/v2\/product_cat?post=9427"},{"taxonomy":"product_tag","embeddable":true,"href":"https:\/\/www.food4animals.nl\/de\/wp-json\/wp\/v2\/product_tag?post=9427"}],"curies":[{"name":"wp","href":"https:\/\/api.w.org\/{rel}","templated":true}]}}