{"id":9454,"date":"2023-12-13T01:17:25","date_gmt":"2023-12-13T01:17:25","guid":{"rendered":"https:\/\/food4animals.nl\/product\/horslyx-respiratory-balancer\/"},"modified":"2026-04-11T01:21:02","modified_gmt":"2026-04-11T00:21:02","slug":"horslyx-respiratory-balancer","status":"publish","type":"product","link":"https:\/\/www.food4animals.nl\/de\/produkt\/horslyx-respiratory-balancer\/","title":{"rendered":"Horslyx Respiratory Balancer"},"content":{"rendered":"<h2><span style=\"font-size: 10pt;\">Sorgt f\u00fcr Ablenkung und hilft, Langeweile zu verringern<\/span><\/h2>\n<p><span style=\"font-size: 10pt;\">Menthol, eucalyptus en anijs hebben een verzachtende invloed op de luchtwegen, geven verlichting en helpen het paard om vrijer te ademen.<br \/>\n<\/span><span style=\"font-size: 10pt;\"><br \/>\nLeckerer Leckerbissen f\u00fcr Pferde.<br \/>\nDie kleine Variante ist speziell f\u00fcr die F\u00fctterung aus der Hand konzipiert und ideal als Ablenkung oder Belohnung. Die gro\u00dfe Variante ist ideal zum Ablegen im Stall oder auf der Weide als Ablenkung.<\/span><\/p>\n<ul>\n<li><span style=\"font-size: 10pt;\">Enth\u00e4lt wichtige Vitamine, Mineralien und Spurenelemente<\/span><\/li>\n<li><span style=\"font-size: 10pt;\">Met menthol, eucalyptus en anijs<\/span><\/li>\n<li><span style=\"font-size: 10pt;\">Enth\u00e4lt Biotin, Zink und Methionin<\/span><\/li>\n<li><span style=\"font-size: 10pt;\">Sorgt f\u00fcr Ablenkung und verringert Langeweile<\/span><\/li>\n<li><span style=\"font-size: 10pt;\">Witterungsbest\u00e4ndig; sowohl f\u00fcr St\u00e4lle als auch f\u00fcr Weiden geeignet<\/span><span style=\"font-size: 10pt;\"><br \/>\n<\/span><\/li>\n<\/ul>\n<p><strong><span style=\"font-size: 10pt;\">Wann ist sie zu verwenden?<br \/>\n<\/span><\/strong><span style=\"font-size: 10pt;\">Bei Besuchen z. B. beim Hufschmied oder Tierarzt<br \/>\n<\/span><span style=\"font-size: 10pt;\">Transport mit Anh\u00e4nger<br \/>\nAls Belohnung oder Belohnung<\/span><\/p>\n<p><strong><span style=\"font-size: 10pt;\">Inhalt<\/span><\/strong><br \/>\n<span style=\"font-size: 10pt;\">HORSL014 &#8211; 650 g<br \/>\nHORSL018 &#8211; 5 kg<\/span><\/p>\n<p><strong><span style=\"font-size: 10pt;\">Varianten<br \/>\n<\/span><\/strong><span style=\"font-size: 10pt;\">HORSL010 - Original<\/span><br \/>\n<span style=\"font-size: 10pt;\">HORSL011 - Minze<\/span><br \/>\n<span style=\"font-size: 10pt;\">HORSL012 - Knoblauch<\/span><br \/>\n<span style=\"font-size: 10pt;\">HORSL013 - Mobilit\u00e4t<\/span><br \/>\n<span style=\"font-size: 10pt;\">HORSL014 - Atmungsorgane<\/span><br \/>\n<span style=\"font-size: 10pt;\">HORSL015 - Verdauung<\/span><\/p>\n<h3>Zuckermenge in Horslyx<\/h3>\n<p>Horslyx enth\u00e4lt im Verh\u00e4ltnis zur t\u00e4glichen Futtermenge f\u00fcr Pferde wenig Zucker. Ein 500 kg schweres Pferd frisst zum Beispiel t\u00e4glich 50 kg Gras, das bis zu 2000 g Zucker enth\u00e4lt. Nimmt das gleiche Pferd t\u00e4glich 0,25 kg Horslyx zu sich, so nimmt es 82,5 g Zucker auf. Da Pferde t\u00e4glich nur so wenig Horslyx zu sich nehmen, erhalten sie nur wenig zus\u00e4tzlichen Zucker. Au\u00dferdem k\u00f6nnen Pferde Zucker gut vertragen, insbesondere wenn sie \u00fcber den Tag verteilt kleine Mengen aufnehmen (z. B. beim Grasen oder Lecken).<\/p>","protected":false},"excerpt":{"rendered":"<p>Liksteen voor paarden met verzachtende invloed op de luchtwegen!<\/p>","protected":false},"featured_media":29439,"template":"","meta":{"_acf_changed":false},"product_brand":[],"product_cat":[829,1316],"product_tag":[2277,2284,2276,843],"class_list":{"0":"post-9454","1":"product","2":"type-product","3":"status-publish","4":"has-post-thumbnail","6":"product_cat-paard","7":"product_cat-supplementen-paard","8":"product_tag-horslyx","9":"product_tag-horslyx-5-kg","10":"product_tag-liksteen","11":"product_tag-paard","12":"tax_brand-horslyx","14":"first","15":"instock","16":"taxable","17":"shipping-taxable","18":"purchasable","19":"product-type-simple"},"acf":[],"yoast_head":"<!-- This site is optimized with the Yoast SEO plugin v27.2 - https:\/\/yoast.com\/product\/yoast-seo-wordpress\/ -->\n<title>Horslyx Respiratory Balancer - Food4animals<\/title>\n<meta name=\"robots\" content=\"index, follow, max-snippet:-1, max-image-preview:large, max-video-preview:-1\" \/>\n<link rel=\"canonical\" href=\"https:\/\/www.food4animals.nl\/de\/produkt\/horslyx-respiratory-balancer\/\" \/>\n<meta property=\"og:locale\" content=\"de_DE\" \/>\n<meta property=\"og:type\" content=\"article\" \/>\n<meta property=\"og:title\" content=\"Horslyx Respiratory Balancer - Food4animals\" \/>\n<meta property=\"og:description\" content=\"Liksteen voor paarden met verzachtende invloed op de luchtwegen!\" \/>\n<meta property=\"og:url\" content=\"https:\/\/www.food4animals.nl\/de\/produkt\/horslyx-respiratory-balancer\/\" \/>\n<meta property=\"og:site_name\" content=\"Food4animals\" \/>\n<meta property=\"article:publisher\" content=\"https:\/\/www.facebook.com\/p\/Food4animals-100063861676074\/\" \/>\n<meta property=\"article:modified_time\" content=\"2026-04-11T00:21:02+00:00\" \/>\n<meta property=\"og:image\" content=\"https:\/\/www.food4animals.nl\/wp-content\/uploads\/2023\/12\/HORSL018-download.jpg\" \/>\n\t<meta property=\"og:image:width\" content=\"1024\" \/>\n\t<meta property=\"og:image:height\" content=\"1024\" \/>\n\t<meta property=\"og:image:type\" content=\"image\/jpeg\" \/>\n<meta name=\"twitter:card\" content=\"summary_large_image\" \/>\n<meta name=\"twitter:site\" content=\"@food4animals\" \/>\n<meta name=\"twitter:label1\" content=\"Gesch\u00e4tzte Lesezeit\" \/>\n\t<meta name=\"twitter:data1\" content=\"2\u00a0Minuten\" \/>\n<script type=\"application\/ld+json\" class=\"yoast-schema-graph\">{\"@context\":\"https:\/\/schema.org\",\"@graph\":[{\"@type\":\"WebPage\",\"@id\":\"https:\/\/www.food4animals.nl\/product\/horslyx-respiratory-balancer\/\",\"url\":\"https:\/\/www.food4animals.nl\/product\/horslyx-respiratory-balancer\/\",\"name\":\"Horslyx Respiratory Balancer - Food4animals\",\"isPartOf\":{\"@id\":\"https:\/\/www.food4animals.nl\/en\/#website\"},\"primaryImageOfPage\":{\"@id\":\"https:\/\/www.food4animals.nl\/product\/horslyx-respiratory-balancer\/#primaryimage\"},\"image\":{\"@id\":\"https:\/\/www.food4animals.nl\/product\/horslyx-respiratory-balancer\/#primaryimage\"},\"thumbnailUrl\":\"https:\/\/www.food4animals.nl\/wp-content\/uploads\/2023\/12\/HORSL018-download.jpg\",\"datePublished\":\"2023-12-13T01:17:25+00:00\",\"dateModified\":\"2026-04-11T00:21:02+00:00\",\"breadcrumb\":{\"@id\":\"https:\/\/www.food4animals.nl\/product\/horslyx-respiratory-balancer\/#breadcrumb\"},\"inLanguage\":\"de\",\"potentialAction\":[{\"@type\":\"ReadAction\",\"target\":[\"https:\/\/www.food4animals.nl\/product\/horslyx-respiratory-balancer\/\"]}]},{\"@type\":\"ImageObject\",\"inLanguage\":\"de\",\"@id\":\"https:\/\/www.food4animals.nl\/product\/horslyx-respiratory-balancer\/#primaryimage\",\"url\":\"https:\/\/www.food4animals.nl\/wp-content\/uploads\/2023\/12\/HORSL018-download.jpg\",\"contentUrl\":\"https:\/\/www.food4animals.nl\/wp-content\/uploads\/2023\/12\/HORSL018-download.jpg\",\"width\":1024,\"height\":1024},{\"@type\":\"BreadcrumbList\",\"@id\":\"https:\/\/www.food4animals.nl\/product\/horslyx-respiratory-balancer\/#breadcrumb\",\"itemListElement\":[{\"@type\":\"ListItem\",\"position\":1,\"name\":\"Home\",\"item\":\"https:\/\/www.food4animals.nl\/\"},{\"@type\":\"ListItem\",\"position\":2,\"name\":\"Winkel\",\"item\":\"https:\/\/www.food4animals.nl\/winkel\/\"},{\"@type\":\"ListItem\",\"position\":3,\"name\":\"Horslyx Respiratory Balancer\"}]},{\"@type\":\"WebSite\",\"@id\":\"https:\/\/www.food4animals.nl\/en\/#website\",\"url\":\"https:\/\/www.food4animals.nl\/en\/\",\"name\":\"Food4animals\",\"description\":\"Alles voor Ruiter en Dier\",\"publisher\":{\"@id\":\"https:\/\/www.food4animals.nl\/en\/#organization\"},\"potentialAction\":[{\"@type\":\"SearchAction\",\"target\":{\"@type\":\"EntryPoint\",\"urlTemplate\":\"https:\/\/www.food4animals.nl\/en\/?s={search_term_string}\"},\"query-input\":{\"@type\":\"PropertyValueSpecification\",\"valueRequired\":true,\"valueName\":\"search_term_string\"}}],\"inLanguage\":\"de\"},{\"@type\":\"Organization\",\"@id\":\"https:\/\/www.food4animals.nl\/en\/#organization\",\"name\":\"Food4animals\",\"url\":\"https:\/\/www.food4animals.nl\/en\/\",\"logo\":{\"@type\":\"ImageObject\",\"inLanguage\":\"de\",\"@id\":\"https:\/\/www.food4animals.nl\/en\/#\/schema\/logo\/image\/\",\"url\":\"https:\/\/www.food4animals.nl\/wp-content\/uploads\/2023\/10\/Logo.svg\",\"contentUrl\":\"https:\/\/www.food4animals.nl\/wp-content\/uploads\/2023\/10\/Logo.svg\",\"width\":1,\"height\":1,\"caption\":\"Food4animals\"},\"image\":{\"@id\":\"https:\/\/www.food4animals.nl\/en\/#\/schema\/logo\/image\/\"},\"sameAs\":[\"https:\/\/www.facebook.com\/p\/Food4animals-100063861676074\/\",\"https:\/\/x.com\/food4animals\"]}]}<\/script>\n<!-- \/ Yoast SEO plugin. -->","yoast_head_json":{"title":"Horslyx Respiratory Balancer - Food4animals","robots":{"index":"index","follow":"follow","max-snippet":"max-snippet:-1","max-image-preview":"max-image-preview:large","max-video-preview":"max-video-preview:-1"},"canonical":"https:\/\/www.food4animals.nl\/de\/produkt\/horslyx-respiratory-balancer\/","og_locale":"de_DE","og_type":"article","og_title":"Horslyx Respiratory Balancer - Food4animals","og_description":"Liksteen voor paarden met verzachtende invloed op de luchtwegen!","og_url":"https:\/\/www.food4animals.nl\/de\/produkt\/horslyx-respiratory-balancer\/","og_site_name":"Food4animals","article_publisher":"https:\/\/www.facebook.com\/p\/Food4animals-100063861676074\/","article_modified_time":"2026-04-11T00:21:02+00:00","og_image":[{"width":1024,"height":1024,"url":"https:\/\/www.food4animals.nl\/wp-content\/uploads\/2023\/12\/HORSL018-download.jpg","type":"image\/jpeg"}],"twitter_card":"summary_large_image","twitter_site":"@food4animals","twitter_misc":{"Gesch\u00e4tzte Lesezeit":"2\u00a0Minuten"},"schema":{"@context":"https:\/\/schema.org","@graph":[{"@type":"WebPage","@id":"https:\/\/www.food4animals.nl\/product\/horslyx-respiratory-balancer\/","url":"https:\/\/www.food4animals.nl\/product\/horslyx-respiratory-balancer\/","name":"Horslyx Respiratory Balancer - Food4animals","isPartOf":{"@id":"https:\/\/www.food4animals.nl\/en\/#website"},"primaryImageOfPage":{"@id":"https:\/\/www.food4animals.nl\/product\/horslyx-respiratory-balancer\/#primaryimage"},"image":{"@id":"https:\/\/www.food4animals.nl\/product\/horslyx-respiratory-balancer\/#primaryimage"},"thumbnailUrl":"https:\/\/www.food4animals.nl\/wp-content\/uploads\/2023\/12\/HORSL018-download.jpg","datePublished":"2023-12-13T01:17:25+00:00","dateModified":"2026-04-11T00:21:02+00:00","breadcrumb":{"@id":"https:\/\/www.food4animals.nl\/product\/horslyx-respiratory-balancer\/#breadcrumb"},"inLanguage":"de","potentialAction":[{"@type":"ReadAction","target":["https:\/\/www.food4animals.nl\/product\/horslyx-respiratory-balancer\/"]}]},{"@type":"ImageObject","inLanguage":"de","@id":"https:\/\/www.food4animals.nl\/product\/horslyx-respiratory-balancer\/#primaryimage","url":"https:\/\/www.food4animals.nl\/wp-content\/uploads\/2023\/12\/HORSL018-download.jpg","contentUrl":"https:\/\/www.food4animals.nl\/wp-content\/uploads\/2023\/12\/HORSL018-download.jpg","width":1024,"height":1024},{"@type":"BreadcrumbList","@id":"https:\/\/www.food4animals.nl\/product\/horslyx-respiratory-balancer\/#breadcrumb","itemListElement":[{"@type":"ListItem","position":1,"name":"Home","item":"https:\/\/www.food4animals.nl\/"},{"@type":"ListItem","position":2,"name":"Winkel","item":"https:\/\/www.food4animals.nl\/winkel\/"},{"@type":"ListItem","position":3,"name":"Horslyx Respiratory Balancer"}]},{"@type":"WebSite","@id":"https:\/\/www.food4animals.nl\/en\/#website","url":"https:\/\/www.food4animals.nl\/en\/","name":"Lebensmittel4Tiere","description":"Alles f\u00fcr Reiter und Tier","publisher":{"@id":"https:\/\/www.food4animals.nl\/en\/#organization"},"potentialAction":[{"@type":"SearchAction","target":{"@type":"EntryPoint","urlTemplate":"https:\/\/www.food4animals.nl\/en\/?s={search_term_string}"},"query-input":{"@type":"PropertyValueSpecification","valueRequired":true,"valueName":"search_term_string"}}],"inLanguage":"de"},{"@type":"Organization","@id":"https:\/\/www.food4animals.nl\/en\/#organization","name":"Lebensmittel4Tiere","url":"https:\/\/www.food4animals.nl\/en\/","logo":{"@type":"ImageObject","inLanguage":"de","@id":"https:\/\/www.food4animals.nl\/en\/#\/schema\/logo\/image\/","url":"https:\/\/www.food4animals.nl\/wp-content\/uploads\/2023\/10\/Logo.svg","contentUrl":"https:\/\/www.food4animals.nl\/wp-content\/uploads\/2023\/10\/Logo.svg","width":1,"height":1,"caption":"Food4animals"},"image":{"@id":"https:\/\/www.food4animals.nl\/en\/#\/schema\/logo\/image\/"},"sameAs":["https:\/\/www.facebook.com\/p\/Food4animals-100063861676074\/","https:\/\/x.com\/food4animals"]}]}},"_links":{"self":[{"href":"https:\/\/www.food4animals.nl\/de\/wp-json\/wp\/v2\/product\/9454","targetHints":{"allow":["GET"]}}],"collection":[{"href":"https:\/\/www.food4animals.nl\/de\/wp-json\/wp\/v2\/product"}],"about":[{"href":"https:\/\/www.food4animals.nl\/de\/wp-json\/wp\/v2\/types\/product"}],"wp:featuredmedia":[{"embeddable":true,"href":"https:\/\/www.food4animals.nl\/de\/wp-json\/wp\/v2\/media\/29439"}],"wp:attachment":[{"href":"https:\/\/www.food4animals.nl\/de\/wp-json\/wp\/v2\/media?parent=9454"}],"wp:term":[{"taxonomy":"product_brand","embeddable":true,"href":"https:\/\/www.food4animals.nl\/de\/wp-json\/wp\/v2\/product_brand?post=9454"},{"taxonomy":"product_cat","embeddable":true,"href":"https:\/\/www.food4animals.nl\/de\/wp-json\/wp\/v2\/product_cat?post=9454"},{"taxonomy":"product_tag","embeddable":true,"href":"https:\/\/www.food4animals.nl\/de\/wp-json\/wp\/v2\/product_tag?post=9454"}],"curies":[{"name":"wp","href":"https:\/\/api.w.org\/{rel}","templated":true}]}}