{"id":9685,"date":"2023-12-13T01:26:12","date_gmt":"2023-12-13T01:26:12","guid":{"rendered":"https:\/\/food4animals.nl\/product\/jodium-scrub\/"},"modified":"2026-04-07T01:18:45","modified_gmt":"2026-04-07T00:18:45","slug":"jod-peeling","status":"publish","type":"product","link":"https:\/\/www.food4animals.nl\/de\/produkt\/jod-peeling\/","title":{"rendered":"Jod-Peeling"},"content":{"rendered":"<p><span style=\"font-size: 10pt;\"><strong>Pflegeprodukt zur Reinigung und Entschlackung der Haut.\u00a0<br \/>Jod-Peeling<\/strong>\u00a0ist ein kraftvolles Reinigungspeeling ohne Granulat. Ideal zum Entschlacken und Reinigen der (nackten) Haut.<\/span><br \/><span style=\"font-size: 10pt;\"><strong>Jod-Peeling<\/strong>\u00a0hat Povidon-Jod als Inhaltsstoff. Povidonjod ist leicht wasserl\u00f6slich und angenehm in der Anwendung, da es nicht brennt.<\/span><br \/><span style=\"font-size: 10pt;\">\u00a0<\/span><br \/><span style=\"font-size: 10pt;\"><strong>Bewerbung<br \/><\/strong>Befeuchten Sie die Haut gut mit sauberem Wasser und <strong>Jod-Peeling<\/strong> anwenden. Die Website<strong> Jod-Peeling<\/strong> Gut einmassieren, bis es sch\u00e4umt. Dann vorsichtig mit lauwarmem Wasser absp\u00fclen, bis die Haut vollst\u00e4ndig ausgesp\u00fclt ist. Zum Schluss die Haut gut abtrocknen, auch zwischen den Hautfalten. Wiederholen Sie die Behandlung ein- bis zweimal am Tag.<\/span><br \/><span style=\"font-size: 10pt;\">\u00a0<\/span><br \/><span style=\"font-size: 10pt;\"><strong>Zusammensetzung<\/strong><\/span><br \/><span style=\"font-size: 10pt;\">Fl\u00fcssiges Peeling mit 75 mg\/ml Povidon-Iod.<\/span><br \/><span style=\"font-size: 10pt;\">\u00a0<\/span><br \/><span style=\"font-size: 10pt;\"><strong>Inhalt<br \/><\/strong>JODI00020: 100 ml<\/span><br \/><span style=\"font-size: 10pt;\">JODI00021: 250 ml<\/span><br \/><span style=\"font-size: 10pt;\">JODI00022: 1 l<\/span><br \/><span style=\"font-size: 10pt;\">JODI00024: 5 l<\/span><\/p>\n<p><span style=\"color: #ffffff; font-size: 10pt;\">Jodpost<\/span><\/p>","protected":false},"excerpt":{"rendered":"<p>Pflegeprodukt zur Reinigung und Entschlackung der Haut.\u00a0<\/p>","protected":false},"featured_media":36614,"template":"","meta":{"_acf_changed":false},"product_brand":[],"product_cat":[829,1216],"product_tag":[2330,883,885,823,1218,1124,842,843,814,839,844,837],"class_list":{"0":"post-9685","1":"product","2":"type-product","3":"status-publish","4":"has-post-thumbnail","6":"product_cat-paard","7":"product_cat-verzorging-paard","8":"product_tag-desinfectie","9":"product_tag-excellent","10":"product_tag-geboorte","11":"product_tag-hond","12":"product_tag-huid-en-vacht","13":"product_tag-jodium","14":"product_tag-kat","15":"product_tag-paard","16":"product_tag-rund","17":"product_tag-schaap-en-geit","18":"product_tag-varken","19":"product_tag-wonden","20":"tax_brand-excellent","22":"first","23":"instock","24":"taxable","25":"shipping-taxable","26":"purchasable","27":"product-type-simple"},"acf":[],"yoast_head":"<!-- This site is optimized with the Yoast SEO plugin v27.2 - https:\/\/yoast.com\/product\/yoast-seo-wordpress\/ -->\n<title>Jodium Scrub - Food4animals<\/title>\n<meta name=\"robots\" content=\"index, follow, max-snippet:-1, max-image-preview:large, max-video-preview:-1\" \/>\n<link rel=\"canonical\" href=\"https:\/\/www.food4animals.nl\/de\/produkt\/jod-peeling\/\" \/>\n<meta property=\"og:locale\" content=\"de_DE\" \/>\n<meta property=\"og:type\" content=\"article\" \/>\n<meta property=\"og:title\" content=\"Jodium Scrub - Food4animals\" \/>\n<meta property=\"og:description\" content=\"Verzorgingsproduct voor het zuiveren en reinigen van de huid.\u00a0\" \/>\n<meta property=\"og:url\" content=\"https:\/\/www.food4animals.nl\/de\/produkt\/jod-peeling\/\" \/>\n<meta property=\"og:site_name\" content=\"Food4animals\" \/>\n<meta property=\"article:publisher\" content=\"https:\/\/www.facebook.com\/p\/Food4animals-100063861676074\/\" \/>\n<meta property=\"article:modified_time\" content=\"2026-04-07T00:18:45+00:00\" \/>\n<meta property=\"og:image\" content=\"https:\/\/www.food4animals.nl\/wp-content\/uploads\/2025\/11\/JODI00020.png\" \/>\n\t<meta property=\"og:image:width\" content=\"1024\" \/>\n\t<meta property=\"og:image:height\" content=\"1025\" \/>\n\t<meta property=\"og:image:type\" content=\"image\/png\" \/>\n<meta name=\"twitter:card\" content=\"summary_large_image\" \/>\n<meta name=\"twitter:site\" content=\"@food4animals\" \/>\n<meta name=\"twitter:label1\" content=\"Gesch\u00e4tzte Lesezeit\" \/>\n\t<meta name=\"twitter:data1\" content=\"1\u00a0Minute\" \/>\n<script type=\"application\/ld+json\" class=\"yoast-schema-graph\">{\"@context\":\"https:\/\/schema.org\",\"@graph\":[{\"@type\":\"WebPage\",\"@id\":\"https:\/\/www.food4animals.nl\/product\/jodium-scrub\/\",\"url\":\"https:\/\/www.food4animals.nl\/product\/jodium-scrub\/\",\"name\":\"Jodium Scrub - Food4animals\",\"isPartOf\":{\"@id\":\"https:\/\/www.food4animals.nl\/en\/#website\"},\"primaryImageOfPage\":{\"@id\":\"https:\/\/www.food4animals.nl\/product\/jodium-scrub\/#primaryimage\"},\"image\":{\"@id\":\"https:\/\/www.food4animals.nl\/product\/jodium-scrub\/#primaryimage\"},\"thumbnailUrl\":\"https:\/\/www.food4animals.nl\/wp-content\/uploads\/2025\/11\/JODI00020.png\",\"datePublished\":\"2023-12-13T01:26:12+00:00\",\"dateModified\":\"2026-04-07T00:18:45+00:00\",\"breadcrumb\":{\"@id\":\"https:\/\/www.food4animals.nl\/product\/jodium-scrub\/#breadcrumb\"},\"inLanguage\":\"de\",\"potentialAction\":[{\"@type\":\"ReadAction\",\"target\":[\"https:\/\/www.food4animals.nl\/product\/jodium-scrub\/\"]}]},{\"@type\":\"ImageObject\",\"inLanguage\":\"de\",\"@id\":\"https:\/\/www.food4animals.nl\/product\/jodium-scrub\/#primaryimage\",\"url\":\"https:\/\/www.food4animals.nl\/wp-content\/uploads\/2025\/11\/JODI00020.png\",\"contentUrl\":\"https:\/\/www.food4animals.nl\/wp-content\/uploads\/2025\/11\/JODI00020.png\",\"width\":1024,\"height\":1025},{\"@type\":\"BreadcrumbList\",\"@id\":\"https:\/\/www.food4animals.nl\/product\/jodium-scrub\/#breadcrumb\",\"itemListElement\":[{\"@type\":\"ListItem\",\"position\":1,\"name\":\"Home\",\"item\":\"https:\/\/www.food4animals.nl\/\"},{\"@type\":\"ListItem\",\"position\":2,\"name\":\"Winkel\",\"item\":\"https:\/\/www.food4animals.nl\/winkel\/\"},{\"@type\":\"ListItem\",\"position\":3,\"name\":\"Jodium Scrub\"}]},{\"@type\":\"WebSite\",\"@id\":\"https:\/\/www.food4animals.nl\/en\/#website\",\"url\":\"https:\/\/www.food4animals.nl\/en\/\",\"name\":\"Food4animals\",\"description\":\"Alles voor Ruiter en Dier\",\"publisher\":{\"@id\":\"https:\/\/www.food4animals.nl\/en\/#organization\"},\"potentialAction\":[{\"@type\":\"SearchAction\",\"target\":{\"@type\":\"EntryPoint\",\"urlTemplate\":\"https:\/\/www.food4animals.nl\/en\/?s={search_term_string}\"},\"query-input\":{\"@type\":\"PropertyValueSpecification\",\"valueRequired\":true,\"valueName\":\"search_term_string\"}}],\"inLanguage\":\"de\"},{\"@type\":\"Organization\",\"@id\":\"https:\/\/www.food4animals.nl\/en\/#organization\",\"name\":\"Food4animals\",\"url\":\"https:\/\/www.food4animals.nl\/en\/\",\"logo\":{\"@type\":\"ImageObject\",\"inLanguage\":\"de\",\"@id\":\"https:\/\/www.food4animals.nl\/en\/#\/schema\/logo\/image\/\",\"url\":\"https:\/\/www.food4animals.nl\/wp-content\/uploads\/2023\/10\/Logo.svg\",\"contentUrl\":\"https:\/\/www.food4animals.nl\/wp-content\/uploads\/2023\/10\/Logo.svg\",\"width\":1,\"height\":1,\"caption\":\"Food4animals\"},\"image\":{\"@id\":\"https:\/\/www.food4animals.nl\/en\/#\/schema\/logo\/image\/\"},\"sameAs\":[\"https:\/\/www.facebook.com\/p\/Food4animals-100063861676074\/\",\"https:\/\/x.com\/food4animals\"]}]}<\/script>\n<!-- \/ Yoast SEO plugin. -->","yoast_head_json":{"title":"Jod-Peeling - Food4animals","robots":{"index":"index","follow":"follow","max-snippet":"max-snippet:-1","max-image-preview":"max-image-preview:large","max-video-preview":"max-video-preview:-1"},"canonical":"https:\/\/www.food4animals.nl\/de\/produkt\/jod-peeling\/","og_locale":"de_DE","og_type":"article","og_title":"Jodium Scrub - Food4animals","og_description":"Verzorgingsproduct voor het zuiveren en reinigen van de huid.\u00a0","og_url":"https:\/\/www.food4animals.nl\/de\/produkt\/jod-peeling\/","og_site_name":"Food4animals","article_publisher":"https:\/\/www.facebook.com\/p\/Food4animals-100063861676074\/","article_modified_time":"2026-04-07T00:18:45+00:00","og_image":[{"width":1024,"height":1025,"url":"https:\/\/www.food4animals.nl\/wp-content\/uploads\/2025\/11\/JODI00020.png","type":"image\/png"}],"twitter_card":"summary_large_image","twitter_site":"@food4animals","twitter_misc":{"Gesch\u00e4tzte Lesezeit":"1\u00a0Minute"},"schema":{"@context":"https:\/\/schema.org","@graph":[{"@type":"WebPage","@id":"https:\/\/www.food4animals.nl\/product\/jodium-scrub\/","url":"https:\/\/www.food4animals.nl\/product\/jodium-scrub\/","name":"Jod-Peeling - Food4animals","isPartOf":{"@id":"https:\/\/www.food4animals.nl\/en\/#website"},"primaryImageOfPage":{"@id":"https:\/\/www.food4animals.nl\/product\/jodium-scrub\/#primaryimage"},"image":{"@id":"https:\/\/www.food4animals.nl\/product\/jodium-scrub\/#primaryimage"},"thumbnailUrl":"https:\/\/www.food4animals.nl\/wp-content\/uploads\/2025\/11\/JODI00020.png","datePublished":"2023-12-13T01:26:12+00:00","dateModified":"2026-04-07T00:18:45+00:00","breadcrumb":{"@id":"https:\/\/www.food4animals.nl\/product\/jodium-scrub\/#breadcrumb"},"inLanguage":"de","potentialAction":[{"@type":"ReadAction","target":["https:\/\/www.food4animals.nl\/product\/jodium-scrub\/"]}]},{"@type":"ImageObject","inLanguage":"de","@id":"https:\/\/www.food4animals.nl\/product\/jodium-scrub\/#primaryimage","url":"https:\/\/www.food4animals.nl\/wp-content\/uploads\/2025\/11\/JODI00020.png","contentUrl":"https:\/\/www.food4animals.nl\/wp-content\/uploads\/2025\/11\/JODI00020.png","width":1024,"height":1025},{"@type":"BreadcrumbList","@id":"https:\/\/www.food4animals.nl\/product\/jodium-scrub\/#breadcrumb","itemListElement":[{"@type":"ListItem","position":1,"name":"Home","item":"https:\/\/www.food4animals.nl\/"},{"@type":"ListItem","position":2,"name":"Winkel","item":"https:\/\/www.food4animals.nl\/winkel\/"},{"@type":"ListItem","position":3,"name":"Jodium Scrub"}]},{"@type":"WebSite","@id":"https:\/\/www.food4animals.nl\/en\/#website","url":"https:\/\/www.food4animals.nl\/en\/","name":"Lebensmittel4Tiere","description":"Alles f\u00fcr Reiter und Tier","publisher":{"@id":"https:\/\/www.food4animals.nl\/en\/#organization"},"potentialAction":[{"@type":"SearchAction","target":{"@type":"EntryPoint","urlTemplate":"https:\/\/www.food4animals.nl\/en\/?s={search_term_string}"},"query-input":{"@type":"PropertyValueSpecification","valueRequired":true,"valueName":"search_term_string"}}],"inLanguage":"de"},{"@type":"Organization","@id":"https:\/\/www.food4animals.nl\/en\/#organization","name":"Lebensmittel4Tiere","url":"https:\/\/www.food4animals.nl\/en\/","logo":{"@type":"ImageObject","inLanguage":"de","@id":"https:\/\/www.food4animals.nl\/en\/#\/schema\/logo\/image\/","url":"https:\/\/www.food4animals.nl\/wp-content\/uploads\/2023\/10\/Logo.svg","contentUrl":"https:\/\/www.food4animals.nl\/wp-content\/uploads\/2023\/10\/Logo.svg","width":1,"height":1,"caption":"Food4animals"},"image":{"@id":"https:\/\/www.food4animals.nl\/en\/#\/schema\/logo\/image\/"},"sameAs":["https:\/\/www.facebook.com\/p\/Food4animals-100063861676074\/","https:\/\/x.com\/food4animals"]}]}},"_links":{"self":[{"href":"https:\/\/www.food4animals.nl\/de\/wp-json\/wp\/v2\/product\/9685","targetHints":{"allow":["GET"]}}],"collection":[{"href":"https:\/\/www.food4animals.nl\/de\/wp-json\/wp\/v2\/product"}],"about":[{"href":"https:\/\/www.food4animals.nl\/de\/wp-json\/wp\/v2\/types\/product"}],"wp:featuredmedia":[{"embeddable":true,"href":"https:\/\/www.food4animals.nl\/de\/wp-json\/wp\/v2\/media\/36614"}],"wp:attachment":[{"href":"https:\/\/www.food4animals.nl\/de\/wp-json\/wp\/v2\/media?parent=9685"}],"wp:term":[{"taxonomy":"product_brand","embeddable":true,"href":"https:\/\/www.food4animals.nl\/de\/wp-json\/wp\/v2\/product_brand?post=9685"},{"taxonomy":"product_cat","embeddable":true,"href":"https:\/\/www.food4animals.nl\/de\/wp-json\/wp\/v2\/product_cat?post=9685"},{"taxonomy":"product_tag","embeddable":true,"href":"https:\/\/www.food4animals.nl\/de\/wp-json\/wp\/v2\/product_tag?post=9685"}],"curies":[{"name":"wp","href":"https:\/\/api.w.org\/{rel}","templated":true}]}}