{"id":17904,"date":"2024-01-02T19:37:53","date_gmt":"2024-01-02T18:37:53","guid":{"rendered":"https:\/\/food4animals.nl\/?post_type=product&#038;p=17904"},"modified":"2026-04-08T14:12:56","modified_gmt":"2026-04-08T13:12:56","slug":"muscle-maker-whey-protein","status":"publish","type":"product","link":"https:\/\/www.food4animals.nl\/en\/product\/muscle-maker-whey-protein\/","title":{"rendered":"Muscle Maker Whey Protein"},"content":{"rendered":"<p><strong><em>What does it take for a muscular horse?<\/em><\/strong><br \/>\nA horse with strong hindquarters and a muscular neck is every rider's dream. What does this take and how can you speed up this process? Vitella Horse Care Muscle Maker Whey Protein is an ideal supplement to build up your horse's musculature.<\/p>\n<p>No muscle building without training. During training, tiny tears form in the muscle tissue that are repaired in subsequent rest periods.  After that repair, the muscle tissue is ever so slightly stronger and the muscles are also ever so slightly larger.  This requires regular training (4 - 5 days per week). By training just a little bit longer or just a little bit harder each time, the muscles become a little bit stronger. The horse must be in good condition for this: not too fat and not too lean. A lean horse has insufficient reserves to build muscle and will use its muscle tissue as a source of energy. An overweight horse tires quickly, has insufficient stamina and therefore cannot train effectively.<\/p>\n<h4><strong><em>Nutritional point of view<\/em><\/strong><\/h4>\n<p>From a nutritional point of view, protein is the most important building material for muscles. Protein is composed of amino acids, which in turn are divided into essential and non-essential amino acids. Essential amino acids must be provided by the diet because the horse does not produce them itself. Nonessential amino acids can be produced by the horse itself and therefore play a less important role in the diet. The essential amino acids are the basis for repairing and building muscles and other tissues in the body. Not only the amount of protein, but also the quality of the protein is important.<\/p>\n<h4>When to feed Muscle maker Whey protein?<\/h4>\n<p>Proteins with high biological value (i.e. proteins that contain relatively many essential amino acids) and high digestibility are more valuable in this context than proteins with lower biological value. Whey protein has a biological value of almost 100%, it consists of easily absorbable amino acids that not only feed the muscles but also inhibit the breakdown of muscle tissue right after exercise and provide building blocks for muscle building. Whey protein is rich in branched-chain amino acids (BCAA). Unlike ordinary amino acids, these BCAAs do not need to be processed by the liver first. Once absorbed, they enter the bloodstream immediately, causing the amino acid level in blood plasma to increase rapidly and significantly.<\/p>\n<p>Therefore, the timing of intake is also important. Muscle protein synthesis increases when a sport horse consumes high-quality protein that is easily digested and absorbed within a foreseeable time (15 min) after exercise. If a high-quality protein source is fed, protein synthesis in the body will increase and the body will have sufficient building materials to build and repair muscle. Of course, sufficient vitamins and minerals must be present to support muscle metabolism, such as vitamin E, selenium and magnesium.<\/p>\n<p>VHC Muscle Maker is a spray-dried whey protein concentrate. It is a fine cream-colored powder with a slightly sweet taste that is easily absorbed in a slobber.<\/p>\n<p><strong>Composition<\/strong><\/p>\n<p>Whey protein concentrate: protein= 76%, fat = 8%, minerals = 5%<\/p>\n<table class=\"cke_show_border\" style=\"height: 453px;\" border=\"0\" width=\"502\" cellspacing=\"0\" cellpadding=\"0\">\n<tbody>\n<tr>\n<td colspan=\"4\"><strong>Amino acid composition per 100 grams of protein<\/strong><\/td>\n<\/tr>\n<tr>\n<td colspan=\"2\"><strong>Essential amino acids<\/strong><\/td>\n<td colspan=\"2\"><strong>Non-essential amino acids<\/strong><\/td>\n<\/tr>\n<tr>\n<td><\/td>\n<td><\/td>\n<td><\/td>\n<td><\/td>\n<\/tr>\n<tr>\n<td><strong>Phenylalin:<\/strong><\/td>\n<td>3.30 grams<\/td>\n<td>Glutamic acid<\/td>\n<td>17.50 grams<\/td>\n<\/tr>\n<tr>\n<td><strong>Isoleucine *:<\/strong><\/td>\n<td>5.90 grams<\/td>\n<td>Aspartic acid<\/td>\n<td>11.00 grams<\/td>\n<\/tr>\n<tr>\n<td><strong>Leucine *:<\/strong><\/td>\n<td>11.10 grams<\/td>\n<td>Serine<\/td>\n<td>4.50 grams<\/td>\n<\/tr>\n<tr>\n<td><strong>Lysine:<\/strong><\/td>\n<td>9.80 grams<\/td>\n<td>Proline<\/td>\n<td>5.30 grams<\/td>\n<\/tr>\n<tr>\n<td><strong>Methionine:<\/strong><\/td>\n<td>2.20 grams<\/td>\n<td>Glycine<\/td>\n<td>1.60 grams<\/td>\n<\/tr>\n<tr>\n<td><strong>Threonine:<\/strong><\/td>\n<td>5.80 grams<\/td>\n<td>Alanine<\/td>\n<td>4.80 grams<\/td>\n<\/tr>\n<tr>\n<td><strong>Tryptophan:<\/strong><\/td>\n<td>1.90 grams<\/td>\n<td>Cysteine<\/td>\n<td>2.60 grams<\/td>\n<\/tr>\n<tr>\n<td><strong>Valine *:<\/strong><\/td>\n<td>5.40 grams<\/td>\n<td>Tyrosine<\/td>\n<td>2.90 grams<\/td>\n<\/tr>\n<tr>\n<td><\/td>\n<td><\/td>\n<td>Histidinine<\/td>\n<td>1.90 grams<\/td>\n<\/tr>\n<tr>\n<td><\/td>\n<td><\/td>\n<td>Arginine<\/td>\n<td>2.40 grams<\/td>\n<\/tr>\n<tr>\n<td><\/td>\n<td><\/td>\n<td><\/td>\n<td><\/td>\n<\/tr>\n<tr>\n<td colspan=\"4\">* = BCAA = 22%<\/td>\n<\/tr>\n<tr>\n<td colspan=\"4\">Essential amino acids = 45%<\/td>\n<\/tr>\n<tr>\n<td><\/td>\n<td><\/td>\n<td><\/td>\n<td><\/td>\n<\/tr>\n<\/tbody>\n<\/table>\n<p><strong>Dosage<\/strong><br \/>\nMix through a slop (1 level scoop = 25 g) preferably immediately after training.<\/p>\n<p>&nbsp;<\/p>\n<table class=\"cke_show_border\" style=\"height: 214px;\" border=\"0\" width=\"584\" cellspacing=\"0\" cellpadding=\"0\">\n<tbody>\n<tr>\n<td><\/td>\n<td><strong>Weight in kg.<\/strong><\/td>\n<td><strong>Recommended amount<\/strong><\/td>\n<\/tr>\n<tr>\n<td><\/td>\n<td><\/td>\n<td><strong>supplement in grams per day at<\/strong><\/td>\n<\/tr>\n<tr>\n<td><strong>Shetlander<\/strong><\/td>\n<td>100-200<\/td>\n<td>10 to 20<\/td>\n<\/tr>\n<tr>\n<td><strong>Icelander<\/strong><\/td>\n<td>350<\/td>\n<td>35<\/td>\n<\/tr>\n<tr>\n<td><strong>Arabian\/Haflinger<\/strong><\/td>\n<td>450<\/td>\n<td>45<\/td>\n<\/tr>\n<tr>\n<td><strong>Trotter\/Quarter<\/strong><\/td>\n<td>420<\/td>\n<td>90<\/td>\n<\/tr>\n<tr>\n<td><strong>English Thoroughbred<\/strong><\/td>\n<td>450-530<\/td>\n<td>45 &#8211; 55<\/td>\n<\/tr>\n<tr>\n<td><strong>Warmblood<\/strong><\/td>\n<td>500-700<\/td>\n<td>50 to 70<\/td>\n<\/tr>\n<\/tbody>\n<\/table>\n<p>&nbsp;<\/p>\n<table class=\"cke_show_border\" style=\"height: 326px;\" border=\"0\" width=\"586\" cellspacing=\"3\" cellpadding=\"0\">\n<tbody>\n<tr>\n<td colspan=\"2\"><strong>Content<\/strong><\/td>\n<td colspan=\"2\"><strong>Additives per kg.<\/strong><\/td>\n<\/tr>\n<tr>\n<td><strong>Nutritional value<\/strong><\/td>\n<td><strong>Percent<\/strong><\/td>\n<td><strong>Nutritional<\/strong><\/td>\n<td><strong>Value<\/strong><\/td>\n<\/tr>\n<tr>\n<td>Carbohydrates<\/td>\n<td>6,0%<\/td>\n<td><\/td>\n<td><\/td>\n<\/tr>\n<tr>\n<td>Of which sugars<\/td>\n<td>6,0%<\/td>\n<td><\/td>\n<td><\/td>\n<\/tr>\n<tr>\n<td>Crude protein<\/td>\n<td>80,0%<\/td>\n<td><\/td>\n<td><\/td>\n<\/tr>\n<tr>\n<td>Crude fat<\/td>\n<td>6,0%<\/td>\n<td><\/td>\n<td><\/td>\n<\/tr>\n<tr>\n<td>Crude ash<\/td>\n<td>3,0%<\/td>\n<td><\/td>\n<td><\/td>\n<\/tr>\n<tr>\n<td>Crude fiber<\/td>\n<td>0,0%<\/td>\n<td><\/td>\n<td><\/td>\n<\/tr>\n<tr>\n<td>Calcium<\/td>\n<td>0,5%<\/td>\n<td><\/td>\n<td><\/td>\n<\/tr>\n<tr>\n<td>Phosphorus (P)<\/td>\n<td>0,3%<\/td>\n<td><\/td>\n<td><\/td>\n<\/tr>\n<tr>\n<td>Sodium<\/td>\n<td>0,2%<\/td>\n<td><\/td>\n<td><\/td>\n<\/tr>\n<\/tbody>\n<\/table>\n<p><strong>Ingredient Statement:<\/strong><br \/>\nWhey protein concentrate (WPC 80).<\/p>\n<p>Vitella Horse Care Muscle Maker Whey Protein is a complementary animal feed<\/p>","protected":false},"excerpt":{"rendered":"<p>A horse with strong hindquarters and a muscular neck is every rider's dream. What does it take and how can you speed up this process? No muscle building without training. Vitella Horse Care Muscle Maker Whey Protein is an ideal auxiliary supplement to build your horse's musculature.<\/p>\n<p>&nbsp;<\/p>","protected":false},"featured_media":17905,"template":"","meta":{"_acf_changed":false},"product_brand":[],"product_cat":[993,1001],"product_tag":[3204,3205,3176],"class_list":{"0":"post-17904","1":"product","2":"type-product","3":"status-publish","4":"has-post-thumbnail","6":"product_cat-apotheek","7":"product_cat-supplementen","8":"product_tag-spieropbouw","9":"product_tag-training","10":"product_tag-zware-training","11":"tax_brand-vitella-horse-care","13":"first","14":"instock","15":"taxable","16":"shipping-taxable","17":"purchasable","18":"product-type-variable"},"acf":[],"yoast_head":"<!-- This site is optimized with the Yoast SEO plugin v27.4 - https:\/\/yoast.com\/product\/yoast-seo-wordpress\/ -->\n<title>Muscle Maker Whey Prote\u00efne - Food4animals<\/title>\n<meta name=\"description\" content=\"Whey prote\u00efne is eiwitpoeder dat wordt gewonnen uit melk en is een complete eiwitbron, Whey Prote\u00efne is ideaal\u00a0om de spieren van uw paard op te bouwen\" \/>\n<meta name=\"robots\" content=\"index, follow, max-snippet:-1, max-image-preview:large, max-video-preview:-1\" \/>\n<link rel=\"canonical\" href=\"https:\/\/www.food4animals.nl\/en\/product\/muscle-maker-whey-protein\/\" \/>\n<meta property=\"og:locale\" content=\"en_US\" \/>\n<meta property=\"og:type\" content=\"article\" \/>\n<meta property=\"og:title\" content=\"Muscle Maker Whey Prote\u00efne - Food4animals\" \/>\n<meta property=\"og:description\" content=\"Whey prote\u00efne is eiwitpoeder dat wordt gewonnen uit melk en is een complete eiwitbron, Whey Prote\u00efne is ideaal\u00a0om de spieren van uw paard op te bouwen\" \/>\n<meta property=\"og:url\" content=\"https:\/\/www.food4animals.nl\/en\/product\/muscle-maker-whey-protein\/\" \/>\n<meta property=\"og:site_name\" content=\"Food4animals\" \/>\n<meta property=\"article:publisher\" content=\"https:\/\/www.facebook.com\/p\/Food4animals-100063861676074\/\" \/>\n<meta property=\"article:modified_time\" content=\"2026-04-08T13:12:56+00:00\" \/>\n<meta property=\"og:image\" content=\"https:\/\/www.food4animals.nl\/wp-content\/uploads\/2024\/01\/Muscle-maker-Whey-proteine.jpg\" \/>\n\t<meta property=\"og:image:width\" content=\"500\" \/>\n\t<meta property=\"og:image:height\" content=\"500\" \/>\n\t<meta property=\"og:image:type\" content=\"image\/jpeg\" \/>\n<meta name=\"twitter:card\" content=\"summary_large_image\" \/>\n<meta name=\"twitter:site\" content=\"@food4animals\" \/>\n<meta name=\"twitter:label1\" content=\"Est. reading time\" \/>\n\t<meta name=\"twitter:data1\" content=\"4 minutes\" \/>\n<script type=\"application\/ld+json\" class=\"yoast-schema-graph\">{\"@context\":\"https:\\\/\\\/schema.org\",\"@graph\":[{\"@type\":\"WebPage\",\"@id\":\"https:\\\/\\\/www.food4animals.nl\\\/product\\\/muscle-maker-whey-proteine\\\/\",\"url\":\"https:\\\/\\\/www.food4animals.nl\\\/product\\\/muscle-maker-whey-proteine\\\/\",\"name\":\"Muscle Maker Whey Prote\u00efne - Food4animals\",\"isPartOf\":{\"@id\":\"https:\\\/\\\/www.food4animals.nl\\\/en\\\/#website\"},\"primaryImageOfPage\":{\"@id\":\"https:\\\/\\\/www.food4animals.nl\\\/product\\\/muscle-maker-whey-proteine\\\/#primaryimage\"},\"image\":{\"@id\":\"https:\\\/\\\/www.food4animals.nl\\\/product\\\/muscle-maker-whey-proteine\\\/#primaryimage\"},\"thumbnailUrl\":\"https:\\\/\\\/www.food4animals.nl\\\/wp-content\\\/uploads\\\/2024\\\/01\\\/Muscle-maker-Whey-proteine.jpg\",\"datePublished\":\"2024-01-02T18:37:53+00:00\",\"dateModified\":\"2026-04-08T13:12:56+00:00\",\"description\":\"Whey prote\u00efne is eiwitpoeder dat wordt gewonnen uit melk en is een complete eiwitbron, Whey Prote\u00efne is ideaal\u00a0om de spieren van uw paard op te bouwen\",\"breadcrumb\":{\"@id\":\"https:\\\/\\\/www.food4animals.nl\\\/product\\\/muscle-maker-whey-proteine\\\/#breadcrumb\"},\"inLanguage\":\"en-US\",\"potentialAction\":[{\"@type\":\"ReadAction\",\"target\":[\"https:\\\/\\\/www.food4animals.nl\\\/product\\\/muscle-maker-whey-proteine\\\/\"]}]},{\"@type\":\"ImageObject\",\"inLanguage\":\"en-US\",\"@id\":\"https:\\\/\\\/www.food4animals.nl\\\/product\\\/muscle-maker-whey-proteine\\\/#primaryimage\",\"url\":\"https:\\\/\\\/www.food4animals.nl\\\/wp-content\\\/uploads\\\/2024\\\/01\\\/Muscle-maker-Whey-proteine.jpg\",\"contentUrl\":\"https:\\\/\\\/www.food4animals.nl\\\/wp-content\\\/uploads\\\/2024\\\/01\\\/Muscle-maker-Whey-proteine.jpg\",\"width\":500,\"height\":500,\"caption\":\"Vitella Horse care whey prote\u00efne voor spieropbouw voor uw paard.\"},{\"@type\":\"BreadcrumbList\",\"@id\":\"https:\\\/\\\/www.food4animals.nl\\\/product\\\/muscle-maker-whey-proteine\\\/#breadcrumb\",\"itemListElement\":[{\"@type\":\"ListItem\",\"position\":1,\"name\":\"Home\",\"item\":\"https:\\\/\\\/www.food4animals.nl\\\/\"},{\"@type\":\"ListItem\",\"position\":2,\"name\":\"Winkel\",\"item\":\"https:\\\/\\\/www.food4animals.nl\\\/winkel\\\/\"},{\"@type\":\"ListItem\",\"position\":3,\"name\":\"Muscle Maker Whey Prote\u00efne\"}]},{\"@type\":\"WebSite\",\"@id\":\"https:\\\/\\\/www.food4animals.nl\\\/en\\\/#website\",\"url\":\"https:\\\/\\\/www.food4animals.nl\\\/en\\\/\",\"name\":\"Food4animals\",\"description\":\"Alles voor Ruiter en Dier\",\"publisher\":{\"@id\":\"https:\\\/\\\/www.food4animals.nl\\\/en\\\/#organization\"},\"potentialAction\":[{\"@type\":\"SearchAction\",\"target\":{\"@type\":\"EntryPoint\",\"urlTemplate\":\"https:\\\/\\\/www.food4animals.nl\\\/en\\\/?s={search_term_string}\"},\"query-input\":{\"@type\":\"PropertyValueSpecification\",\"valueRequired\":true,\"valueName\":\"search_term_string\"}}],\"inLanguage\":\"en-US\"},{\"@type\":\"Organization\",\"@id\":\"https:\\\/\\\/www.food4animals.nl\\\/en\\\/#organization\",\"name\":\"Food4animals\",\"url\":\"https:\\\/\\\/www.food4animals.nl\\\/en\\\/\",\"logo\":{\"@type\":\"ImageObject\",\"inLanguage\":\"en-US\",\"@id\":\"https:\\\/\\\/www.food4animals.nl\\\/en\\\/#\\\/schema\\\/logo\\\/image\\\/\",\"url\":\"https:\\\/\\\/www.food4animals.nl\\\/wp-content\\\/uploads\\\/2023\\\/10\\\/Logo.svg\",\"contentUrl\":\"https:\\\/\\\/www.food4animals.nl\\\/wp-content\\\/uploads\\\/2023\\\/10\\\/Logo.svg\",\"width\":1,\"height\":1,\"caption\":\"Food4animals\"},\"image\":{\"@id\":\"https:\\\/\\\/www.food4animals.nl\\\/en\\\/#\\\/schema\\\/logo\\\/image\\\/\"},\"sameAs\":[\"https:\\\/\\\/www.facebook.com\\\/p\\\/Food4animals-100063861676074\\\/\",\"https:\\\/\\\/x.com\\\/food4animals\"]}]}<\/script>\n<!-- \/ Yoast SEO plugin. -->","yoast_head_json":{"title":"Muscle Maker Whey Protein - Food4animals","description":"Whey prote\u00efne is eiwitpoeder dat wordt gewonnen uit melk en is een complete eiwitbron, Whey Prote\u00efne is ideaal\u00a0om de spieren van uw paard op te bouwen","robots":{"index":"index","follow":"follow","max-snippet":"max-snippet:-1","max-image-preview":"max-image-preview:large","max-video-preview":"max-video-preview:-1"},"canonical":"https:\/\/www.food4animals.nl\/en\/product\/muscle-maker-whey-protein\/","og_locale":"en_US","og_type":"article","og_title":"Muscle Maker Whey Prote\u00efne - Food4animals","og_description":"Whey prote\u00efne is eiwitpoeder dat wordt gewonnen uit melk en is een complete eiwitbron, Whey Prote\u00efne is ideaal\u00a0om de spieren van uw paard op te bouwen","og_url":"https:\/\/www.food4animals.nl\/en\/product\/muscle-maker-whey-protein\/","og_site_name":"Food4animals","article_publisher":"https:\/\/www.facebook.com\/p\/Food4animals-100063861676074\/","article_modified_time":"2026-04-08T13:12:56+00:00","og_image":[{"width":500,"height":500,"url":"https:\/\/www.food4animals.nl\/wp-content\/uploads\/2024\/01\/Muscle-maker-Whey-proteine.jpg","type":"image\/jpeg"}],"twitter_card":"summary_large_image","twitter_site":"@food4animals","twitter_misc":{"Est. reading time":"4 minutes"},"schema":{"@context":"https:\/\/schema.org","@graph":[{"@type":"WebPage","@id":"https:\/\/www.food4animals.nl\/product\/muscle-maker-whey-proteine\/","url":"https:\/\/www.food4animals.nl\/product\/muscle-maker-whey-proteine\/","name":"Muscle Maker Whey Protein - Food4animals","isPartOf":{"@id":"https:\/\/www.food4animals.nl\/en\/#website"},"primaryImageOfPage":{"@id":"https:\/\/www.food4animals.nl\/product\/muscle-maker-whey-proteine\/#primaryimage"},"image":{"@id":"https:\/\/www.food4animals.nl\/product\/muscle-maker-whey-proteine\/#primaryimage"},"thumbnailUrl":"https:\/\/www.food4animals.nl\/wp-content\/uploads\/2024\/01\/Muscle-maker-Whey-proteine.jpg","datePublished":"2024-01-02T18:37:53+00:00","dateModified":"2026-04-08T13:12:56+00:00","description":"Whey prote\u00efne is eiwitpoeder dat wordt gewonnen uit melk en is een complete eiwitbron, Whey Prote\u00efne is ideaal\u00a0om de spieren van uw paard op te bouwen","breadcrumb":{"@id":"https:\/\/www.food4animals.nl\/product\/muscle-maker-whey-proteine\/#breadcrumb"},"inLanguage":"en-US","potentialAction":[{"@type":"ReadAction","target":["https:\/\/www.food4animals.nl\/product\/muscle-maker-whey-proteine\/"]}]},{"@type":"ImageObject","inLanguage":"en-US","@id":"https:\/\/www.food4animals.nl\/product\/muscle-maker-whey-proteine\/#primaryimage","url":"https:\/\/www.food4animals.nl\/wp-content\/uploads\/2024\/01\/Muscle-maker-Whey-proteine.jpg","contentUrl":"https:\/\/www.food4animals.nl\/wp-content\/uploads\/2024\/01\/Muscle-maker-Whey-proteine.jpg","width":500,"height":500,"caption":"Vitella Horse care whey prote\u00efne voor spieropbouw voor uw paard."},{"@type":"BreadcrumbList","@id":"https:\/\/www.food4animals.nl\/product\/muscle-maker-whey-proteine\/#breadcrumb","itemListElement":[{"@type":"ListItem","position":1,"name":"Home","item":"https:\/\/www.food4animals.nl\/"},{"@type":"ListItem","position":2,"name":"Winkel","item":"https:\/\/www.food4animals.nl\/winkel\/"},{"@type":"ListItem","position":3,"name":"Muscle Maker Whey Prote\u00efne"}]},{"@type":"WebSite","@id":"https:\/\/www.food4animals.nl\/en\/#website","url":"https:\/\/www.food4animals.nl\/en\/","name":"Food4animals","description":"Everything for Rider and Animal","publisher":{"@id":"https:\/\/www.food4animals.nl\/en\/#organization"},"potentialAction":[{"@type":"SearchAction","target":{"@type":"EntryPoint","urlTemplate":"https:\/\/www.food4animals.nl\/en\/?s={search_term_string}"},"query-input":{"@type":"PropertyValueSpecification","valueRequired":true,"valueName":"search_term_string"}}],"inLanguage":"en-US"},{"@type":"Organization","@id":"https:\/\/www.food4animals.nl\/en\/#organization","name":"Food4animals","url":"https:\/\/www.food4animals.nl\/en\/","logo":{"@type":"ImageObject","inLanguage":"en-US","@id":"https:\/\/www.food4animals.nl\/en\/#\/schema\/logo\/image\/","url":"https:\/\/www.food4animals.nl\/wp-content\/uploads\/2023\/10\/Logo.svg","contentUrl":"https:\/\/www.food4animals.nl\/wp-content\/uploads\/2023\/10\/Logo.svg","width":1,"height":1,"caption":"Food4animals"},"image":{"@id":"https:\/\/www.food4animals.nl\/en\/#\/schema\/logo\/image\/"},"sameAs":["https:\/\/www.facebook.com\/p\/Food4animals-100063861676074\/","https:\/\/x.com\/food4animals"]}]}},"_links":{"self":[{"href":"https:\/\/www.food4animals.nl\/en\/wp-json\/wp\/v2\/product\/17904","targetHints":{"allow":["GET"]}}],"collection":[{"href":"https:\/\/www.food4animals.nl\/en\/wp-json\/wp\/v2\/product"}],"about":[{"href":"https:\/\/www.food4animals.nl\/en\/wp-json\/wp\/v2\/types\/product"}],"wp:featuredmedia":[{"embeddable":true,"href":"https:\/\/www.food4animals.nl\/en\/wp-json\/wp\/v2\/media\/17905"}],"wp:attachment":[{"href":"https:\/\/www.food4animals.nl\/en\/wp-json\/wp\/v2\/media?parent=17904"}],"wp:term":[{"taxonomy":"product_brand","embeddable":true,"href":"https:\/\/www.food4animals.nl\/en\/wp-json\/wp\/v2\/product_brand?post=17904"},{"taxonomy":"product_cat","embeddable":true,"href":"https:\/\/www.food4animals.nl\/en\/wp-json\/wp\/v2\/product_cat?post=17904"},{"taxonomy":"product_tag","embeddable":true,"href":"https:\/\/www.food4animals.nl\/en\/wp-json\/wp\/v2\/product_tag?post=17904"}],"curies":[{"name":"wp","href":"https:\/\/api.w.org\/{rel}","templated":true}]}}