{"id":22354,"date":"2024-02-09T16:36:09","date_gmt":"2024-02-09T15:36:09","guid":{"rendered":"https:\/\/food4animals.nl\/product\/rodent-run-wheel-12cm\/"},"modified":"2026-04-05T01:30:52","modified_gmt":"2026-04-05T00:30:52","slug":"rodent-run-wheel-12cm","status":"publish","type":"product","link":"https:\/\/www.food4animals.nl\/en\/product\/rodent-run-wheel-12cm\/","title":{"rendered":"Rodent Run Wheel 12cm"},"content":{"rendered":"<p><strong>Rodent Silent Spinner Wheel<\/strong><br \/>Dit rat voor kleine knaagdieren is speciaal ontwikkeld voor geluidsloos gebruik. Door dit wiel zal uw knaagdier meer beweging krijgen en de gezondheid verbeteren. De diameter is perfect voor ratjes en andere kleine knaagdieren.<br \/>\u00a0<br \/>Dit rad wordt geleverd met een staander maar u kunt hem ook gemakkelijk aan een traliekooi bevestigen. Ook de hoogte kunt u gemakkelijk zelf bepalen.<br \/>\u00a0<br \/><strong>Format<\/strong><br \/>PAWI39027: \u00f8 12 cm<br \/>PAWI39028: \u00f8 14 cm<br \/>PAWI39029: \u00f8 17 cm<br \/>\u00a0<br \/><em>Color comes assorted.<\/em><\/p>","protected":false},"excerpt":{"rendered":"<p>Silent Spinner Wheel.\u00a0Dit rat voor kleine knaagdieren is speciaal ontwikkeld voor geluidsloos gebruik. Door dit wiel zal uw knaagdier meer beweging krijgen en de gezondheid verbeteren. De diameter is perfect voor ratjes en andere kleine knaagdieren. Dit rad wordt geleverd met een staander maar u kunt hem ook gemakkelijk aan een traliekooi bevestigen. Ook de hoogte kunt u gemakkelijk zelf bepalen.\u00a0FormaatPAWI39027: \u00f8 12 cmPAWI39028: \u00f8 14 cmPAWI39029: \u00f8 17 cm\u00a0Kleur wordt assorti geleverd.<\/p>","protected":false},"featured_media":22355,"template":"","meta":{"_acf_changed":false},"product_brand":[],"product_cat":[1546,2023],"product_tag":[1287],"class_list":{"0":"post-22354","1":"product","2":"type-product","3":"status-publish","4":"has-post-thumbnail","6":"product_cat-knaagdier","7":"product_cat-spelen-knaagdier","8":"product_tag-pawise","9":"tax_brand-pawise","11":"first","12":"instock","13":"taxable","14":"shipping-taxable","15":"purchasable","16":"product-type-simple"},"acf":[],"yoast_head":"<!-- This site is optimized with the Yoast SEO plugin v27.2 - https:\/\/yoast.com\/product\/yoast-seo-wordpress\/ -->\n<title>Rodent Run Wheel 12cm - Food4animals<\/title>\n<meta name=\"robots\" content=\"index, follow, max-snippet:-1, max-image-preview:large, max-video-preview:-1\" \/>\n<link rel=\"canonical\" href=\"https:\/\/www.food4animals.nl\/en\/product\/rodent-run-wheel-12cm\/\" \/>\n<meta property=\"og:locale\" content=\"en_US\" \/>\n<meta property=\"og:type\" content=\"article\" \/>\n<meta property=\"og:title\" content=\"Rodent Run Wheel 12cm - Food4animals\" \/>\n<meta property=\"og:description\" content=\"Silent Spinner Wheel.\u00a0Dit rat voor kleine knaagdieren is speciaal ontwikkeld voor geluidsloos gebruik. Door dit wiel zal uw knaagdier meer beweging krijgen en de gezondheid verbeteren. De diameter is perfect voor ratjes en andere kleine knaagdieren. Dit rad wordt geleverd met een staander maar u kunt hem ook gemakkelijk aan een traliekooi bevestigen. Ook de hoogte kunt u gemakkelijk zelf bepalen.\u00a0FormaatPAWI39027: \u00f8 12 cmPAWI39028: \u00f8 14 cmPAWI39029: \u00f8 17 cm\u00a0Kleur wordt assorti geleverd.\" \/>\n<meta property=\"og:url\" content=\"https:\/\/www.food4animals.nl\/en\/product\/rodent-run-wheel-12cm\/\" \/>\n<meta property=\"og:site_name\" content=\"Food4animals\" \/>\n<meta property=\"article:publisher\" content=\"https:\/\/www.facebook.com\/p\/Food4animals-100063861676074\/\" \/>\n<meta property=\"article:modified_time\" content=\"2026-04-05T00:30:52+00:00\" \/>\n<meta property=\"og:image\" content=\"https:\/\/www.food4animals.nl\/wp-content\/uploads\/2024\/02\/265538.png\" \/>\n\t<meta property=\"og:image:width\" content=\"647\" \/>\n\t<meta property=\"og:image:height\" content=\"979\" \/>\n\t<meta property=\"og:image:type\" content=\"image\/png\" \/>\n<meta name=\"twitter:card\" content=\"summary_large_image\" \/>\n<meta name=\"twitter:site\" content=\"@food4animals\" \/>\n<script type=\"application\/ld+json\" class=\"yoast-schema-graph\">{\"@context\":\"https:\/\/schema.org\",\"@graph\":[{\"@type\":\"WebPage\",\"@id\":\"https:\/\/www.food4animals.nl\/product\/rodent-run-wheel-12cm\/\",\"url\":\"https:\/\/www.food4animals.nl\/product\/rodent-run-wheel-12cm\/\",\"name\":\"Rodent Run Wheel 12cm - Food4animals\",\"isPartOf\":{\"@id\":\"https:\/\/www.food4animals.nl\/en\/#website\"},\"primaryImageOfPage\":{\"@id\":\"https:\/\/www.food4animals.nl\/product\/rodent-run-wheel-12cm\/#primaryimage\"},\"image\":{\"@id\":\"https:\/\/www.food4animals.nl\/product\/rodent-run-wheel-12cm\/#primaryimage\"},\"thumbnailUrl\":\"https:\/\/www.food4animals.nl\/wp-content\/uploads\/2024\/02\/265538.png\",\"datePublished\":\"2024-02-09T15:36:09+00:00\",\"dateModified\":\"2026-04-05T00:30:52+00:00\",\"breadcrumb\":{\"@id\":\"https:\/\/www.food4animals.nl\/product\/rodent-run-wheel-12cm\/#breadcrumb\"},\"inLanguage\":\"en-US\",\"potentialAction\":[{\"@type\":\"ReadAction\",\"target\":[\"https:\/\/www.food4animals.nl\/product\/rodent-run-wheel-12cm\/\"]}]},{\"@type\":\"ImageObject\",\"inLanguage\":\"en-US\",\"@id\":\"https:\/\/www.food4animals.nl\/product\/rodent-run-wheel-12cm\/#primaryimage\",\"url\":\"https:\/\/www.food4animals.nl\/wp-content\/uploads\/2024\/02\/265538.png\",\"contentUrl\":\"https:\/\/www.food4animals.nl\/wp-content\/uploads\/2024\/02\/265538.png\",\"width\":647,\"height\":979},{\"@type\":\"BreadcrumbList\",\"@id\":\"https:\/\/www.food4animals.nl\/product\/rodent-run-wheel-12cm\/#breadcrumb\",\"itemListElement\":[{\"@type\":\"ListItem\",\"position\":1,\"name\":\"Home\",\"item\":\"https:\/\/www.food4animals.nl\/\"},{\"@type\":\"ListItem\",\"position\":2,\"name\":\"Winkel\",\"item\":\"https:\/\/www.food4animals.nl\/winkel\/\"},{\"@type\":\"ListItem\",\"position\":3,\"name\":\"Rodent Run Wheel 12cm\"}]},{\"@type\":\"WebSite\",\"@id\":\"https:\/\/www.food4animals.nl\/en\/#website\",\"url\":\"https:\/\/www.food4animals.nl\/en\/\",\"name\":\"Food4animals\",\"description\":\"Alles voor Ruiter en Dier\",\"publisher\":{\"@id\":\"https:\/\/www.food4animals.nl\/en\/#organization\"},\"potentialAction\":[{\"@type\":\"SearchAction\",\"target\":{\"@type\":\"EntryPoint\",\"urlTemplate\":\"https:\/\/www.food4animals.nl\/en\/?s={search_term_string}\"},\"query-input\":{\"@type\":\"PropertyValueSpecification\",\"valueRequired\":true,\"valueName\":\"search_term_string\"}}],\"inLanguage\":\"en-US\"},{\"@type\":\"Organization\",\"@id\":\"https:\/\/www.food4animals.nl\/en\/#organization\",\"name\":\"Food4animals\",\"url\":\"https:\/\/www.food4animals.nl\/en\/\",\"logo\":{\"@type\":\"ImageObject\",\"inLanguage\":\"en-US\",\"@id\":\"https:\/\/www.food4animals.nl\/en\/#\/schema\/logo\/image\/\",\"url\":\"https:\/\/www.food4animals.nl\/wp-content\/uploads\/2023\/10\/Logo.svg\",\"contentUrl\":\"https:\/\/www.food4animals.nl\/wp-content\/uploads\/2023\/10\/Logo.svg\",\"width\":1,\"height\":1,\"caption\":\"Food4animals\"},\"image\":{\"@id\":\"https:\/\/www.food4animals.nl\/en\/#\/schema\/logo\/image\/\"},\"sameAs\":[\"https:\/\/www.facebook.com\/p\/Food4animals-100063861676074\/\",\"https:\/\/x.com\/food4animals\"]}]}<\/script>\n<!-- \/ Yoast SEO plugin. -->","yoast_head_json":{"title":"Rodent Run Wheel 12cm - Food4animals","robots":{"index":"index","follow":"follow","max-snippet":"max-snippet:-1","max-image-preview":"max-image-preview:large","max-video-preview":"max-video-preview:-1"},"canonical":"https:\/\/www.food4animals.nl\/en\/product\/rodent-run-wheel-12cm\/","og_locale":"en_US","og_type":"article","og_title":"Rodent Run Wheel 12cm - Food4animals","og_description":"Silent Spinner Wheel.\u00a0Dit rat voor kleine knaagdieren is speciaal ontwikkeld voor geluidsloos gebruik. Door dit wiel zal uw knaagdier meer beweging krijgen en de gezondheid verbeteren. De diameter is perfect voor ratjes en andere kleine knaagdieren. Dit rad wordt geleverd met een staander maar u kunt hem ook gemakkelijk aan een traliekooi bevestigen. Ook de hoogte kunt u gemakkelijk zelf bepalen.\u00a0FormaatPAWI39027: \u00f8 12 cmPAWI39028: \u00f8 14 cmPAWI39029: \u00f8 17 cm\u00a0Kleur wordt assorti geleverd.","og_url":"https:\/\/www.food4animals.nl\/en\/product\/rodent-run-wheel-12cm\/","og_site_name":"Food4animals","article_publisher":"https:\/\/www.facebook.com\/p\/Food4animals-100063861676074\/","article_modified_time":"2026-04-05T00:30:52+00:00","og_image":[{"width":647,"height":979,"url":"https:\/\/www.food4animals.nl\/wp-content\/uploads\/2024\/02\/265538.png","type":"image\/png"}],"twitter_card":"summary_large_image","twitter_site":"@food4animals","schema":{"@context":"https:\/\/schema.org","@graph":[{"@type":"WebPage","@id":"https:\/\/www.food4animals.nl\/product\/rodent-run-wheel-12cm\/","url":"https:\/\/www.food4animals.nl\/product\/rodent-run-wheel-12cm\/","name":"Rodent Run Wheel 12cm - Food4animals","isPartOf":{"@id":"https:\/\/www.food4animals.nl\/en\/#website"},"primaryImageOfPage":{"@id":"https:\/\/www.food4animals.nl\/product\/rodent-run-wheel-12cm\/#primaryimage"},"image":{"@id":"https:\/\/www.food4animals.nl\/product\/rodent-run-wheel-12cm\/#primaryimage"},"thumbnailUrl":"https:\/\/www.food4animals.nl\/wp-content\/uploads\/2024\/02\/265538.png","datePublished":"2024-02-09T15:36:09+00:00","dateModified":"2026-04-05T00:30:52+00:00","breadcrumb":{"@id":"https:\/\/www.food4animals.nl\/product\/rodent-run-wheel-12cm\/#breadcrumb"},"inLanguage":"en-US","potentialAction":[{"@type":"ReadAction","target":["https:\/\/www.food4animals.nl\/product\/rodent-run-wheel-12cm\/"]}]},{"@type":"ImageObject","inLanguage":"en-US","@id":"https:\/\/www.food4animals.nl\/product\/rodent-run-wheel-12cm\/#primaryimage","url":"https:\/\/www.food4animals.nl\/wp-content\/uploads\/2024\/02\/265538.png","contentUrl":"https:\/\/www.food4animals.nl\/wp-content\/uploads\/2024\/02\/265538.png","width":647,"height":979},{"@type":"BreadcrumbList","@id":"https:\/\/www.food4animals.nl\/product\/rodent-run-wheel-12cm\/#breadcrumb","itemListElement":[{"@type":"ListItem","position":1,"name":"Home","item":"https:\/\/www.food4animals.nl\/"},{"@type":"ListItem","position":2,"name":"Winkel","item":"https:\/\/www.food4animals.nl\/winkel\/"},{"@type":"ListItem","position":3,"name":"Rodent Run Wheel 12cm"}]},{"@type":"WebSite","@id":"https:\/\/www.food4animals.nl\/en\/#website","url":"https:\/\/www.food4animals.nl\/en\/","name":"Food4animals","description":"Everything for Rider and Animal","publisher":{"@id":"https:\/\/www.food4animals.nl\/en\/#organization"},"potentialAction":[{"@type":"SearchAction","target":{"@type":"EntryPoint","urlTemplate":"https:\/\/www.food4animals.nl\/en\/?s={search_term_string}"},"query-input":{"@type":"PropertyValueSpecification","valueRequired":true,"valueName":"search_term_string"}}],"inLanguage":"en-US"},{"@type":"Organization","@id":"https:\/\/www.food4animals.nl\/en\/#organization","name":"Food4animals","url":"https:\/\/www.food4animals.nl\/en\/","logo":{"@type":"ImageObject","inLanguage":"en-US","@id":"https:\/\/www.food4animals.nl\/en\/#\/schema\/logo\/image\/","url":"https:\/\/www.food4animals.nl\/wp-content\/uploads\/2023\/10\/Logo.svg","contentUrl":"https:\/\/www.food4animals.nl\/wp-content\/uploads\/2023\/10\/Logo.svg","width":1,"height":1,"caption":"Food4animals"},"image":{"@id":"https:\/\/www.food4animals.nl\/en\/#\/schema\/logo\/image\/"},"sameAs":["https:\/\/www.facebook.com\/p\/Food4animals-100063861676074\/","https:\/\/x.com\/food4animals"]}]}},"_links":{"self":[{"href":"https:\/\/www.food4animals.nl\/en\/wp-json\/wp\/v2\/product\/22354","targetHints":{"allow":["GET"]}}],"collection":[{"href":"https:\/\/www.food4animals.nl\/en\/wp-json\/wp\/v2\/product"}],"about":[{"href":"https:\/\/www.food4animals.nl\/en\/wp-json\/wp\/v2\/types\/product"}],"wp:featuredmedia":[{"embeddable":true,"href":"https:\/\/www.food4animals.nl\/en\/wp-json\/wp\/v2\/media\/22355"}],"wp:attachment":[{"href":"https:\/\/www.food4animals.nl\/en\/wp-json\/wp\/v2\/media?parent=22354"}],"wp:term":[{"taxonomy":"product_brand","embeddable":true,"href":"https:\/\/www.food4animals.nl\/en\/wp-json\/wp\/v2\/product_brand?post=22354"},{"taxonomy":"product_cat","embeddable":true,"href":"https:\/\/www.food4animals.nl\/en\/wp-json\/wp\/v2\/product_cat?post=22354"},{"taxonomy":"product_tag","embeddable":true,"href":"https:\/\/www.food4animals.nl\/en\/wp-json\/wp\/v2\/product_tag?post=22354"}],"curies":[{"name":"wp","href":"https:\/\/api.w.org\/{rel}","templated":true}]}}