{"id":30009,"date":"2025-10-02T23:30:41","date_gmt":"2025-10-02T22:30:41","guid":{"rendered":"https:\/\/www.food4animals.nl\/product\/butox-protect-75-mg-ml-reg-nl-ura-25-l\/"},"modified":"2026-05-02T01:06:07","modified_gmt":"2026-05-02T00:06:07","slug":"butox-protect-75-mg-ml-reg-nl-ura-25-l","status":"publish","type":"product","link":"https:\/\/www.food4animals.nl\/en\/product\/butox-protect-75-mg-ml-reg-nl-ura-25-l\/","title":{"rendered":"Butox Protect 7,5 mg\/ml REG NL URA 2,5 l"},"content":{"rendered":"<h2><span style=\"font-size: 10pt;\"><strong><span style=\"color: #800080; font-size: 18pt;\">Butox vliegen pouron!<\/span><br \/>\n* Familiar<br \/>\n<\/strong><\/span><span style=\"font-size: 10pt;\"><strong>* Effectief<br \/>\n* Lange werking (tot 10 weken)<br \/>\n* Geschikt voor rund \u00e9n schaap<\/strong><\/span><\/h2>\n<p>&nbsp;<\/p>\n<p>&nbsp;<\/p>\n<p><span style=\"font-size: 10pt;\"><strong>Vliegen zorgen voor meer dan overlast alleen. De schade die ze veroorzaken wordt veelal onderschat. Ze tasten het dierenwelzijn aan en hebben impact op de economische gevolgen. Een effectieve vliegenbestrijding begint op het moment dat er weinig vliegen zijn (dus vroeg in het seizoen).\u00a0<\/strong><\/span><\/p>\n<p>&nbsp;<\/p>\n<p><span style=\"font-size: 10pt;\"><strong>Butox Protect<br \/>\n<\/strong><\/span><span style=\"font-size: 10pt;\">Pour on suspensie voor de controle van infestaties met steekvliegen en overlast veroorzakende vliegen en behandeling en preventie van infestaties met luizen.<\/span><\/p>\n<p>&nbsp;<\/p>\n<p><span style=\"font-size: 10pt;\"><strong>Target species<br \/>\n<\/strong><\/span><span style=\"font-size: 10pt;\">Beef and mutton.<\/span><\/p>\n<p>&nbsp;<\/p>\n<p><span style=\"font-size: 10pt;\"><strong>Advies bij rundvee<br \/>\n<\/strong><\/span><span style=\"font-size: 10pt;\">Gebruik in plaats van een pour-on <a href=\"..\/..\/..\/product\/17723-auriplak-anti-vliegenplaatjes-excl-pijl-reg-nl-vrij\" target=\"_blank\" rel=\"noopener\">Auriplak Anti-Vliegenplaatjes<\/a> vanwege \u00e9\u00e9nmalige behandeling en seizoenslange bescherming in de weide tegen vliegen.\u00a0<\/span><\/p>\n<p>&nbsp;<\/p>\n<p><span style=\"font-size: 10pt;\"><strong>Active substance<br \/>\n<\/strong><\/span><span style=\"font-size: 10pt;\">Deltamethrin 7,5 mg\/ml<\/span><\/p>\n<p>&nbsp;<\/p>\n<p><span style=\"font-size: 10pt;\"><strong>Indication<br \/>\n<\/strong><\/span><span style=\"font-size: 10pt;\"><em>Beef:<br \/>\n<\/em><\/span><span style=\"font-size: 10pt;\">Voor de behandeling en preventie van infestaties met de volgende ectoparasieten:<\/span><\/p>\n<p>&nbsp;<\/p>\n<ul>\n<li style=\"list-style-type: none;\">\n<ul>\n<li><span style=\"font-size: 10pt;\">bloedzuigende luizen (<em>Linognathus vituli<\/em> and <em>Haematopinus eurysternus<\/em>).<\/span><\/li>\n<\/ul>\n<\/li>\n<\/ul>\n<p>&nbsp;<\/p>\n<ul>\n<li style=\"list-style-type: none;\">\n<ul>\n<li><span style=\"font-size: 10pt;\">bijtende luizen (<em>Bovicola bovis<\/em>).<\/span><\/li>\n<\/ul>\n<\/li>\n<\/ul>\n<p>&nbsp;<\/p>\n<p>&nbsp;<\/p>\n<p><span style=\"font-size: 10pt;\">Voor de controle van:<\/span><\/p>\n<p>&nbsp;<\/p>\n<ul>\n<li style=\"list-style-type: none;\">\n<ul>\n<li><span style=\"font-size: 10pt;\">Steekvliegen (<em>Stomoxys calcitrans<\/em>, <em>Haematobia <\/em>) en overlast veroorzakende vliegen (<em>Musca<\/em> spp. and <em>Hippobosca<\/em> spp.).<\/span><\/li>\n<\/ul>\n<\/li>\n<\/ul>\n<p>&nbsp;<\/p>\n<p>&nbsp;<\/p>\n<p><span style=\"font-size: 10pt;\"><em>Sheep:<\/em><\/span><\/p>\n<p>&nbsp;<\/p>\n<p><span style=\"font-size: 10pt;\">Voor de behandeling en preventie van infestaties met de volgende ectoparasieten:<\/span><\/p>\n<p>&nbsp;<\/p>\n<ul>\n<li style=\"list-style-type: none;\">\n<ul>\n<li><span style=\"font-size: 10pt;\">bloedzuigende luizen (<em>Linognathus ovillus<\/em>).<\/span><\/li>\n<\/ul>\n<\/li>\n<\/ul>\n<p>&nbsp;<\/p>\n<ul>\n<li style=\"list-style-type: none;\">\n<ul>\n<li><span style=\"font-size: 10pt;\">bijtende luizen (<em>Bovicola ovis<\/em>).<\/span><\/li>\n<\/ul>\n<\/li>\n<\/ul>\n<p>&nbsp;<\/p>\n<ul>\n<li style=\"list-style-type: none;\">\n<ul>\n<li><span style=\"font-size: 10pt;\">schapenluisvlieg (<em>Melophagus ovinus<\/em>).<\/span><\/li>\n<\/ul>\n<\/li>\n<\/ul>\n<p>&nbsp;<\/p>\n<p>&nbsp;<\/p>\n<p><span style=\"font-size: 10pt;\">Om resistentie te vermijden dient het diergeneesmiddel alleen te worden gebruikt als de lokale vliegensoort gevoelig is voor de werkzame stof.<br \/>\n<\/span><span style=\"font-size: 10pt;\">Can be used during gestation and lactation.<\/span><\/p>\n<p>&nbsp;<\/p>\n<p><span style=\"font-size: 10pt;\"><strong>Contraindications<br \/>\n<\/strong><\/span><span style=\"font-size: 10pt;\">Resistentie tegen pyrethro\u00efden. Niet gebruiken bij overgevoeligheid voor het werkzame bestanddeel of \u00e9\u00e9n van de hulpstoffen.<\/span><\/p>\n<p>&nbsp;<\/p>\n<p><span style=\"font-size: 10pt;\"><strong>Dosage<br \/>\n<\/strong><\/span><span style=\"font-size: 10pt;\">Voor gebruik als pour on. Goed schudden voor gebruik.<br \/>\n<\/span><span style=\"font-size: 10pt;\">Breng het diergeneesmiddel gelijkmatig aan op het midden van de rug, van de nek tot aan de staartbasis.<\/span><\/p>\n<p>&nbsp;<\/p>\n<p><span style=\"font-size: 10pt;\"><u>Flies<\/u><\/span><\/p>\n<p>&nbsp;<\/p>\n<p><span style=\"font-size: 10pt;\"><em>Beef:<\/em><\/span><\/p>\n<p>&nbsp;<\/p>\n<p><span style=\"font-size: 10pt;\">Tot 100 kg lichaamsgewicht\u00a0\u00a0\u00a0\u00a0\u00a0\u00a0\u00a0\u00a0\u00a0\u00a0\u00a0\u00a0\u00a0\u00a0\u00a0\u00a0\u00a0\u00a0\u00a0\u00a0\u00a0\u00a0 10 ml diergeneesmiddel per dier<br \/>\n<\/span><span style=\"font-size: 10pt;\">100-300 kg lichaamsgewicht\u00a0\u00a0\u00a0\u00a0\u00a0\u00a0\u00a0\u00a0\u00a0\u00a0\u00a0\u00a0\u00a0\u00a0\u00a0\u00a0\u00a0\u00a0\u00a0\u00a0\u00a0 20 ml diergeneesmiddel per dier<br \/>\n<\/span><span style=\"font-size: 10pt;\">Meer dan 300 kg lichaamsgewicht\u00a0\u00a0\u00a0\u00a0\u00a0\u00a0\u00a0\u00a0\u00a0 30 ml diergeneesmiddel per dier<\/span><\/p>\n<p>&nbsp;<\/p>\n<p><span style=\"font-size: 10pt;\"><u>Bloedzuigende en bijtende luizen en schapenluisvliegen<\/u><\/span><\/p>\n<p>&nbsp;<\/p>\n<p><span style=\"font-size: 10pt;\"><em>Rund, schaap:<\/em><\/span><\/p>\n<p>&nbsp;<\/p>\n<p><span style=\"font-size: 10pt;\">10 ml diergeneesmiddel per dier.<br \/>\n<\/span><span style=\"font-size: 10pt;\">See also package insert.<\/span><\/p>\n<p>&nbsp;<\/p>\n<p><span style=\"font-size: 10pt;\"><strong>Special warnings<br \/>\n<\/strong><\/span><span style=\"font-size: 10pt;\">Read the package insert before use.<\/span><\/p>\n<p>&nbsp;<\/p>\n<p><span style=\"font-size: 10pt;\"><strong>Waiting period<\/strong><\/span><\/p>\n<p>&nbsp;<\/p>\n<p><span style=\"font-size: 10pt;\"><em>Beef:<\/em><\/span><\/p>\n<p>&nbsp;<\/p>\n<p><span style=\"font-size: 10pt;\">(Orgaan)vlees: 18 dagen<\/span><\/p>\n<p>&nbsp;<\/p>\n<p><span style=\"font-size: 10pt;\">Melk: 0 dagen<\/span><\/p>\n<p>&nbsp;<\/p>\n<p><span style=\"font-size: 10pt;\"><em>Sheep:<\/em><\/span><\/p>\n<p>&nbsp;<\/p>\n<p><span style=\"font-size: 10pt;\">(Orgaan)vlees: 1 dag.<\/span><\/p>\n<p>&nbsp;<\/p>\n<p><span style=\"font-size: 10pt;\">Melk: 12 uur.<\/span><\/p>\n<p>&nbsp;<\/p>\n<p><span style=\"font-size: 10pt;\"><strong>Content<br \/>\n<\/strong><\/span><span style=\"font-size: 10pt;\">1 liter (BUTO01000)<br \/>\n<\/span><span style=\"font-size: 10pt;\">2,5 liter (BUTO02500) &gt; deze is inclusief doseerpistool<\/span><\/p>\n<p>&nbsp;<\/p>\n<p><span style=\"font-size: 10pt;\"><a href=\"https:\/\/www.diergeneesmiddeleninformatiebank.nl\/ords\/f?p=111:3::SEARCH:NO::P0_DOMAIN,P0_LANG,P3_RVG1:V,NL,104958\" target=\"_blank\" rel=\"noopener\"><strong>REG NL 104958<\/strong><\/a><\/span><\/p>\n<p>&nbsp;<\/p>\n<p><span style=\"font-size: 10pt;\">For veterinary use only - URA<\/span><\/p>\n<p>&nbsp;<\/p>\n<p><span style=\"font-size: 10pt;\"><span style=\"color: #ff0000; font-size: 10pt;\">Available only from a veterinarian or by veterinary prescription from a licensed pharmacy or supplier.<\/span><\/span><\/p>","protected":false},"excerpt":{"rendered":"<p>De vliegen pouron voor Rundvee &amp; Schapen.<\/p>","protected":false},"featured_media":30010,"template":"","meta":{"_acf_changed":false},"product_brand":[],"product_cat":[993,996],"product_tag":[],"class_list":{"0":"post-30009","1":"product","2":"type-product","3":"status-publish","4":"has-post-thumbnail","6":"product_cat-apotheek","7":"product_cat-medicatie-op-recept","8":"tax_brand-butox","10":"first","11":"instock","12":"taxable","13":"shipping-taxable","14":"product-type-simple"},"acf":[],"yoast_head":"<!-- This site is optimized with the Yoast SEO plugin v27.4 - https:\/\/yoast.com\/product\/yoast-seo-wordpress\/ -->\n<title>Butox Protect 7,5 mg\/ml REG NL URA 2,5 l - Food4animals<\/title>\n<meta name=\"robots\" content=\"index, follow, max-snippet:-1, max-image-preview:large, max-video-preview:-1\" \/>\n<link rel=\"canonical\" href=\"https:\/\/www.food4animals.nl\/en\/product\/butox-protect-75-mg-ml-reg-nl-ura-25-l\/\" \/>\n<meta property=\"og:locale\" content=\"en_US\" \/>\n<meta property=\"og:type\" content=\"article\" \/>\n<meta property=\"og:title\" content=\"Butox Protect 7,5 mg\/ml REG NL URA 2,5 l - Food4animals\" \/>\n<meta property=\"og:description\" content=\"De vliegen pouron voor Rundvee &amp; Schapen.\" \/>\n<meta property=\"og:url\" content=\"https:\/\/www.food4animals.nl\/en\/product\/butox-protect-75-mg-ml-reg-nl-ura-25-l\/\" \/>\n<meta property=\"og:site_name\" content=\"Food4animals\" \/>\n<meta property=\"article:publisher\" content=\"https:\/\/www.facebook.com\/p\/Food4animals-100063861676074\/\" \/>\n<meta property=\"article:modified_time\" content=\"2026-05-02T00:06:07+00:00\" \/>\n<meta property=\"og:image\" content=\"https:\/\/www.food4animals.nl\/wp-content\/uploads\/2025\/10\/BUTO02500-2.png\" \/>\n\t<meta property=\"og:image:width\" content=\"1009\" \/>\n\t<meta property=\"og:image:height\" content=\"980\" \/>\n\t<meta property=\"og:image:type\" content=\"image\/png\" \/>\n<meta name=\"twitter:card\" content=\"summary_large_image\" \/>\n<meta name=\"twitter:site\" content=\"@food4animals\" \/>\n<meta name=\"twitter:label1\" content=\"Est. reading time\" \/>\n\t<meta name=\"twitter:data1\" content=\"2 minutes\" \/>\n<script type=\"application\/ld+json\" class=\"yoast-schema-graph\">{\"@context\":\"https:\\\/\\\/schema.org\",\"@graph\":[{\"@type\":\"WebPage\",\"@id\":\"https:\\\/\\\/www.food4animals.nl\\\/product\\\/butox-protect-75-mg-ml-reg-nl-ura-25-l\\\/\",\"url\":\"https:\\\/\\\/www.food4animals.nl\\\/product\\\/butox-protect-75-mg-ml-reg-nl-ura-25-l\\\/\",\"name\":\"Butox Protect 7,5 mg\\\/ml REG NL URA 2,5 l - Food4animals\",\"isPartOf\":{\"@id\":\"https:\\\/\\\/www.food4animals.nl\\\/en\\\/#website\"},\"primaryImageOfPage\":{\"@id\":\"https:\\\/\\\/www.food4animals.nl\\\/product\\\/butox-protect-75-mg-ml-reg-nl-ura-25-l\\\/#primaryimage\"},\"image\":{\"@id\":\"https:\\\/\\\/www.food4animals.nl\\\/product\\\/butox-protect-75-mg-ml-reg-nl-ura-25-l\\\/#primaryimage\"},\"thumbnailUrl\":\"https:\\\/\\\/www.food4animals.nl\\\/wp-content\\\/uploads\\\/2025\\\/10\\\/BUTO02500-2.png\",\"datePublished\":\"2025-10-02T22:30:41+00:00\",\"dateModified\":\"2026-05-02T00:06:07+00:00\",\"breadcrumb\":{\"@id\":\"https:\\\/\\\/www.food4animals.nl\\\/product\\\/butox-protect-75-mg-ml-reg-nl-ura-25-l\\\/#breadcrumb\"},\"inLanguage\":\"en-US\",\"potentialAction\":[{\"@type\":\"ReadAction\",\"target\":[\"https:\\\/\\\/www.food4animals.nl\\\/product\\\/butox-protect-75-mg-ml-reg-nl-ura-25-l\\\/\"]}]},{\"@type\":\"ImageObject\",\"inLanguage\":\"en-US\",\"@id\":\"https:\\\/\\\/www.food4animals.nl\\\/product\\\/butox-protect-75-mg-ml-reg-nl-ura-25-l\\\/#primaryimage\",\"url\":\"https:\\\/\\\/www.food4animals.nl\\\/wp-content\\\/uploads\\\/2025\\\/10\\\/BUTO02500-2.png\",\"contentUrl\":\"https:\\\/\\\/www.food4animals.nl\\\/wp-content\\\/uploads\\\/2025\\\/10\\\/BUTO02500-2.png\",\"width\":1009,\"height\":980},{\"@type\":\"BreadcrumbList\",\"@id\":\"https:\\\/\\\/www.food4animals.nl\\\/product\\\/butox-protect-75-mg-ml-reg-nl-ura-25-l\\\/#breadcrumb\",\"itemListElement\":[{\"@type\":\"ListItem\",\"position\":1,\"name\":\"Home\",\"item\":\"https:\\\/\\\/www.food4animals.nl\\\/\"},{\"@type\":\"ListItem\",\"position\":2,\"name\":\"Winkel\",\"item\":\"https:\\\/\\\/www.food4animals.nl\\\/winkel\\\/\"},{\"@type\":\"ListItem\",\"position\":3,\"name\":\"Butox Protect 7,5 mg\\\/ml REG NL URA 2,5 l\"}]},{\"@type\":\"WebSite\",\"@id\":\"https:\\\/\\\/www.food4animals.nl\\\/en\\\/#website\",\"url\":\"https:\\\/\\\/www.food4animals.nl\\\/en\\\/\",\"name\":\"Food4animals\",\"description\":\"Alles voor Ruiter en Dier\",\"publisher\":{\"@id\":\"https:\\\/\\\/www.food4animals.nl\\\/en\\\/#organization\"},\"potentialAction\":[{\"@type\":\"SearchAction\",\"target\":{\"@type\":\"EntryPoint\",\"urlTemplate\":\"https:\\\/\\\/www.food4animals.nl\\\/en\\\/?s={search_term_string}\"},\"query-input\":{\"@type\":\"PropertyValueSpecification\",\"valueRequired\":true,\"valueName\":\"search_term_string\"}}],\"inLanguage\":\"en-US\"},{\"@type\":\"Organization\",\"@id\":\"https:\\\/\\\/www.food4animals.nl\\\/en\\\/#organization\",\"name\":\"Food4animals\",\"url\":\"https:\\\/\\\/www.food4animals.nl\\\/en\\\/\",\"logo\":{\"@type\":\"ImageObject\",\"inLanguage\":\"en-US\",\"@id\":\"https:\\\/\\\/www.food4animals.nl\\\/en\\\/#\\\/schema\\\/logo\\\/image\\\/\",\"url\":\"https:\\\/\\\/www.food4animals.nl\\\/wp-content\\\/uploads\\\/2023\\\/10\\\/Logo.svg\",\"contentUrl\":\"https:\\\/\\\/www.food4animals.nl\\\/wp-content\\\/uploads\\\/2023\\\/10\\\/Logo.svg\",\"width\":1,\"height\":1,\"caption\":\"Food4animals\"},\"image\":{\"@id\":\"https:\\\/\\\/www.food4animals.nl\\\/en\\\/#\\\/schema\\\/logo\\\/image\\\/\"},\"sameAs\":[\"https:\\\/\\\/www.facebook.com\\\/p\\\/Food4animals-100063861676074\\\/\",\"https:\\\/\\\/x.com\\\/food4animals\"]}]}<\/script>\n<!-- \/ Yoast SEO plugin. -->","yoast_head_json":{"title":"Butox Protect 7,5 mg\/ml REG NL URA 2,5 l - Food4animals","robots":{"index":"index","follow":"follow","max-snippet":"max-snippet:-1","max-image-preview":"max-image-preview:large","max-video-preview":"max-video-preview:-1"},"canonical":"https:\/\/www.food4animals.nl\/en\/product\/butox-protect-75-mg-ml-reg-nl-ura-25-l\/","og_locale":"en_US","og_type":"article","og_title":"Butox Protect 7,5 mg\/ml REG NL URA 2,5 l - Food4animals","og_description":"De vliegen pouron voor Rundvee &amp; Schapen.","og_url":"https:\/\/www.food4animals.nl\/en\/product\/butox-protect-75-mg-ml-reg-nl-ura-25-l\/","og_site_name":"Food4animals","article_publisher":"https:\/\/www.facebook.com\/p\/Food4animals-100063861676074\/","article_modified_time":"2026-05-02T00:06:07+00:00","og_image":[{"width":1009,"height":980,"url":"https:\/\/www.food4animals.nl\/wp-content\/uploads\/2025\/10\/BUTO02500-2.png","type":"image\/png"}],"twitter_card":"summary_large_image","twitter_site":"@food4animals","twitter_misc":{"Est. reading time":"2 minutes"},"schema":{"@context":"https:\/\/schema.org","@graph":[{"@type":"WebPage","@id":"https:\/\/www.food4animals.nl\/product\/butox-protect-75-mg-ml-reg-nl-ura-25-l\/","url":"https:\/\/www.food4animals.nl\/product\/butox-protect-75-mg-ml-reg-nl-ura-25-l\/","name":"Butox Protect 7,5 mg\/ml REG NL URA 2,5 l - Food4animals","isPartOf":{"@id":"https:\/\/www.food4animals.nl\/en\/#website"},"primaryImageOfPage":{"@id":"https:\/\/www.food4animals.nl\/product\/butox-protect-75-mg-ml-reg-nl-ura-25-l\/#primaryimage"},"image":{"@id":"https:\/\/www.food4animals.nl\/product\/butox-protect-75-mg-ml-reg-nl-ura-25-l\/#primaryimage"},"thumbnailUrl":"https:\/\/www.food4animals.nl\/wp-content\/uploads\/2025\/10\/BUTO02500-2.png","datePublished":"2025-10-02T22:30:41+00:00","dateModified":"2026-05-02T00:06:07+00:00","breadcrumb":{"@id":"https:\/\/www.food4animals.nl\/product\/butox-protect-75-mg-ml-reg-nl-ura-25-l\/#breadcrumb"},"inLanguage":"en-US","potentialAction":[{"@type":"ReadAction","target":["https:\/\/www.food4animals.nl\/product\/butox-protect-75-mg-ml-reg-nl-ura-25-l\/"]}]},{"@type":"ImageObject","inLanguage":"en-US","@id":"https:\/\/www.food4animals.nl\/product\/butox-protect-75-mg-ml-reg-nl-ura-25-l\/#primaryimage","url":"https:\/\/www.food4animals.nl\/wp-content\/uploads\/2025\/10\/BUTO02500-2.png","contentUrl":"https:\/\/www.food4animals.nl\/wp-content\/uploads\/2025\/10\/BUTO02500-2.png","width":1009,"height":980},{"@type":"BreadcrumbList","@id":"https:\/\/www.food4animals.nl\/product\/butox-protect-75-mg-ml-reg-nl-ura-25-l\/#breadcrumb","itemListElement":[{"@type":"ListItem","position":1,"name":"Home","item":"https:\/\/www.food4animals.nl\/"},{"@type":"ListItem","position":2,"name":"Winkel","item":"https:\/\/www.food4animals.nl\/winkel\/"},{"@type":"ListItem","position":3,"name":"Butox Protect 7,5 mg\/ml REG NL URA 2,5 l"}]},{"@type":"WebSite","@id":"https:\/\/www.food4animals.nl\/en\/#website","url":"https:\/\/www.food4animals.nl\/en\/","name":"Food4animals","description":"Everything for Rider and Animal","publisher":{"@id":"https:\/\/www.food4animals.nl\/en\/#organization"},"potentialAction":[{"@type":"SearchAction","target":{"@type":"EntryPoint","urlTemplate":"https:\/\/www.food4animals.nl\/en\/?s={search_term_string}"},"query-input":{"@type":"PropertyValueSpecification","valueRequired":true,"valueName":"search_term_string"}}],"inLanguage":"en-US"},{"@type":"Organization","@id":"https:\/\/www.food4animals.nl\/en\/#organization","name":"Food4animals","url":"https:\/\/www.food4animals.nl\/en\/","logo":{"@type":"ImageObject","inLanguage":"en-US","@id":"https:\/\/www.food4animals.nl\/en\/#\/schema\/logo\/image\/","url":"https:\/\/www.food4animals.nl\/wp-content\/uploads\/2023\/10\/Logo.svg","contentUrl":"https:\/\/www.food4animals.nl\/wp-content\/uploads\/2023\/10\/Logo.svg","width":1,"height":1,"caption":"Food4animals"},"image":{"@id":"https:\/\/www.food4animals.nl\/en\/#\/schema\/logo\/image\/"},"sameAs":["https:\/\/www.facebook.com\/p\/Food4animals-100063861676074\/","https:\/\/x.com\/food4animals"]}]}},"_links":{"self":[{"href":"https:\/\/www.food4animals.nl\/en\/wp-json\/wp\/v2\/product\/30009","targetHints":{"allow":["GET"]}}],"collection":[{"href":"https:\/\/www.food4animals.nl\/en\/wp-json\/wp\/v2\/product"}],"about":[{"href":"https:\/\/www.food4animals.nl\/en\/wp-json\/wp\/v2\/types\/product"}],"wp:featuredmedia":[{"embeddable":true,"href":"https:\/\/www.food4animals.nl\/en\/wp-json\/wp\/v2\/media\/30010"}],"wp:attachment":[{"href":"https:\/\/www.food4animals.nl\/en\/wp-json\/wp\/v2\/media?parent=30009"}],"wp:term":[{"taxonomy":"product_brand","embeddable":true,"href":"https:\/\/www.food4animals.nl\/en\/wp-json\/wp\/v2\/product_brand?post=30009"},{"taxonomy":"product_cat","embeddable":true,"href":"https:\/\/www.food4animals.nl\/en\/wp-json\/wp\/v2\/product_cat?post=30009"},{"taxonomy":"product_tag","embeddable":true,"href":"https:\/\/www.food4animals.nl\/en\/wp-json\/wp\/v2\/product_tag?post=30009"}],"curies":[{"name":"wp","href":"https:\/\/api.w.org\/{rel}","templated":true}]}}