{"id":4310,"date":"2024-01-04T17:45:47","date_gmt":"2024-01-04T16:45:47","guid":{"rendered":"https:\/\/food4animals.nl\/product\/bandage-animal-stop-chewing-5cm\/"},"modified":"2026-04-10T01:04:38","modified_gmt":"2026-04-10T00:04:38","slug":"bandage-animal-stop-chewing-5cm","status":"publish","type":"product","link":"https:\/\/www.food4animals.nl\/en\/product\/bandage-animal-stop-chewing-5cm\/","title":{"rendered":"Bandage Animal Stop Chewing 5cm"},"content":{"rendered":"<p><span style=\"font-size: 10pt;\">Het komt regelmatig voor dat een dier aan de bandage gaat knagen, nadat u het verbonden heeft. Dit is onwenselijk voor het herstel. Speciaal hiertegen hebben wij bandage ontwikkeld met de werkzame stof Bitrex. Deze stof is in het Guiness Book of Records opgenomen als de meest bittere stof ter wereld. Hiermee is de bandage ge\u00efmpregneerd en dit zorgt voor een smaak die dieren belet aan hun bandage te kauwen. Dit is \u00e9\u00e9n van de speciale eigenschappen waaraan deze kwalitatief hoogstaande bandage voldoet! Zie het lijstje hieronder voor meer!\u00a0<\/span><\/p>\n<p><span style=\"font-size: 10pt;\"><strong>Features<\/strong><\/span><\/p>\n<ul>\n<li><span style=\"font-size: 10pt;\">3x zo sterk t.o.v. standaard bandages.<\/span><\/li>\n<li><span style=\"font-size: 10pt;\">Kan met de hand worden afgescheurd.<\/span><\/li>\n<li><span style=\"font-size: 10pt;\">Zweet- en waterbestendig.<\/span><\/li>\n<li><span style=\"font-size: 10pt;\">Trekt niet samen.<\/span><\/li>\n<li><span style=\"font-size: 10pt;\">Schaafbestendig.<\/span><\/li>\n<\/ul>\n<p><span style=\"font-size: 10pt;\"><strong>De voordelen van deze bandage t.o.v. de reguliere bandage<\/strong><\/span><\/p>\n<ul>\n<li><span style=\"font-size: 10pt;\">Zeer duurzaam<\/span><\/li>\n<li><span style=\"font-size: 10pt;\">Wordt snel en makkelijk aangebracht zonder schaar.<\/span><\/li>\n<li><span style=\"font-size: 10pt;\">Wordt niet met water verzadigd en gaat niet schuiven onder invloed van vocht.<\/span><\/li>\n<li><span style=\"font-size: 10pt;\">Bezit geen dwars elasticiteit waardoor deze bandage niet afzakt!<\/span><\/li>\n<li><span style=\"font-size: 10pt;\">Behoudt de druk waarmee u het hebt aangebracht<\/span><\/li>\n<\/ul>\n<p><span style=\"font-size: 10pt;\"><strong>Specification:<\/strong><\/span><br \/><span style=\"font-size: 10pt;\">Lengte: 2 m (uitgerekt tot 4,5 m)<\/span><br \/><span style=\"font-size: 10pt;\">Width: 5 cm<\/span><\/p>","protected":false},"excerpt":{"rendered":"<p>Supersterke bandage met Bitrex (gaat kapotbijten bandage tegen)<\/p>","protected":false},"featured_media":1799,"template":"","meta":{"_acf_changed":false},"product_brand":[],"product_cat":[1224,834],"product_tag":[],"class_list":{"0":"post-4310","1":"product","2":"type-product","3":"status-publish","4":"has-post-thumbnail","6":"product_cat-klauwverzorging","7":"product_cat-rund","9":"first","10":"instock","11":"taxable","12":"shipping-taxable","13":"purchasable","14":"product-type-simple"},"acf":[],"yoast_head":"<!-- This site is optimized with the Yoast SEO plugin v27.2 - https:\/\/yoast.com\/product\/yoast-seo-wordpress\/ -->\n<title>Bandage Animal Stop Chewing 5cm - Food4animals<\/title>\n<meta name=\"robots\" content=\"index, follow, max-snippet:-1, max-image-preview:large, max-video-preview:-1\" \/>\n<link rel=\"canonical\" href=\"https:\/\/www.food4animals.nl\/en\/product\/bandage-animal-stop-chewing-5cm\/\" \/>\n<meta property=\"og:locale\" content=\"en_US\" \/>\n<meta property=\"og:type\" content=\"article\" \/>\n<meta property=\"og:title\" content=\"Bandage Animal Stop Chewing 5cm - Food4animals\" \/>\n<meta property=\"og:description\" content=\"Supersterke bandage met Bitrex (gaat kapotbijten bandage tegen)\" \/>\n<meta property=\"og:url\" content=\"https:\/\/www.food4animals.nl\/en\/product\/bandage-animal-stop-chewing-5cm\/\" \/>\n<meta property=\"og:site_name\" content=\"Food4animals\" \/>\n<meta property=\"article:publisher\" content=\"https:\/\/www.facebook.com\/p\/Food4animals-100063861676074\/\" \/>\n<meta property=\"article:modified_time\" content=\"2026-04-10T00:04:38+00:00\" \/>\n<meta property=\"og:image\" content=\"https:\/\/www.food4animals.nl\/wp-content\/uploads\/2023\/10\/280104.png\" \/>\n\t<meta property=\"og:image:width\" content=\"1024\" \/>\n\t<meta property=\"og:image:height\" content=\"1024\" \/>\n\t<meta property=\"og:image:type\" content=\"image\/png\" \/>\n<meta name=\"twitter:card\" content=\"summary_large_image\" \/>\n<meta name=\"twitter:site\" content=\"@food4animals\" \/>\n<meta name=\"twitter:label1\" content=\"Est. reading time\" \/>\n\t<meta name=\"twitter:data1\" content=\"1 minute\" \/>\n<script type=\"application\/ld+json\" class=\"yoast-schema-graph\">{\"@context\":\"https:\/\/schema.org\",\"@graph\":[{\"@type\":\"WebPage\",\"@id\":\"https:\/\/www.food4animals.nl\/product\/bandage-animal-stop-chewing-5cm\/\",\"url\":\"https:\/\/www.food4animals.nl\/product\/bandage-animal-stop-chewing-5cm\/\",\"name\":\"Bandage Animal Stop Chewing 5cm - Food4animals\",\"isPartOf\":{\"@id\":\"https:\/\/www.food4animals.nl\/en\/#website\"},\"primaryImageOfPage\":{\"@id\":\"https:\/\/www.food4animals.nl\/product\/bandage-animal-stop-chewing-5cm\/#primaryimage\"},\"image\":{\"@id\":\"https:\/\/www.food4animals.nl\/product\/bandage-animal-stop-chewing-5cm\/#primaryimage\"},\"thumbnailUrl\":\"https:\/\/www.food4animals.nl\/wp-content\/uploads\/2023\/10\/280104.png\",\"datePublished\":\"2024-01-04T16:45:47+00:00\",\"dateModified\":\"2026-04-10T00:04:38+00:00\",\"breadcrumb\":{\"@id\":\"https:\/\/www.food4animals.nl\/product\/bandage-animal-stop-chewing-5cm\/#breadcrumb\"},\"inLanguage\":\"en-US\",\"potentialAction\":[{\"@type\":\"ReadAction\",\"target\":[\"https:\/\/www.food4animals.nl\/product\/bandage-animal-stop-chewing-5cm\/\"]}]},{\"@type\":\"ImageObject\",\"inLanguage\":\"en-US\",\"@id\":\"https:\/\/www.food4animals.nl\/product\/bandage-animal-stop-chewing-5cm\/#primaryimage\",\"url\":\"https:\/\/www.food4animals.nl\/wp-content\/uploads\/2023\/10\/280104.png\",\"contentUrl\":\"https:\/\/www.food4animals.nl\/wp-content\/uploads\/2023\/10\/280104.png\",\"width\":1024,\"height\":1024},{\"@type\":\"BreadcrumbList\",\"@id\":\"https:\/\/www.food4animals.nl\/product\/bandage-animal-stop-chewing-5cm\/#breadcrumb\",\"itemListElement\":[{\"@type\":\"ListItem\",\"position\":1,\"name\":\"Home\",\"item\":\"https:\/\/www.food4animals.nl\/\"},{\"@type\":\"ListItem\",\"position\":2,\"name\":\"Winkel\",\"item\":\"https:\/\/www.food4animals.nl\/winkel\/\"},{\"@type\":\"ListItem\",\"position\":3,\"name\":\"Bandage Animal Stop Chewing 5cm\"}]},{\"@type\":\"WebSite\",\"@id\":\"https:\/\/www.food4animals.nl\/en\/#website\",\"url\":\"https:\/\/www.food4animals.nl\/en\/\",\"name\":\"Food4animals\",\"description\":\"Alles voor Ruiter en Dier\",\"publisher\":{\"@id\":\"https:\/\/www.food4animals.nl\/en\/#organization\"},\"potentialAction\":[{\"@type\":\"SearchAction\",\"target\":{\"@type\":\"EntryPoint\",\"urlTemplate\":\"https:\/\/www.food4animals.nl\/en\/?s={search_term_string}\"},\"query-input\":{\"@type\":\"PropertyValueSpecification\",\"valueRequired\":true,\"valueName\":\"search_term_string\"}}],\"inLanguage\":\"en-US\"},{\"@type\":\"Organization\",\"@id\":\"https:\/\/www.food4animals.nl\/en\/#organization\",\"name\":\"Food4animals\",\"url\":\"https:\/\/www.food4animals.nl\/en\/\",\"logo\":{\"@type\":\"ImageObject\",\"inLanguage\":\"en-US\",\"@id\":\"https:\/\/www.food4animals.nl\/en\/#\/schema\/logo\/image\/\",\"url\":\"https:\/\/www.food4animals.nl\/wp-content\/uploads\/2023\/10\/Logo.svg\",\"contentUrl\":\"https:\/\/www.food4animals.nl\/wp-content\/uploads\/2023\/10\/Logo.svg\",\"width\":1,\"height\":1,\"caption\":\"Food4animals\"},\"image\":{\"@id\":\"https:\/\/www.food4animals.nl\/en\/#\/schema\/logo\/image\/\"},\"sameAs\":[\"https:\/\/www.facebook.com\/p\/Food4animals-100063861676074\/\",\"https:\/\/x.com\/food4animals\"]}]}<\/script>\n<!-- \/ Yoast SEO plugin. -->","yoast_head_json":{"title":"Bandage Animal Stop Chewing 5cm - Food4animals","robots":{"index":"index","follow":"follow","max-snippet":"max-snippet:-1","max-image-preview":"max-image-preview:large","max-video-preview":"max-video-preview:-1"},"canonical":"https:\/\/www.food4animals.nl\/en\/product\/bandage-animal-stop-chewing-5cm\/","og_locale":"en_US","og_type":"article","og_title":"Bandage Animal Stop Chewing 5cm - Food4animals","og_description":"Supersterke bandage met Bitrex (gaat kapotbijten bandage tegen)","og_url":"https:\/\/www.food4animals.nl\/en\/product\/bandage-animal-stop-chewing-5cm\/","og_site_name":"Food4animals","article_publisher":"https:\/\/www.facebook.com\/p\/Food4animals-100063861676074\/","article_modified_time":"2026-04-10T00:04:38+00:00","og_image":[{"width":1024,"height":1024,"url":"https:\/\/www.food4animals.nl\/wp-content\/uploads\/2023\/10\/280104.png","type":"image\/png"}],"twitter_card":"summary_large_image","twitter_site":"@food4animals","twitter_misc":{"Est. reading time":"1 minute"},"schema":{"@context":"https:\/\/schema.org","@graph":[{"@type":"WebPage","@id":"https:\/\/www.food4animals.nl\/product\/bandage-animal-stop-chewing-5cm\/","url":"https:\/\/www.food4animals.nl\/product\/bandage-animal-stop-chewing-5cm\/","name":"Bandage Animal Stop Chewing 5cm - Food4animals","isPartOf":{"@id":"https:\/\/www.food4animals.nl\/en\/#website"},"primaryImageOfPage":{"@id":"https:\/\/www.food4animals.nl\/product\/bandage-animal-stop-chewing-5cm\/#primaryimage"},"image":{"@id":"https:\/\/www.food4animals.nl\/product\/bandage-animal-stop-chewing-5cm\/#primaryimage"},"thumbnailUrl":"https:\/\/www.food4animals.nl\/wp-content\/uploads\/2023\/10\/280104.png","datePublished":"2024-01-04T16:45:47+00:00","dateModified":"2026-04-10T00:04:38+00:00","breadcrumb":{"@id":"https:\/\/www.food4animals.nl\/product\/bandage-animal-stop-chewing-5cm\/#breadcrumb"},"inLanguage":"en-US","potentialAction":[{"@type":"ReadAction","target":["https:\/\/www.food4animals.nl\/product\/bandage-animal-stop-chewing-5cm\/"]}]},{"@type":"ImageObject","inLanguage":"en-US","@id":"https:\/\/www.food4animals.nl\/product\/bandage-animal-stop-chewing-5cm\/#primaryimage","url":"https:\/\/www.food4animals.nl\/wp-content\/uploads\/2023\/10\/280104.png","contentUrl":"https:\/\/www.food4animals.nl\/wp-content\/uploads\/2023\/10\/280104.png","width":1024,"height":1024},{"@type":"BreadcrumbList","@id":"https:\/\/www.food4animals.nl\/product\/bandage-animal-stop-chewing-5cm\/#breadcrumb","itemListElement":[{"@type":"ListItem","position":1,"name":"Home","item":"https:\/\/www.food4animals.nl\/"},{"@type":"ListItem","position":2,"name":"Winkel","item":"https:\/\/www.food4animals.nl\/winkel\/"},{"@type":"ListItem","position":3,"name":"Bandage Animal Stop Chewing 5cm"}]},{"@type":"WebSite","@id":"https:\/\/www.food4animals.nl\/en\/#website","url":"https:\/\/www.food4animals.nl\/en\/","name":"Food4animals","description":"Everything for Rider and Animal","publisher":{"@id":"https:\/\/www.food4animals.nl\/en\/#organization"},"potentialAction":[{"@type":"SearchAction","target":{"@type":"EntryPoint","urlTemplate":"https:\/\/www.food4animals.nl\/en\/?s={search_term_string}"},"query-input":{"@type":"PropertyValueSpecification","valueRequired":true,"valueName":"search_term_string"}}],"inLanguage":"en-US"},{"@type":"Organization","@id":"https:\/\/www.food4animals.nl\/en\/#organization","name":"Food4animals","url":"https:\/\/www.food4animals.nl\/en\/","logo":{"@type":"ImageObject","inLanguage":"en-US","@id":"https:\/\/www.food4animals.nl\/en\/#\/schema\/logo\/image\/","url":"https:\/\/www.food4animals.nl\/wp-content\/uploads\/2023\/10\/Logo.svg","contentUrl":"https:\/\/www.food4animals.nl\/wp-content\/uploads\/2023\/10\/Logo.svg","width":1,"height":1,"caption":"Food4animals"},"image":{"@id":"https:\/\/www.food4animals.nl\/en\/#\/schema\/logo\/image\/"},"sameAs":["https:\/\/www.facebook.com\/p\/Food4animals-100063861676074\/","https:\/\/x.com\/food4animals"]}]}},"_links":{"self":[{"href":"https:\/\/www.food4animals.nl\/en\/wp-json\/wp\/v2\/product\/4310","targetHints":{"allow":["GET"]}}],"collection":[{"href":"https:\/\/www.food4animals.nl\/en\/wp-json\/wp\/v2\/product"}],"about":[{"href":"https:\/\/www.food4animals.nl\/en\/wp-json\/wp\/v2\/types\/product"}],"wp:featuredmedia":[{"embeddable":true,"href":"https:\/\/www.food4animals.nl\/en\/wp-json\/wp\/v2\/media\/1799"}],"wp:attachment":[{"href":"https:\/\/www.food4animals.nl\/en\/wp-json\/wp\/v2\/media?parent=4310"}],"wp:term":[{"taxonomy":"product_brand","embeddable":true,"href":"https:\/\/www.food4animals.nl\/en\/wp-json\/wp\/v2\/product_brand?post=4310"},{"taxonomy":"product_cat","embeddable":true,"href":"https:\/\/www.food4animals.nl\/en\/wp-json\/wp\/v2\/product_cat?post=4310"},{"taxonomy":"product_tag","embeddable":true,"href":"https:\/\/www.food4animals.nl\/en\/wp-json\/wp\/v2\/product_tag?post=4310"}],"curies":[{"name":"wp","href":"https:\/\/api.w.org\/{rel}","templated":true}]}}