{"id":4697,"date":"2023-11-17T11:43:12","date_gmt":"2023-11-17T11:43:12","guid":{"rendered":"https:\/\/food4animals.nl\/product\/chuckit-breathe-right-fetch-ball-large\/"},"modified":"2026-04-10T01:08:04","modified_gmt":"2026-04-10T00:08:04","slug":"chuckit-breathe-right-fetch-ball-large","status":"publish","type":"product","link":"https:\/\/www.food4animals.nl\/en\/product\/chuckit-breathe-right-fetch-ball-large\/","title":{"rendered":"Chuckit Breathe Right Fetch Ball Large"},"content":{"rendered":"<p><span style=\"font-size: 10pt;\"><strong>Chuckit Breathe Right Fetch Ball<\/strong><\/span><br \/><span style=\"font-size: 10pt;\">Gooi verder, apporteer langer! De Chuckit Breathe Right Fetch Ball is een sterke bal die is ontworpen om ademhaling en luchtstroom in de longen van honden te vergemakkelijken tijdens het apporteren. Dankzij deze bal zal u hond het apporteren 30 tot 50% langer volhouden.<\/span><br \/><span style=\"font-size: 10pt;\">\u00a0<\/span><br \/><span style=\"font-size: 10pt;\"><strong>Perfect te gebruiken in combinatie met de Chuckit Launchers!<\/strong><\/span><br \/><span style=\"font-size: 10pt;\">\u00a0<\/span><br \/><span style=\"font-size: 10pt;\"><strong>Format<\/strong><\/span><br \/><span style=\"font-size: 10pt;\">CHUC31931: \u00f8 5 cm &#8211; 2 pack<\/span><br \/><span style=\"font-size: 10pt;\">CHUC31932: \u00f8 6 cm &#8211; 1 pack<\/span><br \/><span style=\"font-size: 10pt;\">CHUC31933: \u00f8 7 cm &#8211; 1 pack<\/span><br \/><span style=\"font-size: 10pt;\">CHUC32141: \u00f8 6,4 cm &#8211; 2 pack<\/span><br \/><span style=\"font-size: 10pt;\">\u00a0<\/span><br \/><span style=\"font-size: 10pt;\"><strong>Drijft op water!<\/p>\n<p><span style=\"color: #ffffff;\">productexplosie<\/span><br \/><\/strong><\/span><\/p>","protected":false},"excerpt":{"rendered":"<p>Gooi verder, apporteer langer! De Chuckit Breathe Right Fetch Ball is een sterke bal die is ontworpen om ademhaling en luchtstroom in de longen van honden te vergemakkelijken tijdens het apporteren. Dankzij deze bal zal u hond het apporteren 30 tot 50% langer volhouden.\u00a0Perfect te gebruiken in combinatie met de Chuckit Launchers!\u00a0FormaatCHUC31931: \u00f8 5 cm &#8211; 2 packCHUC31932: \u00f8 6 cm &#8211; 1 packCHUC31933: \u00f8 7 cm &#8211; 1 pack<\/p>","protected":false},"featured_media":3018,"template":"","meta":{"_acf_changed":false},"product_brand":[],"product_cat":[821,822],"product_tag":[955,1555,823,901],"class_list":{"0":"post-4697","1":"product","2":"type-product","3":"status-publish","4":"has-post-thumbnail","6":"product_cat-hond","7":"product_cat-speelgoed","8":"product_tag-apporteren","9":"product_tag-chuckit","10":"product_tag-hond","11":"product_tag-l","12":"tax_brand-chuckit","14":"first","15":"instock","16":"taxable","17":"shipping-taxable","18":"purchasable","19":"product-type-simple"},"acf":[],"yoast_head":"<!-- This site is optimized with the Yoast SEO plugin v27.2 - https:\/\/yoast.com\/product\/yoast-seo-wordpress\/ -->\n<title>Chuckit Breathe Right Fetch Ball Large - Food4animals<\/title>\n<meta name=\"robots\" content=\"index, follow, max-snippet:-1, max-image-preview:large, max-video-preview:-1\" \/>\n<link rel=\"canonical\" href=\"https:\/\/www.food4animals.nl\/en\/product\/chuckit-breathe-right-fetch-ball-large\/\" \/>\n<meta property=\"og:locale\" content=\"en_US\" \/>\n<meta property=\"og:type\" content=\"article\" \/>\n<meta property=\"og:title\" content=\"Chuckit Breathe Right Fetch Ball Large - Food4animals\" \/>\n<meta property=\"og:description\" content=\"Gooi verder, apporteer langer! De Chuckit Breathe Right Fetch Ball is een sterke bal die is ontworpen om ademhaling en luchtstroom in de longen van honden te vergemakkelijken tijdens het apporteren. Dankzij deze bal zal u hond het apporteren 30 tot 50% langer volhouden.\u00a0Perfect te gebruiken in combinatie met de Chuckit Launchers!\u00a0FormaatCHUC31931: \u00f8 5 cm - 2 packCHUC31932: \u00f8 6 cm - 1 packCHUC31933: \u00f8 7 cm - 1 pack\" \/>\n<meta property=\"og:url\" content=\"https:\/\/www.food4animals.nl\/en\/product\/chuckit-breathe-right-fetch-ball-large\/\" \/>\n<meta property=\"og:site_name\" content=\"Food4animals\" \/>\n<meta property=\"article:publisher\" content=\"https:\/\/www.facebook.com\/p\/Food4animals-100063861676074\/\" \/>\n<meta property=\"article:modified_time\" content=\"2026-04-10T00:08:04+00:00\" \/>\n<meta property=\"og:image\" content=\"https:\/\/www.food4animals.nl\/wp-content\/uploads\/2023\/10\/86949.png\" \/>\n\t<meta property=\"og:image:width\" content=\"980\" \/>\n\t<meta property=\"og:image:height\" content=\"980\" \/>\n\t<meta property=\"og:image:type\" content=\"image\/png\" \/>\n<meta name=\"twitter:card\" content=\"summary_large_image\" \/>\n<meta name=\"twitter:site\" content=\"@food4animals\" \/>\n<script type=\"application\/ld+json\" class=\"yoast-schema-graph\">{\"@context\":\"https:\/\/schema.org\",\"@graph\":[{\"@type\":\"WebPage\",\"@id\":\"https:\/\/www.food4animals.nl\/product\/chuckit-breathe-right-fetch-ball-large\/\",\"url\":\"https:\/\/www.food4animals.nl\/product\/chuckit-breathe-right-fetch-ball-large\/\",\"name\":\"Chuckit Breathe Right Fetch Ball Large - Food4animals\",\"isPartOf\":{\"@id\":\"https:\/\/www.food4animals.nl\/en\/#website\"},\"primaryImageOfPage\":{\"@id\":\"https:\/\/www.food4animals.nl\/product\/chuckit-breathe-right-fetch-ball-large\/#primaryimage\"},\"image\":{\"@id\":\"https:\/\/www.food4animals.nl\/product\/chuckit-breathe-right-fetch-ball-large\/#primaryimage\"},\"thumbnailUrl\":\"https:\/\/www.food4animals.nl\/wp-content\/uploads\/2023\/10\/86949.png\",\"datePublished\":\"2023-11-17T11:43:12+00:00\",\"dateModified\":\"2026-04-10T00:08:04+00:00\",\"breadcrumb\":{\"@id\":\"https:\/\/www.food4animals.nl\/product\/chuckit-breathe-right-fetch-ball-large\/#breadcrumb\"},\"inLanguage\":\"en-US\",\"potentialAction\":[{\"@type\":\"ReadAction\",\"target\":[\"https:\/\/www.food4animals.nl\/product\/chuckit-breathe-right-fetch-ball-large\/\"]}]},{\"@type\":\"ImageObject\",\"inLanguage\":\"en-US\",\"@id\":\"https:\/\/www.food4animals.nl\/product\/chuckit-breathe-right-fetch-ball-large\/#primaryimage\",\"url\":\"https:\/\/www.food4animals.nl\/wp-content\/uploads\/2023\/10\/86949.png\",\"contentUrl\":\"https:\/\/www.food4animals.nl\/wp-content\/uploads\/2023\/10\/86949.png\",\"width\":980,\"height\":980},{\"@type\":\"BreadcrumbList\",\"@id\":\"https:\/\/www.food4animals.nl\/product\/chuckit-breathe-right-fetch-ball-large\/#breadcrumb\",\"itemListElement\":[{\"@type\":\"ListItem\",\"position\":1,\"name\":\"Home\",\"item\":\"https:\/\/www.food4animals.nl\/\"},{\"@type\":\"ListItem\",\"position\":2,\"name\":\"Winkel\",\"item\":\"https:\/\/www.food4animals.nl\/winkel\/\"},{\"@type\":\"ListItem\",\"position\":3,\"name\":\"Chuckit Breathe Right Fetch Ball Large\"}]},{\"@type\":\"WebSite\",\"@id\":\"https:\/\/www.food4animals.nl\/en\/#website\",\"url\":\"https:\/\/www.food4animals.nl\/en\/\",\"name\":\"Food4animals\",\"description\":\"Alles voor Ruiter en Dier\",\"publisher\":{\"@id\":\"https:\/\/www.food4animals.nl\/en\/#organization\"},\"potentialAction\":[{\"@type\":\"SearchAction\",\"target\":{\"@type\":\"EntryPoint\",\"urlTemplate\":\"https:\/\/www.food4animals.nl\/en\/?s={search_term_string}\"},\"query-input\":{\"@type\":\"PropertyValueSpecification\",\"valueRequired\":true,\"valueName\":\"search_term_string\"}}],\"inLanguage\":\"en-US\"},{\"@type\":\"Organization\",\"@id\":\"https:\/\/www.food4animals.nl\/en\/#organization\",\"name\":\"Food4animals\",\"url\":\"https:\/\/www.food4animals.nl\/en\/\",\"logo\":{\"@type\":\"ImageObject\",\"inLanguage\":\"en-US\",\"@id\":\"https:\/\/www.food4animals.nl\/en\/#\/schema\/logo\/image\/\",\"url\":\"https:\/\/www.food4animals.nl\/wp-content\/uploads\/2023\/10\/Logo.svg\",\"contentUrl\":\"https:\/\/www.food4animals.nl\/wp-content\/uploads\/2023\/10\/Logo.svg\",\"width\":1,\"height\":1,\"caption\":\"Food4animals\"},\"image\":{\"@id\":\"https:\/\/www.food4animals.nl\/en\/#\/schema\/logo\/image\/\"},\"sameAs\":[\"https:\/\/www.facebook.com\/p\/Food4animals-100063861676074\/\",\"https:\/\/x.com\/food4animals\"]}]}<\/script>\n<!-- \/ Yoast SEO plugin. -->","yoast_head_json":{"title":"Chuckit Breathe Right Fetch Ball Large - Food4animals","robots":{"index":"index","follow":"follow","max-snippet":"max-snippet:-1","max-image-preview":"max-image-preview:large","max-video-preview":"max-video-preview:-1"},"canonical":"https:\/\/www.food4animals.nl\/en\/product\/chuckit-breathe-right-fetch-ball-large\/","og_locale":"en_US","og_type":"article","og_title":"Chuckit Breathe Right Fetch Ball Large - Food4animals","og_description":"Gooi verder, apporteer langer! De Chuckit Breathe Right Fetch Ball is een sterke bal die is ontworpen om ademhaling en luchtstroom in de longen van honden te vergemakkelijken tijdens het apporteren. Dankzij deze bal zal u hond het apporteren 30 tot 50% langer volhouden.\u00a0Perfect te gebruiken in combinatie met de Chuckit Launchers!\u00a0FormaatCHUC31931: \u00f8 5 cm - 2 packCHUC31932: \u00f8 6 cm - 1 packCHUC31933: \u00f8 7 cm - 1 pack","og_url":"https:\/\/www.food4animals.nl\/en\/product\/chuckit-breathe-right-fetch-ball-large\/","og_site_name":"Food4animals","article_publisher":"https:\/\/www.facebook.com\/p\/Food4animals-100063861676074\/","article_modified_time":"2026-04-10T00:08:04+00:00","og_image":[{"width":980,"height":980,"url":"https:\/\/www.food4animals.nl\/wp-content\/uploads\/2023\/10\/86949.png","type":"image\/png"}],"twitter_card":"summary_large_image","twitter_site":"@food4animals","schema":{"@context":"https:\/\/schema.org","@graph":[{"@type":"WebPage","@id":"https:\/\/www.food4animals.nl\/product\/chuckit-breathe-right-fetch-ball-large\/","url":"https:\/\/www.food4animals.nl\/product\/chuckit-breathe-right-fetch-ball-large\/","name":"Chuckit Breathe Right Fetch Ball Large - Food4animals","isPartOf":{"@id":"https:\/\/www.food4animals.nl\/en\/#website"},"primaryImageOfPage":{"@id":"https:\/\/www.food4animals.nl\/product\/chuckit-breathe-right-fetch-ball-large\/#primaryimage"},"image":{"@id":"https:\/\/www.food4animals.nl\/product\/chuckit-breathe-right-fetch-ball-large\/#primaryimage"},"thumbnailUrl":"https:\/\/www.food4animals.nl\/wp-content\/uploads\/2023\/10\/86949.png","datePublished":"2023-11-17T11:43:12+00:00","dateModified":"2026-04-10T00:08:04+00:00","breadcrumb":{"@id":"https:\/\/www.food4animals.nl\/product\/chuckit-breathe-right-fetch-ball-large\/#breadcrumb"},"inLanguage":"en-US","potentialAction":[{"@type":"ReadAction","target":["https:\/\/www.food4animals.nl\/product\/chuckit-breathe-right-fetch-ball-large\/"]}]},{"@type":"ImageObject","inLanguage":"en-US","@id":"https:\/\/www.food4animals.nl\/product\/chuckit-breathe-right-fetch-ball-large\/#primaryimage","url":"https:\/\/www.food4animals.nl\/wp-content\/uploads\/2023\/10\/86949.png","contentUrl":"https:\/\/www.food4animals.nl\/wp-content\/uploads\/2023\/10\/86949.png","width":980,"height":980},{"@type":"BreadcrumbList","@id":"https:\/\/www.food4animals.nl\/product\/chuckit-breathe-right-fetch-ball-large\/#breadcrumb","itemListElement":[{"@type":"ListItem","position":1,"name":"Home","item":"https:\/\/www.food4animals.nl\/"},{"@type":"ListItem","position":2,"name":"Winkel","item":"https:\/\/www.food4animals.nl\/winkel\/"},{"@type":"ListItem","position":3,"name":"Chuckit Breathe Right Fetch Ball Large"}]},{"@type":"WebSite","@id":"https:\/\/www.food4animals.nl\/en\/#website","url":"https:\/\/www.food4animals.nl\/en\/","name":"Food4animals","description":"Everything for Rider and Animal","publisher":{"@id":"https:\/\/www.food4animals.nl\/en\/#organization"},"potentialAction":[{"@type":"SearchAction","target":{"@type":"EntryPoint","urlTemplate":"https:\/\/www.food4animals.nl\/en\/?s={search_term_string}"},"query-input":{"@type":"PropertyValueSpecification","valueRequired":true,"valueName":"search_term_string"}}],"inLanguage":"en-US"},{"@type":"Organization","@id":"https:\/\/www.food4animals.nl\/en\/#organization","name":"Food4animals","url":"https:\/\/www.food4animals.nl\/en\/","logo":{"@type":"ImageObject","inLanguage":"en-US","@id":"https:\/\/www.food4animals.nl\/en\/#\/schema\/logo\/image\/","url":"https:\/\/www.food4animals.nl\/wp-content\/uploads\/2023\/10\/Logo.svg","contentUrl":"https:\/\/www.food4animals.nl\/wp-content\/uploads\/2023\/10\/Logo.svg","width":1,"height":1,"caption":"Food4animals"},"image":{"@id":"https:\/\/www.food4animals.nl\/en\/#\/schema\/logo\/image\/"},"sameAs":["https:\/\/www.facebook.com\/p\/Food4animals-100063861676074\/","https:\/\/x.com\/food4animals"]}]}},"_links":{"self":[{"href":"https:\/\/www.food4animals.nl\/en\/wp-json\/wp\/v2\/product\/4697","targetHints":{"allow":["GET"]}}],"collection":[{"href":"https:\/\/www.food4animals.nl\/en\/wp-json\/wp\/v2\/product"}],"about":[{"href":"https:\/\/www.food4animals.nl\/en\/wp-json\/wp\/v2\/types\/product"}],"wp:featuredmedia":[{"embeddable":true,"href":"https:\/\/www.food4animals.nl\/en\/wp-json\/wp\/v2\/media\/3018"}],"wp:attachment":[{"href":"https:\/\/www.food4animals.nl\/en\/wp-json\/wp\/v2\/media?parent=4697"}],"wp:term":[{"taxonomy":"product_brand","embeddable":true,"href":"https:\/\/www.food4animals.nl\/en\/wp-json\/wp\/v2\/product_brand?post=4697"},{"taxonomy":"product_cat","embeddable":true,"href":"https:\/\/www.food4animals.nl\/en\/wp-json\/wp\/v2\/product_cat?post=4697"},{"taxonomy":"product_tag","embeddable":true,"href":"https:\/\/www.food4animals.nl\/en\/wp-json\/wp\/v2\/product_tag?post=4697"}],"curies":[{"name":"wp","href":"https:\/\/api.w.org\/{rel}","templated":true}]}}