{"id":8746,"date":"2023-12-13T00:48:19","date_gmt":"2023-12-13T00:48:19","guid":{"rendered":"https:\/\/food4animals.nl\/product\/groomers-secret-shampoo-bar-propolis\/"},"modified":"2026-02-13T02:20:07","modified_gmt":"2026-02-13T01:20:07","slug":"groomers-secret-shampoo-bar-propolis","status":"publish","type":"product","link":"https:\/\/www.food4animals.nl\/en\/product\/groomers-secret-shampoo-bar-propolis\/","title":{"rendered":"Groomers Secret Shampoo bar Propolis"},"content":{"rendered":"<h2><span style=\"font-size: 10pt;\">Groomers Secret Shampoo bar propolis<\/span><\/h2>\n<p><span style=\"font-size: 10pt;\">Sterk reinigende en verzorgende shampoo bar. Met conditioner, voor een optimale verzorging van de vacht.\u00a0<\/span><\/p>\n<p><span style=\"font-size: 10pt;\">De Groomers Secret shampoo bar is het alternatief op de oeroude shampoofles.\u00a0\u00a0<br \/>Traditionele shampoofles bestaat voor 80% uit water.\u00a0<br \/>De Groomers Secret shampoo bar bestaat puur uit ingredi\u00ebnten en g\u00e9\u00e9n water.<br \/>1 Shampoo bar staat gelijk aan 3 plastic shampooflessen.\u00a0<\/span><\/p>\n<p><span style=\"font-size: 10pt;\">Een verpakking is goed voor maar liefst 80 wasbeurten en reduceert het gebruik van plastic enorm!\u00a0<\/span><\/p>\n<ul>\n<li><span style=\"font-size: 10pt;\">pH-neutraal (prikt niet in de ogen)<\/span><\/li>\n<li><span style=\"font-size: 10pt;\">Biodegradable<\/span><\/li>\n<li><span style=\"font-size: 10pt;\">In bewaarblikje<\/span><\/li>\n<li><span style=\"font-size: 10pt;\">Zonder SLS en parabenen<\/span><\/li>\n<\/ul>\n<p><span style=\"font-size: 10pt;\"><strong>Hoe gebruik je de Groomers Secret Shampoo Bar?\u00a0\u00a0<\/strong><br \/>De Groomers Secret Shampoo Bar in het schuimnetje stoppen en bar en hond goed nat maken met water.\u00a0<br \/>Vervolgens masseer je eenvoudig de Groomers Secret Shampoo Bar over de hond.<br \/>Groomers Secret Shampoo Bar netje werkt als het ideale schuim- en scrubnetje.<br \/>Spoel goed uit en klaar is kees.<\/span><\/p>\n<p><span style=\"font-size: 10pt;\">Groomers Secret Shampoo Bar schuimnetje <a href=\"..\/..\/..\/product\/21217-groomers-secret-shampoo-bar-schuimnetje\" target=\"_blank\" rel=\"noopener\">GROO0027<\/a><br \/>Naast het verkrijgen van fris geurend schuim werkt het netje ook ideaal als praktisch scrubnetje.<\/span><\/p>\n<p><strong><span style=\"font-size: 10pt;\">Content<br \/><\/span><\/strong><span style=\"font-size: 10pt;\">60 g<\/span><\/p>\n<p>\u00a0<\/p>\n<p>\u00a0<\/p>","protected":false},"excerpt":{"rendered":"<p>In handig bewaarblikje!<\/p>","protected":false},"featured_media":35981,"template":"","meta":{"_acf_changed":false},"product_brand":[],"product_cat":[821,859],"product_tag":[2174,2177,823,860],"class_list":{"0":"post-8746","1":"product","2":"type-product","3":"status-publish","4":"has-post-thumbnail","6":"product_cat-hond","7":"product_cat-verzorging","8":"product_tag-groomers-secret","9":"product_tag-groomerssecret_shampoobar","10":"product_tag-hond","11":"product_tag-shampoo","12":"tax_brand-groomers-secret","14":"first","15":"outofstock","16":"taxable","17":"shipping-taxable","18":"purchasable","19":"product-type-simple"},"acf":[],"yoast_head":"<!-- This site is optimized with the Yoast SEO plugin v27.2 - https:\/\/yoast.com\/product\/yoast-seo-wordpress\/ -->\n<title>Groomers Secret Shampoo bar Propolis - Food4animals<\/title>\n<meta name=\"robots\" content=\"index, follow, max-snippet:-1, max-image-preview:large, max-video-preview:-1\" \/>\n<link rel=\"canonical\" href=\"https:\/\/www.food4animals.nl\/en\/product\/groomers-secret-shampoo-bar-propolis\/\" \/>\n<meta property=\"og:locale\" content=\"en_US\" \/>\n<meta property=\"og:type\" content=\"article\" \/>\n<meta property=\"og:title\" content=\"Groomers Secret Shampoo bar Propolis - Food4animals\" \/>\n<meta property=\"og:description\" content=\"In handig bewaarblikje!\" \/>\n<meta property=\"og:url\" content=\"https:\/\/www.food4animals.nl\/en\/product\/groomers-secret-shampoo-bar-propolis\/\" \/>\n<meta property=\"og:site_name\" content=\"Food4animals\" \/>\n<meta property=\"article:publisher\" content=\"https:\/\/www.facebook.com\/p\/Food4animals-100063861676074\/\" \/>\n<meta property=\"article:modified_time\" content=\"2026-02-13T01:20:07+00:00\" \/>\n<meta property=\"og:image\" content=\"https:\/\/www.food4animals.nl\/wp-content\/uploads\/2025\/11\/GROO028.png\" \/>\n\t<meta property=\"og:image:width\" content=\"980\" \/>\n\t<meta property=\"og:image:height\" content=\"980\" \/>\n\t<meta property=\"og:image:type\" content=\"image\/png\" \/>\n<meta name=\"twitter:card\" content=\"summary_large_image\" \/>\n<meta name=\"twitter:site\" content=\"@food4animals\" \/>\n<meta name=\"twitter:label1\" content=\"Est. reading time\" \/>\n\t<meta name=\"twitter:data1\" content=\"1 minute\" \/>\n<script type=\"application\/ld+json\" class=\"yoast-schema-graph\">{\"@context\":\"https:\/\/schema.org\",\"@graph\":[{\"@type\":\"WebPage\",\"@id\":\"https:\/\/www.food4animals.nl\/product\/groomers-secret-shampoo-bar-propolis\/\",\"url\":\"https:\/\/www.food4animals.nl\/product\/groomers-secret-shampoo-bar-propolis\/\",\"name\":\"Groomers Secret Shampoo bar Propolis - Food4animals\",\"isPartOf\":{\"@id\":\"https:\/\/www.food4animals.nl\/en\/#website\"},\"primaryImageOfPage\":{\"@id\":\"https:\/\/www.food4animals.nl\/product\/groomers-secret-shampoo-bar-propolis\/#primaryimage\"},\"image\":{\"@id\":\"https:\/\/www.food4animals.nl\/product\/groomers-secret-shampoo-bar-propolis\/#primaryimage\"},\"thumbnailUrl\":\"https:\/\/www.food4animals.nl\/wp-content\/uploads\/2025\/11\/GROO028.png\",\"datePublished\":\"2023-12-13T00:48:19+00:00\",\"dateModified\":\"2026-02-13T01:20:07+00:00\",\"breadcrumb\":{\"@id\":\"https:\/\/www.food4animals.nl\/product\/groomers-secret-shampoo-bar-propolis\/#breadcrumb\"},\"inLanguage\":\"en-US\",\"potentialAction\":[{\"@type\":\"ReadAction\",\"target\":[\"https:\/\/www.food4animals.nl\/product\/groomers-secret-shampoo-bar-propolis\/\"]}]},{\"@type\":\"ImageObject\",\"inLanguage\":\"en-US\",\"@id\":\"https:\/\/www.food4animals.nl\/product\/groomers-secret-shampoo-bar-propolis\/#primaryimage\",\"url\":\"https:\/\/www.food4animals.nl\/wp-content\/uploads\/2025\/11\/GROO028.png\",\"contentUrl\":\"https:\/\/www.food4animals.nl\/wp-content\/uploads\/2025\/11\/GROO028.png\",\"width\":980,\"height\":980},{\"@type\":\"BreadcrumbList\",\"@id\":\"https:\/\/www.food4animals.nl\/product\/groomers-secret-shampoo-bar-propolis\/#breadcrumb\",\"itemListElement\":[{\"@type\":\"ListItem\",\"position\":1,\"name\":\"Home\",\"item\":\"https:\/\/www.food4animals.nl\/\"},{\"@type\":\"ListItem\",\"position\":2,\"name\":\"Winkel\",\"item\":\"https:\/\/www.food4animals.nl\/winkel\/\"},{\"@type\":\"ListItem\",\"position\":3,\"name\":\"Groomers Secret Shampoo bar Propolis\"}]},{\"@type\":\"WebSite\",\"@id\":\"https:\/\/www.food4animals.nl\/en\/#website\",\"url\":\"https:\/\/www.food4animals.nl\/en\/\",\"name\":\"Food4animals\",\"description\":\"Alles voor Ruiter en Dier\",\"publisher\":{\"@id\":\"https:\/\/www.food4animals.nl\/en\/#organization\"},\"potentialAction\":[{\"@type\":\"SearchAction\",\"target\":{\"@type\":\"EntryPoint\",\"urlTemplate\":\"https:\/\/www.food4animals.nl\/en\/?s={search_term_string}\"},\"query-input\":{\"@type\":\"PropertyValueSpecification\",\"valueRequired\":true,\"valueName\":\"search_term_string\"}}],\"inLanguage\":\"en-US\"},{\"@type\":\"Organization\",\"@id\":\"https:\/\/www.food4animals.nl\/en\/#organization\",\"name\":\"Food4animals\",\"url\":\"https:\/\/www.food4animals.nl\/en\/\",\"logo\":{\"@type\":\"ImageObject\",\"inLanguage\":\"en-US\",\"@id\":\"https:\/\/www.food4animals.nl\/en\/#\/schema\/logo\/image\/\",\"url\":\"https:\/\/www.food4animals.nl\/wp-content\/uploads\/2023\/10\/Logo.svg\",\"contentUrl\":\"https:\/\/www.food4animals.nl\/wp-content\/uploads\/2023\/10\/Logo.svg\",\"width\":1,\"height\":1,\"caption\":\"Food4animals\"},\"image\":{\"@id\":\"https:\/\/www.food4animals.nl\/en\/#\/schema\/logo\/image\/\"},\"sameAs\":[\"https:\/\/www.facebook.com\/p\/Food4animals-100063861676074\/\",\"https:\/\/x.com\/food4animals\"]}]}<\/script>\n<!-- \/ Yoast SEO plugin. -->","yoast_head_json":{"title":"Groomers Secret Shampoo bar Propolis - Food4animals","robots":{"index":"index","follow":"follow","max-snippet":"max-snippet:-1","max-image-preview":"max-image-preview:large","max-video-preview":"max-video-preview:-1"},"canonical":"https:\/\/www.food4animals.nl\/en\/product\/groomers-secret-shampoo-bar-propolis\/","og_locale":"en_US","og_type":"article","og_title":"Groomers Secret Shampoo bar Propolis - Food4animals","og_description":"In handig bewaarblikje!","og_url":"https:\/\/www.food4animals.nl\/en\/product\/groomers-secret-shampoo-bar-propolis\/","og_site_name":"Food4animals","article_publisher":"https:\/\/www.facebook.com\/p\/Food4animals-100063861676074\/","article_modified_time":"2026-02-13T01:20:07+00:00","og_image":[{"width":980,"height":980,"url":"https:\/\/www.food4animals.nl\/wp-content\/uploads\/2025\/11\/GROO028.png","type":"image\/png"}],"twitter_card":"summary_large_image","twitter_site":"@food4animals","twitter_misc":{"Est. reading time":"1 minute"},"schema":{"@context":"https:\/\/schema.org","@graph":[{"@type":"WebPage","@id":"https:\/\/www.food4animals.nl\/product\/groomers-secret-shampoo-bar-propolis\/","url":"https:\/\/www.food4animals.nl\/product\/groomers-secret-shampoo-bar-propolis\/","name":"Groomers Secret Shampoo bar Propolis - Food4animals","isPartOf":{"@id":"https:\/\/www.food4animals.nl\/en\/#website"},"primaryImageOfPage":{"@id":"https:\/\/www.food4animals.nl\/product\/groomers-secret-shampoo-bar-propolis\/#primaryimage"},"image":{"@id":"https:\/\/www.food4animals.nl\/product\/groomers-secret-shampoo-bar-propolis\/#primaryimage"},"thumbnailUrl":"https:\/\/www.food4animals.nl\/wp-content\/uploads\/2025\/11\/GROO028.png","datePublished":"2023-12-13T00:48:19+00:00","dateModified":"2026-02-13T01:20:07+00:00","breadcrumb":{"@id":"https:\/\/www.food4animals.nl\/product\/groomers-secret-shampoo-bar-propolis\/#breadcrumb"},"inLanguage":"en-US","potentialAction":[{"@type":"ReadAction","target":["https:\/\/www.food4animals.nl\/product\/groomers-secret-shampoo-bar-propolis\/"]}]},{"@type":"ImageObject","inLanguage":"en-US","@id":"https:\/\/www.food4animals.nl\/product\/groomers-secret-shampoo-bar-propolis\/#primaryimage","url":"https:\/\/www.food4animals.nl\/wp-content\/uploads\/2025\/11\/GROO028.png","contentUrl":"https:\/\/www.food4animals.nl\/wp-content\/uploads\/2025\/11\/GROO028.png","width":980,"height":980},{"@type":"BreadcrumbList","@id":"https:\/\/www.food4animals.nl\/product\/groomers-secret-shampoo-bar-propolis\/#breadcrumb","itemListElement":[{"@type":"ListItem","position":1,"name":"Home","item":"https:\/\/www.food4animals.nl\/"},{"@type":"ListItem","position":2,"name":"Winkel","item":"https:\/\/www.food4animals.nl\/winkel\/"},{"@type":"ListItem","position":3,"name":"Groomers Secret Shampoo bar Propolis"}]},{"@type":"WebSite","@id":"https:\/\/www.food4animals.nl\/en\/#website","url":"https:\/\/www.food4animals.nl\/en\/","name":"Food4animals","description":"Everything for Rider and Animal","publisher":{"@id":"https:\/\/www.food4animals.nl\/en\/#organization"},"potentialAction":[{"@type":"SearchAction","target":{"@type":"EntryPoint","urlTemplate":"https:\/\/www.food4animals.nl\/en\/?s={search_term_string}"},"query-input":{"@type":"PropertyValueSpecification","valueRequired":true,"valueName":"search_term_string"}}],"inLanguage":"en-US"},{"@type":"Organization","@id":"https:\/\/www.food4animals.nl\/en\/#organization","name":"Food4animals","url":"https:\/\/www.food4animals.nl\/en\/","logo":{"@type":"ImageObject","inLanguage":"en-US","@id":"https:\/\/www.food4animals.nl\/en\/#\/schema\/logo\/image\/","url":"https:\/\/www.food4animals.nl\/wp-content\/uploads\/2023\/10\/Logo.svg","contentUrl":"https:\/\/www.food4animals.nl\/wp-content\/uploads\/2023\/10\/Logo.svg","width":1,"height":1,"caption":"Food4animals"},"image":{"@id":"https:\/\/www.food4animals.nl\/en\/#\/schema\/logo\/image\/"},"sameAs":["https:\/\/www.facebook.com\/p\/Food4animals-100063861676074\/","https:\/\/x.com\/food4animals"]}]}},"_links":{"self":[{"href":"https:\/\/www.food4animals.nl\/en\/wp-json\/wp\/v2\/product\/8746","targetHints":{"allow":["GET"]}}],"collection":[{"href":"https:\/\/www.food4animals.nl\/en\/wp-json\/wp\/v2\/product"}],"about":[{"href":"https:\/\/www.food4animals.nl\/en\/wp-json\/wp\/v2\/types\/product"}],"wp:featuredmedia":[{"embeddable":true,"href":"https:\/\/www.food4animals.nl\/en\/wp-json\/wp\/v2\/media\/35981"}],"wp:attachment":[{"href":"https:\/\/www.food4animals.nl\/en\/wp-json\/wp\/v2\/media?parent=8746"}],"wp:term":[{"taxonomy":"product_brand","embeddable":true,"href":"https:\/\/www.food4animals.nl\/en\/wp-json\/wp\/v2\/product_brand?post=8746"},{"taxonomy":"product_cat","embeddable":true,"href":"https:\/\/www.food4animals.nl\/en\/wp-json\/wp\/v2\/product_cat?post=8746"},{"taxonomy":"product_tag","embeddable":true,"href":"https:\/\/www.food4animals.nl\/en\/wp-json\/wp\/v2\/product_tag?post=8746"}],"curies":[{"name":"wp","href":"https:\/\/api.w.org\/{rel}","templated":true}]}}