{"id":9417,"date":"2023-12-13T01:15:37","date_gmt":"2023-12-13T01:15:37","guid":{"rendered":"https:\/\/food4animals.nl\/product\/horse-electrolytes-pellets\/"},"modified":"2026-04-05T01:18:24","modified_gmt":"2026-04-05T00:18:24","slug":"horse-electrolytes-pellets","status":"publish","type":"product","link":"https:\/\/www.food4animals.nl\/en\/product\/horse-electrolytes-pellets\/","title":{"rendered":"Horse Electrolytes Pellets"},"content":{"rendered":"<p><span style=\"font-size: 10pt;\"><strong>Perfect voor een effectief herstel van de vochtbalans op elk moment!\u00a0<\/strong><\/span><br \/><span style=\"font-size: 10pt;\">Aanvullend diervoeder (dieetvoeder) voor paarden ter compensatie van verlies aan elektrolyten bij hevig zweten.\u00a0Bevat belangrijke zouten, vitaminen en mineralen.<\/span><\/p>\n<p><span style=\"font-size: 10pt;\"><strong>Horse Electrolytes Pellets<\/strong> bevat hoogwaardige elektrolyten met toegevoegde vitaminen.<\/span><br \/><span style=\"font-size: 10pt;\"><strong>Horse Electrolytes Pellets<\/strong> ter voorkoming van vochtverlies door zweten tijdens een (meerdaags) evenement, wedstrijd of inspanning. <\/span><br \/><span style=\"font-size: 10pt;\"><strong>Horse Electrolytes Pellets<\/strong> is een geperst brokje, erg handig voor direct gebruik om de vochtbalans op peil te houden tijdens transport of bij spanning.<\/span><\/p>\n<p><span style=\"font-size: 10pt;\">Bij hevig zweten verliest een paard naast vocht, ook elektrolyten (zout).<\/span><\/p>\n<p><span style=\"font-size: 10pt;\">Het zweet van een paard bevat meer elektrolyten (bijvoorbeeld kalium, chloor, natrium en calcium) per liter vocht dan bloed en overige lichaamsstoffen.<\/span><\/p>\n<p><span style=\"font-size: 10pt;\"><strong>Geperst in handige smakelijke brokjes voor direct gebruik.<\/strong><\/span><br \/><span style=\"font-size: 10pt;\"><strong>Ideaal voor onderweg en tijdens een wedstrijd. Suikervrij!<br \/>\u00a0<br \/>Feeding Advice<\/strong><\/span><br \/><span style=\"font-size: 10pt;\"><em>Gedurende een evenement \/ wedstrijd \/\u00a0spannende\u00a0situatie \/ warm weer:<\/em><\/span><br \/><span style=\"font-size: 10pt;\">Paard \/ pony: 30 \u2013 40 g per dag. In 2 porties: voor de inspanning en gedurende of na de inspanning.<\/span><br \/><span style=\"font-size: 10pt;\"><em>Op reis of tijdens transport:<\/em><\/span><br \/><span style=\"font-size: 10pt;\">Paard \/ pony: 60 \u2013 90 g per dag. In 2 of 3 porties gedurende de dag.<\/span><\/p>\n<p><strong><span style=\"font-size: 10pt;\">Note<\/span><\/strong><br \/><span style=\"font-size: 10pt;\">Toe te dienen in de periode van 1 tot 3 dagen na zwaar zweten. Maximaal 100 g per dag. Er moet altijd water beschikbaar zijn. Houd toezicht op voldoende waterinname na toediening. Aanbevolen wordt om v\u00f3\u00f3r gebruik, v\u00f3\u00f3r verlenging van de gebruiksduur of bij onvoldoende waterinname, het advies van een dierenarts te raadplegen.\u00a0<\/span><\/p>\n<p><span style=\"font-size: 10pt;\"><strong>Content<\/strong><\/span><br \/><span style=\"font-size: 10pt;\">1 kg<\/span><br \/><span style=\"font-size: 10pt;\">\u00a0<\/span><\/p>\n<p><span style=\"font-size: 10pt;\"><img loading=\"lazy\" decoding=\"async\" src=\"\/imagestream\/stream\/33802\/130\/130\/Electrolytes_Pellets.jpg\" width=\"130\" height=\"130\" \/><\/span><\/p>","protected":false},"excerpt":{"rendered":"<p>Perfect voor een effectief herstel van de vochtbalans op elk moment, bevat belangrijke zouten, vitaminen en mineralen.\u00a0<\/p>","protected":false},"featured_media":36472,"template":"","meta":{"_acf_changed":false},"product_brand":[],"product_cat":[829,1316],"product_tag":[2272,883,1368,843,1319],"class_list":{"0":"post-9417","1":"product","2":"type-product","3":"status-publish","4":"has-post-thumbnail","6":"product_cat-paard","7":"product_cat-supplementen-paard","8":"product_tag-electrolytes-pellets","9":"product_tag-excellent","10":"product_tag-excellent-horse","11":"product_tag-paard","12":"product_tag-supplementen_emmer","13":"tax_brand-excellent","15":"first","16":"instock","17":"taxable","18":"shipping-taxable","19":"purchasable","20":"product-type-simple"},"acf":[],"yoast_head":"<!-- This site is optimized with the Yoast SEO plugin v27.2 - https:\/\/yoast.com\/product\/yoast-seo-wordpress\/ -->\n<title>Horse Electrolytes Pellets - Food4animals<\/title>\n<meta name=\"robots\" content=\"index, follow, max-snippet:-1, max-image-preview:large, max-video-preview:-1\" \/>\n<link rel=\"canonical\" href=\"https:\/\/www.food4animals.nl\/en\/product\/horse-electrolytes-pellets\/\" \/>\n<meta property=\"og:locale\" content=\"en_US\" \/>\n<meta property=\"og:type\" content=\"article\" \/>\n<meta property=\"og:title\" content=\"Horse Electrolytes Pellets - Food4animals\" \/>\n<meta property=\"og:description\" content=\"Perfect voor een effectief herstel van de vochtbalans op elk moment, bevat belangrijke zouten, vitaminen en mineralen.\u00a0\" \/>\n<meta property=\"og:url\" content=\"https:\/\/www.food4animals.nl\/en\/product\/horse-electrolytes-pellets\/\" \/>\n<meta property=\"og:site_name\" content=\"Food4animals\" \/>\n<meta property=\"article:publisher\" content=\"https:\/\/www.facebook.com\/p\/Food4animals-100063861676074\/\" \/>\n<meta property=\"article:modified_time\" content=\"2026-04-05T00:18:24+00:00\" \/>\n<meta property=\"og:image\" content=\"https:\/\/www.food4animals.nl\/wp-content\/uploads\/2025\/11\/HORS01003E.png\" \/>\n\t<meta property=\"og:image:width\" content=\"1024\" \/>\n\t<meta property=\"og:image:height\" content=\"1023\" \/>\n\t<meta property=\"og:image:type\" content=\"image\/png\" \/>\n<meta name=\"twitter:card\" content=\"summary_large_image\" \/>\n<meta name=\"twitter:site\" content=\"@food4animals\" \/>\n<meta name=\"twitter:label1\" content=\"Est. reading time\" \/>\n\t<meta name=\"twitter:data1\" content=\"1 minute\" \/>\n<script type=\"application\/ld+json\" class=\"yoast-schema-graph\">{\"@context\":\"https:\/\/schema.org\",\"@graph\":[{\"@type\":\"WebPage\",\"@id\":\"https:\/\/www.food4animals.nl\/product\/horse-electrolytes-pellets\/\",\"url\":\"https:\/\/www.food4animals.nl\/product\/horse-electrolytes-pellets\/\",\"name\":\"Horse Electrolytes Pellets - Food4animals\",\"isPartOf\":{\"@id\":\"https:\/\/www.food4animals.nl\/en\/#website\"},\"primaryImageOfPage\":{\"@id\":\"https:\/\/www.food4animals.nl\/product\/horse-electrolytes-pellets\/#primaryimage\"},\"image\":{\"@id\":\"https:\/\/www.food4animals.nl\/product\/horse-electrolytes-pellets\/#primaryimage\"},\"thumbnailUrl\":\"https:\/\/www.food4animals.nl\/wp-content\/uploads\/2025\/11\/HORS01003E.png\",\"datePublished\":\"2023-12-13T01:15:37+00:00\",\"dateModified\":\"2026-04-05T00:18:24+00:00\",\"breadcrumb\":{\"@id\":\"https:\/\/www.food4animals.nl\/product\/horse-electrolytes-pellets\/#breadcrumb\"},\"inLanguage\":\"en-US\",\"potentialAction\":[{\"@type\":\"ReadAction\",\"target\":[\"https:\/\/www.food4animals.nl\/product\/horse-electrolytes-pellets\/\"]}]},{\"@type\":\"ImageObject\",\"inLanguage\":\"en-US\",\"@id\":\"https:\/\/www.food4animals.nl\/product\/horse-electrolytes-pellets\/#primaryimage\",\"url\":\"https:\/\/www.food4animals.nl\/wp-content\/uploads\/2025\/11\/HORS01003E.png\",\"contentUrl\":\"https:\/\/www.food4animals.nl\/wp-content\/uploads\/2025\/11\/HORS01003E.png\",\"width\":1024,\"height\":1023},{\"@type\":\"BreadcrumbList\",\"@id\":\"https:\/\/www.food4animals.nl\/product\/horse-electrolytes-pellets\/#breadcrumb\",\"itemListElement\":[{\"@type\":\"ListItem\",\"position\":1,\"name\":\"Home\",\"item\":\"https:\/\/www.food4animals.nl\/\"},{\"@type\":\"ListItem\",\"position\":2,\"name\":\"Winkel\",\"item\":\"https:\/\/www.food4animals.nl\/winkel\/\"},{\"@type\":\"ListItem\",\"position\":3,\"name\":\"Horse Electrolytes Pellets\"}]},{\"@type\":\"WebSite\",\"@id\":\"https:\/\/www.food4animals.nl\/en\/#website\",\"url\":\"https:\/\/www.food4animals.nl\/en\/\",\"name\":\"Food4animals\",\"description\":\"Alles voor Ruiter en Dier\",\"publisher\":{\"@id\":\"https:\/\/www.food4animals.nl\/en\/#organization\"},\"potentialAction\":[{\"@type\":\"SearchAction\",\"target\":{\"@type\":\"EntryPoint\",\"urlTemplate\":\"https:\/\/www.food4animals.nl\/en\/?s={search_term_string}\"},\"query-input\":{\"@type\":\"PropertyValueSpecification\",\"valueRequired\":true,\"valueName\":\"search_term_string\"}}],\"inLanguage\":\"en-US\"},{\"@type\":\"Organization\",\"@id\":\"https:\/\/www.food4animals.nl\/en\/#organization\",\"name\":\"Food4animals\",\"url\":\"https:\/\/www.food4animals.nl\/en\/\",\"logo\":{\"@type\":\"ImageObject\",\"inLanguage\":\"en-US\",\"@id\":\"https:\/\/www.food4animals.nl\/en\/#\/schema\/logo\/image\/\",\"url\":\"https:\/\/www.food4animals.nl\/wp-content\/uploads\/2023\/10\/Logo.svg\",\"contentUrl\":\"https:\/\/www.food4animals.nl\/wp-content\/uploads\/2023\/10\/Logo.svg\",\"width\":1,\"height\":1,\"caption\":\"Food4animals\"},\"image\":{\"@id\":\"https:\/\/www.food4animals.nl\/en\/#\/schema\/logo\/image\/\"},\"sameAs\":[\"https:\/\/www.facebook.com\/p\/Food4animals-100063861676074\/\",\"https:\/\/x.com\/food4animals\"]}]}<\/script>\n<!-- \/ Yoast SEO plugin. -->","yoast_head_json":{"title":"Horse Electrolytes Pellets - Food4animals","robots":{"index":"index","follow":"follow","max-snippet":"max-snippet:-1","max-image-preview":"max-image-preview:large","max-video-preview":"max-video-preview:-1"},"canonical":"https:\/\/www.food4animals.nl\/en\/product\/horse-electrolytes-pellets\/","og_locale":"en_US","og_type":"article","og_title":"Horse Electrolytes Pellets - Food4animals","og_description":"Perfect voor een effectief herstel van de vochtbalans op elk moment, bevat belangrijke zouten, vitaminen en mineralen.\u00a0","og_url":"https:\/\/www.food4animals.nl\/en\/product\/horse-electrolytes-pellets\/","og_site_name":"Food4animals","article_publisher":"https:\/\/www.facebook.com\/p\/Food4animals-100063861676074\/","article_modified_time":"2026-04-05T00:18:24+00:00","og_image":[{"width":1024,"height":1023,"url":"https:\/\/www.food4animals.nl\/wp-content\/uploads\/2025\/11\/HORS01003E.png","type":"image\/png"}],"twitter_card":"summary_large_image","twitter_site":"@food4animals","twitter_misc":{"Est. reading time":"1 minute"},"schema":{"@context":"https:\/\/schema.org","@graph":[{"@type":"WebPage","@id":"https:\/\/www.food4animals.nl\/product\/horse-electrolytes-pellets\/","url":"https:\/\/www.food4animals.nl\/product\/horse-electrolytes-pellets\/","name":"Horse Electrolytes Pellets - Food4animals","isPartOf":{"@id":"https:\/\/www.food4animals.nl\/en\/#website"},"primaryImageOfPage":{"@id":"https:\/\/www.food4animals.nl\/product\/horse-electrolytes-pellets\/#primaryimage"},"image":{"@id":"https:\/\/www.food4animals.nl\/product\/horse-electrolytes-pellets\/#primaryimage"},"thumbnailUrl":"https:\/\/www.food4animals.nl\/wp-content\/uploads\/2025\/11\/HORS01003E.png","datePublished":"2023-12-13T01:15:37+00:00","dateModified":"2026-04-05T00:18:24+00:00","breadcrumb":{"@id":"https:\/\/www.food4animals.nl\/product\/horse-electrolytes-pellets\/#breadcrumb"},"inLanguage":"en-US","potentialAction":[{"@type":"ReadAction","target":["https:\/\/www.food4animals.nl\/product\/horse-electrolytes-pellets\/"]}]},{"@type":"ImageObject","inLanguage":"en-US","@id":"https:\/\/www.food4animals.nl\/product\/horse-electrolytes-pellets\/#primaryimage","url":"https:\/\/www.food4animals.nl\/wp-content\/uploads\/2025\/11\/HORS01003E.png","contentUrl":"https:\/\/www.food4animals.nl\/wp-content\/uploads\/2025\/11\/HORS01003E.png","width":1024,"height":1023},{"@type":"BreadcrumbList","@id":"https:\/\/www.food4animals.nl\/product\/horse-electrolytes-pellets\/#breadcrumb","itemListElement":[{"@type":"ListItem","position":1,"name":"Home","item":"https:\/\/www.food4animals.nl\/"},{"@type":"ListItem","position":2,"name":"Winkel","item":"https:\/\/www.food4animals.nl\/winkel\/"},{"@type":"ListItem","position":3,"name":"Horse Electrolytes Pellets"}]},{"@type":"WebSite","@id":"https:\/\/www.food4animals.nl\/en\/#website","url":"https:\/\/www.food4animals.nl\/en\/","name":"Food4animals","description":"Everything for Rider and Animal","publisher":{"@id":"https:\/\/www.food4animals.nl\/en\/#organization"},"potentialAction":[{"@type":"SearchAction","target":{"@type":"EntryPoint","urlTemplate":"https:\/\/www.food4animals.nl\/en\/?s={search_term_string}"},"query-input":{"@type":"PropertyValueSpecification","valueRequired":true,"valueName":"search_term_string"}}],"inLanguage":"en-US"},{"@type":"Organization","@id":"https:\/\/www.food4animals.nl\/en\/#organization","name":"Food4animals","url":"https:\/\/www.food4animals.nl\/en\/","logo":{"@type":"ImageObject","inLanguage":"en-US","@id":"https:\/\/www.food4animals.nl\/en\/#\/schema\/logo\/image\/","url":"https:\/\/www.food4animals.nl\/wp-content\/uploads\/2023\/10\/Logo.svg","contentUrl":"https:\/\/www.food4animals.nl\/wp-content\/uploads\/2023\/10\/Logo.svg","width":1,"height":1,"caption":"Food4animals"},"image":{"@id":"https:\/\/www.food4animals.nl\/en\/#\/schema\/logo\/image\/"},"sameAs":["https:\/\/www.facebook.com\/p\/Food4animals-100063861676074\/","https:\/\/x.com\/food4animals"]}]}},"_links":{"self":[{"href":"https:\/\/www.food4animals.nl\/en\/wp-json\/wp\/v2\/product\/9417","targetHints":{"allow":["GET"]}}],"collection":[{"href":"https:\/\/www.food4animals.nl\/en\/wp-json\/wp\/v2\/product"}],"about":[{"href":"https:\/\/www.food4animals.nl\/en\/wp-json\/wp\/v2\/types\/product"}],"wp:featuredmedia":[{"embeddable":true,"href":"https:\/\/www.food4animals.nl\/en\/wp-json\/wp\/v2\/media\/36472"}],"wp:attachment":[{"href":"https:\/\/www.food4animals.nl\/en\/wp-json\/wp\/v2\/media?parent=9417"}],"wp:term":[{"taxonomy":"product_brand","embeddable":true,"href":"https:\/\/www.food4animals.nl\/en\/wp-json\/wp\/v2\/product_brand?post=9417"},{"taxonomy":"product_cat","embeddable":true,"href":"https:\/\/www.food4animals.nl\/en\/wp-json\/wp\/v2\/product_cat?post=9417"},{"taxonomy":"product_tag","embeddable":true,"href":"https:\/\/www.food4animals.nl\/en\/wp-json\/wp\/v2\/product_tag?post=9417"}],"curies":[{"name":"wp","href":"https:\/\/api.w.org\/{rel}","templated":true}]}}