{"id":9423,"date":"2023-12-13T01:15:51","date_gmt":"2023-12-13T01:15:51","guid":{"rendered":"https:\/\/food4animals.nl\/product\/horse-electrolytes-poeder-met-b2-2\/"},"modified":"2026-04-13T01:26:38","modified_gmt":"2026-04-13T00:26:38","slug":"horse-electrolytes-poeder-met-b2-2","status":"publish","type":"product","link":"https:\/\/www.food4animals.nl\/en\/product\/horse-electrolytes-poeder-met-b2-2\/","title":{"rendered":"Horse Electrolytes Poeder met B2"},"content":{"rendered":"<h2><span style=\"font-size: 10pt;\"><strong>Paarden Elektrolyten Poeder is ideaal voor het opnemen en vasthouden van vocht. <\/strong><\/span><\/h2>\n<p><span style=\"font-size: 10pt;\">Aanvullend diervoeder (dieetvoeder) voor paarden voor compensatie van verlies aan elektrolyten bij hevig zweten. <br \/>Draagt bij tot een snel herstel van de vochtbalans bij (zware) inspanning.<\/span><\/p>\n<p><span style=\"font-size: 10pt;\"><strong>Paarden Elektrolyten Poeder<\/strong> is een hoogwaardige elektrolytenmix met belangrijke zouten, zink en vitamine B<sub>2<\/sub> en sluit perfect aan bij de door zweet verloren mineralen.<br \/><\/span><span style=\"font-size: 10pt;\"><strong>Paarden Elektrolyten Poeder<\/strong> is de ideale aanvulling van zouten en zorgt voor een effectieve vochtopname en het vasthouden van vocht.<br \/><\/span><span style=\"font-size: 10pt;\"><strong>Paarden Elektrolyten Poeder<\/strong> ondersteunt een snel herstel van het lichaam. Uitstekend inzetbaar bij vochtverlies door zweten bij (zware) inspanning of door warm weer.<\/span><span style=\"font-size: 10pt;\"><strong>Paarden Elektrolyten Poeder<\/strong> draagt bij aan een normale werking van de spieren.<\/span><\/p>\n<p><span style=\"font-size: 10pt;\"><strong>Ideaal bij warm weer of bij vochtverlies door inspanning of gedurende een wedstrijd, omdat alleen water onvoldoende is voor een snel herstel.<\/strong><\/span><\/p>\n<p><span style=\"font-size: 10pt;\">Bij hevig zweten verliest een paard, naast vocht, ook elektrolyten (zouten, zoals chloride, natrium, kalium, magnesium en calcium) en sporenelementen (bijv. zink). Het zweet van een paard bevat meer elektrolyten per liter vocht dan bloed en overige lichaamsvloeistoffen. Een paard verliest zijn drinklust als de elektrolytenconcentratie in het lichaam laag is, met mogelijk uitdroging tot gevolg, ondanks dat er vers drinkwater beschikbaar is.<\/span><\/p>\n<p><span style=\"font-size: 10pt;\"><strong>3-in-1: Op drie manieren toepasbaar<\/strong><br \/>Deze hoogwaardige elektrolytenmix kan zeer eenvoudig op drie manieren worden verstrekt:<\/span><\/p>\n<ul>\n<li><span style=\"font-size: 10pt;\">Droog over het voer<\/span><\/li>\n<li><span style=\"font-size: 10pt;\">Gemengd door het drinkwater. Het poeder lost supergoed op<\/span><\/li>\n<li><span style=\"font-size: 10pt;\">Door de slobber<\/span><\/li>\n<\/ul>\n<p>\u00a0<\/p>\n<p><span style=\"font-size: 10pt;\"><strong>Feeding Advice<br \/><\/strong><\/span><span style=\"font-size: 10pt;\">25 gram per 1 liter water<\/span><\/p>\n<p><span style=\"font-size: 10pt;\"><strong>Note<\/strong><br \/>Toe te dienen in de periode van 1 tot 3 dagen na zwaar zweten. Maximaal 100 g per dag. Er moet altijd water beschikbaar zijn. Houd toezicht op voldoende waterinname na toediening. Aanbevolen wordt om v\u00f3\u00f3r gebruik, v\u00f3\u00f3r verlenging van de gebruiksduur of bij onvoldoende waterinname, het advies van een dierenarts te raadplegen.\u00a0<\/span><\/p>\n<p><span style=\"font-size: 10pt;\"><strong>Content<br \/><\/strong><\/span><span style=\"font-size: 10pt;\">HORS010021E &#8211; 1 kg<br \/>HORS01002EE &#8211; 2,5 kg<\/span><\/p>","protected":false},"excerpt":{"rendered":"<p>Belangrijke zouten in unieke dextrose mix voor een effectief herstel van vochtbalans.<\/p>","protected":false},"featured_media":36471,"template":"","meta":{"_acf_changed":false},"product_brand":[],"product_cat":[829,1316],"product_tag":[883,1368,843,1319],"class_list":{"0":"post-9423","1":"product","2":"type-product","3":"status-publish","4":"has-post-thumbnail","6":"product_cat-paard","7":"product_cat-supplementen-paard","8":"product_tag-excellent","9":"product_tag-excellent-horse","10":"product_tag-paard","11":"product_tag-supplementen_emmer","12":"tax_brand-excellent","14":"first","15":"instock","16":"taxable","17":"shipping-taxable","18":"purchasable","19":"product-type-simple"},"acf":[],"yoast_head":"<!-- This site is optimized with the Yoast SEO plugin v27.2 - https:\/\/yoast.com\/product\/yoast-seo-wordpress\/ -->\n<title>Horse Electrolytes Poeder met B2 - Food4animals<\/title>\n<meta name=\"robots\" content=\"index, follow, max-snippet:-1, max-image-preview:large, max-video-preview:-1\" \/>\n<link rel=\"canonical\" href=\"https:\/\/www.food4animals.nl\/en\/product\/horse-electrolytes-poeder-met-b2-2\/\" \/>\n<meta property=\"og:locale\" content=\"en_US\" \/>\n<meta property=\"og:type\" content=\"article\" \/>\n<meta property=\"og:title\" content=\"Horse Electrolytes Poeder met B2 - Food4animals\" \/>\n<meta property=\"og:description\" content=\"Belangrijke zouten in unieke dextrose mix voor een effectief herstel van vochtbalans.\" \/>\n<meta property=\"og:url\" content=\"https:\/\/www.food4animals.nl\/en\/product\/horse-electrolytes-poeder-met-b2-2\/\" \/>\n<meta property=\"og:site_name\" content=\"Food4animals\" \/>\n<meta property=\"article:publisher\" content=\"https:\/\/www.facebook.com\/p\/Food4animals-100063861676074\/\" \/>\n<meta property=\"article:modified_time\" content=\"2026-04-13T00:26:38+00:00\" \/>\n<meta property=\"og:image\" content=\"https:\/\/www.food4animals.nl\/wp-content\/uploads\/2025\/11\/HORS01002EE.png\" \/>\n\t<meta property=\"og:image:width\" content=\"1024\" \/>\n\t<meta property=\"og:image:height\" content=\"1024\" \/>\n\t<meta property=\"og:image:type\" content=\"image\/png\" \/>\n<meta name=\"twitter:card\" content=\"summary_large_image\" \/>\n<meta name=\"twitter:site\" content=\"@food4animals\" \/>\n<meta name=\"twitter:label1\" content=\"Est. reading time\" \/>\n\t<meta name=\"twitter:data1\" content=\"1 minute\" \/>\n<script type=\"application\/ld+json\" class=\"yoast-schema-graph\">{\"@context\":\"https:\/\/schema.org\",\"@graph\":[{\"@type\":\"WebPage\",\"@id\":\"https:\/\/www.food4animals.nl\/product\/horse-electrolytes-poeder-met-b2-2\/\",\"url\":\"https:\/\/www.food4animals.nl\/product\/horse-electrolytes-poeder-met-b2-2\/\",\"name\":\"Horse Electrolytes Poeder met B2 - Food4animals\",\"isPartOf\":{\"@id\":\"https:\/\/www.food4animals.nl\/en\/#website\"},\"primaryImageOfPage\":{\"@id\":\"https:\/\/www.food4animals.nl\/product\/horse-electrolytes-poeder-met-b2-2\/#primaryimage\"},\"image\":{\"@id\":\"https:\/\/www.food4animals.nl\/product\/horse-electrolytes-poeder-met-b2-2\/#primaryimage\"},\"thumbnailUrl\":\"https:\/\/www.food4animals.nl\/wp-content\/uploads\/2025\/11\/HORS01002EE.png\",\"datePublished\":\"2023-12-13T01:15:51+00:00\",\"dateModified\":\"2026-04-13T00:26:38+00:00\",\"breadcrumb\":{\"@id\":\"https:\/\/www.food4animals.nl\/product\/horse-electrolytes-poeder-met-b2-2\/#breadcrumb\"},\"inLanguage\":\"en-US\",\"potentialAction\":[{\"@type\":\"ReadAction\",\"target\":[\"https:\/\/www.food4animals.nl\/product\/horse-electrolytes-poeder-met-b2-2\/\"]}]},{\"@type\":\"ImageObject\",\"inLanguage\":\"en-US\",\"@id\":\"https:\/\/www.food4animals.nl\/product\/horse-electrolytes-poeder-met-b2-2\/#primaryimage\",\"url\":\"https:\/\/www.food4animals.nl\/wp-content\/uploads\/2025\/11\/HORS01002EE.png\",\"contentUrl\":\"https:\/\/www.food4animals.nl\/wp-content\/uploads\/2025\/11\/HORS01002EE.png\",\"width\":1024,\"height\":1024},{\"@type\":\"BreadcrumbList\",\"@id\":\"https:\/\/www.food4animals.nl\/product\/horse-electrolytes-poeder-met-b2-2\/#breadcrumb\",\"itemListElement\":[{\"@type\":\"ListItem\",\"position\":1,\"name\":\"Home\",\"item\":\"https:\/\/www.food4animals.nl\/\"},{\"@type\":\"ListItem\",\"position\":2,\"name\":\"Winkel\",\"item\":\"https:\/\/www.food4animals.nl\/winkel\/\"},{\"@type\":\"ListItem\",\"position\":3,\"name\":\"Horse Electrolytes Poeder met B2\"}]},{\"@type\":\"WebSite\",\"@id\":\"https:\/\/www.food4animals.nl\/en\/#website\",\"url\":\"https:\/\/www.food4animals.nl\/en\/\",\"name\":\"Food4animals\",\"description\":\"Alles voor Ruiter en Dier\",\"publisher\":{\"@id\":\"https:\/\/www.food4animals.nl\/en\/#organization\"},\"potentialAction\":[{\"@type\":\"SearchAction\",\"target\":{\"@type\":\"EntryPoint\",\"urlTemplate\":\"https:\/\/www.food4animals.nl\/en\/?s={search_term_string}\"},\"query-input\":{\"@type\":\"PropertyValueSpecification\",\"valueRequired\":true,\"valueName\":\"search_term_string\"}}],\"inLanguage\":\"en-US\"},{\"@type\":\"Organization\",\"@id\":\"https:\/\/www.food4animals.nl\/en\/#organization\",\"name\":\"Food4animals\",\"url\":\"https:\/\/www.food4animals.nl\/en\/\",\"logo\":{\"@type\":\"ImageObject\",\"inLanguage\":\"en-US\",\"@id\":\"https:\/\/www.food4animals.nl\/en\/#\/schema\/logo\/image\/\",\"url\":\"https:\/\/www.food4animals.nl\/wp-content\/uploads\/2023\/10\/Logo.svg\",\"contentUrl\":\"https:\/\/www.food4animals.nl\/wp-content\/uploads\/2023\/10\/Logo.svg\",\"width\":1,\"height\":1,\"caption\":\"Food4animals\"},\"image\":{\"@id\":\"https:\/\/www.food4animals.nl\/en\/#\/schema\/logo\/image\/\"},\"sameAs\":[\"https:\/\/www.facebook.com\/p\/Food4animals-100063861676074\/\",\"https:\/\/x.com\/food4animals\"]}]}<\/script>\n<!-- \/ Yoast SEO plugin. -->","yoast_head_json":{"title":"Horse Electrolytes Poeder met B2 - Food4animals","robots":{"index":"index","follow":"follow","max-snippet":"max-snippet:-1","max-image-preview":"max-image-preview:large","max-video-preview":"max-video-preview:-1"},"canonical":"https:\/\/www.food4animals.nl\/en\/product\/horse-electrolytes-poeder-met-b2-2\/","og_locale":"en_US","og_type":"article","og_title":"Horse Electrolytes Poeder met B2 - Food4animals","og_description":"Belangrijke zouten in unieke dextrose mix voor een effectief herstel van vochtbalans.","og_url":"https:\/\/www.food4animals.nl\/en\/product\/horse-electrolytes-poeder-met-b2-2\/","og_site_name":"Food4animals","article_publisher":"https:\/\/www.facebook.com\/p\/Food4animals-100063861676074\/","article_modified_time":"2026-04-13T00:26:38+00:00","og_image":[{"width":1024,"height":1024,"url":"https:\/\/www.food4animals.nl\/wp-content\/uploads\/2025\/11\/HORS01002EE.png","type":"image\/png"}],"twitter_card":"summary_large_image","twitter_site":"@food4animals","twitter_misc":{"Est. reading time":"1 minute"},"schema":{"@context":"https:\/\/schema.org","@graph":[{"@type":"WebPage","@id":"https:\/\/www.food4animals.nl\/product\/horse-electrolytes-poeder-met-b2-2\/","url":"https:\/\/www.food4animals.nl\/product\/horse-electrolytes-poeder-met-b2-2\/","name":"Horse Electrolytes Poeder met B2 - Food4animals","isPartOf":{"@id":"https:\/\/www.food4animals.nl\/en\/#website"},"primaryImageOfPage":{"@id":"https:\/\/www.food4animals.nl\/product\/horse-electrolytes-poeder-met-b2-2\/#primaryimage"},"image":{"@id":"https:\/\/www.food4animals.nl\/product\/horse-electrolytes-poeder-met-b2-2\/#primaryimage"},"thumbnailUrl":"https:\/\/www.food4animals.nl\/wp-content\/uploads\/2025\/11\/HORS01002EE.png","datePublished":"2023-12-13T01:15:51+00:00","dateModified":"2026-04-13T00:26:38+00:00","breadcrumb":{"@id":"https:\/\/www.food4animals.nl\/product\/horse-electrolytes-poeder-met-b2-2\/#breadcrumb"},"inLanguage":"en-US","potentialAction":[{"@type":"ReadAction","target":["https:\/\/www.food4animals.nl\/product\/horse-electrolytes-poeder-met-b2-2\/"]}]},{"@type":"ImageObject","inLanguage":"en-US","@id":"https:\/\/www.food4animals.nl\/product\/horse-electrolytes-poeder-met-b2-2\/#primaryimage","url":"https:\/\/www.food4animals.nl\/wp-content\/uploads\/2025\/11\/HORS01002EE.png","contentUrl":"https:\/\/www.food4animals.nl\/wp-content\/uploads\/2025\/11\/HORS01002EE.png","width":1024,"height":1024},{"@type":"BreadcrumbList","@id":"https:\/\/www.food4animals.nl\/product\/horse-electrolytes-poeder-met-b2-2\/#breadcrumb","itemListElement":[{"@type":"ListItem","position":1,"name":"Home","item":"https:\/\/www.food4animals.nl\/"},{"@type":"ListItem","position":2,"name":"Winkel","item":"https:\/\/www.food4animals.nl\/winkel\/"},{"@type":"ListItem","position":3,"name":"Horse Electrolytes Poeder met B2"}]},{"@type":"WebSite","@id":"https:\/\/www.food4animals.nl\/en\/#website","url":"https:\/\/www.food4animals.nl\/en\/","name":"Food4animals","description":"Everything for Rider and Animal","publisher":{"@id":"https:\/\/www.food4animals.nl\/en\/#organization"},"potentialAction":[{"@type":"SearchAction","target":{"@type":"EntryPoint","urlTemplate":"https:\/\/www.food4animals.nl\/en\/?s={search_term_string}"},"query-input":{"@type":"PropertyValueSpecification","valueRequired":true,"valueName":"search_term_string"}}],"inLanguage":"en-US"},{"@type":"Organization","@id":"https:\/\/www.food4animals.nl\/en\/#organization","name":"Food4animals","url":"https:\/\/www.food4animals.nl\/en\/","logo":{"@type":"ImageObject","inLanguage":"en-US","@id":"https:\/\/www.food4animals.nl\/en\/#\/schema\/logo\/image\/","url":"https:\/\/www.food4animals.nl\/wp-content\/uploads\/2023\/10\/Logo.svg","contentUrl":"https:\/\/www.food4animals.nl\/wp-content\/uploads\/2023\/10\/Logo.svg","width":1,"height":1,"caption":"Food4animals"},"image":{"@id":"https:\/\/www.food4animals.nl\/en\/#\/schema\/logo\/image\/"},"sameAs":["https:\/\/www.facebook.com\/p\/Food4animals-100063861676074\/","https:\/\/x.com\/food4animals"]}]}},"_links":{"self":[{"href":"https:\/\/www.food4animals.nl\/en\/wp-json\/wp\/v2\/product\/9423","targetHints":{"allow":["GET"]}}],"collection":[{"href":"https:\/\/www.food4animals.nl\/en\/wp-json\/wp\/v2\/product"}],"about":[{"href":"https:\/\/www.food4animals.nl\/en\/wp-json\/wp\/v2\/types\/product"}],"wp:featuredmedia":[{"embeddable":true,"href":"https:\/\/www.food4animals.nl\/en\/wp-json\/wp\/v2\/media\/36471"}],"wp:attachment":[{"href":"https:\/\/www.food4animals.nl\/en\/wp-json\/wp\/v2\/media?parent=9423"}],"wp:term":[{"taxonomy":"product_brand","embeddable":true,"href":"https:\/\/www.food4animals.nl\/en\/wp-json\/wp\/v2\/product_brand?post=9423"},{"taxonomy":"product_cat","embeddable":true,"href":"https:\/\/www.food4animals.nl\/en\/wp-json\/wp\/v2\/product_cat?post=9423"},{"taxonomy":"product_tag","embeddable":true,"href":"https:\/\/www.food4animals.nl\/en\/wp-json\/wp\/v2\/product_tag?post=9423"}],"curies":[{"name":"wp","href":"https:\/\/api.w.org\/{rel}","templated":true}]}}